{"id":12918,"date":"2024-07-19T00:58:40","date_gmt":"2024-07-18T16:58:40","guid":{"rendered":"https:\/\/www.luleey.com\/?post_type=product&#038;p=12918"},"modified":"2024-12-17T10:51:19","modified_gmt":"2024-12-17T02:51:19","slug":"48-port-2-5g-switch-l3-managed-switch","status":"publish","type":"product","link":"https:\/\/www.luleey.com\/de\/produkt-2\/48-port-2-5g-switch-l3-managed-switch\/","title":{"rendered":"48 Port 2.5G Switch L3 Managed Switch"},"content":{"rendered":"<h3><span style=\"font-family: arial, helvetica, sans-serif;\">Eigenschaften<\/span><\/h3>\n<ol>\n<li><span style=\"font-family: arial, helvetica, sans-serif;\">48 Port 2.5G Switch, 48\u00d72.5g Ethernet Anschluss<\/span><\/li>\n<li><span style=\"font-family: arial, helvetica, sans-serif;\">4x10G SFP+Anschl\u00fcsse<\/span><\/li>\n<li><span style=\"font-family: arial, helvetica, sans-serif;\">2x 40G-Anschl\u00fcsse<\/span><\/li>\n<li><span style=\"font-family: arial, helvetica, sans-serif;\">Unterst\u00fctzt dreischichtige\u00a0<\/span><\/li>\n<li><span style=\"font-family: arial, helvetica, sans-serif;\">Unterst\u00fctzung von IPV6<\/span><\/li>\n<li><span style=\"font-family: arial, helvetica, sans-serif;\">Unterst\u00fctzt 6kV-Blitzschutz<\/span><\/li>\n<li><span style=\"font-family: arial, helvetica, sans-serif;\">72Mb Cache<\/span><\/li>\n<li><span style=\"font-family: arial, helvetica, sans-serif;\">4x leiser L\u00fcfter<\/span><\/li>\n<li><span style=\"font-family: arial, helvetica, sans-serif;\">Einsatzszenarien: Hochgeschwindigkeitsunternehmen, Internetcaf\u00e9s, esports-Hotels<\/span><\/li>\n<\/ol>\n<h3><span style=\"font-family: arial, helvetica, sans-serif;\">Spezifikation<\/span><\/h3>\n<table>\n<tbody>\n<tr>\n<td><span style=\"font-family: arial, helvetica, sans-serif;\">Modell<\/span><\/td>\n<td width=\"284\"><span style=\"font-family: arial, helvetica, sans-serif;\">LL-L3MES-SW-2.5G48-40G<\/span><\/td>\n<\/tr>\n<tr>\n<td><span style=\"font-family: arial, helvetica, sans-serif;\">\u00a0Hafen<\/span><\/td>\n<td width=\"739\"><span style=\"font-family: arial, helvetica, sans-serif;\">48 x 100\/1000\/2500M Ethernet-Anschluss<\/span><\/p>\n<p><span style=\"font-family: arial, helvetica, sans-serif;\">4 x SFP+ Anschluss<\/span><\/p>\n<p><span style=\"font-family: arial, helvetica, sans-serif;\">2xQSFP+ 40Gbps<\/span><\/p>\n<p><span style=\"font-family: arial, helvetica, sans-serif;\">1x Management-Anschluss<\/span><\/p>\n<p><span style=\"font-family: arial, helvetica, sans-serif;\">1 x Konsolenanschluss<\/span><\/td>\n<\/tr>\n<tr>\n<td><span style=\"font-family: arial, helvetica, sans-serif;\">Schaltleistung<\/span><\/td>\n<td><span style=\"font-family: arial, helvetica, sans-serif;\">1,28Tbps<\/span><\/td>\n<\/tr>\n<tr>\n<td><span style=\"font-family: arial, helvetica, sans-serif;\">Weiterleitungsrate der Pakete<\/span><\/td>\n<td><span style=\"font-family: arial, helvetica, sans-serif;\">952,32Mpps<\/span><\/td>\n<\/tr>\n<tr>\n<td><span style=\"font-family: arial, helvetica, sans-serif;\">Erscheinungsbild Gr\u00f6\u00dfe<\/span><\/td>\n<td><span style=\"font-family: arial, helvetica, sans-serif;\">1U19 Zoll<\/span><\/td>\n<\/tr>\n<tr>\n<td><span style=\"font-family: arial, helvetica, sans-serif;\">Eingangsspannung<\/span><\/td>\n<td><span style=\"font-family: arial, helvetica, sans-serif;\">AC: 110-240V\/50-60Hz<\/span><\/td>\n<\/tr>\n<tr>\n<td><span style=\"font-family: arial, helvetica, sans-serif;\">L3 Software Eigenschaften<\/span><\/td>\n<td><span style=\"font-family: arial, helvetica, sans-serif;\">ERPS\/ECMP\/MLAG\/IGMP Snooping\/SNMP\/DHCP Server\/DoS\/ACL Kontrolle\/LACP\/MAC Adresse\/QoS\/Link Aggregation\/Spanning Tree und mehr.<\/span><\/td>\n<\/tr>\n<tr>\n<td><span style=\"font-family: arial, helvetica, sans-serif;\">Gr\u00f6\u00dfe<\/span><\/td>\n<td><span style=\"font-family: arial, helvetica, sans-serif;\">442*290*44mm<\/span><\/td>\n<\/tr>\n<tr>\n<td><span style=\"font-family: arial, helvetica, sans-serif;\">Arbeitsumfeld<\/span><\/td>\n<td><span style=\"font-family: arial, helvetica, sans-serif;\">Arbeitstemperatur: -5~50 \u2103<\/span><\/p>\n<p><span style=\"font-family: arial, helvetica, sans-serif;\">Lagertemperatur: -20~70 \u2103<\/span><\/p>\n<p><span style=\"font-family: arial, helvetica, sans-serif;\">Arbeitsfeuchtigkeit: 10%~90%, nicht kondensierend<\/span><\/p>\n<p><span style=\"font-family: arial, helvetica, sans-serif;\">Luftfeuchtigkeit bei Lagerung: 5%~90%, keine Kondensation<\/span><\/td>\n<\/tr>\n<\/tbody>\n<\/table>","protected":false},"excerpt":{"rendered":"<p>Intelligentes Ethernet OAM, das End-to-End-Erkennung, Link-\u00dcberwachung und Fehlerbenachrichtigung unterst\u00fctzt<br \/>\nDer L\u00fcfter unterst\u00fctzt intelligente Geschwindigkeitsregelung und Echtzeit\u00fcberwachung von Temperatur, Stromversorgung und L\u00fcfterstatus des Chipsatzes<br \/>\n48 Port 2.5G Switch, Unterst\u00fctzt Ports wie 2.5G\/10G\/40G<br \/>\nAnwendungsszenarien wie Metropolitan Area Networks, Unternehmensnetzwerke und Rechenzentren erf\u00fcllen<br \/>\nUnterst\u00fctzung der dreischichtigen Routing-WEB-Konfiguration<\/p>","protected":false},"featured_media":12943,"comment_status":"open","ping_status":"closed","template":"","meta":[],"product_brand":[],"product_cat":[258],"product_tag":[124,151,208,244,322],"class_list":{"0":"post-12918","1":"product","2":"type-product","3":"status-publish","4":"has-post-thumbnail","6":"product_cat-managed-switches","7":"product_tag-2-5g","8":"product_tag-48-port","9":"product_tag-ethernet-switch","10":"product_tag-l3-managed","11":"product_tag-sfp","13":"first","14":"instock","15":"shipping-taxable","16":"purchasable","17":"product-type-variable"},"_links":{"self":[{"href":"https:\/\/www.luleey.com\/de\/wp-json\/wp\/v2\/product\/12918","targetHints":{"allow":["GET"]}}],"collection":[{"href":"https:\/\/www.luleey.com\/de\/wp-json\/wp\/v2\/product"}],"about":[{"href":"https:\/\/www.luleey.com\/de\/wp-json\/wp\/v2\/types\/product"}],"replies":[{"embeddable":true,"href":"https:\/\/www.luleey.com\/de\/wp-json\/wp\/v2\/comments?post=12918"}],"wp:featuredmedia":[{"embeddable":true,"href":"https:\/\/www.luleey.com\/de\/wp-json\/wp\/v2\/media\/12943"}],"wp:attachment":[{"href":"https:\/\/www.luleey.com\/de\/wp-json\/wp\/v2\/media?parent=12918"}],"wp:term":[{"taxonomy":"product_brand","embeddable":true,"href":"https:\/\/www.luleey.com\/de\/wp-json\/wp\/v2\/product_brand?post=12918"},{"taxonomy":"product_cat","embeddable":true,"href":"https:\/\/www.luleey.com\/de\/wp-json\/wp\/v2\/product_cat?post=12918"},{"taxonomy":"product_tag","embeddable":true,"href":"https:\/\/www.luleey.com\/de\/wp-json\/wp\/v2\/product_tag?post=12918"}],"curies":[{"name":"wp","href":"https:\/\/api.w.org\/{rel}","templated":true}]}}