{"id":13028,"date":"2024-07-19T01:00:26","date_gmt":"2024-07-18T17:00:26","guid":{"rendered":"https:\/\/www.luleey.com\/?post_type=product&#038;p=13028"},"modified":"2025-09-17T23:55:13","modified_gmt":"2025-09-17T15:55:13","slug":"fc-square-bare-fiber-adapter-flange-temporary-splice-otdr-test-bare-fiber-coupler","status":"publish","type":"product","link":"https:\/\/www.luleey.com\/de\/produkt-2\/fc-square-bare-fiber-adapter-flange-temporary-splice-otdr-test-bare-fiber-coupler\/","title":{"rendered":"FC Square Bare Fiber Adapter Flansch Tempor\u00e4rer Splei\u00df OTDR Test Bare Fiber Coupler Converter"},"content":{"rendered":"<div class=\"title--wrap--Ms9Zv4A\"><\/div>\n<h3>Eigenschaften<\/h3>\n<ol>\n<li>Verbindungsstruktur, einfach zu bedienen.<\/li>\n<li>Stecker und Anschlussmodule k\u00f6nnen ausgetauscht werden.<\/li>\n<li>Der Durchmesser des Einsatzlochs kann individuell angepasst werden.<\/li>\n<li>Einhaltung der IEC- und ROHS-Normen.<\/li>\n<li>\u00dcber 10000-maliger Betrieb.<\/li>\n<li>Hohe Pr\u00e4zision der mechanischen Abmessungen.<\/li>\n<\/ol>\n<h3>Spezifikation<\/h3>\n<table style=\"width: 100%; height: 538px;\" width=\"323\">\n<tbody>\n<tr>\n<td>Marke<\/td>\n<td>LuLeey<\/td>\n<\/tr>\n<tr style=\"height: 53px;\">\n<td style=\"height: 53px;\" width=\"101\">Modell<\/td>\n<td style=\"height: 53px;\" width=\"222\">FC Square Bare Fiber Adapter<\/td>\n<\/tr>\n<tr style=\"height: 53px;\">\n<td style=\"height: 53px;\">Adapter Typ<\/td>\n<td style=\"height: 53px;\">FC<\/td>\n<\/tr>\n<tr style=\"height: 53px;\">\n<td style=\"height: 53px;\">Einf\u00fcged\u00e4mpfung<\/td>\n<td style=\"height: 53px;\">\u22640,2dB<\/td>\n<\/tr>\n<tr style=\"height: 379px;\">\n<td style=\"height: 379px;\">Gr\u00f6\u00dfe des Einf\u00fchrungslochs<\/td>\n<td style=\"height: 379px;\">60u<br \/>\n80u<br \/>\n100u<br \/>\n126u<br \/>\n130u<br \/>\n150u<br \/>\n200u<br \/>\n250u<br \/>\n300u<br \/>\n400u<br \/>\n550u<br \/>\n600u<\/td>\n<\/tr>\n<\/tbody>\n<\/table>","protected":false},"excerpt":{"rendered":"<p>Der quadratische FC-Lichtwellenleiteradapter ist ein einfaches Hilfsmittel f\u00fcr die Pr\u00fcfung von Lichtwellenleitern. Die Ferrule des Glasfaseradapters und das Glasfaserdurchgangsloch sind frei von Epoxidkleber und jeglichem Medium, was das Einsetzen, Herausziehen und die wiederholte Verwendung von Glasfasern erleichtert. Au\u00dferdem hat er eine geringere Einf\u00fcged\u00e4mpfung.<\/p>\n<p align=\"left\" data-spm-anchor-id=\"a2g0o.detail.1000023.i0.4d2cypM0ypM0kd\">Der FC-Bare-Fiber-Adapter erm\u00f6glicht schnelle und einfache tempor\u00e4re FC-Verbindungen von Singlemode-Fasern. Dieser Adapter ist sehr n\u00fctzlich f\u00fcr den Anschluss von Fasern an Leistungsmessger\u00e4te. Optische Zeitbereichsreflektometer (OTDRs) und eine Vielzahl anderer Instrumente, die eine Funktionspr\u00fcfung vor Ort erm\u00f6glichen, ohne dass ein permanenter Stecker angebracht werden muss.<\/p>\n<div><\/div>\n<div><\/div>\n<div><\/div>\n<div><\/div>\n<p>&nbsp;<\/p>","protected":false},"featured_media":13055,"comment_status":"open","ping_status":"closed","template":"","meta":[],"product_brand":[],"product_cat":[365],"product_tag":[186,213,275],"class_list":{"0":"post-13028","1":"product","2":"type-product","3":"status-publish","4":"has-post-thumbnail","6":"product_cat-optical-adapters-and-flange-connectors-and-attenuator","7":"product_tag-bare-fiber","8":"product_tag-fc","9":"product_tag-optical-adapter","11":"first","12":"instock","13":"shipping-taxable","14":"purchasable","15":"product-type-variable"},"_links":{"self":[{"href":"https:\/\/www.luleey.com\/de\/wp-json\/wp\/v2\/product\/13028","targetHints":{"allow":["GET"]}}],"collection":[{"href":"https:\/\/www.luleey.com\/de\/wp-json\/wp\/v2\/product"}],"about":[{"href":"https:\/\/www.luleey.com\/de\/wp-json\/wp\/v2\/types\/product"}],"replies":[{"embeddable":true,"href":"https:\/\/www.luleey.com\/de\/wp-json\/wp\/v2\/comments?post=13028"}],"wp:featuredmedia":[{"embeddable":true,"href":"https:\/\/www.luleey.com\/de\/wp-json\/wp\/v2\/media\/13055"}],"wp:attachment":[{"href":"https:\/\/www.luleey.com\/de\/wp-json\/wp\/v2\/media?parent=13028"}],"wp:term":[{"taxonomy":"product_brand","embeddable":true,"href":"https:\/\/www.luleey.com\/de\/wp-json\/wp\/v2\/product_brand?post=13028"},{"taxonomy":"product_cat","embeddable":true,"href":"https:\/\/www.luleey.com\/de\/wp-json\/wp\/v2\/product_cat?post=13028"},{"taxonomy":"product_tag","embeddable":true,"href":"https:\/\/www.luleey.com\/de\/wp-json\/wp\/v2\/product_tag?post=13028"}],"curies":[{"name":"wp","href":"https:\/\/api.w.org\/{rel}","templated":true}]}}