{"id":13041,"date":"2024-07-19T01:00:28","date_gmt":"2024-07-18T17:00:28","guid":{"rendered":"https:\/\/www.luleey.com\/?post_type=product&#038;p=13041"},"modified":"2024-10-23T14:50:07","modified_gmt":"2024-10-23T06:50:07","slug":"st-square-bare-fiber-adapter-bare-fiber-test-flange-temporary-splice-coupler-126um","status":"publish","type":"product","link":"https:\/\/www.luleey.com\/de\/produkt-2\/st-square-bare-fiber-adapter-bare-fiber-test-flange-temporary-splice-coupler-126um\/","title":{"rendered":"ST Square Bare Fiber Adapter Bare Fiber Test Flange Temporary Splice Coupler 126um Converter"},"content":{"rendered":"<div class=\"title--wrap--Ms9Zv4A\"><\/div>\n<h3>Eigenschaften<\/h3>\n<ol>\n<li>Verbindungsstruktur, einfach zu bedienen.<\/li>\n<li>Stecker und Anschlussmodule k\u00f6nnen ausgetauscht werden.<\/li>\n<li>Einhaltung der IEC- und ROHS-Normen.<\/li>\n<li>\u00dcber 10000-maliger Betrieb.<\/li>\n<\/ol>\n<h3>Spezifikation<\/h3>\n<table style=\"width: 100%; height: 197px;\" width=\"323\">\n<tbody>\n<tr>\n<td>Marke<\/td>\n<td>LuLeey<\/td>\n<\/tr>\n<tr style=\"height: 53px;\">\n<td style=\"height: 53px;\" width=\"101\">Modell<\/td>\n<td style=\"height: 53px;\" width=\"222\">ST Quadratischer Bare Fiber Adapter<\/td>\n<\/tr>\n<tr style=\"height: 53px;\">\n<td style=\"height: 53px;\">Adapter Typ<\/td>\n<td style=\"height: 53px;\">ST<\/td>\n<\/tr>\n<tr style=\"height: 53px;\">\n<td style=\"height: 53px;\">Einf\u00fcged\u00e4mpfung<\/td>\n<td style=\"height: 53px;\">\u22640,2dB<\/td>\n<\/tr>\n<tr style=\"height: 379px;\">\n<td style=\"height: 38px;\">Gr\u00f6\u00dfe des Einf\u00fchrungslochs<\/td>\n<td style=\"height: 38px;\">126u<\/td>\n<\/tr>\n<\/tbody>\n<\/table>","protected":false},"excerpt":{"rendered":"<p>Der quadratische FC-Lichtwellenleiteradapter ist ein einfaches Hilfsmittel f\u00fcr die Pr\u00fcfung von Lichtwellenleitern. Die Ferrule des Glasfaseradapters und das Glasfaserdurchgangsloch sind frei von Epoxidkleber und jeglichem Medium, was das Einsetzen, Herausziehen und die wiederholte Verwendung von Glasfasern erleichtert. Au\u00dferdem hat er eine geringere Einf\u00fcged\u00e4mpfung.<\/p>\n<p align=\"left\" data-spm-anchor-id=\"a2g0o.detail.1000023.i0.4d2cypM0ypM0kd\">Der FC-Bare-Fiber-Adapter erm\u00f6glicht schnelle und einfache tempor\u00e4re FC-Verbindungen von Singlemode-Fasern. Dieser Adapter ist sehr n\u00fctzlich f\u00fcr den Anschluss von Fasern an Leistungsmessger\u00e4te. Optische Zeitbereichsreflektometer (OTDRs) und eine Vielzahl anderer Instrumente, die eine Funktionspr\u00fcfung vor Ort erm\u00f6glichen, ohne dass ein permanenter Stecker angebracht werden muss.<\/p>\n<div><\/div>\n<div><\/div>\n<div><\/div>\n<div><\/div>\n<p>&nbsp;<\/p>","protected":false},"featured_media":13060,"comment_status":"open","ping_status":"closed","template":"","meta":[],"product_brand":[],"product_cat":[365],"product_tag":[186,275,328],"class_list":{"0":"post-13041","1":"product","2":"type-product","3":"status-publish","4":"has-post-thumbnail","6":"product_cat-optical-adapters-and-flange-connectors-and-attenuator","7":"product_tag-bare-fiber","8":"product_tag-optical-adapter","9":"product_tag-st","11":"first","12":"instock","13":"shipping-taxable","14":"purchasable","15":"product-type-variable","16":"has-default-attributes"},"_links":{"self":[{"href":"https:\/\/www.luleey.com\/de\/wp-json\/wp\/v2\/product\/13041","targetHints":{"allow":["GET"]}}],"collection":[{"href":"https:\/\/www.luleey.com\/de\/wp-json\/wp\/v2\/product"}],"about":[{"href":"https:\/\/www.luleey.com\/de\/wp-json\/wp\/v2\/types\/product"}],"replies":[{"embeddable":true,"href":"https:\/\/www.luleey.com\/de\/wp-json\/wp\/v2\/comments?post=13041"}],"wp:featuredmedia":[{"embeddable":true,"href":"https:\/\/www.luleey.com\/de\/wp-json\/wp\/v2\/media\/13060"}],"wp:attachment":[{"href":"https:\/\/www.luleey.com\/de\/wp-json\/wp\/v2\/media?parent=13041"}],"wp:term":[{"taxonomy":"product_brand","embeddable":true,"href":"https:\/\/www.luleey.com\/de\/wp-json\/wp\/v2\/product_brand?post=13041"},{"taxonomy":"product_cat","embeddable":true,"href":"https:\/\/www.luleey.com\/de\/wp-json\/wp\/v2\/product_cat?post=13041"},{"taxonomy":"product_tag","embeddable":true,"href":"https:\/\/www.luleey.com\/de\/wp-json\/wp\/v2\/product_tag?post=13041"}],"curies":[{"name":"wp","href":"https:\/\/api.w.org\/{rel}","templated":true}]}}