{"id":13043,"date":"2024-07-19T01:00:29","date_gmt":"2024-07-18T17:00:29","guid":{"rendered":"https:\/\/www.luleey.com\/?post_type=product&#038;p=13043"},"modified":"2024-10-11T09:05:37","modified_gmt":"2024-10-11T01:05:37","slug":"fc-st-st-fc-single-mode-fc-male-st-female-connector-fiber-optical-adapter-flange-coupler-adapter","status":"publish","type":"product","link":"https:\/\/www.luleey.com\/de\/produkt-2\/fc-st-st-fc-single-mode-fc-male-st-female-connector-fiber-optical-adapter-flange-coupler-adapter\/","title":{"rendered":"FC-ST\/ST-FC Single-Mode-FC-Stecker ST-Buchse Glasfaseradapter Flanschkoppler Adapter Konverter"},"content":{"rendered":"<div class=\"title--wrap--Ms9Zv4A\"><\/div>\n<h3>Eigenschaften<\/h3>\n<ol>\n<li>Verbindungsstruktur, einfach zu bedienen.<\/li>\n<li>Hohe Austauschbarkeit, hohe Zuverl\u00e4ssigkeit.<\/li>\n<li>geringe Einf\u00fcgungsd\u00e4mpfung, hohe R\u00fcckflussd\u00e4mpfung.<\/li>\n<\/ol>\n<h3>Spezifikation<\/h3>\n<table style=\"width: 100%; height: 169px;\" width=\"323\">\n<tbody>\n<tr>\n<td>Marke<\/td>\n<td>LuLeey<\/td>\n<\/tr>\n<tr style=\"height: 53px;\">\n<td style=\"height: 53px;\" width=\"101\">Modell<\/td>\n<td style=\"height: 53px;\" width=\"222\">FC-ST SM Optischer Adapter<\/td>\n<\/tr>\n<tr style=\"height: 53px;\">\n<td style=\"height: 53px;\">Adapter Typ<\/td>\n<td style=\"height: 53px;\">SM-9\/125 Hybrid-Adapter<\/td>\n<\/tr>\n<tr style=\"height: 53px;\">\n<td style=\"height: 53px;\">Einf\u00fcged\u00e4mpfung<\/td>\n<td style=\"height: 53px;\">\u22640,3dB<\/td>\n<\/tr>\n<tr>\n<td>R\u00fcckflussd\u00e4mpfung<\/td>\n<td>\u226550dB<\/td>\n<\/tr>\n<tr style=\"height: 379px;\">\n<td style=\"height: 10px;\">Verwendungsszenarien<\/td>\n<td style=\"height: 10px;\">Faseroptische Instrumente, Kommunikationsger\u00e4te,<br \/>\nUmwandlung der Schnittstelle eines faseroptischen Fehlerdetektors.<br \/>\nUmwandlung von Glasfaseranschl\u00fcssen.<br \/>\nPr\u00fcfung der optischen Daten.<br \/>\nOptische Daten\u00fcbertragung.<br \/>\nTelekommunikation, Radio- und Fernsehnetze<\/td>\n<\/tr>\n<\/tbody>\n<\/table>","protected":false},"excerpt":{"rendered":"<p data-spm-anchor-id=\"a2g0o.detail.1000023.i2.3fd2RBCrRBCrKX\">Der Stecker-Buchsen-Adapter verwendet die Technologie der vorgebohrten optischen Faser und der optischen Faser-Ferrule-Adapterh\u00fclse, um eine Art von optischem Faser-Stecker (m\u00e4nnlich) in eine andere Art von optischem Faser-Stecker (m\u00e4nnlich) umzuwandeln oder eine Art von optischer Faser-Stecker-Schnittstelle (weiblich) in eine andere Art von optischer Faser-Stecker-Schnittstelle (weiblich) umzuwandeln, die die Eigenschaften der kleinen Gr\u00f6\u00dfe, der stabilen optischen Eigenschaften und der einfachen Verwendung hat.<samp><code><\/code><\/samp><\/p>","protected":false},"featured_media":13064,"comment_status":"open","ping_status":"closed","template":"","meta":[],"product_brand":[],"product_cat":[365],"product_tag":[216,275,325],"class_list":{"0":"post-13043","1":"product","2":"type-product","3":"status-publish","4":"has-post-thumbnail","6":"product_cat-optical-adapters-and-flange-connectors-and-attenuator","7":"product_tag-fc-to-st","8":"product_tag-optical-adapter","9":"product_tag-sm","11":"first","12":"instock","13":"shipping-taxable","14":"purchasable","15":"product-type-variable","16":"has-default-attributes"},"_links":{"self":[{"href":"https:\/\/www.luleey.com\/de\/wp-json\/wp\/v2\/product\/13043","targetHints":{"allow":["GET"]}}],"collection":[{"href":"https:\/\/www.luleey.com\/de\/wp-json\/wp\/v2\/product"}],"about":[{"href":"https:\/\/www.luleey.com\/de\/wp-json\/wp\/v2\/types\/product"}],"replies":[{"embeddable":true,"href":"https:\/\/www.luleey.com\/de\/wp-json\/wp\/v2\/comments?post=13043"}],"wp:featuredmedia":[{"embeddable":true,"href":"https:\/\/www.luleey.com\/de\/wp-json\/wp\/v2\/media\/13064"}],"wp:attachment":[{"href":"https:\/\/www.luleey.com\/de\/wp-json\/wp\/v2\/media?parent=13043"}],"wp:term":[{"taxonomy":"product_brand","embeddable":true,"href":"https:\/\/www.luleey.com\/de\/wp-json\/wp\/v2\/product_brand?post=13043"},{"taxonomy":"product_cat","embeddable":true,"href":"https:\/\/www.luleey.com\/de\/wp-json\/wp\/v2\/product_cat?post=13043"},{"taxonomy":"product_tag","embeddable":true,"href":"https:\/\/www.luleey.com\/de\/wp-json\/wp\/v2\/product_tag?post=13043"}],"curies":[{"name":"wp","href":"https:\/\/api.w.org\/{rel}","templated":true}]}}