{"id":13076,"date":"2024-07-19T01:00:54","date_gmt":"2024-07-18T17:00:54","guid":{"rendered":"https:\/\/www.luleey.com\/?post_type=product&#038;p=13076"},"modified":"2025-06-28T10:49:48","modified_gmt":"2025-06-28T02:49:48","slug":"12v-dc-epon-olt-ont-onu-auto-registration","status":"publish","type":"product","link":"https:\/\/www.luleey.com\/de\/produkt-2\/12v-dc-epon-olt-ont-onu-auto-registration\/","title":{"rendered":"12V DC EPON OLT, ONT ONU Auto-Registrierung"},"content":{"rendered":"<h3>Eigenschaften<\/h3>\n<ol>\n<li>Vollst\u00e4ndige Unterst\u00fctzung des IEE802.3ah-Protokolls<\/li>\n<li>Unterst\u00fctzung der dynamischen Bandbreitenzuweisung (DBA), die Mindestanpassungsgranularit\u00e4t betr\u00e4gt 1 Kbps<\/li>\n<li>Unterst\u00fctzt symmetrische Upstream- und Downstream-Bandbreite von 1 Gbit\/s<\/li>\n<li>Unterst\u00fctzung von AES-128-Verschl\u00fcsselung f\u00fcr jede logische Verbindung<\/li>\n<li>Leistungsstarke OAM-Funktion f\u00fcr Fernverwaltung, -wartung und -aufr\u00fcstung der ONU<\/li>\n<li>Unterst\u00fctzung der automatischen Erkennung und Registrierung von ONUs (Plug and Play)<\/li>\n<li>Zusatzvereinbarung<\/li>\n<li>Unterst\u00fctzung von IEEE802.3, IEEE802.3u, IEEE802.3ab<\/li>\n<li>Unterst\u00fctzung von IEEE802.1QVLAN<\/li>\n<li>Unterst\u00fctzung von IEEE 802.1P QoS<\/li>\n<li data-spm-anchor-id=\"a2g0o.detail.1000023.i0.64ddCCNCCCNCkl\">Netzwerkverwaltung CLI-basierte lokale Verwaltung der seriellen Schnittstelle und Fernverwaltung \u00fcber GUI<\/li>\n<li>Unterst\u00fctzung des IGMPv1\/v2-Protokolls, Unterst\u00fctzung von IGMIP Snooping und IGMP Proxy<\/li>\n<li data-spm-anchor-id=\"a2g0o.detail.1000023.i1.64ddCCNCCCNCkl\">Unterst\u00fctzung von ONU-Batch-Konfiguration und Remote-Upgrade Echtzeit-Alarmerkennung, genaue Fehlerortung<\/li>\n<li data-spm-anchor-id=\"a2g0o.detail.1000023.i2.64ddCCNCCCNCkl\">Unterst\u00fctzung von Alarminformationen, die an die Mailbox gesendet werden, Unterst\u00fctzung von SMS-Alarm<\/li>\n<\/ol>\n<h3>Spezifikation<\/h3>\n<table width=\"598\">\n<tbody>\n<tr>\n<td width=\"211\">Name des Produkts<\/td>\n<td width=\"387\">MINI 4 EPON OLT DC<\/td>\n<\/tr>\n<tr>\n<td>Stromversorgung<\/td>\n<td>DC12V\/5A (externe Spannungsversorgung)<\/td>\n<\/tr>\n<tr>\n<td>Stromverbrauch<\/td>\n<td>20W<\/td>\n<\/tr>\n<tr>\n<td>Arbeitstemperatur<\/td>\n<td>-10~55\u2103<\/td>\n<\/tr>\n<tr>\n<td>Lagertemperatur<\/td>\n<td>-40~80\u2103<\/td>\n<\/tr>\n<tr>\n<td>Luftfeuchtigkeit<\/td>\n<td>5%~90% nicht kondensierend<\/td>\n<\/tr>\n<tr>\n<td>Rahmengr\u00f6\u00dfe<\/td>\n<td>15*13.3*5.3cm<\/td>\n<\/tr>\n<tr>\n<td>Arbeits-Wellenl\u00e4nge<\/td>\n<td>1310 (RX) \/1490 (Tx)<\/td>\n<\/tr>\n<tr>\n<td>Optische Leistung<\/td>\n<td>+2,5~ +10dBm<\/td>\n<\/tr>\n<tr>\n<td>Empfangsempfindlichkeit<\/td>\n<td>-27dBm<\/td>\n<\/tr>\n<tr>\n<td>Maximale \u00dcbertragungsentfernung<\/td>\n<td>20km<\/td>\n<\/tr>\n<tr>\n<td>Maximales Spaltungsverh\u00e4ltnis<\/td>\n<td>1:64<\/td>\n<\/tr>\n<tr>\n<td>Kapazit\u00e4t der Maschine<\/td>\n<td>Unterst\u00fctzung von 4 PON-Systemen, 256 ONUs<\/td>\n<\/tr>\n<tr>\n<td>Rechner mit MAC-Adresstabelle<\/td>\n<td>8K<\/td>\n<\/tr>\n<tr>\n<td>Uplink-Anschluss<\/td>\n<td>4 elektrische Gigabit-Anschl\u00fcsse<\/td>\n<\/tr>\n<tr>\n<td>PON-Anschluss<\/td>\n<td>4 PX20, PX20+, PX20++, PX20+++<\/td>\n<\/tr>\n<tr>\n<td>Management-Anschluss<\/td>\n<td>1 FE-Netzwerkanschluss, der \u00fcber das Netzwerk erreicht werden kann<\/td>\n<\/tr>\n<tr>\n<td>MTBF<\/td>\n<td>100.000 Stunden<\/td>\n<\/tr>\n<\/tbody>\n<\/table>\n<p>&nbsp;<\/p>","protected":false},"excerpt":{"rendered":"<p>MINI EPON OLT bietet eine unabh\u00e4ngige 4GE-Kupfer-Schnittstelle f\u00fcr den Uplink.<\/p>\n<p>4* EPON OLT-Ports f\u00fcr Downstream.<\/p>\n<p>Er kann 256 ONUs bei einem Splitterverh\u00e4ltnis von 1:64 unterst\u00fctzen.<\/p>","protected":false},"featured_media":13090,"comment_status":"open","ping_status":"closed","template":"","meta":[],"product_brand":[],"product_cat":[361],"product_tag":[136,144,202,206],"class_list":{"0":"post-13076","1":"product","2":"type-product","3":"status-publish","4":"has-post-thumbnail","6":"product_cat-epon-olt","7":"product_tag-256-onu","8":"product_tag-4-epon","9":"product_tag-dc-olt","10":"product_tag-epon-olt","12":"first","13":"instock","14":"featured","15":"shipping-taxable","16":"purchasable","17":"product-type-variable","18":"has-default-attributes"},"_links":{"self":[{"href":"https:\/\/www.luleey.com\/de\/wp-json\/wp\/v2\/product\/13076","targetHints":{"allow":["GET"]}}],"collection":[{"href":"https:\/\/www.luleey.com\/de\/wp-json\/wp\/v2\/product"}],"about":[{"href":"https:\/\/www.luleey.com\/de\/wp-json\/wp\/v2\/types\/product"}],"replies":[{"embeddable":true,"href":"https:\/\/www.luleey.com\/de\/wp-json\/wp\/v2\/comments?post=13076"}],"wp:featuredmedia":[{"embeddable":true,"href":"https:\/\/www.luleey.com\/de\/wp-json\/wp\/v2\/media\/13090"}],"wp:attachment":[{"href":"https:\/\/www.luleey.com\/de\/wp-json\/wp\/v2\/media?parent=13076"}],"wp:term":[{"taxonomy":"product_brand","embeddable":true,"href":"https:\/\/www.luleey.com\/de\/wp-json\/wp\/v2\/product_brand?post=13076"},{"taxonomy":"product_cat","embeddable":true,"href":"https:\/\/www.luleey.com\/de\/wp-json\/wp\/v2\/product_cat?post=13076"},{"taxonomy":"product_tag","embeddable":true,"href":"https:\/\/www.luleey.com\/de\/wp-json\/wp\/v2\/product_tag?post=13076"}],"curies":[{"name":"wp","href":"https:\/\/api.w.org\/{rel}","templated":true}]}}