{"id":13084,"date":"2024-07-19T01:00:56","date_gmt":"2024-07-18T17:00:56","guid":{"rendered":"https:\/\/www.luleey.com\/?post_type=product&#038;p=13084"},"modified":"2025-02-20T22:29:36","modified_gmt":"2025-02-20T14:29:36","slug":"headless-plc-fibre-optic-splitter-no-connector-mini-plc-steel-tube-1x4","status":"publish","type":"product","link":"https:\/\/www.luleey.com\/de\/produkt-2\/headless-plc-fibre-optic-splitter-no-connector-mini-plc-steel-tube-1x4\/","title":{"rendered":"Kopfloser PLC-Glasfasersplitter, ohne Stecker, Mini PLC-Stahlrohr, 1\u00d74"},"content":{"rendered":"<h3>Eigenschaften<\/h3>\n<ol>\n<li>Ausgezeichnete Mechanik, geringe Gr\u00f6\u00dfe.<\/li>\n<li>Hohe Verl\u00e4sslichkeit.<\/li>\n<li>Geringe Einf\u00fcgungsd\u00e4mpfung und geringer polarisationsabh\u00e4ngiger Verlust.<\/li>\n<li>Hohe Kanalzahlen.<\/li>\n<li>Ausgezeichnete Umweltstabilit\u00e4t und weit verbreitet.<\/li>\n<li>Einsatzszenarien:FTTx (GPON\/BPON\/EPON).Kabelfernsehen (CATV).Lokale Netzwerke (LAN).Testger\u00e4te.Passive optische Netzwerke (PON).<\/li>\n<\/ol>\n<h3>Spezifikation<\/h3>\n<table width=\"1323\">\n<tbody>\n<tr>\n<td width=\"211\">Name des Produkts<\/td>\n<td colspan=\"7\" width=\"1112\">Kopfloser PLC-Lichtwellenleiter-Splitter<\/td>\n<\/tr>\n<tr>\n<td>Name des Modells<\/td>\n<td colspan=\"7\">LL-Kopflos-PLC-SPLITTER<\/td>\n<\/tr>\n<tr>\n<td>Marke<\/td>\n<td colspan=\"7\">LuLeey<\/td>\n<\/tr>\n<tr>\n<td>Betriebswellenl\u00e4nge<\/td>\n<td colspan=\"7\">1260~1650(nm)<\/td>\n<\/tr>\n<tr>\n<td>Faser-Typ<\/td>\n<td colspan=\"7\">G657A1<\/td>\n<\/tr>\n<tr>\n<td>Anschluss-Konfiguration<\/td>\n<td>1\u00d72<\/td>\n<td>1\u00d74<\/td>\n<td>1\u00d78<\/td>\n<td>1\u00d716<\/td>\n<td>1\u00d732<\/td>\n<td>1\u00d764<\/td>\n<td>1\u00d7128<\/td>\n<\/tr>\n<tr>\n<td>Einf\u00fcgungsd\u00e4mpfung (dB)<\/td>\n<td>3.8\/4.0<\/td>\n<td>7.1\/7.3<\/td>\n<td>10.2\/10.5<\/td>\n<td>13.5\/13.7<\/td>\n<td>16.5\/16.9<\/td>\n<td>20.5\/21.0<\/td>\n<td>23.8\/24.2<\/td>\n<\/tr>\n<tr>\n<td>Verlust Gleichm\u00e4\u00dfigkeit (dB)<\/td>\n<td>0.4<\/td>\n<td>0.6<\/td>\n<td>0.8<\/td>\n<td>1.2<\/td>\n<td>1.5<\/td>\n<td>2<\/td>\n<td>2.5<\/td>\n<\/tr>\n<tr>\n<td>Polarisationsabh\u00e4ngiger Verlust (dB)<\/td>\n<td>0.2<\/td>\n<td>0.2<\/td>\n<td>0.2<\/td>\n<td>0.25<\/td>\n<td>0.3<\/td>\n<td>0.35<\/td>\n<td>0.4<\/td>\n<\/tr>\n<tr>\n<td>Wellenl\u00e4ngenabh\u00e4ngiger Verlust (dB)<\/td>\n<td>0.3<\/td>\n<td>0.3<\/td>\n<td>0.3<\/td>\n<td>0.5<\/td>\n<td>0.5<\/td>\n<td>0.5<\/td>\n<td>0.5<\/td>\n<\/tr>\n<tr>\n<td>Temperaturabh\u00e4ngiger Verlust (-40~85 ) (dB)<\/td>\n<td>0.4<\/td>\n<td>0.4<\/td>\n<td>0.4<\/td>\n<td>0.5<\/td>\n<td>0.5<\/td>\n<td>0.5<\/td>\n<td>0.5<\/td>\n<\/tr>\n<tr>\n<td>R\u00fcckflussd\u00e4mpfung (dB)<\/td>\n<td colspan=\"7\">55\/50<\/td>\n<\/tr>\n<tr>\n<td>Richtwirkung (dB)<\/td>\n<td colspan=\"7\">&gt; 55<\/td>\n<\/tr>\n<tr>\n<td>Betriebs- und Lagertemperatur(\u00b0C)<\/td>\n<td colspan=\"7\">-40-80<\/td>\n<\/tr>\n<\/tbody>\n<\/table>","protected":false},"excerpt":{"rendered":"<p>Headless PLC Fibre Optic Splitter ist ein integrierter Wellenleiter optische Leistungsverteilung Ger\u00e4t auf der Grundlage von Quarz-Substrat, mit geringer Gr\u00f6\u00dfe, breite Palette von Betriebs-Wellenl\u00e4ngen, hohe Zuverl\u00e4ssigkeit, gute Gleichm\u00e4\u00dfigkeit, etc., besonders geeignet f\u00fcr passive optische Netze (EPON, BPON, GPON, etc.) in der Verbindung zwischen dem lokalen B\u00fcro und dem Endger\u00e4t und die Aufteilung der optischen Signale zu erreichen, derzeit in zwei Typen erh\u00e4ltlich: 1 \u00d7 N und 2 \u00d7 N. 1 \u00d7 N und 2 \u00d7 N Splitter gleichm\u00e4\u00dfig aufgeteilt das optische Signal von einem einzigen oder doppelten Eingang zu mehreren Ausg\u00e4ngen, oder umgekehrt die Arbeit von mehreren optischen Signalen auf eine Reihe von Ausg\u00e4ngen konvergiert.Derzeit gibt es zwei Arten von 1 \u00d7 N und 2 \u00d7 N. 1 \u00d7 N und 2 \u00d7 N Splitter wird einheitliche optische Signal von einem einzigen oder doppelten Eingang gleichm\u00e4\u00dfig in mehrere Ausg\u00e4nge aufgeteilt werden, oder umgekehrt die Arbeit von mehreren optischen Signalen in eine einzige oder doppelte Faser.<\/p>","protected":false},"featured_media":13122,"comment_status":"open","ping_status":"closed","template":"","meta":[],"product_brand":[],"product_cat":[366],"product_tag":[120,234,274,288],"class_list":{"0":"post-13084","1":"product","2":"type-product","3":"status-publish","4":"has-post-thumbnail","6":"product_cat-optical-splitters-and-splitter-box","7":"product_tag-1x4","8":"product_tag-headless-splitter","9":"product_tag-optic-splitter","10":"product_tag-plc-splitter","12":"first","13":"instock","14":"shipping-taxable","15":"purchasable","16":"product-type-variable"},"_links":{"self":[{"href":"https:\/\/www.luleey.com\/de\/wp-json\/wp\/v2\/product\/13084","targetHints":{"allow":["GET"]}}],"collection":[{"href":"https:\/\/www.luleey.com\/de\/wp-json\/wp\/v2\/product"}],"about":[{"href":"https:\/\/www.luleey.com\/de\/wp-json\/wp\/v2\/types\/product"}],"replies":[{"embeddable":true,"href":"https:\/\/www.luleey.com\/de\/wp-json\/wp\/v2\/comments?post=13084"}],"wp:featuredmedia":[{"embeddable":true,"href":"https:\/\/www.luleey.com\/de\/wp-json\/wp\/v2\/media\/13122"}],"wp:attachment":[{"href":"https:\/\/www.luleey.com\/de\/wp-json\/wp\/v2\/media?parent=13084"}],"wp:term":[{"taxonomy":"product_brand","embeddable":true,"href":"https:\/\/www.luleey.com\/de\/wp-json\/wp\/v2\/product_brand?post=13084"},{"taxonomy":"product_cat","embeddable":true,"href":"https:\/\/www.luleey.com\/de\/wp-json\/wp\/v2\/product_cat?post=13084"},{"taxonomy":"product_tag","embeddable":true,"href":"https:\/\/www.luleey.com\/de\/wp-json\/wp\/v2\/product_tag?post=13084"}],"curies":[{"name":"wp","href":"https:\/\/api.w.org\/{rel}","templated":true}]}}