{"id":13121,"date":"2024-07-19T01:01:25","date_gmt":"2024-07-18T17:01:25","guid":{"rendered":"https:\/\/www.luleey.com\/?post_type=product&#038;p=13121"},"modified":"2024-12-14T22:38:36","modified_gmt":"2024-12-14T14:38:36","slug":"fiber-optic-fusion-splicer-heat-shrink-tubing-double-needle","status":"publish","type":"product","link":"https:\/\/www.luleey.com\/de\/produkt-2\/fiber-optic-fusion-splicer-heat-shrink-tubing-double-needle\/","title":{"rendered":"Faseroptischer Fusionssplei\u00dfer Schrumpfschlauch, Doppelnadel"},"content":{"rendered":"<h3>Eigenschaften<\/h3>\n<ol>\n<li>Stahlnadelabschr\u00e4gung: verhindert die Besch\u00e4digung der Innenwand der W\u00e4rmeschmelzh\u00fclse, antistatische, nicht klebende Wand, starker Schutz.<\/li>\n<li>Temperatur- und Feuchtigkeitsbest\u00e4ndigkeit: Nach dem Warmschrumpfen des Schmelzschlauchs weist er gute Eigenschaften in Bezug auf hohe Temperaturbest\u00e4ndigkeit und Feuchtigkeitsbest\u00e4ndigkeit auf.<\/li>\n<li>Keine Beeintr\u00e4chtigung der Glasfaser\u00fcbertragung.<\/li>\n<li>Sch\u00fctzen Sie die Splei\u00dfstelle, verbessern Sie die Praktikabilit\u00e4t.<\/li>\n<li>Einfache Bedienung, weniger Sch\u00e4den an der Glasfaser w\u00e4hrend der Installation.<\/li>\n<li>Transparente Hei\u00dfschmelzmuffe, die den Status der Splei\u00dfung der Glasfaser auf einen Blick erkennen l\u00e4sst.<\/li>\n<li>Schnelle Schrumpfgeschwindigkeit, praktische und schnelle Konstruktion.<\/li>\n<li>Nadeln aus Edelstahl 304, rostfrei<\/li>\n<li>Zwillingsnadel-Glasfaser-Fusionssplei\u00dfer Schrumpfschl\u00e4uche<\/li>\n<\/ol>\n<h3>Spezifikation<\/h3>\n<table style=\"width: 1334px;\" width=\"323\">\n<tbody>\n<tr>\n<td style=\"width: 481px;\" width=\"101\">Name<\/td>\n<td style=\"width: 853px;\" width=\"222\">Doppelnadel Glasfaser-Fusionssplei\u00dfer Schrumpfschlauch<\/td>\n<\/tr>\n<tr>\n<td style=\"width: 481px;\">Modell<\/td>\n<td style=\"width: 853px;\">LL-D-W\u00e4rmeschrumpfschlauch<\/td>\n<\/tr>\n<tr>\n<td style=\"width: 481px;\">Marke<\/td>\n<td style=\"width: 853px;\">\u00a0LuLeey<\/td>\n<\/tr>\n<tr>\n<td style=\"width: 481px;\">Material der Stahlnadel<\/td>\n<td style=\"width: 853px;\">\u00a0Rostfreier Stahl SUS 304<\/td>\n<\/tr>\n<tr>\n<td style=\"width: 481px;\">Spezifikation der Stahlnadel<\/td>\n<td style=\"width: 853px;\">\u00a0Durchmesser 1,2 mm<\/td>\n<\/tr>\n<tr>\n<td style=\"width: 481px;\">L\u00e4nge der Stahlnadel<\/td>\n<td style=\"width: 853px;\">\u00a055mm<\/td>\n<\/tr>\n<tr>\n<td style=\"width: 481px;\">Material des Rohrs<\/td>\n<td style=\"width: 853px;\">\u00a0umweltfreundliches PE-Material<\/td>\n<\/tr>\n<tr>\n<td style=\"width: 481px;\">L\u00e4nge des Rohrs<\/td>\n<td style=\"width: 853px;\">\u00a060mm<\/td>\n<\/tr>\n<tr>\n<td style=\"width: 481px;\">\u00c4u\u00dferer Wanddurchmesser<\/td>\n<td style=\"width: 853px;\">\u00a05,5 mm<\/td>\n<\/tr>\n<tr>\n<td style=\"width: 481px;\">Durchmesser der Innenwand<\/td>\n<td style=\"width: 853px;\">\u00a03,8 mm<\/td>\n<\/tr>\n<tr>\n<td style=\"width: 481px;\">Farbe<\/td>\n<td style=\"width: 853px;\">\u00a0transparent<\/td>\n<\/tr>\n<tr>\n<td style=\"width: 481px;\">Arbeitstemperatur<\/td>\n<td style=\"width: 853px;\">\u00a0-55~105\u2103<\/td>\n<\/tr>\n<\/tbody>\n<\/table>","protected":false},"excerpt":{"rendered":"<p>Das Design der Stahlnadelabschr\u00e4gung ist entscheidend f\u00fcr den Schutz der Innenwand des Schrumpfschlauchs beim Splei\u00dfen von Glasfasern. Unser Design gew\u00e4hrleistet antistatische und nicht klebende Wandeigenschaften, die einen starken Schutz bieten, ohne die Glasfaser\u00fcbertragung zu behindern. Der Schrumpfschlauch des Fiber Optic Fusion Splicer weist nach dem Schrumpfen eine ausgezeichnete Temperatur- und Feuchtigkeitsbest\u00e4ndigkeit auf, wodurch die Splei\u00dfstelle gesch\u00fctzt und die Praktikabilit\u00e4t erh\u00f6ht wird. Unsere transparenten Schrumpfschl\u00e4uche sind einfach zu handhaben und schrumpfen schnell. Sie erm\u00f6glichen eine bequeme und schnelle Konstruktion sowie eine einfache Sichtbarkeit des Splei\u00dfstatus der Faseroptik. Dar\u00fcber hinaus garantieren die 304-Edelstahlnadeln Rostbest\u00e4ndigkeit, was die Integrit\u00e4t des Splei\u00dfprozesses weiter gew\u00e4hrleistet.<\/p>","protected":false},"featured_media":13131,"comment_status":"open","ping_status":"closed","template":"","meta":[],"product_brand":[],"product_cat":[790],"product_tag":[226,235],"class_list":{"0":"post-13121","1":"product","2":"type-product","3":"status-publish","4":"has-post-thumbnail","6":"product_cat-fiber-optic-fusion-splicer","7":"product_tag-fusion-splicer","8":"product_tag-heat-shrink-tubing","10":"first","11":"instock","12":"shipping-taxable","13":"purchasable","14":"product-type-variable"},"_links":{"self":[{"href":"https:\/\/www.luleey.com\/de\/wp-json\/wp\/v2\/product\/13121","targetHints":{"allow":["GET"]}}],"collection":[{"href":"https:\/\/www.luleey.com\/de\/wp-json\/wp\/v2\/product"}],"about":[{"href":"https:\/\/www.luleey.com\/de\/wp-json\/wp\/v2\/types\/product"}],"replies":[{"embeddable":true,"href":"https:\/\/www.luleey.com\/de\/wp-json\/wp\/v2\/comments?post=13121"}],"wp:featuredmedia":[{"embeddable":true,"href":"https:\/\/www.luleey.com\/de\/wp-json\/wp\/v2\/media\/13131"}],"wp:attachment":[{"href":"https:\/\/www.luleey.com\/de\/wp-json\/wp\/v2\/media?parent=13121"}],"wp:term":[{"taxonomy":"product_brand","embeddable":true,"href":"https:\/\/www.luleey.com\/de\/wp-json\/wp\/v2\/product_brand?post=13121"},{"taxonomy":"product_cat","embeddable":true,"href":"https:\/\/www.luleey.com\/de\/wp-json\/wp\/v2\/product_cat?post=13121"},{"taxonomy":"product_tag","embeddable":true,"href":"https:\/\/www.luleey.com\/de\/wp-json\/wp\/v2\/product_tag?post=13121"}],"curies":[{"name":"wp","href":"https:\/\/api.w.org\/{rel}","templated":true}]}}