{"id":14359,"date":"2024-08-05T21:58:40","date_gmt":"2024-08-05T13:58:40","guid":{"rendered":"https:\/\/www.luleey.com\/?post_type=product&#038;p=14359"},"modified":"2025-01-21T12:18:02","modified_gmt":"2025-01-21T04:18:02","slug":"100mbps-2sc-4rj45-media-converter","status":"publish","type":"product","link":"https:\/\/www.luleey.com\/de\/produkt-2\/100mbps-2sc-4rj45-media-converter\/","title":{"rendered":"100Mbps 2SC 4RJ45 Medienkonverter 1Paar"},"content":{"rendered":"<h3>Eigenschaften<\/h3>\n<ol>\n<li>Hochleistungschip, stabiler Betrieb<\/li>\n<li>4 RJ45 adaptive 10M\/100M Ethernet-Anschl\u00fcsse<\/li>\n<li>Unterst\u00fctzt die Betriebsarten Vollduplex\/Halbduplex<\/li>\n<li>Anschlussm\u00f6glichkeit f\u00fcr 4 hochaufl\u00f6sende Kameras<\/li>\n<li>SC auf RJ45, Plug and Play<\/li>\n<li>Geeignet f\u00fcr Netzwerk\u00fcberwachung, Fiber to the Home und andere Einsatzszenarien<\/li>\n<li>Arbeitsanzeigeleuchten unterst\u00fctzen<\/li>\n<li>Einzelne Faser, Single-Mode<\/li>\n<\/ol>\n<h3>Spezifikation<\/h3>\n<table width=\"598\">\n<tbody>\n<tr>\n<td width=\"211\">Markenname<\/td>\n<td width=\"387\">LuLeey<\/td>\n<\/tr>\n<tr>\n<td width=\"211\">Produktname<\/td>\n<td width=\"387\">100Mbps 2SC 4RJ45 Medienkonverter<\/td>\n<\/tr>\n<tr>\n<td width=\"211\">Speisespannung<\/td>\n<td width=\"387\">12V<\/td>\n<\/tr>\n<tr>\n<td width=\"211\">Herkunft<\/td>\n<td width=\"387\">Festland China<\/td>\n<\/tr>\n<tr>\n<td width=\"211\">Spannung der Stromversorgung<\/td>\n<td width=\"387\">AC 220V\/ DC12V<\/td>\n<\/tr>\n<tr>\n<td width=\"211\">\u00dcbertragungsentfernung<\/td>\n<td width=\"387\">20km<\/td>\n<\/tr>\n<tr>\n<td width=\"211\">Die Anzahl der H\u00e4fen<\/td>\n<td width=\"387\">2SC 4RJ45<\/td>\n<\/tr>\n<tr>\n<td width=\"211\">\u00dcbertragungsrate<\/td>\n<td width=\"387\">\n<p data-spm-anchor-id=\"a2g0o.detail.0.i6.73c8G5LJG5LJdG\">100Mbps\/10Mbps<\/p>\n<\/td>\n<\/tr>\n<tr>\n<td width=\"211\">Gr\u00f6\u00dfe<\/td>\n<td width=\"387\">88*70*27mm<\/td>\n<\/tr>\n<\/tbody>\n<\/table>","protected":false},"excerpt":{"rendered":"<p>Medienkonverter Unterst\u00fctzt Voll-\/Halbduplex-Betrieb<br \/>\nUnterst\u00fctzt den Store-and-Forward-Modus<br \/>\n2SC RJ45 LED-Anzeige Statusr\u00fcckmeldung Link-Signal<br \/>\nSC auf RJ45, einstecken und loslegen<\/p>","protected":false},"featured_media":14363,"comment_status":"open","ping_status":"closed","template":"","meta":[],"product_brand":[],"product_cat":[310],"product_tag":[387,259,388],"class_list":{"0":"post-14359","1":"product","2":"type-product","3":"status-publish","4":"has-post-thumbnail","6":"product_cat-copper-to-fiber-media-converters","7":"product_tag-2sc-4rj45","8":"product_tag-media-converter","9":"product_tag-sc-to-rj45","11":"first","12":"instock","13":"shipping-taxable","14":"purchasable","15":"product-type-variable"},"_links":{"self":[{"href":"https:\/\/www.luleey.com\/de\/wp-json\/wp\/v2\/product\/14359","targetHints":{"allow":["GET"]}}],"collection":[{"href":"https:\/\/www.luleey.com\/de\/wp-json\/wp\/v2\/product"}],"about":[{"href":"https:\/\/www.luleey.com\/de\/wp-json\/wp\/v2\/types\/product"}],"replies":[{"embeddable":true,"href":"https:\/\/www.luleey.com\/de\/wp-json\/wp\/v2\/comments?post=14359"}],"wp:featuredmedia":[{"embeddable":true,"href":"https:\/\/www.luleey.com\/de\/wp-json\/wp\/v2\/media\/14363"}],"wp:attachment":[{"href":"https:\/\/www.luleey.com\/de\/wp-json\/wp\/v2\/media?parent=14359"}],"wp:term":[{"taxonomy":"product_brand","embeddable":true,"href":"https:\/\/www.luleey.com\/de\/wp-json\/wp\/v2\/product_brand?post=14359"},{"taxonomy":"product_cat","embeddable":true,"href":"https:\/\/www.luleey.com\/de\/wp-json\/wp\/v2\/product_cat?post=14359"},{"taxonomy":"product_tag","embeddable":true,"href":"https:\/\/www.luleey.com\/de\/wp-json\/wp\/v2\/product_tag?post=14359"}],"curies":[{"name":"wp","href":"https:\/\/api.w.org\/{rel}","templated":true}]}}