{"id":14368,"date":"2024-08-05T23:16:22","date_gmt":"2024-08-05T15:16:22","guid":{"rendered":"https:\/\/www.luleey.com\/?post_type=product&#038;p=14368"},"modified":"2025-07-25T09:51:06","modified_gmt":"2025-07-25T01:51:06","slug":"fc-upc-adjustable-attenuator-fc-apc-adjustable-attenuator","status":"publish","type":"product","link":"https:\/\/www.luleey.com\/de\/produkt-2\/fc-upc-adjustable-attenuator-fc-apc-adjustable-attenuator\/","title":{"rendered":"FC UPC Einstellbares D\u00e4mpfungsglied \/ FC APC Einstellbares D\u00e4mpfungsglied"},"content":{"rendered":"<h3>Eigenschaften<\/h3>\n<ol>\n<li>Gute Wiederholbarkeit, gute Verschlei\u00dffestigkeit und gute Temperaturstabilit\u00e4t.<\/li>\n<li><span data-spm-anchor-id=\"a2g0o.detail.1000023.i1.5e06yANUyANUVU\">Der durchschnittliche zus\u00e4tzliche Verlust betr\u00e4gt weniger als 0,2 dB, und die R\u00fcckflussd\u00e4mpfung ist hoch. <\/span><\/li>\n<li>Plug-Ins mehr als 1000 Mal verwendet wird.<\/li>\n<\/ol>\n<h3>Spezifikation<\/h3>\n<table width=\"598\">\n<tbody>\n<tr>\n<td width=\"211\">Markenname<\/td>\n<td width=\"387\">luleey<\/td>\n<\/tr>\n<tr>\n<td width=\"211\">Produktname<\/td>\n<td width=\"387\">FC UPC Einstellbares D\u00e4mpfungsglied \/ FC APC Einstellbares D\u00e4mpfungsglied<\/td>\n<\/tr>\n<tr>\n<td width=\"211\">Pr\u00e4zise Abschw\u00e4chung<\/td>\n<td width=\"387\">&lt;=+\/-0,5dB<\/td>\n<\/tr>\n<tr>\n<td>Abschw\u00e4chung db<\/td>\n<td>0-30dB<\/td>\n<\/tr>\n<tr>\n<td width=\"211\">Parameter der Wellenl\u00e4nge<\/td>\n<td width=\"387\">Einzelmodus 1310~1550nm<\/td>\n<\/tr>\n<tr>\n<td width=\"211\">R\u00fcckflussd\u00e4mpfung<\/td>\n<td width=\"387\">gr\u00f6\u00dfer als oder gleich 60 dB<\/td>\n<\/tr>\n<tr>\n<td width=\"211\">Aderendh\u00fclse Typ<\/td>\n<td width=\"387\">Keramik<\/td>\n<\/tr>\n<tr>\n<td width=\"211\">Arbeitstemperatur<\/td>\n<td width=\"387\">-40~80 Grad Celsius<\/td>\n<\/tr>\n<tr>\n<td width=\"211\">Lagertemperatur<\/td>\n<td>-55~85 Grad Celsius<\/td>\n<\/tr>\n<\/tbody>\n<\/table>","protected":false},"excerpt":{"rendered":"<p>FC-D\u00e4mpfungsglied, Einf\u00fcgungsd\u00e4mpfung 1-5db\u2264\u00b10,5db, 5-30db\u00b1\u226410%.<\/p>\n<p>Unterst\u00fctzt die manuelle Einstellung der D\u00e4mpfung<\/p>\n<p>Wiederverwendung unterst\u00fctzen, gute Stabilit\u00e4t<\/p>\n<p>Unterst\u00fctzt einstellbares FC UPC D\u00e4mpfungsglied oder einstellbares FC APC D\u00e4mpfungsglied<\/p>\n<p>Verwendet in Glasfaser-Kommunikationssystem, Instrumentierung, Netzwerk CATV und andere Verwendung der Szene<\/p>","protected":false},"featured_media":14369,"comment_status":"open","ping_status":"closed","template":"","meta":[],"product_brand":[],"product_cat":[365,788],"product_tag":[394,393,395],"class_list":{"0":"post-14368","1":"product","2":"type-product","3":"status-publish","4":"has-post-thumbnail","6":"product_cat-optical-adapters-and-flange-connectors-and-attenuator","7":"product_cat-optical-attenuator","8":"product_tag-adjustable-attenuator","9":"product_tag-fc-apc-attenuator","10":"product_tag-fc-upc-attenuator","12":"first","13":"instock","14":"shipping-taxable","15":"purchasable","16":"product-type-variable"},"_links":{"self":[{"href":"https:\/\/www.luleey.com\/de\/wp-json\/wp\/v2\/product\/14368","targetHints":{"allow":["GET"]}}],"collection":[{"href":"https:\/\/www.luleey.com\/de\/wp-json\/wp\/v2\/product"}],"about":[{"href":"https:\/\/www.luleey.com\/de\/wp-json\/wp\/v2\/types\/product"}],"replies":[{"embeddable":true,"href":"https:\/\/www.luleey.com\/de\/wp-json\/wp\/v2\/comments?post=14368"}],"wp:featuredmedia":[{"embeddable":true,"href":"https:\/\/www.luleey.com\/de\/wp-json\/wp\/v2\/media\/14369"}],"wp:attachment":[{"href":"https:\/\/www.luleey.com\/de\/wp-json\/wp\/v2\/media?parent=14368"}],"wp:term":[{"taxonomy":"product_brand","embeddable":true,"href":"https:\/\/www.luleey.com\/de\/wp-json\/wp\/v2\/product_brand?post=14368"},{"taxonomy":"product_cat","embeddable":true,"href":"https:\/\/www.luleey.com\/de\/wp-json\/wp\/v2\/product_cat?post=14368"},{"taxonomy":"product_tag","embeddable":true,"href":"https:\/\/www.luleey.com\/de\/wp-json\/wp\/v2\/product_tag?post=14368"}],"curies":[{"name":"wp","href":"https:\/\/api.w.org\/{rel}","templated":true}]}}