{"id":14375,"date":"2024-08-06T22:53:07","date_gmt":"2024-08-06T14:53:07","guid":{"rendered":"https:\/\/www.luleey.com\/?post_type=product&#038;p=14375"},"modified":"2025-07-25T09:51:05","modified_gmt":"2025-07-25T01:51:05","slug":"fc-apc-attenuator-0-30db-fixed-value","status":"publish","type":"product","link":"https:\/\/www.luleey.com\/de\/produkt-2\/fc-apc-attenuator-0-30db-fixed-value\/","title":{"rendered":"FC APC-D\u00e4mpfungsglied 0-30db Festwert"},"content":{"rendered":"<h4 data-spm-anchor-id=\"a2g0o.detail.1000023.i0.525da32aC35IUk\">Eigenschaften<\/h4>\n<ol>\n<li>Wiederverwendung, gute Abriebfestigkeit, hohe Temperaturbest\u00e4ndigkeit.<\/li>\n<li>Geringe Einf\u00fcgungsd\u00e4mpfung, durchschnittlich unter 0,2db, hohe R\u00fcckflussd\u00e4mpfung.<\/li>\n<li>Geeignet f\u00fcr Glasfaser-Netzwerk-Switches, Glasfaser-Netzwerk-Router, Netzwerk-Switches, Glasfaser-NICs, Server, Netzwerk-Speicherger\u00e4te, Glasfaser-Transceiver und so weiter.<\/li>\n<\/ol>\n<div class=\"a-column a-span6\">\n<h3>Spezifikation<\/h3>\n<table style=\"width: 100%; height: 414px;\" width=\"598\">\n<tbody>\n<tr style=\"height: 69px;\">\n<td style=\"height: 69px;\" width=\"211\">Markenname<\/td>\n<td style=\"height: 69px;\" width=\"387\">LuLeey<\/td>\n<\/tr>\n<tr style=\"height: 69px;\">\n<td style=\"height: 69px;\" width=\"211\">Stecker Typ<\/td>\n<td style=\"height: 69px;\" width=\"387\">FC\/APC<\/td>\n<\/tr>\n<tr style=\"height: 69px;\">\n<td style=\"height: 69px;\" width=\"211\">Produktname<\/td>\n<td style=\"height: 69px;\" width=\"387\">FC\/APC-D\u00e4mpfungsglied<\/td>\n<\/tr>\n<tr style=\"height: 69px;\">\n<td style=\"height: 69px;\" width=\"211\">Herkunft<\/td>\n<td style=\"height: 69px;\" width=\"387\">Festland China<\/td>\n<\/tr>\n<tr style=\"height: 69px;\">\n<td style=\"height: 69px;\" width=\"211\">Steckzeiten<\/td>\n<td style=\"height: 69px;\" width=\"387\">mehr 1000<\/td>\n<\/tr>\n<\/tbody>\n<\/table>\n<\/div>","protected":false},"excerpt":{"rendered":"<ol>\n<li>FC APC Attenuator hat eine gute Wiederholbarkeit, eine gute Verschlei\u00dffestigkeit und eine gute Temperaturstabilit\u00e4t.<\/li>\n<li>Der durchschnittliche zus\u00e4tzliche Verlust betr\u00e4gt weniger als 0,2 dB, und die R\u00fcckflussd\u00e4mpfung ist hoch.<\/li>\n<li>Die Anzahl der Plug-in-Nutzungen ist gr\u00f6\u00dfer als 1000 Mal.<\/li>\n<\/ol>","protected":false},"featured_media":14382,"comment_status":"open","ping_status":"closed","template":"","meta":[],"product_brand":[],"product_cat":[365,788],"product_tag":[402,393],"class_list":{"0":"post-14375","1":"product","2":"type-product","3":"status-publish","4":"has-post-thumbnail","6":"product_cat-optical-adapters-and-flange-connectors-and-attenuator","7":"product_cat-optical-attenuator","8":"product_tag-attenuator","9":"product_tag-fc-apc-attenuator","11":"first","12":"instock","13":"shipping-taxable","14":"purchasable","15":"product-type-variable"},"_links":{"self":[{"href":"https:\/\/www.luleey.com\/de\/wp-json\/wp\/v2\/product\/14375","targetHints":{"allow":["GET"]}}],"collection":[{"href":"https:\/\/www.luleey.com\/de\/wp-json\/wp\/v2\/product"}],"about":[{"href":"https:\/\/www.luleey.com\/de\/wp-json\/wp\/v2\/types\/product"}],"replies":[{"embeddable":true,"href":"https:\/\/www.luleey.com\/de\/wp-json\/wp\/v2\/comments?post=14375"}],"wp:featuredmedia":[{"embeddable":true,"href":"https:\/\/www.luleey.com\/de\/wp-json\/wp\/v2\/media\/14382"}],"wp:attachment":[{"href":"https:\/\/www.luleey.com\/de\/wp-json\/wp\/v2\/media?parent=14375"}],"wp:term":[{"taxonomy":"product_brand","embeddable":true,"href":"https:\/\/www.luleey.com\/de\/wp-json\/wp\/v2\/product_brand?post=14375"},{"taxonomy":"product_cat","embeddable":true,"href":"https:\/\/www.luleey.com\/de\/wp-json\/wp\/v2\/product_cat?post=14375"},{"taxonomy":"product_tag","embeddable":true,"href":"https:\/\/www.luleey.com\/de\/wp-json\/wp\/v2\/product_tag?post=14375"}],"curies":[{"name":"wp","href":"https:\/\/api.w.org\/{rel}","templated":true}]}}