{"id":14391,"date":"2024-08-07T22:34:49","date_gmt":"2024-08-07T14:34:49","guid":{"rendered":"https:\/\/www.luleey.com\/?post_type=product&#038;p=14391"},"modified":"2025-09-12T22:46:35","modified_gmt":"2025-09-12T14:46:35","slug":"110-impact-punch-down-tool-with-110-blade","status":"publish","type":"product","link":"https:\/\/www.luleey.com\/de\/produkt-2\/110-impact-punch-down-tool-with-110-blade\/","title":{"rendered":"110 Impact Punch Down Tool mit 110er Klinge"},"content":{"rendered":"<p>Netzwerkkabel Netzwerkmodul Kabelschl\u00e4ger Steckdosenleiste 110 Verteiler Telefonleitung Crimper Multifunktionskabelschneider<\/p>\n<h3>Eigenschaften<\/h3>\n<ol>\n<li>Netzwerkkabel Netzwerkmodul Kabelschl\u00e4ger Steckdosenleiste 110 Verteiler Telefonleitung Crimper Multifunktions-KabelschneiderDoppelter Schneidkopf.<\/li>\n<li>Hochwertiger Stahl.<\/li>\n<li>Entfernt m\u00fchelos unerw\u00fcnschte Kabel.<\/li>\n<li>Der Rahmen des Werkzeugs ist in einen Hauptk\u00f6rper mit Schlagwerk und einen drehbaren K\u00f6rper unterteilt, mit einstellbarer Schlagkraftkontrolle.<\/li>\n<li>im Uhrzeigersinn bis zum angegebenen Druck H =15+.2 kg f\u00fcr das Einf\u00fchren gr\u00f6\u00dferer Dr\u00e4hte in den Klemmenblock, oder bis zum angegebenen Druck L=10+2 kg f\u00fcr Standarddraht. Der drehbare Teil ist nicht umkehrbar.<\/li>\n<li>Die Ablage auf der Oberseite des Werkzeugs dient zur Aufbewahrung einer Ersatzklinge<\/li>\n<li>Alle Klingen sind austauschbar und umkehrbar. Die Klingen lassen sich leicht austauschen.<\/li>\n<\/ol>\n<h3>Spezifikation<\/h3>\n<table width=\"598\">\n<tbody>\n<tr>\n<td width=\"211\">Markenname<\/td>\n<td width=\"387\">LuLeey<\/td>\n<\/tr>\n<tr>\n<td>Produktname<\/td>\n<td>110 Impact Punch Down Tool<\/td>\n<\/tr>\n<tr>\n<td width=\"211\">Abnehmbare Klinge<\/td>\n<td>Unterst\u00fctzung<\/td>\n<\/tr>\n<tr>\n<td>Material des Griffs<\/td>\n<td>ABS<\/td>\n<\/tr>\n<tr>\n<td width=\"211\">Druckregelung<\/td>\n<td>Unterst\u00fctzung<\/td>\n<\/tr>\n<tr>\n<td width=\"211\">Ablagefach f\u00fcr Klinge<\/td>\n<td>Unterst\u00fctzung<\/td>\n<\/tr>\n<tr>\n<td width=\"211\">Material der Klinge<\/td>\n<td>Stahl mit hohem Kohlenstoffgehalt<\/td>\n<\/tr>\n<tr>\n<td width=\"211\">Doppelte Klinge<\/td>\n<td>Unterst\u00fctzung<\/td>\n<\/tr>\n<tr>\n<td>Gr\u00f6\u00dfe<\/td>\n<td>170x31mm<\/td>\n<\/tr>\n<\/tbody>\n<\/table>","protected":false},"excerpt":{"rendered":"<ol>\n<li>Punchdown-Werkzeuge schneiden und schlie\u00dfen das Kabel in einem 110er Patchpanel oder einer Keystone-Buchse ab.<\/li>\n<li>Die abnehmbare Klinge des Ethernet-Stanzwerkzeugs mit Dreh- und Verriegelungsbuchsen kann zum Transport im Werkzeugk\u00f6rper aufbewahrt werden.<\/li>\n<li>Einstellbare Schlagkrafteinstellungen (Lo\/Hi) f\u00fcr den Kabelanschluss an eine Buchse, einen Block oder ein Patchpanel mit 110 IDC-Anschl\u00fcssen.<\/li>\n<li>Keystone-Buchse kompatibel mit Cat 5, Cat 5e, Cat 6, Cat 6A, Cat 7 und Cat 8 Netzwerk- oder Sprachkabel; Paar mit einem Keystone-Buchsenst\u00e4nder f\u00fcr eine sichere Installation.<\/li>\n<li>110-Block-Werkzeug mit Federkraft f\u00fcr schnelles, m\u00fcheloses Einsetzen und Anschlie\u00dfen von Kabeln mit umschaltbarer Schneid-\/Stanzklinge<\/li>\n<\/ol>","protected":false},"featured_media":14392,"comment_status":"open","ping_status":"closed","template":"","meta":[],"product_brand":[],"product_cat":[352],"product_tag":[404,403],"class_list":{"0":"post-14391","1":"product","2":"type-product","3":"status-publish","4":"has-post-thumbnail","6":"product_cat-copper-tools","7":"product_tag-110-block-tool","8":"product_tag-impact-punch-down-tool","10":"first","11":"instock","12":"shipping-taxable","13":"purchasable","14":"product-type-simple"},"_links":{"self":[{"href":"https:\/\/www.luleey.com\/de\/wp-json\/wp\/v2\/product\/14391","targetHints":{"allow":["GET"]}}],"collection":[{"href":"https:\/\/www.luleey.com\/de\/wp-json\/wp\/v2\/product"}],"about":[{"href":"https:\/\/www.luleey.com\/de\/wp-json\/wp\/v2\/types\/product"}],"replies":[{"embeddable":true,"href":"https:\/\/www.luleey.com\/de\/wp-json\/wp\/v2\/comments?post=14391"}],"wp:featuredmedia":[{"embeddable":true,"href":"https:\/\/www.luleey.com\/de\/wp-json\/wp\/v2\/media\/14392"}],"wp:attachment":[{"href":"https:\/\/www.luleey.com\/de\/wp-json\/wp\/v2\/media?parent=14391"}],"wp:term":[{"taxonomy":"product_brand","embeddable":true,"href":"https:\/\/www.luleey.com\/de\/wp-json\/wp\/v2\/product_brand?post=14391"},{"taxonomy":"product_cat","embeddable":true,"href":"https:\/\/www.luleey.com\/de\/wp-json\/wp\/v2\/product_cat?post=14391"},{"taxonomy":"product_tag","embeddable":true,"href":"https:\/\/www.luleey.com\/de\/wp-json\/wp\/v2\/product_tag?post=14391"}],"curies":[{"name":"wp","href":"https:\/\/api.w.org\/{rel}","templated":true}]}}