{"id":14404,"date":"2024-08-08T22:34:57","date_gmt":"2024-08-08T14:34:57","guid":{"rendered":"https:\/\/www.luleey.com\/?post_type=product&#038;p=14404"},"modified":"2025-06-28T10:49:22","modified_gmt":"2025-06-28T02:49:22","slug":"flip-top-red-light-pen-visual-fault-locator","status":"publish","type":"product","link":"https:\/\/www.luleey.com\/de\/produkt-2\/flip-top-red-light-pen-visual-fault-locator\/","title":{"rendered":"Flip-Top-Rotlichtstift Visuelle Fehlersuche"},"content":{"rendered":"<h3>Eigenschaften<\/h3>\n<ol>\n<li>Hochwertige Chips, leistungsstarker Laser<\/li>\n<li>Flip-Cover-Design zum Schutz vor Staub<\/li>\n<li>LED-Beleuchtung, Nachtarbeit<\/li>\n<li>Visualisiertes Stromnetz<\/li>\n<\/ol>\n<h3>Spezifikation<\/h3>\n<table style=\"border-collapse: collapse; width: 100%;\">\n<tbody>\n<tr>\n<td style=\"width: 50%;\">Marke<\/td>\n<td style=\"width: 50%;\">LuLeey<\/td>\n<\/tr>\n<tr>\n<td style=\"width: 50%;\">Produktname<\/td>\n<td style=\"width: 50%;\">Flip-Top-Rotlichtstift<\/td>\n<\/tr>\n<tr>\n<td style=\"width: 50%;\">Wellenl\u00e4nge<\/td>\n<td style=\"width: 50%;\">650nm \u00b1 10nm<\/td>\n<\/tr>\n<tr>\n<td style=\"width: 50%;\">Schnittstelle<\/td>\n<td style=\"width: 50%;\">2,5 mm Universalschnittstelle SC\/ST\/FC<\/td>\n<\/tr>\n<tr>\n<td style=\"width: 50%;\">Arbeitstemperatur<\/td>\n<td style=\"width: 50%;\">20~60 Grad Celsius<\/td>\n<\/tr>\n<tr>\n<td style=\"width: 50%;\">Lagertemperatur<\/td>\n<td style=\"width: 50%;\">40~85 Grad Celsius<\/td>\n<\/tr>\n<tr>\n<td style=\"width: 50%;\">Gr\u00f6\u00dfe<\/td>\n<td style=\"width: 50%;\">125*35*17mm<\/td>\n<\/tr>\n<tr>\n<td style=\"width: 50%;\">Li-Ionen-Akku<\/td>\n<td style=\"width: 50%;\">Option<\/td>\n<\/tr>\n<\/tbody>\n<\/table>\n<p>&nbsp;<\/p>","protected":false},"excerpt":{"rendered":"<p>1. Hochwertige Chips und ein leistungsstarker Laser sorgen f\u00fcr die pr\u00e4zise und genaue Erkennung von Fehlern in Glasfasern.<br \/>\n2. Das Flip-Cover-Design blockiert effektiv Staub und sch\u00fctzt das Ger\u00e4t, wodurch seine Lebensdauer verl\u00e4ngert wird.<br \/>\n3. Ausgestattet mit einer LED-Beleuchtung erm\u00f6glicht dieses optische Fehlerortungsger\u00e4t ein effizientes und zuverl\u00e4ssiges Arbeiten auch bei schlechten Lichtverh\u00e4ltnissen oder in der Nacht.<\/p>","protected":false},"featured_media":14403,"comment_status":"open","ping_status":"closed","template":"","meta":[],"product_brand":[],"product_cat":[789],"product_tag":[142,405,248,340],"class_list":{"0":"post-14404","1":"product","2":"type-product","3":"status-publish","4":"has-post-thumbnail","6":"product_cat-visual-fault-locator","7":"product_tag-30km","8":"product_tag-flip-top-red-light-pen","9":"product_tag-lithium-battery","10":"product_tag-visual-fault-locator","12":"first","13":"instock","14":"sale","15":"featured","16":"shipping-taxable","17":"purchasable","18":"product-type-variable"},"_links":{"self":[{"href":"https:\/\/www.luleey.com\/de\/wp-json\/wp\/v2\/product\/14404","targetHints":{"allow":["GET"]}}],"collection":[{"href":"https:\/\/www.luleey.com\/de\/wp-json\/wp\/v2\/product"}],"about":[{"href":"https:\/\/www.luleey.com\/de\/wp-json\/wp\/v2\/types\/product"}],"replies":[{"embeddable":true,"href":"https:\/\/www.luleey.com\/de\/wp-json\/wp\/v2\/comments?post=14404"}],"wp:featuredmedia":[{"embeddable":true,"href":"https:\/\/www.luleey.com\/de\/wp-json\/wp\/v2\/media\/14403"}],"wp:attachment":[{"href":"https:\/\/www.luleey.com\/de\/wp-json\/wp\/v2\/media?parent=14404"}],"wp:term":[{"taxonomy":"product_brand","embeddable":true,"href":"https:\/\/www.luleey.com\/de\/wp-json\/wp\/v2\/product_brand?post=14404"},{"taxonomy":"product_cat","embeddable":true,"href":"https:\/\/www.luleey.com\/de\/wp-json\/wp\/v2\/product_cat?post=14404"},{"taxonomy":"product_tag","embeddable":true,"href":"https:\/\/www.luleey.com\/de\/wp-json\/wp\/v2\/product_tag?post=14404"}],"curies":[{"name":"wp","href":"https:\/\/api.w.org\/{rel}","templated":true}]}}