{"id":14584,"date":"2024-08-12T00:20:20","date_gmt":"2024-08-11T16:20:20","guid":{"rendered":"https:\/\/www.luleey.com\/?post_type=product&#038;p=14584"},"modified":"2025-07-25T09:51:02","modified_gmt":"2025-07-25T01:51:02","slug":"fc-upc-to-sc-upc-adjustable-attenuator","status":"publish","type":"product","link":"https:\/\/www.luleey.com\/de\/produkt-2\/fc-upc-to-sc-upc-adjustable-attenuator\/","title":{"rendered":"FC UPC zu SC UPC Einstellbares D\u00e4mpfungsglied Konverter"},"content":{"rendered":"<div class=\"woocommerce-tabs wc-tabs-wrapper\">\n<div id=\"tab-description\" class=\"woocommerce-Tabs-panel woocommerce-Tabs-panel--description panel entry-content wc-tab\" role=\"tabpanel\" aria-labelledby=\"tab-title-description\">\n<h3>Eigenschaften<\/h3>\n<ol>\n<li>FC UPC zu SC UPC Einstellbares D\u00e4mpfungsglied Gute Wiederholbarkeit, gute Verschlei\u00dffestigkeit und gute Temperaturstabilit\u00e4t.<\/li>\n<li>Der durchschnittliche zus\u00e4tzliche Verlust betr\u00e4gt weniger als 0,2 dB, und die R\u00fcckflussd\u00e4mpfung ist hoch.<\/li>\n<li>Die Anzahl der Einsteck- und Aussteckvorg\u00e4nge betr\u00e4gt mehr als 1000 Mal.<\/li>\n<\/ol>\n<h3>Spezifikation<\/h3>\n<table style=\"width: 1288px;\" width=\"598\">\n<tbody>\n<tr>\n<td style=\"width: 454px;\" width=\"211\">Markenname<\/td>\n<td style=\"width: 834px;\" width=\"387\">luleey<\/td>\n<\/tr>\n<tr>\n<td style=\"width: 454px;\" width=\"211\">Produktname<\/td>\n<td style=\"width: 834px;\" width=\"387\">FC UPC zu SC UPC Einstellbares D\u00e4mpfungsglied<\/td>\n<\/tr>\n<tr>\n<td style=\"width: 454px;\" width=\"211\">Pr\u00e4zise Abschw\u00e4chung<\/td>\n<td style=\"width: 834px;\" width=\"387\">&lt;=+\/-0,5dB<\/td>\n<\/tr>\n<tr>\n<td style=\"width: 454px;\">Abschw\u00e4chung db<\/td>\n<td style=\"width: 834px;\">0-30dB<\/td>\n<\/tr>\n<tr>\n<td style=\"width: 454px;\" width=\"211\">Parameter der Wellenl\u00e4nge<\/td>\n<td style=\"width: 834px;\" width=\"387\">Einzelmodus 1310~1550nm<\/td>\n<\/tr>\n<tr>\n<td style=\"width: 454px;\" width=\"211\">R\u00fcckflussd\u00e4mpfung<\/td>\n<td style=\"width: 834px;\" width=\"387\">gr\u00f6\u00dfer als oder gleich 60 dB<\/td>\n<\/tr>\n<tr>\n<td style=\"width: 454px;\" width=\"211\">Aderendh\u00fclse Typ<\/td>\n<td style=\"width: 834px;\" width=\"387\">Keramik<\/td>\n<\/tr>\n<tr>\n<td style=\"width: 454px;\" width=\"211\">Arbeitstemperatur<\/td>\n<td style=\"width: 834px;\" width=\"387\">-40~80 Grad Celsius<\/td>\n<\/tr>\n<tr>\n<td style=\"width: 454px;\" width=\"211\">Lagertemperatur<\/td>\n<td style=\"width: 834px;\">-55~85 Grad Celsius<\/td>\n<\/tr>\n<\/tbody>\n<\/table>\n<\/div>\n<\/div>","protected":false},"excerpt":{"rendered":"<div id=\"offer-template-0\">\n<ul>\n<li>FC UPC zu SC UPC Einstellbares D\u00e4mpfungsglied Pr\u00e4zise Abschw\u00e4chung: &lt;=+\/-0,5db<\/li>\n<li>Wellenl\u00e4ngenparameter: Einzelmodus 1310~1550nm<\/li>\n<li>R\u00fcckflussd\u00e4mpfung: &gt;=55dB<\/li>\n<li>H\u00fclsentyp: Keramik<\/li>\n<li>Arbeitstemperatur: -40~80 Grad Celsius<\/li>\n<li data-spm-anchor-id=\"a2g0o.detail.1000023.i0.3fa7bOYTbOYTIX\">Lagertemperatur: -55~85 Grad Celsius<\/li>\n<\/ul>\n<\/div>","protected":false},"featured_media":14586,"comment_status":"open","ping_status":"closed","template":"","meta":[],"product_brand":[],"product_cat":[365,788],"product_tag":[394,426],"class_list":{"0":"post-14584","1":"product","2":"type-product","3":"status-publish","4":"has-post-thumbnail","6":"product_cat-optical-adapters-and-flange-connectors-and-attenuator","7":"product_cat-optical-attenuator","8":"product_tag-adjustable-attenuator","9":"product_tag-fc-upc-to-sc-upc","11":"first","12":"instock","13":"shipping-taxable","14":"purchasable","15":"product-type-variable","16":"has-default-attributes"},"_links":{"self":[{"href":"https:\/\/www.luleey.com\/de\/wp-json\/wp\/v2\/product\/14584","targetHints":{"allow":["GET"]}}],"collection":[{"href":"https:\/\/www.luleey.com\/de\/wp-json\/wp\/v2\/product"}],"about":[{"href":"https:\/\/www.luleey.com\/de\/wp-json\/wp\/v2\/types\/product"}],"replies":[{"embeddable":true,"href":"https:\/\/www.luleey.com\/de\/wp-json\/wp\/v2\/comments?post=14584"}],"wp:featuredmedia":[{"embeddable":true,"href":"https:\/\/www.luleey.com\/de\/wp-json\/wp\/v2\/media\/14586"}],"wp:attachment":[{"href":"https:\/\/www.luleey.com\/de\/wp-json\/wp\/v2\/media?parent=14584"}],"wp:term":[{"taxonomy":"product_brand","embeddable":true,"href":"https:\/\/www.luleey.com\/de\/wp-json\/wp\/v2\/product_brand?post=14584"},{"taxonomy":"product_cat","embeddable":true,"href":"https:\/\/www.luleey.com\/de\/wp-json\/wp\/v2\/product_cat?post=14584"},{"taxonomy":"product_tag","embeddable":true,"href":"https:\/\/www.luleey.com\/de\/wp-json\/wp\/v2\/product_tag?post=14584"}],"curies":[{"name":"wp","href":"https:\/\/api.w.org\/{rel}","templated":true}]}}