{"id":14650,"date":"2024-08-18T00:02:46","date_gmt":"2024-08-17T16:02:46","guid":{"rendered":"https:\/\/www.luleey.com\/?post_type=product&#038;p=14650"},"modified":"2024-08-18T00:05:39","modified_gmt":"2024-08-17T16:05:39","slug":"5pcs-l925b-universal-fiber-optic-cold-splices","status":"publish","type":"product","link":"https:\/\/www.luleey.com\/de\/produkt-2\/5pcs-l925b-universal-fiber-optic-cold-splices\/","title":{"rendered":"5St\u00fcck L925B Universal-Glasfaser-Kaltverbindungsst\u00fccke"},"content":{"rendered":"<h3>Eigenschaften<\/h3>\n<ol>\n<li>gro\u00dfartiges Design, hohe Pr\u00e4zision des Glasfasersto\u00dfes, hervorragende technische Indikatoren.<\/li>\n<li>die Kernstruktur: die Box-Struktur-Design, gute Abdichtung Leistung, passende Fl\u00fcssigkeit ist nicht leicht zu verlieren, ist wetterfest stark.<\/li>\n<li>verwendbares optisches Kabel: geeignet f\u00fcr jede Kombination von 0,25 mm Glasfaser und 0,9 mm Glasfaser.<\/li>\n<li>einfache Bedienung, schnelle Baugeschwindigkeit, hohe Erfolgsquote bei der Installation, lange Lebensdauer, einfache und bequeme sp\u00e4tere Wartung.<\/li>\n<li>Anwendung: f\u00fcr FTTH-Technik und die Reparatur von Glasfaserkabeln.<\/li>\n<\/ol>\n<h3>Spezifikation<\/h3>\n<table width=\"598\">\n<tbody>\n<tr>\n<td width=\"211\">Markenname<\/td>\n<td width=\"387\">LuLeey<\/td>\n<\/tr>\n<tr>\n<td width=\"211\">Herkunft<\/td>\n<td width=\"387\">Festland China<\/td>\n<\/tr>\n<tr>\n<td>Produktname<\/td>\n<td width=\"387\">L925B Universal-Glasfaser-Kaltverschwei\u00dfung<\/td>\n<\/tr>\n<tr>\n<td>Einsatzbereich<\/td>\n<td>\u00a00,25mm\/0,90mm<\/td>\n<\/tr>\n<tr>\n<td>Faserdurchmesser<\/td>\n<td>125\u03bcm(657A&amp;657B)<\/td>\n<\/tr>\n<tr>\n<td>Kompakter Durchmesser<\/td>\n<td>\u00a0250\u03bcm&amp;900\u03bcm<\/td>\n<\/tr>\n<tr>\n<td>Anwendbares Modell<\/td>\n<td>\u00a0Einzelmodus und Multimodus<\/td>\n<\/tr>\n<tr>\n<td>Einf\u00fcgungsd\u00e4mpfung<\/td>\n<td>\u00a0\u22640.10dB<\/td>\n<\/tr>\n<tr>\n<td>R\u00fcckflussd\u00e4mpfung<\/td>\n<td>\u00a0\u2264-40dB<\/td>\n<\/tr>\n<tr>\n<td>Spannkraft der blanken Faser<\/td>\n<td>\uff1e5N<\/td>\n<\/tr>\n<tr>\n<td>Straffe Wickelkraft<\/td>\n<td>\u00a0\uff1e8N<\/td>\n<\/tr>\n<tr>\n<td>Temperatur verwenden<\/td>\n<td>\u00a0-40~75\u2103<\/td>\n<\/tr>\n<\/tbody>\n<\/table>","protected":false},"excerpt":{"rendered":"<p><span class=\"a-list-item\">\u3010Feature\u3011L925B Universal Fiber Optic Cold Splices, Keramikkern, Einf\u00fcged\u00e4mpfung: 50dB. Hohe Wiederholbarkeit, Einf\u00fcgung und Extraktion (&gt;10 mal).<\/span><\/p>\n<p><span class=\"a-list-item\">\u3010Easy to install\u3011inklusive Faserf\u00fchrungsmechanismus, bequemer zu tragen Faser. Das Paket enth\u00e4lt eine Installationsanleitung.<\/span><\/p>\n<p><span class=\"a-list-item\">\u3010Material\u3011Hergestellt aus hochleistungsf\u00e4higen Materialien, langlebiger, widerstandsf\u00e4hig gegen hohe Temperaturen und St\u00fcrze.<\/span><\/p>\n<p><span class=\"a-list-item\">\u3010Anwendung\u3011Geeignet f\u00fcr 0.25mm Bare Fiber oder 0.9mm Pigtail.<\/span><\/p>","protected":false},"featured_media":14651,"comment_status":"open","ping_status":"closed","template":"","meta":[],"product_brand":[],"product_cat":[368],"product_tag":[427],"class_list":{"0":"post-14650","1":"product","2":"type-product","3":"status-publish","4":"has-post-thumbnail","6":"product_cat-quick-connector-and-connector-panel","7":"product_tag-l925b","9":"first","10":"instock","11":"shipping-taxable","12":"purchasable","13":"product-type-simple"},"_links":{"self":[{"href":"https:\/\/www.luleey.com\/de\/wp-json\/wp\/v2\/product\/14650","targetHints":{"allow":["GET"]}}],"collection":[{"href":"https:\/\/www.luleey.com\/de\/wp-json\/wp\/v2\/product"}],"about":[{"href":"https:\/\/www.luleey.com\/de\/wp-json\/wp\/v2\/types\/product"}],"replies":[{"embeddable":true,"href":"https:\/\/www.luleey.com\/de\/wp-json\/wp\/v2\/comments?post=14650"}],"wp:featuredmedia":[{"embeddable":true,"href":"https:\/\/www.luleey.com\/de\/wp-json\/wp\/v2\/media\/14651"}],"wp:attachment":[{"href":"https:\/\/www.luleey.com\/de\/wp-json\/wp\/v2\/media?parent=14650"}],"wp:term":[{"taxonomy":"product_brand","embeddable":true,"href":"https:\/\/www.luleey.com\/de\/wp-json\/wp\/v2\/product_brand?post=14650"},{"taxonomy":"product_cat","embeddable":true,"href":"https:\/\/www.luleey.com\/de\/wp-json\/wp\/v2\/product_cat?post=14650"},{"taxonomy":"product_tag","embeddable":true,"href":"https:\/\/www.luleey.com\/de\/wp-json\/wp\/v2\/product_tag?post=14650"}],"curies":[{"name":"wp","href":"https:\/\/api.w.org\/{rel}","templated":true}]}}