{"id":14657,"date":"2024-08-18T00:20:36","date_gmt":"2024-08-17T16:20:36","guid":{"rendered":"https:\/\/www.luleey.com\/?post_type=product&#038;p=14657"},"modified":"2024-08-18T00:35:25","modified_gmt":"2024-08-17T16:35:25","slug":"5pcs-l925bp-optical-fiber-cold-connector","status":"publish","type":"product","link":"https:\/\/www.luleey.com\/de\/produkt-2\/5pcs-l925bp-optical-fiber-cold-connector\/","title":{"rendered":"5 St. L925BP Kaltger\u00e4testecker f\u00fcr optische Fasern\u00a0"},"content":{"rendered":"<h3>Eigenschaften<\/h3>\n<ol>\n<li>gro\u00dfartiges Design, hohe Pr\u00e4zision des Glasfasersto\u00dfes, hervorragende technische Indikatoren.<\/li>\n<li>die Kernstruktur: die Box-Struktur-Design, gute Abdichtung Leistung, passende Fl\u00fcssigkeit ist nicht leicht zu verlieren, ist wetterfest stark.<\/li>\n<li>verwendbares optisches Kabel: geeignet f\u00fcr jede Kombination von 0,25 mm Glasfaser und 0,9 mm Glasfaser.<\/li>\n<li>einfache Bedienung, schnelle Baugeschwindigkeit, hohe Erfolgsquote bei der Installation, lange Lebensdauer, einfache und bequeme sp\u00e4tere Wartung.<\/li>\n<li>Anwendung: f\u00fcr FTTH-Technik und die Reparatur von Glasfaserkabeln.<\/li>\n<\/ol>\n<h3>Spezifikation<\/h3>\n<table width=\"598\">\n<tbody>\n<tr>\n<td width=\"211\">Markenname<\/td>\n<td width=\"387\">LuLeey<\/td>\n<\/tr>\n<tr>\n<td width=\"211\">Herkunft<\/td>\n<td width=\"387\">Festland China<\/td>\n<\/tr>\n<tr>\n<td>Produktname<\/td>\n<td>L925BP Kaltger\u00e4testecker f\u00fcr optische Fasern<\/td>\n<\/tr>\n<tr>\n<td>ANWENDUNGSBEREICH<\/td>\n<td>\u00a0250\u03bcm&amp;900\u03bcm<\/td>\n<\/tr>\n<tr>\n<td>Anwendbares Modell<\/td>\n<td>\u00a0Einzelmodus\/Multimodus<\/td>\n<\/tr>\n<tr>\n<td>Einsatzbereich<\/td>\n<td>125\u03bcm(657A&amp;657B)<\/td>\n<\/tr>\n<tr>\n<td>Einf\u00fcgungsd\u00e4mpfung<\/td>\n<td>\u00a0\u22640,10ddB<\/td>\n<\/tr>\n<tr>\n<td>R\u00fcckflussd\u00e4mpfung<\/td>\n<td>\u00a0\u2265-40dB<\/td>\n<\/tr>\n<tr>\n<td>Temperatur verwenden<\/td>\n<td>\u00a0-40-75\u00b0 C<\/td>\n<\/tr>\n<\/tbody>\n<\/table>","protected":false},"excerpt":{"rendered":"<p><span class=\"a-list-item\">\u3010Attention\u3011Before buying and using this L925BP fiber optic cold splice, you need to have professional tools: fiber optic stripping pliers, length setter, fiber optic cutter. Es wird empfohlen, die Arbeitsschritte sorgf\u00e4ltig zu verstehen.<\/span><\/p>\n<p><span class=\"a-list-item\">\u3010Fiber Optic Splice\u3011L925BP einadriger Glasfaser-Schnellsplei\u00dfstecker.Verl\u00e4ngern oder reparieren Sie zwei 125\u03bcm Singlemode- oder Multimode-Glasfasern durch Andocken im Kalt-Splei\u00dfverfahren (z.B. 9\/125\u03bcm, 50\/125\u03bcm, 62,5\/125\u03bcm). Geeignet f\u00fcr Kabelau\u00dfendurchmesser \u2264 \u03a62mm.<\/span><\/p>\n<p><span class=\"a-list-item\">\u3010Low Loss\u3011125\u03bcm Allzweck-Glasfaser-Kaltsplei\u00df. Stabile Leistung, geringe Einf\u00fcgungsd\u00e4mpfung. Einf\u00fcgungsd\u00e4mpfung: \u22640.10dB, R\u00fcckflussd\u00e4mpfung: \u2264-40dB.<\/span><\/p>\n<p><span class=\"a-list-item\">\u3010G\u00fcnstig und wiederverwendbar\u3011L925BP Nacktfaser-Schnellsplei\u00dfverbinder. Geeignet f\u00fcr alle Arten von kalten Splei\u00dfen Umgebung der optischen Faser, keine Fusion Splei\u00dfer, einfache und schnelle Bedienung, niedrige Splei\u00dfen Kosten und wiederverwendbar.<\/span><\/p>\n<p><span class=\"a-list-item\">\u3010Schnelle Installation\u3011125\u03bcm einzelne blanke Faser Schnellsplei\u00dfverbinder. Der Sockel ist mit einem Faserf\u00fchrungsmechanismus ausgestattet, der ein schnelles und einfaches Einf\u00fchren der blanken Faser erm\u00f6glicht. Das Kabel kann an beiden Enden geklemmt werden, um die Installation zu erleichtern, und die obere Abdeckung kann gesch\u00fctzt werden.<\/span><\/p>","protected":false},"featured_media":14658,"comment_status":"open","ping_status":"closed","template":"","meta":[],"product_brand":[],"product_cat":[368],"product_tag":[428],"class_list":{"0":"post-14657","1":"product","2":"type-product","3":"status-publish","4":"has-post-thumbnail","6":"product_cat-quick-connector-and-connector-panel","7":"product_tag-l925bp","9":"first","10":"instock","11":"shipping-taxable","12":"purchasable","13":"product-type-simple"},"_links":{"self":[{"href":"https:\/\/www.luleey.com\/de\/wp-json\/wp\/v2\/product\/14657","targetHints":{"allow":["GET"]}}],"collection":[{"href":"https:\/\/www.luleey.com\/de\/wp-json\/wp\/v2\/product"}],"about":[{"href":"https:\/\/www.luleey.com\/de\/wp-json\/wp\/v2\/types\/product"}],"replies":[{"embeddable":true,"href":"https:\/\/www.luleey.com\/de\/wp-json\/wp\/v2\/comments?post=14657"}],"wp:featuredmedia":[{"embeddable":true,"href":"https:\/\/www.luleey.com\/de\/wp-json\/wp\/v2\/media\/14658"}],"wp:attachment":[{"href":"https:\/\/www.luleey.com\/de\/wp-json\/wp\/v2\/media?parent=14657"}],"wp:term":[{"taxonomy":"product_brand","embeddable":true,"href":"https:\/\/www.luleey.com\/de\/wp-json\/wp\/v2\/product_brand?post=14657"},{"taxonomy":"product_cat","embeddable":true,"href":"https:\/\/www.luleey.com\/de\/wp-json\/wp\/v2\/product_cat?post=14657"},{"taxonomy":"product_tag","embeddable":true,"href":"https:\/\/www.luleey.com\/de\/wp-json\/wp\/v2\/product_tag?post=14657"}],"curies":[{"name":"wp","href":"https:\/\/api.w.org\/{rel}","templated":true}]}}