{"id":14665,"date":"2024-08-18T21:29:31","date_gmt":"2024-08-18T13:29:31","guid":{"rendered":"https:\/\/www.luleey.com\/?post_type=product&#038;p=14665"},"modified":"2024-08-18T21:34:15","modified_gmt":"2024-08-18T13:34:15","slug":"s09-high-precision-optical-fiber-cleaver","status":"publish","type":"product","link":"https:\/\/www.luleey.com\/de\/produkt-2\/s09-high-precision-optical-fiber-cleaver\/","title":{"rendered":"S09 Hochpr\u00e4ziser Lichtwellenleiter-Spalter"},"content":{"rendered":"<h3>Eigenschaften<\/h3>\n<ol>\n<li><span class=\"a-text-bold\">Der Tools S09 Precision Fiber Cleaver ist f\u00fcr die pr\u00e4zise Spaltung und Vorbereitung von Fasern f\u00fcr das Splei\u00dfen von 250 \u00b5m, 900 \u00b5m und 3,0 mm beschichteten Fasern konzipiert.<\/span><\/li>\n<li><span class=\"a-text-bold\">Mit eingebautem Faserbeh\u00e4lter<\/span><\/li>\n<li><span class=\"a-text-bold\">Lange Lebensdauer von 48.000 Schnitten mit 16 Positionsmessern<\/span><\/li>\n<li><span class=\"a-text-bold\">Skalenhalter f\u00fcr pr\u00e4zise Schnittl\u00e4ngen von 8 bis 20 mm (0,31\u2033 bis 0,78\u2033)<\/span><\/li>\n<li><span class=\"a-text-bold\">Bietet einen Spaltwinkel von weniger als 0,5\u00b0 f\u00fcr eine optimale Vorbereitung der Faser zum Splei\u00dfen<\/span><\/li>\n<li><span class=\"a-text-bold\">Leichtes und robustes Design f\u00fcr lange Haltbarkeit<\/span><\/li>\n<\/ol>\n<h3>Spezifikation<\/h3>\n<table width=\"598\">\n<tbody>\n<tr>\n<td width=\"211\">Markenname<\/td>\n<td width=\"387\">LuLeey<\/td>\n<\/tr>\n<tr>\n<td width=\"211\">Herkunft<\/td>\n<td width=\"387\">Festland China<\/td>\n<\/tr>\n<tr>\n<td>Produktname<\/td>\n<td width=\"387\">S09 Hochpr\u00e4ziser Lichtwellenleiter-Spalter<\/td>\n<\/tr>\n<tr>\n<td>Material<\/td>\n<td>Magnesiumlegierung<\/td>\n<\/tr>\n<tr>\n<td>Farbe<\/td>\n<td>Gold<\/td>\n<\/tr>\n<tr>\n<td>Produkt Abmessungen<\/td>\n<td>60*59*51mm<\/td>\n<\/tr>\n<tr>\n<td>Durchmesser der Ummantelung<\/td>\n<td>80-150\u03bcm<\/td>\n<\/tr>\n<tr>\n<td>Schnittl\u00e4nge<\/td>\n<td>Einadrige Faser 8-20mm<\/td>\n<\/tr>\n<tr>\n<td>Geeignet f\u00fcr Glasfaserkabel<\/td>\n<td>Einadrige Faser 250\u03bcm, 900\u03bcm, 3,0mm, Innenlederkabel<\/td>\n<\/tr>\n<tr>\n<td>Artikel Gewicht<\/td>\n<td>0,3kg<\/td>\n<\/tr>\n<tr>\n<td>Lebensdauer der Klinge<\/td>\n<td>3000*16;Schneiden 1000 Mal, um die H\u00f6he einmal einzustellen, kann jede Skala 3 mal die H\u00f6he, insgesamt 16 Skalen eingestellt werden.<\/td>\n<\/tr>\n<tr>\n<td>Automatischer R\u00fccklauf der Klinge:<\/td>\n<td>Ja<\/td>\n<\/tr>\n<tr>\n<td>Durchschnittlicher Spaltwinkel<\/td>\n<td>\uff1c0.5\u00b0<\/td>\n<\/tr>\n<tr>\n<td>Anti-Rutsch-Gummimatten<\/td>\n<td>Unterst\u00fctzung<\/td>\n<\/tr>\n<tr>\n<td>Sechskant-Steckschl\u00fcssel<\/td>\n<td>Eingeschlossen<\/td>\n<\/tr>\n<tr>\n<td>Waste Fiber Box<\/td>\n<td>Eingeschlossen<\/td>\n<\/tr>\n<tr>\n<td>Schutzh\u00fclle<\/td>\n<td>Eingeschlossen<\/td>\n<\/tr>\n<\/tbody>\n<\/table>","protected":false},"excerpt":{"rendered":"<ul>\n<li><span class=\"a-list-item\">Pr\u00e4zises Schneiden: Erm\u00f6glicht einen Spalt mit einem Schnittwinkel von weniger als 0,5\u00b0 f\u00fcr eine optimale Vorbereitung der Fasern f\u00fcr das Schmelzsplei\u00dfen.<\/span><\/li>\n<li><span class=\"a-list-item\">Eingebauter Faserhalter: Der Faserspalter kann 250\u00b5m, 900\u00b5m und 3,0mm Einzelfasern mit einer ablesbaren Skala f\u00fcr genaue Spaltl\u00e4ngen von 5 bis 25mm aufnehmen.<\/span><\/li>\n<li><span class=\"a-list-item\">Vielseitig einsetzbar: Ideal f\u00fcr Splei\u00dfanwendungen vor Ort, Splei\u00dfwagen, Laboratorien, Fasertechniker, Fasersplei\u00dfer und alle, die ein Glasfaserkabel vor der Durchf\u00fchrung eines Fusionssplei\u00dfes spalten m\u00fcssen.<\/span><\/li>\n<li><span class=\"a-list-item\">Langlebigkeit: Leichtes und robustes Design erh\u00f6ht die Haltbarkeit. Auch einfach zu demontieren und zu bedienen, so dass die Klinge leicht ausgetauscht werden kann.<\/span><\/li>\n<li><span class=\"a-list-item\">Lebensdauer der Klinge: 48000 mal (3000*16) .<\/span><\/li>\n<\/ul>","protected":false},"featured_media":14668,"comment_status":"open","ping_status":"closed","template":"","meta":[],"product_brand":[],"product_cat":[357],"product_tag":[431,432],"class_list":{"0":"post-14665","1":"product","2":"type-product","3":"status-publish","4":"has-post-thumbnail","6":"product_cat-fiber-cleavers-and-fiber-strippers","7":"product_tag-optical-fiber-cleaver","8":"product_tag-s09","10":"first","11":"instock","12":"shipping-taxable","13":"purchasable","14":"product-type-variable"},"_links":{"self":[{"href":"https:\/\/www.luleey.com\/de\/wp-json\/wp\/v2\/product\/14665","targetHints":{"allow":["GET"]}}],"collection":[{"href":"https:\/\/www.luleey.com\/de\/wp-json\/wp\/v2\/product"}],"about":[{"href":"https:\/\/www.luleey.com\/de\/wp-json\/wp\/v2\/types\/product"}],"replies":[{"embeddable":true,"href":"https:\/\/www.luleey.com\/de\/wp-json\/wp\/v2\/comments?post=14665"}],"wp:featuredmedia":[{"embeddable":true,"href":"https:\/\/www.luleey.com\/de\/wp-json\/wp\/v2\/media\/14668"}],"wp:attachment":[{"href":"https:\/\/www.luleey.com\/de\/wp-json\/wp\/v2\/media?parent=14665"}],"wp:term":[{"taxonomy":"product_brand","embeddable":true,"href":"https:\/\/www.luleey.com\/de\/wp-json\/wp\/v2\/product_brand?post=14665"},{"taxonomy":"product_cat","embeddable":true,"href":"https:\/\/www.luleey.com\/de\/wp-json\/wp\/v2\/product_cat?post=14665"},{"taxonomy":"product_tag","embeddable":true,"href":"https:\/\/www.luleey.com\/de\/wp-json\/wp\/v2\/product_tag?post=14665"}],"curies":[{"name":"wp","href":"https:\/\/api.w.org\/{rel}","templated":true}]}}