{"id":14676,"date":"2024-08-18T21:55:40","date_gmt":"2024-08-18T13:55:40","guid":{"rendered":"https:\/\/www.luleey.com\/?post_type=product&#038;p=14676"},"modified":"2025-02-18T10:42:59","modified_gmt":"2025-02-18T02:42:59","slug":"original-fusion-splicer-electrodes-for-ai-6a-6cai-7-7s-7c-7vai-8-8cai-s9ai-10a","status":"publish","type":"product","link":"https:\/\/www.luleey.com\/de\/produkt-2\/original-fusion-splicer-electrodes-for-ai-6a-6cai-7-7s-7c-7vai-8-8cai-s9ai-10a\/","title":{"rendered":"Original Fusionssplei\u00dfer-Elektroden f\u00fcr AI-6A\/6C, AI-7\/7S\/7C\/7V, AI-8\/8C, AI-S9, AI-10A"},"content":{"rendered":"<h3>Eigenschaften<\/h3>\n<ol>\n<li class=\"a-spacing-base\"><span class=\"a-text-bold\">Ersatz-Fusionssplei\u00dfer-Elektroden f\u00fcr AI-6A\/6C, AI-7\/7S\/7C\/7V, AI-8\/8C, AI-S9, AI-10A Fasersplei\u00dfer<\/span><\/li>\n<li class=\"a-spacing-base\"><span class=\"a-text-bold\">Jede Elektrode wird so hergestellt, dass sie die f\u00fcr die Glasfaserindustrie erforderlichen Spezifikationen \u00fcbertrifft.<\/span><\/li>\n<li class=\"a-spacing-base\"><span class=\"a-text-bold\">Fusionssplei\u00dfer-Elektroden k\u00f6nnen die Produktivit\u00e4t erh\u00f6hen, indem sie die Nacharbeit begrenzen.<\/span><\/li>\n<li class=\"a-spacing-base\"><span class=\"a-text-bold\">Langlebige Elektroden f\u00fcr 3000 Splei\u00dfe.<\/span><\/li>\n<li class=\"a-spacing-base\"><span class=\"a-text-bold\">Kleine Gr\u00f6\u00dfe, die leicht zu tragen und zu lagern ist.<\/span><\/li>\n<li class=\"a-spacing-base\"><span class=\"a-text-bold\">Einfach zu installieren, achten Sie darauf, die Spitze wird Ihre H\u00e4nde w\u00e4hrend der Installation verletzt.<\/span><\/li>\n<\/ol>\n<p>Wartung: Verwenden Sie eine Rasierklinge, um den Kohlenstoff vorsichtig von den Elektroden abzukratzen.<\/p>\n<h3>Spezifikation<\/h3>\n<table width=\"598\">\n<tbody>\n<tr>\n<td width=\"211\">Markenname<\/td>\n<td width=\"387\">LuLeey<\/td>\n<\/tr>\n<tr>\n<td width=\"211\">Herkunft<\/td>\n<td width=\"387\">Festland China<\/td>\n<\/tr>\n<tr>\n<td width=\"211\">Produktname<\/td>\n<td width=\"387\">Fusionssplei\u00dfer-Elektroden f\u00fcr AI-6A\/6C, AI-7\/7S\/7C\/7V, AI-8\/8C, AI-S9, AI-10A<\/td>\n<\/tr>\n<tr>\n<td width=\"211\">Material<\/td>\n<td width=\"387\">Wolframstahl<\/td>\n<\/tr>\n<tr>\n<td width=\"211\">Verwendung<\/td>\n<td width=\"387\">etwa 3000 Mal<\/td>\n<\/tr>\n<tr>\n<td>Anzahl der Artikel<\/td>\n<td>1 Paar<\/td>\n<\/tr>\n<\/tbody>\n<\/table>","protected":false},"excerpt":{"rendered":"<ul>\n<li class=\"a-spacing-mini\"><span class=\"a-list-item\">Langlebige Elektroden f\u00fcr 3000 Splei\u00dfe.<\/span><\/li>\n<li class=\"a-spacing-mini\"><span class=\"a-list-item\">Jede Elektrode wird so hergestellt, dass sie die f\u00fcr die Glasfaserindustrie erforderlichen Spezifikationen \u00fcbertrifft.<\/span><\/li>\n<li class=\"a-spacing-mini\"><span class=\"a-list-item\">Fusionssplei\u00dfer-Elektroden k\u00f6nnen die Produktivit\u00e4t erh\u00f6hen, indem sie die Nacharbeit begrenzen.<\/span><\/li>\n<li class=\"a-spacing-mini\"><span class=\"a-list-item\">Einfach zu installieren, achten Sie darauf, die Spitze wird Ihre H\u00e4nde w\u00e4hrend der Installation verletzt.<\/span><\/li>\n<li class=\"a-spacing-mini\"><span class=\"a-list-item\">Perfekte Wahl f\u00fcr Ihren t\u00e4glichen Gebrauch. Elektroden f\u00fcr Fusionssplei\u00dfger\u00e4te Elektroden f\u00fcr AI-6A\/6C, AI-7\/7S\/7C\/7V, AI-8\/8C, AI-S9, AI-10A Fusionssplei\u00dfger\u00e4te (ein Paar)<\/span><\/li>\n<li><\/li>\n<\/ul>","protected":false},"featured_media":14678,"comment_status":"open","ping_status":"closed","template":"","meta":[],"product_brand":[],"product_cat":[790],"product_tag":[438,435,434,436,433],"class_list":{"0":"post-14676","1":"product","2":"type-product","3":"status-publish","4":"has-post-thumbnail","6":"product_cat-fiber-optic-fusion-splicer","7":"product_tag-ai-10a","8":"product_tag-ai-7c","9":"product_tag-ai-8c","10":"product_tag-ai-s9","11":"product_tag-fusion-splicer-electrodes","13":"first","14":"instock","15":"shipping-taxable","16":"purchasable","17":"product-type-simple"},"_links":{"self":[{"href":"https:\/\/www.luleey.com\/de\/wp-json\/wp\/v2\/product\/14676","targetHints":{"allow":["GET"]}}],"collection":[{"href":"https:\/\/www.luleey.com\/de\/wp-json\/wp\/v2\/product"}],"about":[{"href":"https:\/\/www.luleey.com\/de\/wp-json\/wp\/v2\/types\/product"}],"replies":[{"embeddable":true,"href":"https:\/\/www.luleey.com\/de\/wp-json\/wp\/v2\/comments?post=14676"}],"wp:featuredmedia":[{"embeddable":true,"href":"https:\/\/www.luleey.com\/de\/wp-json\/wp\/v2\/media\/14678"}],"wp:attachment":[{"href":"https:\/\/www.luleey.com\/de\/wp-json\/wp\/v2\/media?parent=14676"}],"wp:term":[{"taxonomy":"product_brand","embeddable":true,"href":"https:\/\/www.luleey.com\/de\/wp-json\/wp\/v2\/product_brand?post=14676"},{"taxonomy":"product_cat","embeddable":true,"href":"https:\/\/www.luleey.com\/de\/wp-json\/wp\/v2\/product_cat?post=14676"},{"taxonomy":"product_tag","embeddable":true,"href":"https:\/\/www.luleey.com\/de\/wp-json\/wp\/v2\/product_tag?post=14676"}],"curies":[{"name":"wp","href":"https:\/\/api.w.org\/{rel}","templated":true}]}}