{"id":14738,"date":"2024-08-25T21:15:32","date_gmt":"2024-08-25T13:15:32","guid":{"rendered":"https:\/\/www.luleey.com\/?post_type=product&#038;p=14738"},"modified":"2025-06-19T22:25:31","modified_gmt":"2025-06-19T14:25:31","slug":"fttr-indoor-transparent-fiber-optic-cable","status":"publish","type":"product","link":"https:\/\/www.luleey.com\/de\/produkt-2\/fttr-indoor-transparent-fiber-optic-cable\/","title":{"rendered":"FTTR Transparentes Glasfaserkabel f\u00fcr den Innenbereich, G657A2"},"content":{"rendered":"<h3>Eigenschaften<\/h3>\n<ol class=\"a-unordered-list a-vertical\">\n<li>Geringe Einf\u00fcgungsd\u00e4mpfung f\u00fcr Klasse-A-Eins\u00e4tze<\/li>\n<li>Schnellere und stabilere \u00dcbertragung mit Eins\u00e4tzen der Klasse A<\/li>\n<li>Transparent und farblos, sch\u00f6n und leicht zu verstecken<\/li>\n<li>Glasfaserkabel sind robust und biegefest<\/li>\n<\/ol>\n<h3>Spezifikation<\/h3>\n<table width=\"598\">\n<tbody>\n<tr>\n<td width=\"211\">Markenname<\/td>\n<td width=\"387\">LuLeey<\/td>\n<\/tr>\n<tr>\n<td width=\"211\">Herkunft<\/td>\n<td width=\"387\">Festland China<\/td>\n<\/tr>\n<tr>\n<td>Produktname<\/td>\n<td width=\"387\">FTTR Transparentes Lichtwellenleiterkabel f\u00fcr den Innenbereich<\/td>\n<\/tr>\n<tr>\n<td>Material<\/td>\n<td>G657.A2<\/td>\n<\/tr>\n<tr>\n<td>Farbe<\/td>\n<td>keine Farbe<\/td>\n<\/tr>\n<tr>\n<td>Produkt Abmessungen<\/td>\n<td>0,9 mm<\/td>\n<\/tr>\n<tr>\n<td>Anschluss<\/td>\n<td>SCAPC SCUPC FCAPC LCUPC kopflos<\/td>\n<\/tr>\n<tr>\n<td>L\u00e4nge des Kabels<\/td>\n<td>1m-2km<\/td>\n<\/tr>\n<tr>\n<td>Einf\u00fcgungsd\u00e4mpfung<\/td>\n<td>\u2264 0,3dB<\/td>\n<\/tr>\n<\/tbody>\n<\/table>","protected":false},"excerpt":{"rendered":"<ul>\n<li>FTTR Transparentes Lichtwellenleiterkabel f\u00fcr den Innenbereich Transparent Keine Farbe.<\/li>\n<li>Glasfaserkabel f\u00fcr den Innenbereich sind schneller als Netzwerkkabel, verlustarm und unterst\u00fctzen ultralange Distanzen.<\/li>\n<li>G657.A2 Faser, gute Flexibilit\u00e4t.<\/li>\n<\/ul>","protected":false},"featured_media":14819,"comment_status":"open","ping_status":"closed","template":"","meta":[],"product_brand":[],"product_cat":[364],"product_tag":[462,1055,461],"class_list":{"0":"post-14738","1":"product","2":"type-product","3":"status-publish","4":"has-post-thumbnail","6":"product_cat-optic-cables-and-fiber-pigtails","7":"product_tag-fttr","8":"product_tag-g657a2","9":"product_tag-transparent-fiber-optic-cable","11":"first","12":"instock","13":"shipping-taxable","14":"purchasable","15":"product-type-variable"},"_links":{"self":[{"href":"https:\/\/www.luleey.com\/de\/wp-json\/wp\/v2\/product\/14738","targetHints":{"allow":["GET"]}}],"collection":[{"href":"https:\/\/www.luleey.com\/de\/wp-json\/wp\/v2\/product"}],"about":[{"href":"https:\/\/www.luleey.com\/de\/wp-json\/wp\/v2\/types\/product"}],"replies":[{"embeddable":true,"href":"https:\/\/www.luleey.com\/de\/wp-json\/wp\/v2\/comments?post=14738"}],"wp:featuredmedia":[{"embeddable":true,"href":"https:\/\/www.luleey.com\/de\/wp-json\/wp\/v2\/media\/14819"}],"wp:attachment":[{"href":"https:\/\/www.luleey.com\/de\/wp-json\/wp\/v2\/media?parent=14738"}],"wp:term":[{"taxonomy":"product_brand","embeddable":true,"href":"https:\/\/www.luleey.com\/de\/wp-json\/wp\/v2\/product_brand?post=14738"},{"taxonomy":"product_cat","embeddable":true,"href":"https:\/\/www.luleey.com\/de\/wp-json\/wp\/v2\/product_cat?post=14738"},{"taxonomy":"product_tag","embeddable":true,"href":"https:\/\/www.luleey.com\/de\/wp-json\/wp\/v2\/product_tag?post=14738"}],"curies":[{"name":"wp","href":"https:\/\/api.w.org\/{rel}","templated":true}]}}