{"id":14824,"date":"2024-08-26T22:51:44","date_gmt":"2024-08-26T14:51:44","guid":{"rendered":"https:\/\/www.luleey.com\/?post_type=product&#038;p=14824"},"modified":"2024-12-16T09:25:01","modified_gmt":"2024-12-16T01:25:01","slug":"e2000-apc-e2000-apc-flange-coupler","status":"publish","type":"product","link":"https:\/\/www.luleey.com\/de\/produkt-2\/e2000-apc-e2000-apc-flange-coupler\/","title":{"rendered":"E2000 Flanschkupplung SCAPC\/UPC 5St."},"content":{"rendered":"<h3>Eigenschaften<\/h3>\n<ol class=\"a-unordered-list a-vertical\">\n<li class=\"a-spacing-mini\"><span class=\"a-list-item\">Packung mit 5 St\u00fcck E2000-Flanschkupplungen<\/span><\/li>\n<li class=\"a-spacing-mini\"><span class=\"a-list-item\">Plug and Play, <\/span><span class=\"a-list-item\">Einfach zu bedienen<\/span><\/li>\n<li class=\"a-spacing-mini\">Federbelastete Ventilvorrichtung: Die Spannvorrichtung verriegelt vollst\u00e4ndig, wenn der Stecker eingesteckt wird, und das federbelastete Ventil schlie\u00dft sich automatisch, wenn der Stecker herausgezogen wird.<\/li>\n<li class=\"a-spacing-mini\">Stabil und wiederholbar: weit verbreitet in Glasfaserverteilern, optischen Kommunikationsger\u00e4ten usw.<\/li>\n<li class=\"a-spacing-mini\">Geringer Verlust, hohe R\u00fcckflussd\u00e4mpfung: Es kann Schleifenrauschen wirksam unterdr\u00fccken und andere Arten von Signalst\u00f6rungen isolieren.<\/li>\n<\/ol>\n<h3>Spezifikation<\/h3>\n<table width=\"598\">\n<tbody>\n<tr>\n<td width=\"211\">Markenname<\/td>\n<td width=\"387\">LuLeey<\/td>\n<\/tr>\n<tr>\n<td width=\"211\">Herkunft<\/td>\n<td width=\"387\">Festland China<\/td>\n<\/tr>\n<tr>\n<td>Produktname<\/td>\n<td width=\"387\">E2000\/APC-E2000\/APC-Flanschkupplung<\/p>\n<p>E2000\/UPC-E2000\/UPC-Flanschkupplung<\/td>\n<\/tr>\n<tr>\n<td>Farbe<\/td>\n<td>Gr\u00fcn , Blau<\/td>\n<\/tr>\n<tr>\n<td>Anschluss<\/td>\n<td>E2000APC E2000\/UPC<\/td>\n<\/tr>\n<tr>\n<td>Einf\u00fcged\u00e4mpfung<\/td>\n<td>\u2264 0,2dB<\/td>\n<\/tr>\n<tr>\n<td>Wiederverwendungszeiten<\/td>\n<td>\u22651000<\/td>\n<\/tr>\n<tr>\n<td>R\u00fcckflussd\u00e4mpfung<\/td>\n<td>PC&gt;45 dB, UPC&gt;55dB, APC&gt;65dB<\/td>\n<\/tr>\n<tr>\n<td>Arbeits-Wellenl\u00e4nge<\/td>\n<td>\u00a01310nm\/1550nm<\/td>\n<\/tr>\n<tr>\n<td>Arbeitstemperatur<\/td>\n<td>\u00a0-40~+70\u2103<\/td>\n<\/tr>\n<tr>\n<td>Lagertemperatur<\/td>\n<td>\u00a0-40~85\u2103<\/td>\n<\/tr>\n<\/tbody>\n<\/table>","protected":false},"excerpt":{"rendered":"<ul>\n<li>Zirkoniumdioxid-Keramikh\u00fclse f\u00fcr stabile und zuverl\u00e4ssige Leistung<\/li>\n<li>Eingebautes Federventil<\/li>\n<li>Hervorragende Einf\u00fcgungsd\u00e4mpfung und R\u00fcckrolld\u00e4mpfung<\/li>\n<li>E2000 Flanschkupplung 1000-mal wiederverwendbar<\/li>\n<\/ul>","protected":false},"featured_media":14826,"comment_status":"open","ping_status":"closed","template":"","meta":[],"product_brand":[],"product_cat":[787],"product_tag":[472,471],"class_list":{"0":"post-14824","1":"product","2":"type-product","3":"status-publish","4":"has-post-thumbnail","6":"product_cat-fiber-flange-connectors","7":"product_tag-e2000","8":"product_tag-e2000-flange","10":"first","11":"instock","12":"shipping-taxable","13":"purchasable","14":"product-type-variable","15":"has-default-attributes"},"_links":{"self":[{"href":"https:\/\/www.luleey.com\/de\/wp-json\/wp\/v2\/product\/14824","targetHints":{"allow":["GET"]}}],"collection":[{"href":"https:\/\/www.luleey.com\/de\/wp-json\/wp\/v2\/product"}],"about":[{"href":"https:\/\/www.luleey.com\/de\/wp-json\/wp\/v2\/types\/product"}],"replies":[{"embeddable":true,"href":"https:\/\/www.luleey.com\/de\/wp-json\/wp\/v2\/comments?post=14824"}],"wp:featuredmedia":[{"embeddable":true,"href":"https:\/\/www.luleey.com\/de\/wp-json\/wp\/v2\/media\/14826"}],"wp:attachment":[{"href":"https:\/\/www.luleey.com\/de\/wp-json\/wp\/v2\/media?parent=14824"}],"wp:term":[{"taxonomy":"product_brand","embeddable":true,"href":"https:\/\/www.luleey.com\/de\/wp-json\/wp\/v2\/product_brand?post=14824"},{"taxonomy":"product_cat","embeddable":true,"href":"https:\/\/www.luleey.com\/de\/wp-json\/wp\/v2\/product_cat?post=14824"},{"taxonomy":"product_tag","embeddable":true,"href":"https:\/\/www.luleey.com\/de\/wp-json\/wp\/v2\/product_tag?post=14824"}],"curies":[{"name":"wp","href":"https:\/\/api.w.org\/{rel}","templated":true}]}}