{"id":14857,"date":"2024-08-27T23:17:16","date_gmt":"2024-08-27T15:17:16","guid":{"rendered":"https:\/\/www.luleey.com\/?post_type=product&#038;p=14857"},"modified":"2024-10-11T09:04:55","modified_gmt":"2024-10-11T01:04:55","slug":"e2000-adapter-e2000-fc-e2000-lc-e2000-st","status":"publish","type":"product","link":"https:\/\/www.luleey.com\/de\/produkt-2\/e2000-adapter-e2000-fc-e2000-lc-e2000-st\/","title":{"rendered":"E2000-Adapter E2000-FC E2000-LC E2000-ST Konverter"},"content":{"rendered":"<h3>Eigenschaften<\/h3>\n<ol class=\"a-unordered-list a-vertical\">\n<li class=\"a-spacing-mini\">E2000-Adapter mit federbelasteten Ventilen werden beim Einsetzen durch einen Push-Pull-Verschluss vollst\u00e4ndig verriegelt.<\/li>\n<li class=\"a-spacing-mini\">Die hochwertige Ferrule mit geringem Einf\u00fcgungsverlust erm\u00f6glicht den Anschluss der Faser an verschiedene Formen von Adaptern durch eine interne offene H\u00fclse.<\/li>\n<li class=\"a-spacing-mini\">Gute Wiederholbarkeit, dank der einzigartigen mechanischen Struktur des E2000, die den Adapter austauschbar macht, hervorragende Wiederholbarkeit beim Einsetzen und Entfernen, stabile und zuverl\u00e4ssige Leistung.<\/li>\n<\/ol>\n<h3>Spezifikation<\/h3>\n<table style=\"width: 100%; height: 477px;\" width=\"598\">\n<tbody>\n<tr style=\"height: 53px;\">\n<td style=\"height: 53px; width: 35.2211%;\" width=\"211\">Markenname<\/td>\n<td style=\"height: 53px; width: 64.7013%;\" width=\"387\">LuLeey<\/td>\n<\/tr>\n<tr style=\"height: 53px;\">\n<td style=\"height: 53px; width: 35.2211%;\" width=\"211\">Herkunft<\/td>\n<td style=\"height: 53px; width: 64.7013%;\" width=\"387\">Festland China<\/td>\n<\/tr>\n<tr style=\"height: 53px;\">\n<td style=\"height: 53px; width: 35.2211%;\">Produktname<\/td>\n<td style=\"height: 53px; width: 64.7013%;\" width=\"387\">E2000-Adapter E2000-FC E2000-LC E2000-ST<\/td>\n<\/tr>\n<tr style=\"height: 53px;\">\n<td style=\"height: 53px; width: 35.2211%;\">Einf\u00fcgungsd\u00e4mpfung<\/td>\n<td style=\"height: 53px; width: 64.7013%;\">\u00a0\u22640,2dB<\/td>\n<\/tr>\n<tr style=\"height: 53px;\">\n<td style=\"height: 53px; width: 35.2211%;\">R\u00fcckflussd\u00e4mpfung<\/td>\n<td style=\"height: 53px; width: 64.7013%;\">\u00a0UPC\u226550dB, APC\u226560dB<\/td>\n<\/tr>\n<tr style=\"height: 53px;\">\n<td style=\"height: 53px; width: 35.2211%;\">Arbeits-Wellenl\u00e4nge<\/td>\n<td style=\"width: 64.7013%;\">\u00a01310nm\/1550nm<\/td>\n<\/tr>\n<tr style=\"height: 53px;\">\n<td style=\"height: 53px; width: 35.2211%;\">Arbeitstemperatur<\/td>\n<td style=\"height: 53px; width: 64.7013%;\">\u00a0-40~75\u2103.<\/td>\n<\/tr>\n<tr>\n<td style=\"width: 35.2211%;\">Lagertemperatur<\/td>\n<td style=\"width: 64.7013%;\">-40~85\u2103<\/td>\n<\/tr>\n<tr style=\"height: 53px;\">\n<td style=\"height: 53px; width: 35.2211%;\">Multiplexing-Zeiten<\/td>\n<td style=\"height: 53px; width: 64.7013%;\">\u00a0\u22651000<\/td>\n<\/tr>\n<tr style=\"height: 53px;\">\n<td style=\"height: 53px; width: 35.2211%;\">Reproduzierbarkeit<\/td>\n<td style=\"height: 53px; width: 64.7013%;\">\u00a00,1dB max<\/td>\n<\/tr>\n<\/tbody>\n<\/table>","protected":false},"excerpt":{"rendered":"<ul class=\"a-unordered-list a-vertical\">\n<li class=\"a-spacing-mini\">E2000 Adapter hat Pr\u00e4zisionsanschluss mit Muffe<\/li>\n<li class=\"a-spacing-mini\">Geringe Einf\u00fcgungsd\u00e4mpfung, hohe R\u00fcckflussd\u00e4mpfung<\/li>\n<li>Anwendung: Telekommunikationsnetz, Ethernet-Netz, optische Kommunikationsger\u00e4te<\/li>\n<\/ul>","protected":false},"featured_media":14858,"comment_status":"open","ping_status":"closed","template":"","meta":[],"product_brand":[],"product_cat":[365],"product_tag":[473],"class_list":{"0":"post-14857","1":"product","2":"type-product","3":"status-publish","4":"has-post-thumbnail","6":"product_cat-optical-adapters-and-flange-connectors-and-attenuator","7":"product_tag-e2000-adapter","9":"first","10":"instock","11":"shipping-taxable","12":"purchasable","13":"product-type-variable"},"_links":{"self":[{"href":"https:\/\/www.luleey.com\/de\/wp-json\/wp\/v2\/product\/14857","targetHints":{"allow":["GET"]}}],"collection":[{"href":"https:\/\/www.luleey.com\/de\/wp-json\/wp\/v2\/product"}],"about":[{"href":"https:\/\/www.luleey.com\/de\/wp-json\/wp\/v2\/types\/product"}],"replies":[{"embeddable":true,"href":"https:\/\/www.luleey.com\/de\/wp-json\/wp\/v2\/comments?post=14857"}],"wp:featuredmedia":[{"embeddable":true,"href":"https:\/\/www.luleey.com\/de\/wp-json\/wp\/v2\/media\/14858"}],"wp:attachment":[{"href":"https:\/\/www.luleey.com\/de\/wp-json\/wp\/v2\/media?parent=14857"}],"wp:term":[{"taxonomy":"product_brand","embeddable":true,"href":"https:\/\/www.luleey.com\/de\/wp-json\/wp\/v2\/product_brand?post=14857"},{"taxonomy":"product_cat","embeddable":true,"href":"https:\/\/www.luleey.com\/de\/wp-json\/wp\/v2\/product_cat?post=14857"},{"taxonomy":"product_tag","embeddable":true,"href":"https:\/\/www.luleey.com\/de\/wp-json\/wp\/v2\/product_tag?post=14857"}],"curies":[{"name":"wp","href":"https:\/\/api.w.org\/{rel}","templated":true}]}}