{"id":14871,"date":"2024-08-30T23:40:18","date_gmt":"2024-08-30T15:40:18","guid":{"rendered":"https:\/\/www.luleey.com\/?post_type=product&#038;p=14871"},"modified":"2026-03-28T00:54:24","modified_gmt":"2026-03-27T16:54:24","slug":"sc-apc-fixed-attenuator","status":"publish","type":"product","link":"https:\/\/www.luleey.com\/de\/produkt-2\/sc-apc-fixed-attenuator\/","title":{"rendered":"SC APC Festes D\u00e4mpfungsglied"},"content":{"rendered":"<h4 data-spm-anchor-id=\"a2g0o.detail.1000023.i0.525da32aC35IUk\">Eigenschaften<\/h4>\n<ol>\n<li>Gute Wiederholbarkeit, gute Abriebfestigkeit, gute Temperaturstabilit\u00e4t. Zuverl\u00e4ssigkeit und Leistung, niedrige Einf\u00fcgungsd\u00e4mpfung, durchschnittlicher zus\u00e4tzlicher Verlustwert ist weniger als 0,2dB, hohe R\u00fcckflussd\u00e4mpfung, Einstecken und Ausstecken mal mehr als 1000 mal<\/li>\n<li>Ausreichende Produktionskapazit\u00e4ten, 5S Standardisierung, wissenschaftliches Management unter der Pr\u00e4misse der Gew\u00e4hrleistung der Qualit\u00e4t der schnelleren Lieferung der Fabrik vor strengen Tests, um sicherzustellen, dass jedes Produkt ordnungsgem\u00e4\u00df verwendet werden kann.<\/li>\n<li>Hochentwickelte Schleifger\u00e4te sorgen daf\u00fcr, dass die optische Faser kreisf\u00f6rmig versetzt ist, und es wird eine oxidierte wei\u00dfe H\u00fclse mit hoher Temperatur-, S\u00e4ure- und Alkalibest\u00e4ndigkeit und gro\u00dfer H\u00e4rte (hohe Dichte) verwendet, die sehr gute optische Eigenschaften und bessere mechanische Eigenschaften aufweist.<\/li>\n<li>Plug-and-play<\/li>\n<\/ol>\n<div class=\"a-column a-span6\">\n<h3>Spezifikation<\/h3>\n<table style=\"width: 100%; height: 827px;\" width=\"598\">\n<tbody>\n<tr style=\"height: 69px;\">\n<td style=\"height: 69px;\" width=\"211\">Markenname<\/td>\n<td style=\"height: 69px;\" width=\"387\">LuLeey<\/td>\n<\/tr>\n<tr style=\"height: 69px;\">\n<td style=\"height: 69px;\" width=\"211\">Stecker Typ<\/td>\n<td style=\"height: 69px;\" width=\"387\">SC\/APC<\/td>\n<\/tr>\n<tr style=\"height: 69px;\">\n<td style=\"height: 69px;\" width=\"211\">Produktname<\/td>\n<td style=\"height: 69px;\" width=\"387\">SC APC Festes D\u00e4mpfungsglied<\/td>\n<\/tr>\n<tr style=\"height: 69px;\">\n<td style=\"height: 69px;\" width=\"211\">Herkunft<\/td>\n<td style=\"height: 69px;\" width=\"387\">Festland China<\/td>\n<\/tr>\n<tr style=\"height: 69px;\">\n<td style=\"height: 69px;\" width=\"211\">Wiederverwendungszeiten<\/td>\n<td style=\"height: 69px;\" width=\"387\">mehr 1000<\/td>\n<\/tr>\n<tr style=\"height: 53px;\">\n<td style=\"height: 53px;\">Arbeit Wellenl\u00e4nge<\/td>\n<td style=\"height: 53px;\">SM, 1310nm\/1550nm<\/p>\n<p>MM, 850nm<\/td>\n<\/tr>\n<tr style=\"height: 53px;\">\n<td style=\"height: 53px;\">Kernmaterial<\/td>\n<td style=\"height: 53px;\">Keramik<\/td>\n<\/tr>\n<tr style=\"height: 53px;\">\n<td style=\"height: 53px;\">Luftfeuchtigkeit<\/td>\n<td style=\"height: 53px;\">95%RH<\/td>\n<\/tr>\n<tr style=\"height: 53px;\">\n<td style=\"height: 53px;\">R\u00fcckflussd\u00e4mpfung<\/td>\n<td style=\"height: 53px;\">\u226550dB<\/td>\n<\/tr>\n<tr style=\"height: 82px;\">\n<td style=\"height: 82px;\">Arbeitstemperatur<\/td>\n<td style=\"height: 82px;\">-40~85\u2103<\/td>\n<\/tr>\n<tr style=\"height: 82px;\">\n<td style=\"height: 82px;\">Lagertemperatur<\/td>\n<td style=\"height: 82px;\">-55~85\u2103<\/td>\n<\/tr>\n<tr style=\"height: 53px;\">\n<td style=\"height: 53px;\">Festwert-D\u00e4mpfungsglied<\/td>\n<td style=\"height: 53px;\">0-30dB<\/td>\n<\/tr>\n<\/tbody>\n<\/table>\n<\/div>","protected":false},"excerpt":{"rendered":"<ol>\n<li>Das SC APC Fixed Attenuator hat eine gute Wiederholbarkeit, eine gute Verschlei\u00dffestigkeit und eine gute Temperaturstabilit\u00e4t.<\/li>\n<li>Der durchschnittliche zus\u00e4tzliche Verlust betr\u00e4gt weniger als 0,2 dB, und die R\u00fcckflussd\u00e4mpfung ist hoch.<\/li>\n<li>mehr als 1000-maliges Ein- und Ausstecken<\/li>\n<\/ol>","protected":false},"featured_media":14879,"comment_status":"open","ping_status":"closed","template":"","meta":[],"product_brand":[],"product_cat":[365,788],"product_tag":[402,474],"class_list":{"0":"post-14871","1":"product","2":"type-product","3":"status-publish","4":"has-post-thumbnail","6":"product_cat-optical-adapters-and-flange-connectors-and-attenuator","7":"product_cat-optical-attenuator","8":"product_tag-attenuator","9":"product_tag-sc-apc-fixed-attenuator","11":"first","12":"instock","13":"shipping-taxable","14":"purchasable","15":"product-type-variable"},"_links":{"self":[{"href":"https:\/\/www.luleey.com\/de\/wp-json\/wp\/v2\/product\/14871","targetHints":{"allow":["GET"]}}],"collection":[{"href":"https:\/\/www.luleey.com\/de\/wp-json\/wp\/v2\/product"}],"about":[{"href":"https:\/\/www.luleey.com\/de\/wp-json\/wp\/v2\/types\/product"}],"replies":[{"embeddable":true,"href":"https:\/\/www.luleey.com\/de\/wp-json\/wp\/v2\/comments?post=14871"}],"wp:featuredmedia":[{"embeddable":true,"href":"https:\/\/www.luleey.com\/de\/wp-json\/wp\/v2\/media\/14879"}],"wp:attachment":[{"href":"https:\/\/www.luleey.com\/de\/wp-json\/wp\/v2\/media?parent=14871"}],"wp:term":[{"taxonomy":"product_brand","embeddable":true,"href":"https:\/\/www.luleey.com\/de\/wp-json\/wp\/v2\/product_brand?post=14871"},{"taxonomy":"product_cat","embeddable":true,"href":"https:\/\/www.luleey.com\/de\/wp-json\/wp\/v2\/product_cat?post=14871"},{"taxonomy":"product_tag","embeddable":true,"href":"https:\/\/www.luleey.com\/de\/wp-json\/wp\/v2\/product_tag?post=14871"}],"curies":[{"name":"wp","href":"https:\/\/api.w.org\/{rel}","templated":true}]}}