{"id":14900,"date":"2024-09-01T21:07:01","date_gmt":"2024-09-01T13:07:01","guid":{"rendered":"https:\/\/www.luleey.com\/?post_type=product&#038;p=14900"},"modified":"2025-09-18T16:45:19","modified_gmt":"2025-09-18T08:45:19","slug":"mpo-to-lc-upc-12-core-sm","status":"publish","type":"product","link":"https:\/\/www.luleey.com\/de\/produkt-2\/mpo-to-lc-upc-12-core-sm\/","title":{"rendered":"MPO\/MTP zu LC UPC 12-adrig, SM"},"content":{"rendered":"<p data-spm-anchor-id=\"a2g0o.detail.1000023.i0.525da32aC35IUk\"><span style=\"font-size: 12pt;\">MPO\/MTP-Glasfaser-Patchkabel werden in Geb\u00e4ude-zu-Geb\u00e4ude-Verkabelungssystemen, Glasfaser-Kommunikationssystemen, Verkabelung von lokalen Netzwerken und optisch aktiven Ger\u00e4ten verwendet. Telekommunikationssysteme, optische Verbindungen in der lokalen Verkabelung, aktive optische Ger\u00e4te, Kommunikationssysteme Glasfaserverkabelung in Telekommunikations-Basisstationen, Parkr\u00e4umen, gewerblichen Geb\u00e4uder\u00e4umen, gewerblichen Geb\u00e4uder\u00e4umen, Kabelfernsehnetzen, Telekommunikationsnetzen, lokalen Netzen (ILANs), Weitverkehrsnetzen (WANs) und optischen Signalen \u00fcber Glasfaser (FTTX).<\/span><\/p>\n<h4 data-spm-anchor-id=\"a2g0o.detail.1000023.i0.525da32aC35IUk\">Eigenschaften<\/h4>\n<ol>\n<li>MPO\/MTP zu LC UPC 12 Kern ist hochkompatibel und kann in allen Arten von faseroptischen lokalen Netzwerken, faseroptischen Kommunikationssystemen, Instrumenten und Messger\u00e4ten, CATV-Netzwerken verwendet werden.<\/li>\n<li>Die geringe Einf\u00fcgungsd\u00e4mpfung gew\u00e4hrleistet eine stabile und schnelle \u00dcbertragung.<\/li>\n<li>Hochwertiger Faserkern, stabile \u00dcbertragung, hohe Geschwindigkeit und stabile \u00dcbertragung bis zu 40G.<\/li>\n<li>LSZH raucharm und halogenfrei flammhemmend, hohe Zugfestigkeit und Haltbarkeit.<\/li>\n<\/ol>\n<div class=\"a-column a-span6\">\n<h3>Spezifikation<\/h3>\n<table style=\"width: 100%; height: 848px;\" width=\"598\">\n<tbody>\n<tr style=\"height: 53px;\">\n<td style=\"height: 53px;\" width=\"211\">Markenname<\/td>\n<td style=\"height: 53px;\" width=\"387\">LuLeey<\/td>\n<\/tr>\n<tr style=\"height: 53px;\">\n<td style=\"height: 53px;\" width=\"211\">Herkunft<\/td>\n<td style=\"height: 53px;\" width=\"387\">Festland China<\/td>\n<\/tr>\n<tr style=\"height: 53px;\">\n<td style=\"height: 53px;\">Produktname<\/td>\n<td style=\"height: 53px;\" width=\"387\">MPO\/MTP zu LC UPC 12 Adern<\/td>\n<\/tr>\n<tr style=\"height: 53px;\">\n<td style=\"height: 53px;\">Steckertyp MPO<\/td>\n<td style=\"height: 53px;\">MPO\/MTP<\/td>\n<\/tr>\n<tr style=\"height: 53px;\">\n<td style=\"height: 53px;\">Anschluss<\/td>\n<td style=\"height: 53px;\">\u00a0FC, LC, SC, ST (fakultativ)<\/td>\n<\/tr>\n<tr style=\"height: 53px;\">\n<td style=\"height: 53px;\">Faser-Typ<\/td>\n<td style=\"height: 53px;\">\u00a0Einzelner Modus<\/td>\n<\/tr>\n<tr style=\"height: 53px;\">\n<td style=\"height: 53px;\">Betriebswellenl\u00e4ngenbereich<\/td>\n<td style=\"height: 53px;\">\u00a0\u00fcber 1310nm<\/td>\n<\/tr>\n<tr style=\"height: 53px;\">\n<td style=\"height: 53px;\">Test-Wellenl\u00e4nge<\/td>\n<td style=\"height: 53px;\">\u00a01310nm 1550nm<\/td>\n<\/tr>\n<tr style=\"height: 53px;\">\n<td style=\"height: 53px;\">Einf\u00fcgungsd\u00e4mpfung MPO<\/td>\n<td style=\"height: 53px;\">\u00a0Typisch \u2264 0,20dB, maximal \u2264 0,70dB<\/td>\n<\/tr>\n<tr style=\"height: 53px;\">\n<td style=\"height: 53px;\">Anschluss<\/td>\n<td style=\"height: 53px;\">\u00a0Typisch \u2264 0,20dB, maximal \u2264 0,30dB<\/td>\n<\/tr>\n<tr style=\"height: 53px;\">\n<td style=\"height: 53px;\">R\u00fcckflussd\u00e4mpfung<\/td>\n<td style=\"height: 53px;\">\u00a0APC \u2265 60dB, UPC \u2265 50dB<\/td>\n<\/tr>\n<tr style=\"height: 53px;\">\n<td style=\"height: 53px;\">Test der Zeiten f\u00fcr das Einsetzen und Entfernen des MPO<\/td>\n<td style=\"height: 53px;\">\u00a0\u2265500 mal<\/td>\n<\/tr>\n<tr style=\"height: 53px;\">\n<td style=\"height: 53px;\">Zeiten f\u00fcr das Stecken und Ziehen von Steckern testen<\/td>\n<td style=\"height: 53px;\">\u00a0\u22651000 mal<\/td>\n<\/tr>\n<tr style=\"height: 53px;\">\n<td style=\"height: 53px;\">Zugfestigkeit<\/td>\n<td style=\"height: 53px;\">\u00a0\u2265120N (ohne 0,9mm Glasfaserkabel)<\/td>\n<\/tr>\n<tr style=\"height: 53px;\">\n<td style=\"height: 53px;\">Betriebstemperatur<\/td>\n<td style=\"height: 53px;\">\u00a0-20~+70\u00b0C<\/td>\n<\/tr>\n<tr style=\"height: 53px;\">\n<td style=\"height: 53px;\">Lagertemperatur<\/td>\n<td style=\"height: 53px;\">\u00a0-20~+70\u00b0C<\/td>\n<\/tr>\n<\/tbody>\n<\/table>\n<\/div>","protected":false},"excerpt":{"rendered":"<ul>\n<li>Geringe Einf\u00fcgungsd\u00e4mpfung, hohe R\u00fcckflussd\u00e4mpfung<\/li>\n<li>Hochwertige Eins\u00e4tze, Unterst\u00fctzung der Wiederverwendung<\/li>\n<li>MPO\/MTP zu LC UPC 12 Ader, LSZH Material, starke Zugfestigkeit<\/li>\n<\/ul>","protected":false},"featured_media":14907,"comment_status":"open","ping_status":"closed","template":"","meta":[],"product_brand":[],"product_cat":[475],"product_tag":[479,264,478,325],"class_list":{"0":"post-14900","1":"product","2":"type-product","3":"status-publish","4":"has-post-thumbnail","6":"product_cat-mtp-mpo-fiber-cables","7":"product_tag-12-core","8":"product_tag-mpo","9":"product_tag-mpo-to-lc","10":"product_tag-sm","12":"first","13":"instock","14":"shipping-taxable","15":"purchasable","16":"product-type-variable","17":"has-default-attributes"},"_links":{"self":[{"href":"https:\/\/www.luleey.com\/de\/wp-json\/wp\/v2\/product\/14900","targetHints":{"allow":["GET"]}}],"collection":[{"href":"https:\/\/www.luleey.com\/de\/wp-json\/wp\/v2\/product"}],"about":[{"href":"https:\/\/www.luleey.com\/de\/wp-json\/wp\/v2\/types\/product"}],"replies":[{"embeddable":true,"href":"https:\/\/www.luleey.com\/de\/wp-json\/wp\/v2\/comments?post=14900"}],"wp:featuredmedia":[{"embeddable":true,"href":"https:\/\/www.luleey.com\/de\/wp-json\/wp\/v2\/media\/14907"}],"wp:attachment":[{"href":"https:\/\/www.luleey.com\/de\/wp-json\/wp\/v2\/media?parent=14900"}],"wp:term":[{"taxonomy":"product_brand","embeddable":true,"href":"https:\/\/www.luleey.com\/de\/wp-json\/wp\/v2\/product_brand?post=14900"},{"taxonomy":"product_cat","embeddable":true,"href":"https:\/\/www.luleey.com\/de\/wp-json\/wp\/v2\/product_cat?post=14900"},{"taxonomy":"product_tag","embeddable":true,"href":"https:\/\/www.luleey.com\/de\/wp-json\/wp\/v2\/product_tag?post=14900"}],"curies":[{"name":"wp","href":"https:\/\/api.w.org\/{rel}","templated":true}]}}