{"id":15003,"date":"2024-09-05T22:38:29","date_gmt":"2024-09-05T14:38:29","guid":{"rendered":"https:\/\/www.luleey.com\/?post_type=product&#038;p=15003"},"modified":"2024-12-16T09:24:21","modified_gmt":"2024-12-16T01:24:21","slug":"sc-upc-flange-single-mode-single-core-metal-adapter-6pcs","status":"publish","type":"product","link":"https:\/\/www.luleey.com\/de\/produkt-2\/sc-upc-flange-single-mode-single-core-metal-adapter-6pcs\/","title":{"rendered":"SC UPC Flansch Single Mode Single Core Metall Adapter 6Stk"},"content":{"rendered":"<h3>Eigenschaften<\/h3>\n<ol>\n<li>Zwischen den UPC-Lichtwellenleitern werden Kabel oder gepatchte Schn\u00fcre durch eine SC zu SC UPC-Lichtwellenleiter-Adapterh\u00fclse durch den Innenadapter der \u00d6ffnung verbunden.<\/li>\n<li>SC-Buchse zu Buchse Fiber Optic Coupler Extender sind f\u00fcr Fiber Patch Panel Adapter geeignet, was bedeutet, dass Sie sie in jeder Art von Geh\u00e4use mit rechteckigen Ausschnitten verwenden k\u00f6nnen.<\/li>\n<li>Die Schale ist rechteckig, mit dem Stift und die Kupplungsh\u00fclse Struktur Gr\u00f6\u00dfe genau das gleiche. Wobei die Oberfl\u00e4che des Stiftes Ende Schleifverfahren mit UPC-Typ, Stecker bequemen Betrieb, kleine Schwankungen in Einf\u00fcgungsverlust, hohe Druckfestigkeit, hohe Montage Dichte.<\/li>\n<li>Anwendung: Glasfaser-Kommunikationssystem, Glasfaser-Zugangsnetz, Glasfaser-Daten\u00fcbertragung, Glasfaser-CATV, LAN (LAN), Testger\u00e4te, Unternehmen, R\u00e4umlichkeiten, Sicherheit, FTTH, FTTP, FTTA, hohe EMI und kommerzielle Anwendungen.<\/li>\n<\/ol>\n<h3>Spezifikation<\/h3>\n<table style=\"width: 100%; height: 583px;\" width=\"745\">\n<tbody>\n<tr style=\"height: 53px;\">\n<td style=\"height: 53px;\" width=\"211\">Markenname<\/td>\n<td style=\"height: 53px;\" width=\"534\">LuLeey<\/td>\n<\/tr>\n<tr style=\"height: 53px;\">\n<td style=\"height: 53px;\" width=\"211\">Herkunft<\/td>\n<td style=\"height: 53px;\" width=\"534\">Festland China<\/td>\n<\/tr>\n<tr style=\"height: 53px;\">\n<td style=\"height: 53px;\">Produktname<\/td>\n<td style=\"height: 53px;\" width=\"534\">SC UPC Flansch Single Mode Single Core Metall Adapter<\/td>\n<\/tr>\n<tr>\n<td>Anschluss<\/td>\n<td>SC UPC Buchse auf SC UPC Buchse<\/td>\n<\/tr>\n<tr style=\"height: 53px;\">\n<td style=\"height: 53px;\">Menge<\/td>\n<td style=\"height: 53px;\" width=\"534\">6St\u00fcck<\/td>\n<\/tr>\n<tr style=\"height: 53px;\">\n<td style=\"height: 53px;\">Einf\u00fcged\u00e4mpfung<\/td>\n<td style=\"height: 53px;\">\u2264 0,30dB<\/td>\n<\/tr>\n<tr style=\"height: 53px;\">\n<td style=\"height: 53px;\">R\u00fcckflussd\u00e4mpfung<\/td>\n<td style=\"height: 53px;\">\u2265 50dB<\/td>\n<\/tr>\n<tr style=\"height: 53px;\">\n<td style=\"height: 53px;\">Arbeits-Wellenl\u00e4nge<\/td>\n<td style=\"height: 53px;\">1310nm \/ 1550nm<\/td>\n<\/tr>\n<tr style=\"height: 53px;\">\n<td style=\"height: 53px;\">Arbeitsmodus<\/td>\n<td style=\"height: 53px;\">Einzelner Modus<\/td>\n<\/tr>\n<tr style=\"height: 53px;\">\n<td style=\"height: 53px;\">Kernst\u00fcck Nein<\/td>\n<td style=\"height: 53px;\">Einzelner Kern<\/td>\n<\/tr>\n<tr style=\"height: 53px;\">\n<td style=\"height: 53px;\">Betriebstemperatur<\/td>\n<td style=\"height: 53px;\">\u00a0-40~+80\u00b0C<\/td>\n<\/tr>\n<tr style=\"height: 53px;\">\n<td style=\"height: 53px;\">Lagertemperatur<\/td>\n<td style=\"height: 53px;\">\u00a0-55~+85\u00b0C<\/td>\n<\/tr>\n<\/tbody>\n<\/table>","protected":false},"excerpt":{"rendered":"<ul>\n<li>Keramischer Kern f\u00fcr stabile Leistung.<\/li>\n<li>Unterst\u00fctzt 1000-maliges Einsetzen und Entfernen, wiederverwendbar.<\/li>\n<li>Geringe Einf\u00fcgungsd\u00e4mpfung, hohe R\u00fcckrufd\u00e4mpfung.<\/li>\n<li>SC UPC Flansch Single Mode Single Core Metall Adapter f\u00fcr den Langzeiteinsatz.<\/li>\n<\/ul>","protected":false},"featured_media":15005,"comment_status":"open","ping_status":"closed","template":"","meta":[],"product_brand":[],"product_cat":[787],"product_tag":[308,485],"class_list":{"0":"post-15003","1":"product","2":"type-product","3":"status-publish","4":"has-post-thumbnail","6":"product_cat-fiber-flange-connectors","7":"product_tag-sc-upc","8":"product_tag-sc-upc-flange","10":"first","11":"instock","12":"shipping-taxable","13":"purchasable","14":"product-type-variable","15":"has-default-attributes"},"_links":{"self":[{"href":"https:\/\/www.luleey.com\/de\/wp-json\/wp\/v2\/product\/15003","targetHints":{"allow":["GET"]}}],"collection":[{"href":"https:\/\/www.luleey.com\/de\/wp-json\/wp\/v2\/product"}],"about":[{"href":"https:\/\/www.luleey.com\/de\/wp-json\/wp\/v2\/types\/product"}],"replies":[{"embeddable":true,"href":"https:\/\/www.luleey.com\/de\/wp-json\/wp\/v2\/comments?post=15003"}],"wp:featuredmedia":[{"embeddable":true,"href":"https:\/\/www.luleey.com\/de\/wp-json\/wp\/v2\/media\/15005"}],"wp:attachment":[{"href":"https:\/\/www.luleey.com\/de\/wp-json\/wp\/v2\/media?parent=15003"}],"wp:term":[{"taxonomy":"product_brand","embeddable":true,"href":"https:\/\/www.luleey.com\/de\/wp-json\/wp\/v2\/product_brand?post=15003"},{"taxonomy":"product_cat","embeddable":true,"href":"https:\/\/www.luleey.com\/de\/wp-json\/wp\/v2\/product_cat?post=15003"},{"taxonomy":"product_tag","embeddable":true,"href":"https:\/\/www.luleey.com\/de\/wp-json\/wp\/v2\/product_tag?post=15003"}],"curies":[{"name":"wp","href":"https:\/\/api.w.org\/{rel}","templated":true}]}}