{"id":15009,"date":"2024-09-07T23:22:51","date_gmt":"2024-09-07T15:22:51","guid":{"rendered":"https:\/\/www.luleey.com\/?post_type=product&#038;p=15009"},"modified":"2025-06-14T13:57:30","modified_gmt":"2025-06-14T05:57:30","slug":"mpo-fiber-cable-8-core-female-to-female-om4-mm","status":"publish","type":"product","link":"https:\/\/www.luleey.com\/de\/produkt-2\/mpo-fiber-cable-8-core-female-to-female-om4-mm\/","title":{"rendered":"MPO-Glasfaserkabel, 8-adrig, Buchse zu Buchse, OM4 MM"},"content":{"rendered":"<h4 data-spm-anchor-id=\"a2g0o.detail.1000023.i0.525da32aC35IUk\">Eigenschaften<\/h4>\n<ol>\n<li class=\"a-spacing-mini\"><span class=\"a-list-item\">\u3010Hochgeschwindigkeits\u00fcbertragung\u3011OM4 Multimode Fiber Standard: OM4 mpo unterst\u00fctzt \u00dcbertragungsraten von 10Gbps bis zu und \u00fcber 100Gbps, ideal f\u00fcr Anwendungen wie 40GBASE-SR4 und 100GBASE-SR4. Er bietet eine h\u00f6here Bandbreite (eine effektive modale Mindestbandbreite von 4700 MHz-km) als OM3, wodurch sich die \u00dcbertragungsdistanzen verl\u00e4ngern und der Anwendungsbereich erweitert wird.<\/span><\/li>\n<li class=\"a-spacing-mini\"><span class=\"a-list-item\">\u3010High-density Connectivity\u3011MPO (Multi-fiber Push On) Kabel verf\u00fcgen \u00fcber eine Mehrfaser-Steckverbinderschnittstelle, die den gleichzeitigen Anschluss mehrerer Fasern in einem einzigen Steckverbinder erm\u00f6glicht, zugeschnitten auf Verkabelungsszenarien mit hoher Dichte, wie sie in Rechenzentren und umfangreichen Netzwerkinfrastrukturen vorherrschen, was die Raumeffizienz und Skalierbarkeit verbessert.<\/span><\/li>\n<li class=\"a-spacing-mini\"><span class=\"a-list-item\">\u3010UPC (Ultra Physical Contact) Finish\u3011Mit geringerem Reflexionsgrad (typischerweise besser als 50dB) gew\u00e4hrleisten UPC-Enden klare Signalintegrit\u00e4t und Netzwerkstabilit\u00e4t und eignen sich f\u00fcr die meisten Multimode-\u00dcbertragungsszenarien.<\/span><\/li>\n<li class=\"a-spacing-mini\"><span class=\"a-list-item\">\u30108-Faser-Konfiguration\u3011Abgestimmt auf die g\u00e4ngigen Hochgeschwindigkeits-Netzwerkger\u00e4teschnittstellen f\u00fcr 40G\/100G-Ethernet-Anwendungen, erm\u00f6glicht die 8-Faser-Konfiguration eine effiziente \u00dcbertragung bei hohen Bandbreitenanforderungen.<\/span><\/li>\n<li class=\"a-spacing-mini\"><span class=\"a-list-item\">\u3010Plug-and-Play-Komfort\u3011Die Plug-and-Play-Natur der MPO-Schnittstelle vereinfacht die Installation, verk\u00fcrzt die Bereitstellungszeit und vereinfacht Wartung und Upgrades, wodurch die Flexibilit\u00e4t von Rechenzentren und Netzwerkinfrastrukturen erh\u00f6ht wird.<\/span><\/li>\n<\/ol>\n<div class=\"a-column a-span6\">\n<h3>Spezifikation<\/h3>\n<table style=\"width: 100%; height: 637px;\" width=\"598\">\n<tbody>\n<tr style=\"height: 53px;\">\n<td style=\"height: 53px;\" width=\"211\">Markenname<\/td>\n<td style=\"height: 53px;\" width=\"387\">LuLeey<\/td>\n<\/tr>\n<tr style=\"height: 53px;\">\n<td style=\"height: 53px;\" width=\"211\">Herkunft<\/td>\n<td style=\"height: 53px;\" width=\"387\">Festland China<\/td>\n<\/tr>\n<tr style=\"height: 53px;\">\n<td style=\"height: 53px;\">Produktname<\/td>\n<td style=\"height: 53px;\" width=\"387\">MPO-Glasfaserkabel, 8-adrig, Buchse zu Buchse, OM4 MM<\/td>\n<\/tr>\n<tr style=\"height: 53px;\">\n<td style=\"height: 53px;\">Steckertyp MPO<\/td>\n<td style=\"height: 53px;\">\u00a0MPO Weiblich<\/td>\n<\/tr>\n<tr style=\"height: 53px;\">\n<td style=\"height: 53px;\">Faser-Typ<\/td>\n<td style=\"height: 53px;\"><span class=\"a-list-item\">Multi<\/span> Modus<\/td>\n<\/tr>\n<tr style=\"height: 53px;\">\n<td style=\"height: 53px;\">Einf\u00fcgungsd\u00e4mpfung MPO<\/td>\n<td style=\"height: 53px;\">\u00a0\u2264 0,35dB<\/td>\n<\/tr>\n<tr style=\"height: 53px;\">\n<td style=\"height: 53px;\">R\u00fcckflussd\u00e4mpfung<\/td>\n<td style=\"height: 53px;\">\u2265 30dB<\/td>\n<\/tr>\n<tr style=\"height: 53px;\">\n<td style=\"height: 53px;\">Arbeits-Wellenl\u00e4nge<\/td>\n<td style=\"height: 53px;\">850nm\/1300nm<\/td>\n<\/tr>\n<tr style=\"height: 53px;\">\n<td style=\"height: 53px;\">Kleiner Biegeradius des optischen Kabels (statisch) mm<\/td>\n<td style=\"height: 53px;\">das 10-fache des Au\u00dfendurchmessers des optischen Kabels<\/td>\n<\/tr>\n<tr style=\"height: 53px;\">\n<td style=\"height: 54px;\">Kleiner Biegeradius des optischen Kabels (dynamisch) mm<\/td>\n<td style=\"height: 54px;\">das 20-fache des Au\u00dfendurchmessers des optischen Kabels<\/td>\n<\/tr>\n<tr style=\"height: 53px;\">\n<td style=\"height: 53px;\">Zugfestigkeit<\/td>\n<td style=\"height: 53px;\">\u00a0\u2265500N<\/td>\n<\/tr>\n<tr style=\"height: 53px;\">\n<td style=\"height: 53px;\">Lagertemperatur<\/td>\n<td style=\"height: 53px;\">\u00a0-40~+85\u00b0C<\/td>\n<\/tr>\n<\/tbody>\n<\/table>\n<\/div>","protected":false},"excerpt":{"rendered":"<p>Steckertyp Mpo zu Mpo<br \/>\nKabeltyp Lichtwellenleiter<br \/>\nKompatible Ger\u00e4te Glasfaser-Netzwerkausr\u00fcstung<br \/>\nBesonderes Merkmal OM4\\8 Fiber\\40G oder 100G\\Typ B<\/p>","protected":false},"featured_media":15010,"comment_status":"open","ping_status":"closed","template":"","meta":[],"product_brand":[],"product_cat":[475],"product_tag":[486,487],"class_list":{"0":"post-15009","1":"product","2":"type-product","3":"status-publish","4":"has-post-thumbnail","6":"product_cat-mtp-mpo-fiber-cables","7":"product_tag-mpo-fiber-cable","8":"product_tag-om4","10":"first","11":"instock","12":"shipping-taxable","13":"purchasable","14":"product-type-variable"},"_links":{"self":[{"href":"https:\/\/www.luleey.com\/de\/wp-json\/wp\/v2\/product\/15009","targetHints":{"allow":["GET"]}}],"collection":[{"href":"https:\/\/www.luleey.com\/de\/wp-json\/wp\/v2\/product"}],"about":[{"href":"https:\/\/www.luleey.com\/de\/wp-json\/wp\/v2\/types\/product"}],"replies":[{"embeddable":true,"href":"https:\/\/www.luleey.com\/de\/wp-json\/wp\/v2\/comments?post=15009"}],"wp:featuredmedia":[{"embeddable":true,"href":"https:\/\/www.luleey.com\/de\/wp-json\/wp\/v2\/media\/15010"}],"wp:attachment":[{"href":"https:\/\/www.luleey.com\/de\/wp-json\/wp\/v2\/media?parent=15009"}],"wp:term":[{"taxonomy":"product_brand","embeddable":true,"href":"https:\/\/www.luleey.com\/de\/wp-json\/wp\/v2\/product_brand?post=15009"},{"taxonomy":"product_cat","embeddable":true,"href":"https:\/\/www.luleey.com\/de\/wp-json\/wp\/v2\/product_cat?post=15009"},{"taxonomy":"product_tag","embeddable":true,"href":"https:\/\/www.luleey.com\/de\/wp-json\/wp\/v2\/product_tag?post=15009"}],"curies":[{"name":"wp","href":"https:\/\/api.w.org\/{rel}","templated":true}]}}