{"id":15029,"date":"2024-09-08T00:48:41","date_gmt":"2024-09-07T16:48:41","guid":{"rendered":"https:\/\/www.luleey.com\/?post_type=product&#038;p=15029"},"modified":"2025-09-18T16:50:04","modified_gmt":"2025-09-18T08:50:04","slug":"mpo-fiber-cable-8-core-female-to-female-om3-mm","status":"publish","type":"product","link":"https:\/\/www.luleey.com\/de\/produkt-2\/mpo-fiber-cable-8-core-female-to-female-om3-mm\/","title":{"rendered":"MPO\/MTP-Glasfaserkabel, 8-adrig, Buchse zu Buchse, OM3 MM"},"content":{"rendered":"<h4 data-spm-anchor-id=\"a2g0o.detail.1000023.i0.525da32aC35IUk\">Eigenschaften<\/h4>\n<ol>\n<li class=\"a-spacing-mini\">Hohe Leistung: MPO\/MTP-Glasfaserkabel, 8-adrig, Buchse auf Buchse, OM3 MM verf\u00fcgt \u00fcber hochwertige OM3-Multimode-Glasfasern, die eine stabile \u00dcbertragung und eine geringe Einf\u00fcged\u00e4mpfung (\u22640,35 dB) f\u00fcr Hochgeschwindigkeitsdaten\u00fcbertragungen in Umgebungen mit kurzen Entfernungen und hoher Dichte gew\u00e4hrleisten. Kompatibel mit QSFP+- und QSFP28-Transceivern, bietet dieses Kabel Flexibilit\u00e4t und Skalierbarkeit f\u00fcr Ihr Netzwerksystem.<\/li>\n<li class=\"a-spacing-mini\">Vielseitige Anwendungen: Unsere MPO-MPO-Glasfaserkabel eignen sich f\u00fcr verschiedene Netzwerkumgebungen, darunter Rechenzentren, Unternehmensnetzwerke, Cloud-Computing-Infrastrukturen, optische Transportnetzwerke und GPON\/EPON-Anwendungen. Ob f\u00fcr die Verbindung von Servern, Switches oder anderen Netzwerkger\u00e4ten, MPO-Glasfaserkabel bieten Hochleistungsl\u00f6sungen.<\/li>\n<li class=\"a-spacing-mini\">Produktspezifikationen: Verf\u00fcgbare L\u00e4ngen: 1m, 3m, 5m, 10m und 15m. Typ: 8-adrige OM3-Multimode-Faser, Typ B-Polarit\u00e4t. Stecker: MPO (MTP-kompatibel). Einf\u00fcgungsd\u00e4mpfung: \u22640.35dB, R\u00fcckflussd\u00e4mpfung: \u226520dB. Wellenl\u00e4nge: 850\/1300 nm. Faser-Modus: OM3 50\/125 \u03bcm. Mantel Material: LSZH, Farbe: Aqua.<\/li>\n<li class=\"a-spacing-mini\">Sicherheit und Langlebigkeit: Die raucharme, halogenfreie (LSZH) Ummantelung gew\u00e4hrleistet Feuerbest\u00e4ndigkeit und erh\u00f6ht die Sicherheit w\u00e4hrend des Betriebs. Mit einem robusten Design und strengen Fertigungsstandards ist unser MPO-MPO-Faserkabel so gebaut, dass es den Anforderungen des t\u00e4glichen Gebrauchs standh\u00e4lt und eine optimale Leistung beibeh\u00e4lt.<\/li>\n<li class=\"a-spacing-mini\">Herausragender Service und Wert: MPO Fiber Cable hat es sich zur Aufgabe gemacht, hochwertige Glasfaserverbindungsl\u00f6sungen anzubieten. Wir sind bestrebt, w\u00e4hrend der gesamten Kauf-, Nutzungs- und Nachverkaufsphase einen au\u00dfergew\u00f6hnlichen Kundenservice zu bieten, um eine zufriedenstellende Erfahrung zu gew\u00e4hrleisten. Sollten Sie auf Probleme sto\u00dfen, ist unser professionelles Team bereit, Ihnen Unterst\u00fctzung und Hilfe zu bieten. W\u00e4hlen Sie MPO Fiber Cable f\u00fcr eine stabile, effiziente Netzwerkverbindung!<\/li>\n<\/ol>\n<div class=\"a-column a-span6\">\n<h3>Spezifikation<\/h3>\n<table style=\"width: 100%; height: 637px;\" width=\"598\">\n<tbody>\n<tr style=\"height: 53px;\">\n<td style=\"height: 53px;\" width=\"211\">Markenname<\/td>\n<td style=\"height: 53px;\" width=\"387\">LuLeey<\/td>\n<\/tr>\n<tr style=\"height: 53px;\">\n<td style=\"height: 53px;\" width=\"211\">Herkunft<\/td>\n<td style=\"height: 53px;\" width=\"387\">Festland China<\/td>\n<\/tr>\n<tr style=\"height: 53px;\">\n<td style=\"height: 53px;\">Produktname<\/td>\n<td style=\"height: 53px;\" width=\"387\">MPO\/MTP-Glasfaserkabel, 8-adrig, Buchse zu Buchse, OM3 MM<\/td>\n<\/tr>\n<tr style=\"height: 53px;\">\n<td style=\"height: 53px;\">Steckertyp MPO<\/td>\n<td style=\"height: 53px;\">MPO\/MTP Weiblich<\/td>\n<\/tr>\n<tr style=\"height: 53px;\">\n<td style=\"height: 53px;\">Faser-Typ<\/td>\n<td style=\"height: 53px;\"><span class=\"a-list-item\">Multi<\/span> Modus<\/td>\n<\/tr>\n<tr style=\"height: 53px;\">\n<td style=\"height: 53px;\">Einf\u00fcgungsd\u00e4mpfung MPO<\/td>\n<td style=\"height: 53px;\">\u00a0\u2264 0,35dB<\/td>\n<\/tr>\n<tr style=\"height: 53px;\">\n<td style=\"height: 53px;\">R\u00fcckflussd\u00e4mpfung<\/td>\n<td style=\"height: 53px;\">\u2265 30dB<\/td>\n<\/tr>\n<tr style=\"height: 53px;\">\n<td style=\"height: 53px;\">Arbeits-Wellenl\u00e4nge<\/td>\n<td style=\"height: 53px;\">850nm\/1300nm<\/td>\n<\/tr>\n<tr style=\"height: 53px;\">\n<td style=\"height: 53px;\">Kleiner Biegeradius des optischen Kabels (statisch) mm<\/td>\n<td style=\"height: 53px;\">das 10-fache des Au\u00dfendurchmessers des optischen Kabels<\/td>\n<\/tr>\n<tr style=\"height: 53px;\">\n<td style=\"height: 54px;\">Kleiner Biegeradius des optischen Kabels (dynamisch) mm<\/td>\n<td style=\"height: 54px;\">das 20-fache des Au\u00dfendurchmessers des optischen Kabels<\/td>\n<\/tr>\n<tr style=\"height: 53px;\">\n<td style=\"height: 53px;\">Zugfestigkeit<\/td>\n<td style=\"height: 53px;\">\u00a0\u2265500N<\/td>\n<\/tr>\n<tr style=\"height: 53px;\">\n<td style=\"height: 53px;\">Lagertemperatur<\/td>\n<td style=\"height: 53px;\">\u00a0-40~+85\u00b0C<\/td>\n<\/tr>\n<\/tbody>\n<\/table>\n<\/div>","protected":false},"excerpt":{"rendered":"<p>Das MPO\/MTP-Glasfaserkabel besteht aus hochwertigen OM3-Multimode-Glasfasern, die eine stabile \u00dcbertragung und eine geringe Einf\u00fcgungsd\u00e4mpfung (\u22640,35 dB) f\u00fcr Hochgeschwindigkeitsdaten\u00fcbertragungen in Umgebungen mit kurzen Entfernungen und hoher Dichte gew\u00e4hrleisten. Kompatibel mit QSFP+- und QSFP28-Transceivern, bietet dieses Kabel Flexibilit\u00e4t und Skalierbarkeit f\u00fcr Ihr Netzwerksystem.<\/p>","protected":false},"featured_media":15036,"comment_status":"open","ping_status":"closed","template":"","meta":[],"product_brand":[],"product_cat":[475],"product_tag":[486,488],"class_list":{"0":"post-15029","1":"product","2":"type-product","3":"status-publish","4":"has-post-thumbnail","6":"product_cat-mtp-mpo-fiber-cables","7":"product_tag-mpo-fiber-cable","8":"product_tag-om3","10":"first","11":"instock","12":"shipping-taxable","13":"purchasable","14":"product-type-variable","15":"has-default-attributes"},"_links":{"self":[{"href":"https:\/\/www.luleey.com\/de\/wp-json\/wp\/v2\/product\/15029","targetHints":{"allow":["GET"]}}],"collection":[{"href":"https:\/\/www.luleey.com\/de\/wp-json\/wp\/v2\/product"}],"about":[{"href":"https:\/\/www.luleey.com\/de\/wp-json\/wp\/v2\/types\/product"}],"replies":[{"embeddable":true,"href":"https:\/\/www.luleey.com\/de\/wp-json\/wp\/v2\/comments?post=15029"}],"wp:featuredmedia":[{"embeddable":true,"href":"https:\/\/www.luleey.com\/de\/wp-json\/wp\/v2\/media\/15036"}],"wp:attachment":[{"href":"https:\/\/www.luleey.com\/de\/wp-json\/wp\/v2\/media?parent=15029"}],"wp:term":[{"taxonomy":"product_brand","embeddable":true,"href":"https:\/\/www.luleey.com\/de\/wp-json\/wp\/v2\/product_brand?post=15029"},{"taxonomy":"product_cat","embeddable":true,"href":"https:\/\/www.luleey.com\/de\/wp-json\/wp\/v2\/product_cat?post=15029"},{"taxonomy":"product_tag","embeddable":true,"href":"https:\/\/www.luleey.com\/de\/wp-json\/wp\/v2\/product_tag?post=15029"}],"curies":[{"name":"wp","href":"https:\/\/api.w.org\/{rel}","templated":true}]}}