{"id":15048,"date":"2024-09-08T10:07:22","date_gmt":"2024-09-08T02:07:22","guid":{"rendered":"https:\/\/www.luleey.com\/?post_type=product&#038;p=15048"},"modified":"2025-06-28T10:48:39","modified_gmt":"2025-06-28T02:48:39","slug":"mpo-to-8-x-lc-4-duplex-om3-mm","status":"publish","type":"product","link":"https:\/\/www.luleey.com\/de\/produkt-2\/mpo-to-8-x-lc-4-duplex-om3-mm\/","title":{"rendered":"MPO auf 8 x LC (4 Duplex) , OM3 MM"},"content":{"rendered":"<p data-spm-anchor-id=\"a2g0o.detail.1000023.i0.525da32aC35IUk\"><span style=\"font-size: 12pt;\">MPO-Glasfaser-Patchkabel werden in Geb\u00e4ude-zu-Geb\u00e4ude-Verkabelungssystemen, Glasfaser-Kommunikationssystemen, lokalen Netzwerkverkabelungen und optisch aktiven Ger\u00e4ten verwendet. Telekommunikationssysteme, optische Verbindungen in der lokalen Verkabelung, aktive optische Ger\u00e4te, Kommunikationssysteme Glasfaserverkabelung in Telekommunikations-Basisstationen, Parkr\u00e4umen, gewerblichen Geb\u00e4uder\u00e4umen, gewerblichen Geb\u00e4uder\u00e4umen, Kabelfernsehnetzen, Telekommunikationsnetzen, lokalen Netzen (ILANs), Weitverkehrsnetzen (WANs) und optischen Signalen \u00fcber Glasfaser (FTTX).<\/span><\/p>\n<h4 data-spm-anchor-id=\"a2g0o.detail.1000023.i0.525da32aC35IUk\">Eigenschaften<\/h4>\n<ol>\n<li>MPO auf 8 x LC ist hochkompatibel und kann in allen Arten von faseroptischen lokalen Netzwerken, faseroptischen Kommunikationssystemen, Instrumenten und Messger\u00e4ten sowie CATV-Netzwerken verwendet werden.<\/li>\n<li>Die geringe Einf\u00fcgungsd\u00e4mpfung gew\u00e4hrleistet eine stabile und schnelle \u00dcbertragung.<\/li>\n<li>Hochwertiger Faserkern, stabile \u00dcbertragung, hohe Geschwindigkeit und stabile \u00dcbertragung bis zu 40G \/100G.<\/li>\n<li>LSZH raucharm und halogenfrei flammhemmend, hohe Zugfestigkeit und Haltbarkeit.<\/li>\n<\/ol>\n<div class=\"a-column a-span6\">\n<h3>Spezifikation<\/h3>\n<table style=\"width: 100%; height: 690px;\">\n<tbody>\n<tr style=\"height: 53px;\">\n<td style=\"height: 53px;\" width=\"211\">Markenname<\/td>\n<td style=\"height: 53px;\" width=\"387\">LuLeey<\/td>\n<\/tr>\n<tr style=\"height: 53px;\">\n<td style=\"height: 53px;\" width=\"211\">Herkunft<\/td>\n<td style=\"height: 53px;\" width=\"387\">Festland China<\/td>\n<\/tr>\n<tr style=\"height: 53px;\">\n<td style=\"height: 53px;\">Produktname<\/td>\n<td style=\"height: 53px;\" width=\"387\">MPO auf 8 x LC (4 Duplex) , OM3 MM<\/td>\n<\/tr>\n<tr style=\"height: 53px;\">\n<td style=\"height: 53px;\">Steckertyp MPO<\/td>\n<td style=\"height: 53px;\">\u00a0MPO Weiblich<\/td>\n<\/tr>\n<tr style=\"height: 53px;\">\n<td style=\"height: 53px;\">\u00dcbertragungsrate<\/td>\n<td style=\"height: 53px;\"><span class=\"a-list-item\">40G \/ 100G<\/span><\/td>\n<\/tr>\n<tr style=\"height: 53px;\">\n<td style=\"height: 53px;\">Faser-Typ<\/td>\n<td style=\"height: 53px;\"><span class=\"a-list-item\">Multi<\/span> Modus<\/td>\n<\/tr>\n<tr style=\"height: 53px;\">\n<td style=\"height: 53px;\">Einf\u00fcgungsd\u00e4mpfung MPO<\/td>\n<td style=\"height: 53px;\">\u00a0\u2264 0,3dB<\/td>\n<\/tr>\n<tr style=\"height: 53px;\">\n<td style=\"height: 53px;\">R\u00fcckflussd\u00e4mpfung<\/td>\n<td style=\"height: 53px;\">\u2265 50dB<\/td>\n<\/tr>\n<tr style=\"height: 53px;\">\n<td style=\"height: 53px;\">Arbeits-Wellenl\u00e4nge<\/td>\n<td style=\"height: 53px;\">850nm\/1300nm<\/td>\n<\/tr>\n<tr style=\"height: 53px;\">\n<td style=\"height: 53px;\">Kleiner Biegeradius des optischen Kabels (statisch) mm<\/td>\n<td style=\"height: 53px;\">das 10-fache des Au\u00dfendurchmessers des optischen Kabels<\/td>\n<\/tr>\n<tr style=\"height: 53px;\">\n<td style=\"height: 54px;\">Kleiner Biegeradius des optischen Kabels (dynamisch) mm<\/td>\n<td style=\"height: 54px;\">das 20-fache des Au\u00dfendurchmessers des optischen Kabels<\/td>\n<\/tr>\n<tr style=\"height: 53px;\">\n<td style=\"height: 53px;\">Zugfestigkeit<\/td>\n<td style=\"height: 53px;\">\u00a0\u2265120N<\/td>\n<\/tr>\n<tr style=\"height: 53px;\">\n<td style=\"height: 53px;\">Lagertemperatur<\/td>\n<td style=\"height: 53px;\">\u00a0-40~+85\u00b0C<\/td>\n<\/tr>\n<\/tbody>\n<\/table>\n<\/div>","protected":false},"excerpt":{"rendered":"<ul>\n<li class=\"a-spacing-mini\"><span class=\"a-list-item\">MPO auf 8 x LC Kabel<\/span><\/li>\n<li class=\"a-spacing-mini\"><span class=\"a-list-item\">MMF(50\/125um), OM3, LSZH 8-Core Fiber, (MPO Stecker Buchse ohne PIN).<\/span><\/li>\n<li class=\"a-spacing-mini\"><span class=\"a-list-item\">F\u00fcr QSFP+Tansceiver, 50\/125um OM3 Multimode-Glasfaser,<\/span><\/li>\n<li class=\"a-spacing-mini\"><span class=\"a-list-item\">Einf\u00fcged\u00e4mpfung: MPO &lt;0,7 dB; LC 35dB; LC&gt;30dB<\/span><\/li>\n<li class=\"a-spacing-mini\"><span class=\"a-list-item\">Jedes Kabel 100% auf geringe Einf\u00fcgungsd\u00e4mpfung und R\u00fcckreflexion getestet<\/span><\/li>\n<\/ul>","protected":false},"featured_media":15055,"comment_status":"open","ping_status":"closed","template":"","meta":[],"product_brand":[],"product_cat":[475],"product_tag":[489,263,264,478],"class_list":{"0":"post-15048","1":"product","2":"type-product","3":"status-publish","4":"has-post-thumbnail","6":"product_cat-mtp-mpo-fiber-cables","7":"product_tag-8-lc","8":"product_tag-mm","9":"product_tag-mpo","10":"product_tag-mpo-to-lc","12":"first","13":"instock","14":"featured","15":"shipping-taxable","16":"purchasable","17":"product-type-variable"},"_links":{"self":[{"href":"https:\/\/www.luleey.com\/de\/wp-json\/wp\/v2\/product\/15048","targetHints":{"allow":["GET"]}}],"collection":[{"href":"https:\/\/www.luleey.com\/de\/wp-json\/wp\/v2\/product"}],"about":[{"href":"https:\/\/www.luleey.com\/de\/wp-json\/wp\/v2\/types\/product"}],"replies":[{"embeddable":true,"href":"https:\/\/www.luleey.com\/de\/wp-json\/wp\/v2\/comments?post=15048"}],"wp:featuredmedia":[{"embeddable":true,"href":"https:\/\/www.luleey.com\/de\/wp-json\/wp\/v2\/media\/15055"}],"wp:attachment":[{"href":"https:\/\/www.luleey.com\/de\/wp-json\/wp\/v2\/media?parent=15048"}],"wp:term":[{"taxonomy":"product_brand","embeddable":true,"href":"https:\/\/www.luleey.com\/de\/wp-json\/wp\/v2\/product_brand?post=15048"},{"taxonomy":"product_cat","embeddable":true,"href":"https:\/\/www.luleey.com\/de\/wp-json\/wp\/v2\/product_cat?post=15048"},{"taxonomy":"product_tag","embeddable":true,"href":"https:\/\/www.luleey.com\/de\/wp-json\/wp\/v2\/product_tag?post=15048"}],"curies":[{"name":"wp","href":"https:\/\/api.w.org\/{rel}","templated":true}]}}