{"id":15095,"date":"2024-09-08T15:06:00","date_gmt":"2024-09-08T07:06:00","guid":{"rendered":"https:\/\/www.luleey.com\/?post_type=product&#038;p=15095"},"modified":"2025-09-18T16:51:23","modified_gmt":"2025-09-18T08:51:23","slug":"mpo-to-12-x-sc-om4-mm","status":"publish","type":"product","link":"https:\/\/www.luleey.com\/de\/produkt-2\/mpo-to-12-x-sc-om4-mm\/","title":{"rendered":"MPO\/MTP auf 12 x SC , OM4 MM"},"content":{"rendered":"<p data-spm-anchor-id=\"a2g0o.detail.1000023.i0.525da32aC35IUk\"><span style=\"font-size: 12pt;\">MPO\/MTP-Glasfaser-Patchkabel werden in Geb\u00e4ude-zu-Geb\u00e4ude-Verkabelungssystemen, Glasfaser-Kommunikationssystemen, Verkabelung von lokalen Netzwerken und optisch aktiven Ger\u00e4ten verwendet. Telekommunikationssysteme, optische Verbindungen in der lokalen Verkabelung, aktive optische Ger\u00e4te, Kommunikationssysteme Glasfaserverkabelung in Telekommunikations-Basisstationen, Parkr\u00e4umen, gewerblichen Geb\u00e4uder\u00e4umen, gewerblichen Geb\u00e4uder\u00e4umen, Kabelfernsehnetzen, Telekommunikationsnetzen, lokalen Netzen (ILANs), Weitverkehrsnetzen (WANs) und optischen Signalen \u00fcber Glasfaser (FTTX).<\/span><\/p>\n<h4 data-spm-anchor-id=\"a2g0o.detail.1000023.i0.525da32aC35IUk\">Eigenschaften<\/h4>\n<ol>\n<li>Der MPO\/MTP zu FC UPC 12 Kern ist hochkompatibel und kann in allen Arten von faseroptischen lokalen Netzwerken, faseroptischen Kommunikationssystemen, Instrumenten und Messger\u00e4ten sowie CATV-Netzwerken verwendet werden.<\/li>\n<li>Die geringe Einf\u00fcgungsd\u00e4mpfung gew\u00e4hrleistet eine stabile und schnelle \u00dcbertragung.<\/li>\n<li>Hochwertiger Faserkern, stabile \u00dcbertragung, hohe Geschwindigkeit und stabile \u00dcbertragung bis zu 40G \/ 100G.<\/li>\n<li>LSZH raucharm und halogenfrei flammhemmend, hohe Zugfestigkeit und Haltbarkeit.<\/li>\n<\/ol>\n<div class=\"a-column a-span6\">\n<h3>Spezifikation<\/h3>\n<table style=\"width: 100%; height: 848px;\" width=\"598\">\n<tbody>\n<tr style=\"height: 53px;\">\n<td style=\"height: 53px; width: 35.2364%;\" width=\"211\">Markenname<\/td>\n<td style=\"height: 53px; width: 64.6744%;\" width=\"387\">LuLeey<\/td>\n<\/tr>\n<tr style=\"height: 53px;\">\n<td style=\"height: 53px; width: 35.2364%;\" width=\"211\">Herkunft<\/td>\n<td style=\"height: 53px; width: 64.6744%;\" width=\"387\">Festland China<\/td>\n<\/tr>\n<tr style=\"height: 53px;\">\n<td style=\"height: 53px; width: 35.2364%;\">Produktname<\/td>\n<td style=\"height: 53px; width: 64.6744%;\" width=\"387\">MPO\/MTP auf 12 x SC , OM4 MM<\/td>\n<\/tr>\n<tr style=\"height: 53px;\">\n<td style=\"height: 53px; width: 35.2364%;\">Steckertyp MPO<\/td>\n<td style=\"height: 53px; width: 64.6744%;\">\u00a0MPO oder MTP<\/td>\n<\/tr>\n<tr style=\"height: 53px;\">\n<td style=\"height: 53px; width: 35.2364%;\">Anschluss<\/td>\n<td style=\"height: 53px; width: 64.6744%;\">\u00a0FC, LC, SC, ST (fakultativ)<\/td>\n<\/tr>\n<tr style=\"height: 53px;\">\n<td style=\"height: 53px; width: 35.2364%;\">Faser-Typ<\/td>\n<td style=\"height: 53px; width: 64.6744%;\">Multi-Modus<\/td>\n<\/tr>\n<tr style=\"height: 53px;\">\n<td style=\"height: 53px; width: 35.2364%;\">Test-Wellenl\u00e4nge<\/td>\n<td style=\"height: 53px; width: 64.6744%;\">850nm 1300nm<\/td>\n<\/tr>\n<tr style=\"height: 53px;\">\n<td style=\"height: 53px; width: 35.2364%;\">Einf\u00fcgungsd\u00e4mpfung MPO<\/td>\n<td style=\"height: 53px; width: 64.6744%;\">\u00a0Typisch \u2264 0,20dB, maximal \u2264 0,70dB<\/td>\n<\/tr>\n<tr style=\"height: 53px;\">\n<td style=\"height: 53px; width: 35.2364%;\">Anschluss<\/td>\n<td style=\"height: 53px; width: 64.6744%;\">\u00a0Typisch \u2264 0,20dB, maximal \u2264 0,30dB<\/td>\n<\/tr>\n<tr style=\"height: 53px;\">\n<td style=\"height: 53px; width: 35.2364%;\">R\u00fcckflussd\u00e4mpfung<\/td>\n<td style=\"height: 53px; width: 64.6744%;\">\u00a0APC \u2265 60dB, UPC \u2265 50dB<\/td>\n<\/tr>\n<tr style=\"height: 53px;\">\n<td style=\"height: 53px; width: 35.2364%;\">Test der Zeiten f\u00fcr das Einsetzen und Entfernen des MPO<\/td>\n<td style=\"height: 53px; width: 64.6744%;\">\u00a0\u2265500 mal<\/td>\n<\/tr>\n<tr style=\"height: 53px;\">\n<td style=\"height: 53px; width: 35.2364%;\">Zeiten f\u00fcr das Stecken und Ziehen von Steckern testen<\/td>\n<td style=\"height: 53px; width: 64.6744%;\">\u00a0\u22651000 mal<\/td>\n<\/tr>\n<tr style=\"height: 53px;\">\n<td style=\"height: 53px; width: 35.2364%;\">Zugfestigkeit<\/td>\n<td style=\"height: 53px; width: 64.6744%;\">\u00a0\u2265120N (ohne 0,9mm Glasfaserkabel)<\/td>\n<\/tr>\n<tr style=\"height: 53px;\">\n<td style=\"height: 53px; width: 35.2364%;\">Betriebstemperatur<\/td>\n<td style=\"height: 53px; width: 64.6744%;\">\u00a0-20~+70\u00b0C<\/td>\n<\/tr>\n<tr style=\"height: 53px;\">\n<td style=\"height: 53px; width: 35.2364%;\">Lagertemperatur<\/td>\n<td style=\"height: 53px; width: 64.6744%;\">\u00a0-35~+75\u00b0C<\/td>\n<\/tr>\n<\/tbody>\n<\/table>\n<\/div>","protected":false},"excerpt":{"rendered":"<ul>\n<li class=\"a-spacing-mini\"><span class=\"a-list-item\">Hochwertiges Glasfaserkabel der G\u00fcteklasse A mit 10mm Min. Biegeradius<\/span><\/li>\n<li class=\"a-spacing-mini\"><span class=\"a-list-item\">LSZH OFNR bewerteter Au\u00dfenmantel, feuerbest\u00e4ndig und raucharm zur Minimierung von Sch\u00e4den<\/span><\/li>\n<li class=\"a-spacing-mini\"><span class=\"a-list-item\">Ideal f\u00fcr 40G\/100G Indoor-Verbindungen<\/span><\/li>\n<li class=\"a-spacing-mini\"><span class=\"a-list-item\">Verkabelung mit hoher Dichte f\u00fcr verschiedene Umgebungen<\/span><\/li>\n<\/ul>","protected":false},"featured_media":15103,"comment_status":"open","ping_status":"closed","template":"","meta":[],"product_brand":[],"product_cat":[475],"product_tag":[493,263,264,492,487],"class_list":{"0":"post-15095","1":"product","2":"type-product","3":"status-publish","4":"has-post-thumbnail","6":"product_cat-mtp-mpo-fiber-cables","7":"product_tag-12-sc","8":"product_tag-mm","9":"product_tag-mpo","10":"product_tag-mpt-to-sc","11":"product_tag-om4","13":"first","14":"instock","15":"shipping-taxable","16":"purchasable","17":"product-type-variable","18":"has-default-attributes"},"_links":{"self":[{"href":"https:\/\/www.luleey.com\/de\/wp-json\/wp\/v2\/product\/15095","targetHints":{"allow":["GET"]}}],"collection":[{"href":"https:\/\/www.luleey.com\/de\/wp-json\/wp\/v2\/product"}],"about":[{"href":"https:\/\/www.luleey.com\/de\/wp-json\/wp\/v2\/types\/product"}],"replies":[{"embeddable":true,"href":"https:\/\/www.luleey.com\/de\/wp-json\/wp\/v2\/comments?post=15095"}],"wp:featuredmedia":[{"embeddable":true,"href":"https:\/\/www.luleey.com\/de\/wp-json\/wp\/v2\/media\/15103"}],"wp:attachment":[{"href":"https:\/\/www.luleey.com\/de\/wp-json\/wp\/v2\/media?parent=15095"}],"wp:term":[{"taxonomy":"product_brand","embeddable":true,"href":"https:\/\/www.luleey.com\/de\/wp-json\/wp\/v2\/product_brand?post=15095"},{"taxonomy":"product_cat","embeddable":true,"href":"https:\/\/www.luleey.com\/de\/wp-json\/wp\/v2\/product_cat?post=15095"},{"taxonomy":"product_tag","embeddable":true,"href":"https:\/\/www.luleey.com\/de\/wp-json\/wp\/v2\/product_tag?post=15095"}],"curies":[{"name":"wp","href":"https:\/\/api.w.org\/{rel}","templated":true}]}}