{"id":15143,"date":"2024-09-08T20:48:27","date_gmt":"2024-09-08T12:48:27","guid":{"rendered":"https:\/\/www.luleey.com\/?post_type=product&#038;p=15143"},"modified":"2024-10-23T14:48:36","modified_gmt":"2024-10-23T06:48:36","slug":"mtp-mpo-fiber-optic-loopback-om4-mm","status":"publish","type":"product","link":"https:\/\/www.luleey.com\/de\/produkt-2\/mtp-mpo-fiber-optic-loopback-om4-mm\/","title":{"rendered":"MTP\/MPO Glasfaser Loopback, OM4 MM"},"content":{"rendered":"<h4 data-spm-anchor-id=\"a2g0o.detail.1000023.i0.525da32aC35IUk\">Eigenschaften<\/h4>\n<ol>\n<li>MTP\/MPO Fiber Optic Loopback ist hochkompatibel und kann in allen Arten von faseroptischen lokalen Netzwerken, faseroptischen Kommunikationssystemen, Instrumenten und Messger\u00e4ten sowie CATV-Netzwerken verwendet werden.<\/li>\n<li>Die geringe Einf\u00fcgungsd\u00e4mpfung gew\u00e4hrleistet eine stabile und schnelle \u00dcbertragung.<\/li>\n<li>Hochwertiger Faserkern, stabile \u00dcbertragung, hohe Geschwindigkeit und stabile \u00dcbertragung bis zu 40G \/100G.<\/li>\n<li>LSZH raucharm und halogenfrei flammhemmend, hohe Zugfestigkeit und Haltbarkeit.<\/li>\n<\/ol>\n<div class=\"a-column a-span6\">\n<h3>Spezifikation<\/h3>\n<table style=\"width: 100%; height: 690px;\">\n<tbody>\n<tr style=\"height: 53px;\">\n<td style=\"height: 53px;\" width=\"211\">Markenname<\/td>\n<td style=\"height: 53px;\" width=\"387\">LuLeey<\/td>\n<\/tr>\n<tr style=\"height: 53px;\">\n<td style=\"height: 53px;\" width=\"211\">Herkunft<\/td>\n<td style=\"height: 53px;\" width=\"387\">Festland China<\/td>\n<\/tr>\n<tr style=\"height: 53px;\">\n<td style=\"height: 53px;\">Produktname<\/td>\n<td style=\"height: 53px;\" width=\"387\">MTP\/MPO Glasfaser Loopback, OM4 MM<\/td>\n<\/tr>\n<tr style=\"height: 53px;\">\n<td style=\"height: 53px;\">Steckertyp MPO<\/td>\n<td style=\"height: 53px;\">\u00a0MPO Weiblich<\/td>\n<\/tr>\n<tr style=\"height: 53px;\">\n<td style=\"height: 53px;\">\u00dcbertragungsrate<\/td>\n<td style=\"height: 53px;\"><span class=\"a-list-item\">40G \/ 100G<\/span><\/td>\n<\/tr>\n<tr style=\"height: 53px;\">\n<td style=\"height: 53px;\">Faser-Typ<\/td>\n<td style=\"height: 53px;\"><span class=\"a-list-item\">Multi<\/span> Modus<\/td>\n<\/tr>\n<tr style=\"height: 53px;\">\n<td style=\"height: 53px;\">Einf\u00fcgungsd\u00e4mpfung MPO<\/td>\n<td style=\"height: 53px;\">\u00a0\u2264 0,35dB<\/td>\n<\/tr>\n<tr style=\"height: 53px;\">\n<td style=\"height: 53px;\">R\u00fcckflussd\u00e4mpfung<\/td>\n<td style=\"height: 53px;\">\u2265 50dB<\/td>\n<\/tr>\n<tr style=\"height: 53px;\">\n<td style=\"height: 53px;\">Arbeits-Wellenl\u00e4nge<\/td>\n<td style=\"height: 53px;\">850nm\/1300nm<\/td>\n<\/tr>\n<tr style=\"height: 53px;\">\n<td style=\"height: 53px;\">Kleiner Biegeradius des optischen Kabels (statisch) mm<\/td>\n<td style=\"height: 53px;\">das 10-fache des Au\u00dfendurchmessers des optischen Kabels<\/td>\n<\/tr>\n<tr style=\"height: 53px;\">\n<td style=\"height: 54px;\">Kleiner Biegeradius des optischen Kabels (dynamisch) mm<\/td>\n<td style=\"height: 54px;\">das 20-fache des Au\u00dfendurchmessers des optischen Kabels<\/td>\n<\/tr>\n<tr style=\"height: 53px;\">\n<td style=\"height: 53px;\">Zugfestigkeit<\/td>\n<td style=\"height: 53px;\">\u00a0\u2265500N<\/td>\n<\/tr>\n<tr style=\"height: 53px;\">\n<td style=\"height: 53px;\">Lagertemperatur<\/td>\n<td style=\"height: 53px;\">\u00a0-40~+85\u00b0C<\/td>\n<\/tr>\n<\/tbody>\n<\/table>\n<\/div>","protected":false},"excerpt":{"rendered":"<ul class=\"a-unordered-list a-vertical a-spacing-mini\">\n<li class=\"a-spacing-mini\"><span class=\"a-list-item\">MPO Fiber Optic Loopback Tester (Multimode OM4 ) Typ-B, kompatibel 8\/12\/24 Fasern<\/span><\/li>\n<li class=\"a-spacing-mini\"><span class=\"a-list-item\">Dieser MPO Push\/Pull-Stecker ist der Standard in allen QSFP- und QSFP+-Modulen. Plug-and-Play, keine zus\u00e4tzliche Einrichtung erforderlich.<\/span><\/li>\n<li class=\"a-spacing-mini\"><span class=\"a-list-item\">Jeder MPO-Steckverbinder ist mit einer PC-Polierung versehen, um die Einf\u00fcgungsd\u00e4mpfung beim Testen zu reduzieren.<\/span><\/li>\n<li class=\"a-spacing-mini\"><span class=\"a-list-item\">Vollst\u00e4ndig konform mit den MPO-Spezifikationen Unterst\u00fctzt QSFP+-Transceiver<\/span><\/li>\n<li class=\"a-spacing-mini\"><span class=\"a-list-item\">Ideal f\u00fcr eine Vielzahl von Anwendungen, die eine Signalschleife in einem MPO-Formfaktor erfordern. Testen Sie schnell Multimode-QSFP- und QSFP+-Glasfasertransceiver mit Raten von 10 Gb, 40 GB und 100 GB.<\/span><\/li>\n<\/ul>","protected":false},"featured_media":15147,"comment_status":"open","ping_status":"closed","template":"","meta":[],"product_brand":[],"product_cat":[496],"product_tag":[263,500,487],"class_list":{"0":"post-15143","1":"product","2":"type-product","3":"status-publish","4":"has-post-thumbnail","6":"product_cat-fiber-optic-loopback","7":"product_tag-mm","8":"product_tag-mpo-fiber-optic-loopback","9":"product_tag-om4","11":"first","12":"instock","13":"shipping-taxable","14":"purchasable","15":"product-type-variable"},"_links":{"self":[{"href":"https:\/\/www.luleey.com\/de\/wp-json\/wp\/v2\/product\/15143","targetHints":{"allow":["GET"]}}],"collection":[{"href":"https:\/\/www.luleey.com\/de\/wp-json\/wp\/v2\/product"}],"about":[{"href":"https:\/\/www.luleey.com\/de\/wp-json\/wp\/v2\/types\/product"}],"replies":[{"embeddable":true,"href":"https:\/\/www.luleey.com\/de\/wp-json\/wp\/v2\/comments?post=15143"}],"wp:featuredmedia":[{"embeddable":true,"href":"https:\/\/www.luleey.com\/de\/wp-json\/wp\/v2\/media\/15147"}],"wp:attachment":[{"href":"https:\/\/www.luleey.com\/de\/wp-json\/wp\/v2\/media?parent=15143"}],"wp:term":[{"taxonomy":"product_brand","embeddable":true,"href":"https:\/\/www.luleey.com\/de\/wp-json\/wp\/v2\/product_brand?post=15143"},{"taxonomy":"product_cat","embeddable":true,"href":"https:\/\/www.luleey.com\/de\/wp-json\/wp\/v2\/product_cat?post=15143"},{"taxonomy":"product_tag","embeddable":true,"href":"https:\/\/www.luleey.com\/de\/wp-json\/wp\/v2\/product_tag?post=15143"}],"curies":[{"name":"wp","href":"https:\/\/api.w.org\/{rel}","templated":true}]}}