{"id":15164,"date":"2024-09-08T21:54:29","date_gmt":"2024-09-08T13:54:29","guid":{"rendered":"https:\/\/www.luleey.com\/?post_type=product&#038;p=15164"},"modified":"2024-09-09T09:29:04","modified_gmt":"2024-09-09T01:29:04","slug":"fiber-optic-loopback-lc-upc-om4-mm","status":"publish","type":"product","link":"https:\/\/www.luleey.com\/de\/produkt-2\/fiber-optic-loopback-lc-upc-om4-mm\/","title":{"rendered":"Glasfaser Loopback, LC UPC, OM4 MM"},"content":{"rendered":"<h4 data-spm-anchor-id=\"a2g0o.detail.1000023.i0.525da32aC35IUk\">Eigenschaften<\/h4>\n<ol>\n<li class=\"a-spacing-mini\"><span class=\"a-list-item\">Hochwertige Leistung: Multimode 50\/125\u03bcm LC\/UPC Fiber Optic Loopback Adapter. Mit diesem kompakten LC-Faser-Loopback k\u00f6nnen Multimode-SFP- und SFP+-Glasfasertransceiver mit Raten von 1 GB, 10 GB und 100 GB getestet werden.<\/span><\/li>\n<li class=\"a-spacing-mini\"><span class=\"a-list-item\">Effiziente Diagnostik: Mit dem Duplex LC Connector Loopback Adapter vereinfacht der Adapter den Prozess der Diagnose und Verwaltung von Netzwerkger\u00e4ten und bietet eine unkomplizierte L\u00f6sung f\u00fcr Wartung und Fehlersuche.<\/span><\/li>\n<li class=\"a-spacing-mini\"><span class=\"a-list-item\">Benutzerfreundlich: Der LC Fiber Optic Loopback Tester ist auf Einfachheit ausgelegt und erm\u00f6glicht schnelles und effizientes Testen ohne komplizierte Einstellungen, was ihn zu einem idealen Werkzeug f\u00fcr Netzwerktechniker aller Ebenen macht.<\/span><\/li>\n<li class=\"a-spacing-mini\"><span class=\"a-list-item\">Robustes Design: Das robuste Design des LC-Glasfaseradapters ist auf Langlebigkeit ausgelegt und h\u00e4lt dem regelm\u00e4\u00dfigen Einsatz in stark frequentierten Netzwerkumgebungen stand, wodurch Langlebigkeit und gleichbleibende Qualit\u00e4t gew\u00e4hrleistet werden.<\/span><\/li>\n<li class=\"a-spacing-mini\"><span class=\"a-list-item\">Universelle Kompatibilit\u00e4t: Perfekt kompatibel mit OM4-Multimode-Fasern, gew\u00e4hrleistet der LC Fiber Optic Loopback-Tester zuverl\u00e4ssige Leistung in einer Vielzahl von Netzwerkinfrastrukturen.<\/span><\/li>\n<\/ol>\n<div class=\"a-column a-span6\">\n<h3>Spezifikation<\/h3>\n<table style=\"width: 100%; height: 584px;\">\n<tbody>\n<tr style=\"height: 53px;\">\n<td style=\"height: 53px;\" width=\"211\">Markenname<\/td>\n<td style=\"height: 53px;\" width=\"387\">LuLeey<\/td>\n<\/tr>\n<tr style=\"height: 53px;\">\n<td style=\"height: 53px;\" width=\"211\">Herkunft<\/td>\n<td style=\"height: 53px;\" width=\"387\">Festland China<\/td>\n<\/tr>\n<tr style=\"height: 53px;\">\n<td style=\"height: 53px;\">Produktname<\/td>\n<td style=\"height: 53px;\" width=\"387\">Glasfaser Loopback, LC UPC, OM4 MM<\/td>\n<\/tr>\n<tr style=\"height: 53px;\">\n<td style=\"height: 53px;\">Verbindungstyp<\/td>\n<td style=\"height: 53px;\">LC\/UPC<\/td>\n<\/tr>\n<tr style=\"height: 53px;\">\n<td style=\"height: 53px;\">Test-Wellenl\u00e4nge<\/td>\n<td style=\"height: 53px;\">1300 nm\/850 nm<\/td>\n<\/tr>\n<tr style=\"height: 53px;\">\n<td style=\"height: 53px;\">Einf\u00fcgungsd\u00e4mpfung<\/td>\n<td style=\"height: 53px;\">\u2264 0,2dB<\/td>\n<\/tr>\n<tr style=\"height: 53px;\">\n<td style=\"height: 53px;\">R\u00fcckflussd\u00e4mpfung<\/td>\n<td style=\"height: 53px;\">\u226560dB<\/td>\n<\/tr>\n<tr style=\"height: 53px;\">\n<td style=\"height: 53px;\">Kern<\/td>\n<td style=\"height: 53px;\">Zirkoniumdioxid-Keramik<\/td>\n<\/tr>\n<tr style=\"height: 53px;\">\n<td style=\"height: 53px;\">Stecken Sie die Leistung<\/td>\n<td style=\"height: 53px;\">1000-mal stecken<\/td>\n<\/tr>\n<tr style=\"height: 53px;\">\n<td style=\"height: 54px;\">Lagertemperatur<\/td>\n<td style=\"height: 54px;\">\u00a0-55~+85\u00b0C<\/td>\n<\/tr>\n<tr style=\"height: 53px;\">\n<td style=\"height: 53px;\">Lagertemperatur<\/td>\n<td style=\"height: 53px;\">\u00a0-40~+80\u00b0C<\/td>\n<\/tr>\n<\/tbody>\n<\/table>\n<\/div>","protected":false},"excerpt":{"rendered":"<ul class=\"a-unordered-list a-vertical a-spacing-mini\">\n<li class=\"a-spacing-mini\"><span class=\"a-list-item\">Fiber Optic Loopback bietet einen R\u00fcckkanal f\u00fcr ein Signal, sei es zu Testzwecken oder zur Wiederherstellung des Netzwerks.<\/span><\/li>\n<li class=\"a-spacing-mini\"><span class=\"a-list-item\">Im Falle von Tests wird das Loopback-Signal zur Diagnose eines Problems verwendet<\/span><\/li>\n<li class=\"a-spacing-mini\"><span class=\"a-list-item\">Das Senden eines Loopback-Tests an ein Netzwerkger\u00e4t, eines nach dem anderen, ist eine Technik zur Isolierung eines Problems.<\/span><\/li>\n<li class=\"a-spacing-mini\"><span class=\"a-list-item\">Niedrige Einf\u00fcgungsd\u00e4mpfung, hohe R\u00fcckflussd\u00e4mpfung<\/span><\/li>\n<li class=\"a-spacing-mini\"><span class=\"a-list-item\">LC\/UPC-Schnittstelle ist verf\u00fcgbar OM4<\/span><\/li>\n<\/ul>","protected":false},"featured_media":15166,"comment_status":"open","ping_status":"closed","template":"","meta":[],"product_brand":[],"product_cat":[496],"product_tag":[501,246,263,487],"class_list":{"0":"post-15164","1":"product","2":"type-product","3":"status-publish","4":"has-post-thumbnail","6":"product_cat-fiber-optic-loopback","7":"product_tag-fiber-optic-loopback","8":"product_tag-lc-upc","9":"product_tag-mm","10":"product_tag-om4","12":"first","13":"instock","14":"shipping-taxable","15":"purchasable","16":"product-type-simple"},"_links":{"self":[{"href":"https:\/\/www.luleey.com\/de\/wp-json\/wp\/v2\/product\/15164","targetHints":{"allow":["GET"]}}],"collection":[{"href":"https:\/\/www.luleey.com\/de\/wp-json\/wp\/v2\/product"}],"about":[{"href":"https:\/\/www.luleey.com\/de\/wp-json\/wp\/v2\/types\/product"}],"replies":[{"embeddable":true,"href":"https:\/\/www.luleey.com\/de\/wp-json\/wp\/v2\/comments?post=15164"}],"wp:featuredmedia":[{"embeddable":true,"href":"https:\/\/www.luleey.com\/de\/wp-json\/wp\/v2\/media\/15166"}],"wp:attachment":[{"href":"https:\/\/www.luleey.com\/de\/wp-json\/wp\/v2\/media?parent=15164"}],"wp:term":[{"taxonomy":"product_brand","embeddable":true,"href":"https:\/\/www.luleey.com\/de\/wp-json\/wp\/v2\/product_brand?post=15164"},{"taxonomy":"product_cat","embeddable":true,"href":"https:\/\/www.luleey.com\/de\/wp-json\/wp\/v2\/product_cat?post=15164"},{"taxonomy":"product_tag","embeddable":true,"href":"https:\/\/www.luleey.com\/de\/wp-json\/wp\/v2\/product_tag?post=15164"}],"curies":[{"name":"wp","href":"https:\/\/api.w.org\/{rel}","templated":true}]}}