{"id":15198,"date":"2024-09-09T22:07:19","date_gmt":"2024-09-09T14:07:19","guid":{"rendered":"https:\/\/www.luleey.com\/?post_type=product&#038;p=15198"},"modified":"2024-09-22T17:14:34","modified_gmt":"2024-09-22T09:14:34","slug":"pressure-alcohol-bottle-200ml","status":"publish","type":"product","link":"https:\/\/www.luleey.com\/de\/produkt-2\/pressure-alcohol-bottle-200ml\/","title":{"rendered":"Druckalkoholflasche, 200ml"},"content":{"rendered":"<h4 data-spm-anchor-id=\"a2g0o.detail.1000023.i0.525da32aC35IUk\">Eigenschaften<\/h4>\n<ol>\n<li class=\"a-spacing-mini\">200ml\/6.8oz Volumen, 4.7*2.3inch, leicht und einfach zu tragen<\/li>\n<li class=\"a-spacing-mini\">Premium Material,Unsere leeren Pumpspenderflaschen sind aus hochwertigem Kunststoff, leicht und langlebig. Built-in Druckfeder, f\u00fcr viele Male ohne Verformung verwendet, die Sie f\u00fcr eine lange Zeit dienen kann.<\/li>\n<li class=\"a-spacing-mini\">Abschlie\u00dfbar&amp;Praktisch,Abschlie\u00dfbarer Designkopf, verhindert versehentliches Dr\u00fccken. Legen Sie einfach ein Wattepad auf der Oberseite und dr\u00fccken Sie die Mitte der Flasche, wird die Fl\u00fcssigkeit an die Oberfl\u00e4che steigen, f\u00fcllen und tr\u00e4nkte die Wattepads, vermeiden Versch\u00fctten.<\/li>\n<li class=\"a-spacing-mini\">Breite Anwendung, diese nachf\u00fcllbaren Pumpspenderflaschen k\u00f6nnen weithin verwendet werden, um Alkohol, Reinigungsmittel, Faserreinigung, Nagellackentferner, Make-up-Entferner, etc. zu halten. Perfe<\/li>\n<\/ol>\n<div class=\"a-column a-span6\">\n<h3>Spezifikation<\/h3>\n<table style=\"border-collapse: collapse; width: 100%; height: 281px;\">\n<tbody>\n<tr style=\"height: 69px;\">\n<td style=\"width: 50%; height: 69px;\">Marke<\/td>\n<td style=\"width: 50%; height: 69px;\">LuLeey<\/td>\n<\/tr>\n<tr style=\"height: 53px;\">\n<td style=\"width: 50%; height: 53px;\">Produktname<\/td>\n<td style=\"width: 50%; height: 53px;\">Druckalkoholflasche, 200ml<\/td>\n<\/tr>\n<tr style=\"height: 53px;\">\n<td style=\"width: 50%; height: 53px;\">Material<\/td>\n<td style=\"width: 50%; height: 53px;\">Kunststoff<\/td>\n<\/tr>\n<tr style=\"height: 53px;\">\n<td style=\"width: 50%; height: 53px;\">Form<\/td>\n<td style=\"width: 50%; height: 53px;\">Rund<\/td>\n<\/tr>\n<tr style=\"height: 53px;\">\n<td style=\"width: 50%; height: 53px;\">Band<\/td>\n<td style=\"width: 50%; height: 53px;\">200ml<\/td>\n<\/tr>\n<\/tbody>\n<\/table>\n<\/div>","protected":false},"excerpt":{"rendered":"<ul class=\"a-unordered-list a-vertical a-spacing-mini\">\n<li class=\"a-spacing-mini\"><span class=\"a-list-item\">Druck-Alkohol-Flasche, Fiber Cleaning, 200ml\/6.8oz Volumen, 4.7*2.3inch, leicht und einfach zu tragen<\/span><\/li>\n<li class=\"a-spacing-mini\"><span class=\"a-list-item\">Aus speziellem Kunststoff mit guter Korrosionsbest\u00e4ndigkeit, ideal f\u00fcr Alkohol, Aceton, Nagellackentferner, Make-up-Entferner und Fl\u00fcssigwaschmittel, etc.<\/span><\/li>\n<li class=\"a-spacing-mini\"><span class=\"a-list-item\">Der Beh\u00e4lter verschwendet keine Fl\u00fcssigkeit, da er auslaufsicher ist, und Sie k\u00f6nnen die Menge der gew\u00fcnschten Fl\u00fcssigkeit durch die Anzahl der Sch\u00fcbe kontrollieren, die Sie machen.<\/span><\/li>\n<li class=\"a-spacing-mini\"><span class=\"a-list-item\">Der obere Deckel hat eine Verriegelung, die verhindert, dass der Kolben versehentlich bet\u00e4tigt wird.<\/span><\/li>\n<li class=\"a-spacing-mini\"><span class=\"a-list-item\">Klare Flasche mit Hochdruckfeder, keine Leckage, einfach zu dr\u00fccken und zu verwenden, die auch eine l\u00e4ngere Lebensdauer haben<\/span><\/li>\n<\/ul>","protected":false},"featured_media":15199,"comment_status":"open","ping_status":"closed","template":"","meta":[],"product_brand":[],"product_cat":[354],"product_tag":[503,222,504],"class_list":{"0":"post-15198","1":"product","2":"type-product","3":"status-publish","4":"has-post-thumbnail","6":"product_cat-fiber-optic-cleaners","7":"product_tag-200ml","8":"product_tag-fiber-cleaning","9":"product_tag-pressure-alcohol-bottle","11":"first","12":"instock","13":"shipping-taxable","14":"purchasable","15":"product-type-simple"},"_links":{"self":[{"href":"https:\/\/www.luleey.com\/de\/wp-json\/wp\/v2\/product\/15198","targetHints":{"allow":["GET"]}}],"collection":[{"href":"https:\/\/www.luleey.com\/de\/wp-json\/wp\/v2\/product"}],"about":[{"href":"https:\/\/www.luleey.com\/de\/wp-json\/wp\/v2\/types\/product"}],"replies":[{"embeddable":true,"href":"https:\/\/www.luleey.com\/de\/wp-json\/wp\/v2\/comments?post=15198"}],"wp:featuredmedia":[{"embeddable":true,"href":"https:\/\/www.luleey.com\/de\/wp-json\/wp\/v2\/media\/15199"}],"wp:attachment":[{"href":"https:\/\/www.luleey.com\/de\/wp-json\/wp\/v2\/media?parent=15198"}],"wp:term":[{"taxonomy":"product_brand","embeddable":true,"href":"https:\/\/www.luleey.com\/de\/wp-json\/wp\/v2\/product_brand?post=15198"},{"taxonomy":"product_cat","embeddable":true,"href":"https:\/\/www.luleey.com\/de\/wp-json\/wp\/v2\/product_cat?post=15198"},{"taxonomy":"product_tag","embeddable":true,"href":"https:\/\/www.luleey.com\/de\/wp-json\/wp\/v2\/product_tag?post=15198"}],"curies":[{"name":"wp","href":"https:\/\/api.w.org\/{rel}","templated":true}]}}