{"id":15340,"date":"2024-09-26T23:17:33","date_gmt":"2024-09-26T15:17:33","guid":{"rendered":"https:\/\/www.luleey.com\/?post_type=product&#038;p=15340"},"modified":"2026-03-26T18:28:23","modified_gmt":"2026-03-26T10:28:23","slug":"xgspon-stick-onu-sfp-transceiver","status":"publish","type":"product","link":"https:\/\/www.luleey.com\/de\/produkt-2\/xgspon-stick-onu-sfp-transceiver\/","title":{"rendered":"XGSPON STICK ONU SFP+ Sendeempf\u00e4nger, XGPON ONU, LL-XS1025"},"content":{"rendered":"<p><a href=\"https:\/\/www.luleey.com\/de\/amazing-10g-xgs-pon-stick-xgpon-sfp-onu-ll-xs1025\/\"><span style=\"color: #ff00ff;\">wie zu verwenden<\/span><\/a><\/p>\n<p><strong>Eigenschaften<\/strong><\/p>\n<ul>\n<li>Kundenspezifisches XGS-PON SFP+ Stick-Modul, unterst\u00fctzt 8311 Community-Firmware.<\/li>\n<li>Hohe Leistung mit 1 GB RAM<\/li>\n<li>Weit verbreitet bei US\/CA\/UK-Telekommunikationsanbietern, wie AT&amp;T, Orange Business, Telus<\/li>\n<li>Unterst\u00fctzung \u00e4ndern <label class=\"cbi-value-title\" for=\"widget.cbid.system.poncfg.gpon_sn\"><label class=\"cbi-value-title\" for=\"widget.cbid.system.poncfg.gpon_sn\"><label class=\"cbi-value-title\" for=\"widget.cbid.system.poncfg.gpon_sn\"><label class=\"cbi-value-title\" for=\"widget.cbid.system.poncfg.gpon_sn\"><label class=\"cbi-value-title\" for=\"widget.cbid.system.poncfg.gpon_sn\">PON-Seriennummer (ONT-ID)\/<label class=\"cbi-value-title\" for=\"widget.cbid.system.poncfg.vendor_id\">Anbieter-ID\/<label class=\"cbi-value-title\" for=\"widget.cbid.system.poncfg.equipment_id\">Ausr\u00fcstung ID\/<label class=\"cbi-value-title\" for=\"widget.cbid.system.poncfg.loid\">Logische ONU-ID\/<label class=\"cbi-value-title\" for=\"widget.cbid.system.poncfg.lpwd\">Logisches Passwort\/MAC.....<\/label><\/label><\/label><\/label><\/label><\/label><\/label><\/label><\/label><\/li>\n<li>\n<div class=\"cbi-value-field\">Unterst\u00fctzung von XGS-PON\/XGPON-Netzwerkl\u00f6sungen<\/div>\n<\/li>\n<li>Bidirektionale Einfaser-Datenverbindungen symmetrisch TX953 Gb\/s \/ RX 9,953 Gb\/s mit MAC-Funktion<\/li>\n<li>SFP-Geh\u00e4use mit SC APC\/UPC-Buchse<\/li>\n<li>Einzelne 3,3-V-Stromversorgung<\/li>\n<li>Hot-Plug-F\u00e4higkeit<\/li>\n<li>DML-DFB-LED mit hoher Leistung bei 1270 nm und hochempfindliche APD bei 1577 nm<\/li>\n<li>Unterst\u00fctzt 20 km \u00dcbertragungsdistanz mit SMF<\/li>\n<li>CML-kompatible Dateneingangs- und -ausgangsschnittstelle<\/li>\n<li>Geringe Verlustleistung &lt; 3 W<\/li>\n<li>Geringe EMI und ausgezeichneter ESD-Schutz<\/li>\n<li>Digitale Diagnosemonitor-Schnittstelle<\/li>\n<li>RoHS-6-Konformit\u00e4t<\/li>\n<li>Temperaturbereich des Geh\u00e4uses: Gewerblich: 0 \u00b0C bis 80 \u00b0C<\/li>\n<li>256 GEM\/XGEM-Anschl\u00fcsse, 64 T-CONTs oder 16 LLIDs<\/li>\n<li>QoS-Engine f\u00fcr Netzbetreiber<\/li>\n<li>Erweiterte Loopback- und Diagnosefunktionen<\/li>\n<li>Unterst\u00fctzt Synchronous Ethernet (SyncE)<\/li>\n<li>kompatibel mit SFP+ Port, wie Switches, Glasfaser-Transceiver, Router, Server und Netzwerkkarten, wie ubiquti dream pro<\/li>\n<\/ul>\n<p><strong>Anwendungen<\/strong><\/p>\n<ul>\n<li>Gateway f\u00fcr Wohnheime<\/li>\n<li>Netzwerk-Switch\/Router, VDSL MDU und G.fast DPU<\/li>\n<li>Mobiler Backhaul<\/li>\n<\/ul>\n<p><strong>Standard<\/strong><\/p>\n<ul>\n<li>Entspricht ITU-T G.987.2<\/li>\n<li>Entspricht ITU-T G.9807.1, G.9807.2<\/li>\n<li>ITU-T G.988 OMCI L2 MAC Bridge (bis zu 64 L2-Br\u00fccken)<\/li>\n<li>8275\/Y.1369\/IEEE 1588v2<\/li>\n<li>Hardware-Unterst\u00fctzung f\u00fcr IEEE 802.1ag und ITU-T Y.1731 Ethernet OAM-Verz\u00f6gerungs- und Verlustmessung<\/li>\n<\/ul>\n<table style=\"border-collapse: collapse; width: 100%; height: 159px;\">\n<tbody>\n<tr style=\"height: 53px;\">\n<td style=\"width: 33.3333%; height: 53px;\">Produktname<\/td>\n<td style=\"width: 33.3333%; height: 53px;\">XGSPON STICK ONU SFP+ Transceiver<\/td>\n<\/tr>\n<tr style=\"height: 53px;\">\n<td style=\"width: 33.3333%; height: 53px;\">Marke<\/td>\n<td style=\"width: 33.3333%; height: 53px;\">LuLeey<\/td>\n<\/tr>\n<tr>\n<td style=\"width: 33.3333%;\">Modell<\/td>\n<td style=\"width: 33.3333%;\">LL-xs1025<\/td>\n<\/tr>\n<tr>\n<td style=\"width: 33.3333%;\">Chips<\/td>\n<td style=\"width: 33.3333%;\">MaxLinear PRX300\/PRX126<\/td>\n<\/tr>\n<tr>\n<td style=\"width: 33.3333%;\">RAM<\/td>\n<td style=\"width: 33.3333%;\">1G<\/td>\n<\/tr>\n<\/tbody>\n<\/table>\n<table width=\"100%\">\n<tbody>\n<tr>\n<td colspan=\"6\" width=\"100%\"><strong>Absolut<\/strong> <strong>Ma<\/strong><strong>xmaximale Bewertungen<\/strong><\/td>\n<\/tr>\n<tr>\n<td width=\"29%\"><strong>Parameter<\/strong><\/td>\n<td width=\"10%\"><strong>Symbol<\/strong><\/td>\n<td width=\"10%\"><strong>Min.<\/strong><\/td>\n<td width=\"10%\"><strong>Max.<\/strong><\/td>\n<td width=\"10%\"><strong>Einheit<\/strong><\/td>\n<td width=\"29%\"><strong>Hinweis<\/strong><\/td>\n<\/tr>\n<tr>\n<td width=\"29%\">Lagerung Umgebungstemperatur<\/td>\n<td width=\"10%\">TSTG<\/td>\n<td width=\"10%\">-40<\/td>\n<td width=\"10%\">85<\/td>\n<td width=\"10%\">\u00b0C<\/td>\n<td width=\"29%\">\u00a0<\/td>\n<\/tr>\n<tr>\n<td width=\"29%\">Luftfeuchtigkeit im Betrieb<\/td>\n<td width=\"10%\">OH<\/td>\n<td width=\"10%\">5<\/td>\n<td width=\"10%\">95<\/td>\n<td width=\"10%\">%<\/td>\n<td width=\"29%\">\u00a0<\/td>\n<\/tr>\n<tr>\n<td width=\"29%\">Versorgungsspannung<\/td>\n<td width=\"10%\">Vcc<\/td>\n<td width=\"10%\">0<\/td>\n<td width=\"10%\">3.6<\/td>\n<td width=\"10%\">V<\/td>\n<td width=\"29%\">\u00a0<\/td>\n<\/tr>\n<\/tbody>\n<\/table>\n<table width=\"643\">\n<tbody>\n<tr>\n<td width=\"643\"><strong>\u00dcberblick \u00fcber das Paket<\/strong><\/td>\n<\/tr>\n<tr>\n<td><img decoding=\"async\" src=\"https:\/\/www.luleey.com\/wp-content\/uploads\/2024\/09\/PACKAGE-OUTLINE.png\" alt=\"\" title=\"\"><strong>\u00a0<\/strong><\/td>\n<\/tr>\n<\/tbody>\n<\/table>\n<table width=\"643\">\n<tbody>\n<tr>\n<td colspan=\"5\" width=\"643\"><strong>Digitale Diagnose- und \u00dcberwachungsschnittstelle<\/strong><\/td>\n<\/tr>\n<tr>\n<td width=\"113\">Parameter<\/td>\n<td width=\"132\"><strong>Bereich<\/strong><\/td>\n<td width=\"132\"><strong>Genauigkeit<\/strong><\/td>\n<td width=\"132\"><strong>Kalibrierung<\/strong><\/td>\n<td width=\"132\"><strong>Anmerkungen<\/strong><\/td>\n<\/tr>\n<tr>\n<td width=\"113\">Temperatur<\/td>\n<td width=\"132\">0 bis 70 \u00b0C<\/td>\n<td width=\"132\">\u00b13 \u00b0C<\/td>\n<td width=\"132\">Intern<\/td>\n<td width=\"132\">Kommerziell<\/td>\n<\/tr>\n<tr>\n<td width=\"113\">Spannung<\/td>\n<td width=\"132\">3 bis 3,6 V<\/td>\n<td width=\"132\">\u00b13%<\/td>\n<td width=\"132\">Intern<\/td>\n<td width=\"132\">\u00a0<\/td>\n<\/tr>\n<tr>\n<td width=\"113\">Vorspannung Strom<\/td>\n<td width=\"132\">0 bis 131 mA<\/td>\n<td width=\"132\">\u00b110%<\/td>\n<td width=\"132\">Intern<\/td>\n<td width=\"132\">\u00a0<\/td>\n<\/tr>\n<tr>\n<td width=\"113\">Sendeleistung<\/td>\n<td width=\"132\">4 bis 9 dBm<\/td>\n<td width=\"132\">\u00b13 dB<\/td>\n<td width=\"132\">Intern<\/td>\n<td width=\"132\">\u00a0<\/td>\n<\/tr>\n<tr>\n<td width=\"113\">RX Leistungs\u00fcberwachung<\/td>\n<td width=\"132\">-29 bis -9 dBm<\/td>\n<td width=\"132\">\u00b13 dB<\/td>\n<td width=\"132\">Intern<\/td>\n<td width=\"132\">\u00a0<\/td>\n<\/tr>\n<\/tbody>\n<\/table>\n<table style=\"width: 99.9224%;\" width=\"643\">\n<tbody>\n<tr>\n<td style=\"width: 1288px;\" colspan=\"6\" width=\"643\"><strong>Bestellinformationen<\/strong><\/td>\n<\/tr>\n<tr>\n<td style=\"width: 213px;\" width=\"109\">Teil Nr.<\/td>\n<td style=\"width: 196px;\" width=\"91\"><strong>Paket<\/strong><\/td>\n<td style=\"width: 219px;\" width=\"112\"><strong>Datenrate<\/strong><\/td>\n<td style=\"width: 185px;\" width=\"95\"><strong>Erreichen Sie<\/strong><\/td>\n<td style=\"width: 255px;\" width=\"123\"><strong>Wellenl\u00e4nge<\/strong><\/td>\n<td style=\"width: 220px;\" width=\"113\"><strong>Temp.<\/strong><\/td>\n<\/tr>\n<tr>\n<td style=\"width: 213px;\" width=\"109\">XGSPON STICK<\/td>\n<td style=\"width: 196px;\" width=\"91\">SFP+<\/td>\n<td style=\"width: 219px;\" width=\"112\">TX: 9,953 Gb\/s\n<p>RX: 9,953 Gb\/s<\/p>\n<\/td>\n<td style=\"width: 185px;\" width=\"95\">20 km<\/td>\n<td style=\"width: 255px;\" width=\"123\">TX: 1270 nm\n<p>RX: 1577 nm<\/p>\n<\/td>\n<td style=\"width: 220px;\" width=\"113\">0 bis 80 \u00b0C<\/td>\n<\/tr>\n<\/tbody>\n<\/table>\n<table width=\"643\">\n<tbody>\n<tr>\n<td width=\"643\"><strong>Warnungen<\/strong><\/td>\n<\/tr>\n<tr>\n<td>\n<ul>\n<li>Vorsichtsma\u00dfnahmen bei der Handhabung: Dieses Ger\u00e4t ist anf\u00e4llig f\u00fcr Sch\u00e4den durch elektrostatische Entladung (ESD). Eine statikfreie Umgebung wird dringend empfohlen.<\/li>\n<li>Befolgen Sie die Richtlinien gem\u00e4\u00df den korrekten ESD-Verfahren.<\/li>\n<li>Laser-Sicherheit: Die von Laserger\u00e4ten ausgehende Strahlung kann f\u00fcr das menschliche Auge gef\u00e4hrlich sein. Vermeiden Sie es, die Augen direkter oder indirekter Strahlung auszusetzen.<\/li>\n<\/ul>\n<\/td>\n<\/tr>\n<\/tbody>\n<\/table>\n\n\n<a id=\"wd-5c6c2df2\" class=\"wp-block-wd-button btn btn-style-default btn-color-primary btn-size-default btn-shape-semi-round\" href=\"https:\/\/www.luleey.com\/wp-content\/uploads\/resource\/documents\/LuLeey LL-XS1025 10G\u00a0XGSPON\u00a0Stick\u00a0SFP+\u00a0ONU.pdf\"><span>LULEEY LL-XS1025 Datenblatt <\/span><\/a>\n\n\n\n<p><\/p>","protected":false},"excerpt":{"rendered":"<ul>\n<li>XGSPON STICK ONU SFP+ Transceiver unterst\u00fctzen 20 km \u00dcbertragungsstrecke mit SMF<\/li>\n<li>SFP-Geh\u00e4use mit SC APC\/UPC-Buchse<\/li>\n<li>Unterst\u00fctzung von XGPON\/XGS-PON<\/li>\n<li>XGSPON STICK Unterst\u00fctzt symmetrische und asymmetrische Protokolle<\/li>\n<\/ul>","protected":false},"featured_media":15543,"comment_status":"open","ping_status":"closed","template":"","meta":[],"product_brand":[],"product_cat":[349],"product_tag":[513,563,568,1006,564,342,1005],"class_list":{"0":"post-15340","1":"product","2":"type-product","3":"status-publish","4":"has-post-thumbnail","6":"product_cat-10g-epon-onu-xg-pon-xgs-pon","7":"product_tag-10g-onu","8":"product_tag-ll-xs1025","9":"product_tag-was-110","10":"product_tag-x-onu-sfpp","11":"product_tag-xgpon","12":"product_tag-xgspon-stick","13":"product_tag-xgsponst2000","15":"first","16":"instock","17":"sale","18":"featured","19":"shipping-taxable","20":"purchasable","21":"product-type-variable","22":"has-default-attributes"},"_links":{"self":[{"href":"https:\/\/www.luleey.com\/de\/wp-json\/wp\/v2\/product\/15340","targetHints":{"allow":["GET"]}}],"collection":[{"href":"https:\/\/www.luleey.com\/de\/wp-json\/wp\/v2\/product"}],"about":[{"href":"https:\/\/www.luleey.com\/de\/wp-json\/wp\/v2\/types\/product"}],"replies":[{"embeddable":true,"href":"https:\/\/www.luleey.com\/de\/wp-json\/wp\/v2\/comments?post=15340"}],"wp:featuredmedia":[{"embeddable":true,"href":"https:\/\/www.luleey.com\/de\/wp-json\/wp\/v2\/media\/15543"}],"wp:attachment":[{"href":"https:\/\/www.luleey.com\/de\/wp-json\/wp\/v2\/media?parent=15340"}],"wp:term":[{"taxonomy":"product_brand","embeddable":true,"href":"https:\/\/www.luleey.com\/de\/wp-json\/wp\/v2\/product_brand?post=15340"},{"taxonomy":"product_cat","embeddable":true,"href":"https:\/\/www.luleey.com\/de\/wp-json\/wp\/v2\/product_cat?post=15340"},{"taxonomy":"product_tag","embeddable":true,"href":"https:\/\/www.luleey.com\/de\/wp-json\/wp\/v2\/product_tag?post=15340"}],"curies":[{"name":"wp","href":"https:\/\/api.w.org\/{rel}","templated":true}]}}