{"id":15564,"date":"2024-10-13T23:35:41","date_gmt":"2024-10-13T15:35:41","guid":{"rendered":"https:\/\/www.luleey.com\/?post_type=product&#038;p=15564"},"modified":"2025-01-21T10:49:43","modified_gmt":"2025-01-21T02:49:43","slug":"4ge-gigabit-epon-olt","status":"publish","type":"product","link":"https:\/\/www.luleey.com\/de\/produkt-2\/4ge-gigabit-epon-olt\/","title":{"rendered":"4GE-Gigabit-EPON-OLT"},"content":{"rendered":"<h3>Eigenschaften<\/h3>\n<ul>\n<li>8K MAC-Adresstabelle<\/li>\n<li>Unterst\u00fctzung von EPON\/XPON ONU<\/li>\n<li>Unterst\u00fctzung der automatischen Erkennung und Registrierung von ONUs (Plug and Play)<\/li>\n<li>Unterst\u00fctzung von maximal 256 OUN<\/li>\n<li data-spm-anchor-id=\"a2g0o.detail.1000023.i0.64ddCCNCCCNCkl\">Netzwerkverwaltung CLI-basierte lokale Verwaltung der seriellen Schnittstelle und Fernverwaltung \u00fcber GUI<\/li>\n<li>Maximales Spaltungsverh\u00e4ltnis 1\uff1a64<\/li>\n<li>Unterst\u00fctzung der Module PX20+, PX20++, PX20+++<\/li>\n<\/ul>\n<h3>Spezifikation<\/h3>\n<table style=\"border-collapse: collapse; width: 100%; height: 530px;\">\n<tbody>\n<tr style=\"height: 53px;\">\n<td style=\"width: 50%; height: 53px;\">Marke<\/td>\n<td style=\"width: 50%; height: 53px;\">LuLeey<\/td>\n<\/tr>\n<tr style=\"height: 53px;\">\n<td style=\"width: 50%; height: 53px;\">Produktname<\/td>\n<td style=\"width: 50%; height: 53px;\">4GE-Gigabit-EPON-OLT<\/td>\n<\/tr>\n<tr style=\"height: 53px;\">\n<td style=\"width: 50%; height: 53px;\">Nutzerkapazit\u00e4t<\/td>\n<td style=\"width: 50%; height: 53px;\">4 PON, 256 ONU<\/td>\n<\/tr>\n<tr style=\"height: 53px;\">\n<td style=\"width: 50%; height: 53px;\">Uplink<\/td>\n<td style=\"width: 50%; height: 53px;\">4GE<\/td>\n<\/tr>\n<tr style=\"height: 53px;\">\n<td style=\"width: 50%; height: 53px;\">Arbeits-Wellenl\u00e4nge<\/td>\n<td style=\"width: 50%; height: 53px;\">1310RX\/1490TX<\/td>\n<\/tr>\n<tr style=\"height: 53px;\">\n<td style=\"width: 50%; height: 53px;\">Empfangsempfindlichkeit<\/td>\n<td style=\"width: 50%; height: 53px;\">-27dBm<\/td>\n<\/tr>\n<tr style=\"height: 53px;\">\n<td style=\"width: 50%; height: 53px;\">Maximale \u00dcbertragungsentfernung<\/td>\n<td style=\"width: 50%; height: 53px;\">20km<\/td>\n<\/tr>\n<tr style=\"height: 53px;\">\n<td style=\"width: 50%; height: 53px;\">Gr\u00f6\u00dfe<\/td>\n<td style=\"width: 50%; height: 53px;\">27.6x16x4.4cm<\/td>\n<\/tr>\n<tr style=\"height: 53px;\">\n<td style=\"width: 50%; height: 53px;\">Eingebaute Stromversorgung<\/td>\n<td style=\"width: 50%; height: 53px;\">AC 100~240V<\/td>\n<\/tr>\n<tr style=\"height: 53px;\">\n<td style=\"width: 50%; height: 53px;\">Uplink- und Downlink-Bandbreite<\/td>\n<td style=\"width: 50%; height: 53px;\">1.25Gbps<\/td>\n<\/tr>\n<tr>\n<td style=\"width: 50%;\">Arbeitstemperatur<\/td>\n<td style=\"width: 50%;\">-10~55 Grad Celsius<\/td>\n<\/tr>\n<tr>\n<td style=\"width: 50%;\">Lagertemperatur<\/td>\n<td style=\"width: 50%;\">-40~80 Grad Celsius<\/td>\n<\/tr>\n<tr>\n<td style=\"width: 50%;\">VLAN-Unterst\u00fctzung<\/td>\n<td style=\"width: 50%;\">Ja<\/td>\n<\/tr>\n<\/tbody>\n<\/table>","protected":false},"excerpt":{"rendered":"<ul>\n<li>Effiziente Logistik: Genie\u00dfen Sie einen stabilen und zuverl\u00e4ssigen Lieferservice mit Qualit\u00e4tsgarantie.<\/li>\n<li>Optische Leistung: Eine optische Leistung von 7-8db gew\u00e4hrleistet eine zuverl\u00e4ssige \u00dcbertragung bis zu 20 km.<\/li>\n<li>Hohe Nutzerkapazit\u00e4t: Unterst\u00fctzt 4 PONs und 256 ONUs und eignet sich f\u00fcr den Einsatz in gro\u00dfem Ma\u00dfstab.<\/li>\n<li>Plug and Play: Keine Konfiguration erforderlich; nahtlose Einrichtung f\u00fcr FTTH\/FTTB\/FTTZ-Netzwerke.<\/li>\n<li>Hohe Kompatibilit\u00e4t: Kompatibel mit einer Vielzahl von Marken wie Huawei, ZTE und Cisco.<\/li>\n<\/ul>","protected":false},"featured_media":15565,"comment_status":"open","ping_status":"closed","template":"","meta":[],"product_brand":[],"product_cat":[361],"product_tag":[569,206],"class_list":{"0":"post-15564","1":"product","2":"type-product","3":"status-publish","4":"has-post-thumbnail","6":"product_cat-epon-olt","7":"product_tag-4ge-epon-olt","8":"product_tag-epon-olt","10":"first","11":"instock","12":"shipping-taxable","13":"purchasable","14":"product-type-variable","15":"has-default-attributes"},"_links":{"self":[{"href":"https:\/\/www.luleey.com\/de\/wp-json\/wp\/v2\/product\/15564","targetHints":{"allow":["GET"]}}],"collection":[{"href":"https:\/\/www.luleey.com\/de\/wp-json\/wp\/v2\/product"}],"about":[{"href":"https:\/\/www.luleey.com\/de\/wp-json\/wp\/v2\/types\/product"}],"replies":[{"embeddable":true,"href":"https:\/\/www.luleey.com\/de\/wp-json\/wp\/v2\/comments?post=15564"}],"wp:featuredmedia":[{"embeddable":true,"href":"https:\/\/www.luleey.com\/de\/wp-json\/wp\/v2\/media\/15565"}],"wp:attachment":[{"href":"https:\/\/www.luleey.com\/de\/wp-json\/wp\/v2\/media?parent=15564"}],"wp:term":[{"taxonomy":"product_brand","embeddable":true,"href":"https:\/\/www.luleey.com\/de\/wp-json\/wp\/v2\/product_brand?post=15564"},{"taxonomy":"product_cat","embeddable":true,"href":"https:\/\/www.luleey.com\/de\/wp-json\/wp\/v2\/product_cat?post=15564"},{"taxonomy":"product_tag","embeddable":true,"href":"https:\/\/www.luleey.com\/de\/wp-json\/wp\/v2\/product_tag?post=15564"}],"curies":[{"name":"wp","href":"https:\/\/api.w.org\/{rel}","templated":true}]}}