{"id":15573,"date":"2024-10-14T20:53:57","date_gmt":"2024-10-14T12:53:57","guid":{"rendered":"https:\/\/www.luleey.com\/?post_type=product&#038;p=15573"},"modified":"2025-01-08T10:11:54","modified_gmt":"2025-01-08T02:11:54","slug":"mtp-mpo-fiber-cleaner-pen","status":"publish","type":"product","link":"https:\/\/www.luleey.com\/de\/produkt-2\/mtp-mpo-fiber-cleaner-pen\/","title":{"rendered":"MTP\/MPO Faserreiniger-Stift"},"content":{"rendered":"<h4 data-spm-anchor-id=\"a2g0o.detail.1000023.i0.525da32aC35IUk\">Eigenschaften<\/h4>\n<ul>\n<li>Transparentes Fenster zur Kontrolle der Best\u00e4nde.<\/li>\n<li>Automatisches Recycling zur Vermeidung von Sekund\u00e4rverschmutzung.<\/li>\n<li>Ein einfacher Druck zum Reinigen.<\/li>\n<li>Schutzh\u00fclle f\u00fcr den Langzeitgebrauch, ein Klick, einfache Anwendung.<\/li>\n<\/ul>\n<h3>Spezifikation<\/h3>\n<table style=\"border-collapse: collapse; width: 100%;\">\n<tbody>\n<tr>\n<td style=\"width: 50%;\">Marke<\/td>\n<td style=\"width: 50%;\">LuLeey<\/td>\n<\/tr>\n<tr>\n<td style=\"width: 50%;\">Produktname<\/td>\n<td style=\"width: 50%;\">MTP\/MPO-Faserreiniger<\/td>\n<\/tr>\n<tr>\n<td style=\"width: 50%;\">F\u00fcr Stecker<\/td>\n<td style=\"width: 50%;\">MPO\/MTP<\/td>\n<\/tr>\n<tr>\n<td style=\"width: 50%;\">M\u00e4nnlich oder weiblich<\/td>\n<td style=\"width: 50%;\">beide<\/td>\n<\/tr>\n<tr>\n<td style=\"width: 50%;\">Saubere Zeiten<\/td>\n<td style=\"width: 50%;\">mehr als 600<\/td>\n<\/tr>\n<tr>\n<td style=\"width: 50%;\">Schutzh\u00fclle<\/td>\n<td style=\"width: 50%;\">Unterst\u00fctzung<\/td>\n<\/tr>\n<tr>\n<td style=\"width: 50%;\">Lagertemperatur<\/td>\n<td style=\"width: 50%;\">-30~+70\u2103<\/td>\n<\/tr>\n<tr>\n<td style=\"width: 50%;\">Gr\u00f6\u00dfe<\/td>\n<td style=\"width: 50%;\">210 x 50 x 15 mm<\/td>\n<\/tr>\n<\/tbody>\n<\/table>\n<p>&nbsp;<\/p>","protected":false},"excerpt":{"rendered":"<ul>\n<li><span class=\"a-list-item\">Zur Reinigung der Ferrule-Endfl\u00e4chen von MPO\/MTP-Steckern<\/span><\/li>\n<li><span class=\"a-list-item\">Anwendbar f\u00fcr MPO\/MTP-Kabelstecker und QSFP-Transceiver<\/span><\/li>\n<li><span class=\"a-list-item\">Geeignet f\u00fcr die Reinigung von Aderendh\u00fclsen mit oder ohne F\u00fchrungsstifte<\/span><\/li>\n<li><span class=\"a-list-item\">Einfache Druckbewegung rastet den Stecker ein und startet den Reiniger<\/span><\/li>\n<li><span class=\"a-list-item\">Bis zu 600 Reinigungen<\/span><\/li>\n<\/ul>","protected":false},"featured_media":15574,"comment_status":"open","ping_status":"closed","template":"","meta":[],"product_brand":[],"product_cat":[354],"product_tag":[570],"class_list":{"0":"post-15573","1":"product","2":"type-product","3":"status-publish","4":"has-post-thumbnail","6":"product_cat-fiber-optic-cleaners","7":"product_tag-mpo-fiber-cleaner","9":"first","10":"instock","11":"shipping-taxable","12":"purchasable","13":"product-type-variable","14":"has-default-attributes"},"_links":{"self":[{"href":"https:\/\/www.luleey.com\/de\/wp-json\/wp\/v2\/product\/15573","targetHints":{"allow":["GET"]}}],"collection":[{"href":"https:\/\/www.luleey.com\/de\/wp-json\/wp\/v2\/product"}],"about":[{"href":"https:\/\/www.luleey.com\/de\/wp-json\/wp\/v2\/types\/product"}],"replies":[{"embeddable":true,"href":"https:\/\/www.luleey.com\/de\/wp-json\/wp\/v2\/comments?post=15573"}],"wp:featuredmedia":[{"embeddable":true,"href":"https:\/\/www.luleey.com\/de\/wp-json\/wp\/v2\/media\/15574"}],"wp:attachment":[{"href":"https:\/\/www.luleey.com\/de\/wp-json\/wp\/v2\/media?parent=15573"}],"wp:term":[{"taxonomy":"product_brand","embeddable":true,"href":"https:\/\/www.luleey.com\/de\/wp-json\/wp\/v2\/product_brand?post=15573"},{"taxonomy":"product_cat","embeddable":true,"href":"https:\/\/www.luleey.com\/de\/wp-json\/wp\/v2\/product_cat?post=15573"},{"taxonomy":"product_tag","embeddable":true,"href":"https:\/\/www.luleey.com\/de\/wp-json\/wp\/v2\/product_tag?post=15573"}],"curies":[{"name":"wp","href":"https:\/\/api.w.org\/{rel}","templated":true}]}}