{"id":15769,"date":"2024-10-29T22:34:27","date_gmt":"2024-10-29T14:34:27","guid":{"rendered":"https:\/\/www.luleey.com\/?post_type=product&#038;p=15769"},"modified":"2026-02-11T20:14:04","modified_gmt":"2026-02-11T12:14:04","slug":"10g-xgpon-optical-power-meter","status":"publish","type":"product","link":"https:\/\/www.luleey.com\/de\/produkt-2\/10g-xgpon-optical-power-meter\/","title":{"rendered":"10G XGPON Optischer Leistungsmesser"},"content":{"rendered":"<h3>Eigenschaften<\/h3>\n<ol>\n<li>Eingebaute Lithiumbatterie: stabilisiert das Batteriemanagement. Schnelles Aufladen f\u00fcr 3 Stunden, kontinuierliche Nutzung im optischen Leistungsmessermodus f\u00fcr 60 Stunden, vollst\u00e4ndige Abschaltung f\u00fcr 90 Tage lange Standby-Zeit<\/li>\n<li>Anwendung auf die Installation, Pr\u00fcfung und Wartung von Gigabit- und 10-Gigabit-Netzwerken<\/li>\n<li>Bereitstellung von 10 Gruppen von Schwellenwerten, Analyse und Anzeige des Status \"bestanden\" und \"nicht bestanden\", relative Wertauswahl<\/li>\n<li>Testprotokoll kann 1000 Mal gespeichert werden<\/li>\n<li>XGPON Optical Power Meter unterst\u00fctzt bis zu 6 Wellenl\u00e4ngen 1310nm\/1490nm\/1270nm\/1577nm\/1610nm\/1550nm<\/li>\n<li>Unterst\u00fctzung SC UPC\/APC<\/li>\n<li>Typ-C Stromeingang<\/li>\n<li>VFL unterst\u00fctzen<\/li>\n<\/ol>\n<p><strong>Hinweis: Bei der Version 1490\/1577 gibt es nur einen SC-APC-Anschluss.<\/strong><\/p>\n<h3>Spezifikation<\/h3>\n<p>&nbsp;<\/p>\n<table width=\"843\">\n<tbody>\n<tr>\n<td>Marke<\/td>\n<td colspan=\"6\">LuLeey<\/td>\n<\/tr>\n<tr>\n<td>Modell<\/td>\n<td colspan=\"6\">XPOM002<\/td>\n<\/tr>\n<tr>\n<td>Ort der Herstellung<\/td>\n<td colspan=\"6\">Hergestellt in China<\/td>\n<\/tr>\n<tr>\n<td width=\"176\">Wellenl\u00e4nge (nm)<\/td>\n<td width=\"257\">1310(aufw\u00e4rts)<\/td>\n<td width=\"76\">1490(abw\u00e4rts)<\/td>\n<td width=\"122\">1550(abw\u00e4rts)<\/td>\n<td width=\"68\">1270(aufw\u00e4rts)<\/td>\n<td width=\"76\">1577(abw\u00e4rts)<\/td>\n<td width=\"68\">1610(aufw\u00e4rts)<\/td>\n<\/tr>\n<tr>\n<td>Spektraler Durchlassbereich (nm)<\/td>\n<td>1290~1330<\/td>\n<td>1470~1505<\/td>\n<td>1535~1570<\/td>\n<td>1260~1280<\/td>\n<td>1577+3nm<\/td>\n<td>1595~1650<\/td>\n<\/tr>\n<tr>\n<td>Bereich(DBM)<\/td>\n<td>-40~+10<\/td>\n<td>.45~+10<\/td>\n<td>-45~+10<\/td>\n<td>-40~+10<\/td>\n<td>-45~+10<\/td>\n<td>.40~+10<\/td>\n<\/tr>\n<tr>\n<td>Isolierung bei 1310nm (dB)<\/td>\n<td><\/td>\n<td>&gt;40<\/td>\n<td>&gt;40<\/td>\n<td>&gt;40<\/td>\n<td>&gt;40<\/td>\n<td>&gt;40<\/td>\n<\/tr>\n<tr>\n<td>lsolation@1490nm(dB)<\/td>\n<td>&gt;40<\/td>\n<td><\/td>\n<td>&gt;40<\/td>\n<td>&gt;40<\/td>\n<td>&gt;40<\/td>\n<td>&gt;40<\/td>\n<\/tr>\n<tr>\n<td>Isolierung@1550nm(dB)<\/td>\n<td>&gt;40<\/td>\n<td>&gt;40<\/td>\n<td><\/td>\n<td>&gt;40<\/td>\n<td>&gt;40<\/td>\n<td>&gt;35<\/td>\n<\/tr>\n<tr>\n<td>Isolierung@1270(dB)<\/td>\n<td>&gt;40<\/td>\n<td>&gt;40<\/td>\n<td>&gt;40<\/td>\n<td><\/td>\n<td>&gt;40<\/td>\n<td>&gt;40<\/td>\n<\/tr>\n<tr>\n<td>Isolierung@1577(dB)<\/td>\n<td>&gt;40<\/td>\n<td>&gt;40<\/td>\n<td>&gt;40<\/td>\n<td>&gt;40<\/td>\n<td><\/td>\n<td>&gt;40<\/td>\n<\/tr>\n<tr>\n<td>Isolierung@1610(dB)<\/td>\n<td>&gt;40<\/td>\n<td>&gt;40<\/td>\n<td>&gt;40<\/td>\n<td>&gt;40<\/td>\n<td>&gt;40<\/td>\n<td><\/td>\n<\/tr>\n<tr>\n<td>Genauigkeit<\/td>\n<td colspan=\"6\"><\/td>\n<\/tr>\n<tr>\n<td>Ungewissheit<\/td>\n<td colspan=\"6\">\u00b10,5dB<\/td>\n<\/tr>\n<tr>\n<td>Polarisationsverlust<\/td>\n<td colspan=\"6\">&lt;\u00b10,25dB<\/td>\n<\/tr>\n<tr>\n<td>Linear<\/td>\n<td colspan=\"6\">\u00b10,1dB<\/td>\n<\/tr>\n<tr>\n<td>Einf\u00fcged\u00e4mpfung<\/td>\n<td colspan=\"6\">&lt;1,5dB<\/td>\n<\/tr>\n<tr>\n<td>Display-Aufl\u00f6sung<\/td>\n<td colspan=\"6\">0,01dB<\/td>\n<\/tr>\n<tr>\n<td>Einheit<\/td>\n<td colspan=\"6\">dBm\/xW<\/td>\n<\/tr>\n<tr>\n<td>LCD<\/td>\n<td colspan=\"6\">320*240, 3,2 Zoll Echtfarben-LCD-Bildschirm<\/td>\n<\/tr>\n<tr>\n<td>Batterie<\/td>\n<td colspan=\"6\">4.2V 2400mAh wiederaufladbare Batterie<\/td>\n<\/tr>\n<tr>\n<td>Betriebsdauer der Batterie<\/td>\n<td colspan=\"6\">20 Stunden um<\/td>\n<\/tr>\n<tr>\n<td>Betriebstemperatur<\/td>\n<td colspan=\"6\">0~60\u2103<\/td>\n<\/tr>\n<tr>\n<td>Lagertemperatur<\/td>\n<td colspan=\"6\">25~70\u2103<\/td>\n<\/tr>\n<tr>\n<td>Gr\u00f6\u00dfe (mm)<\/td>\n<td colspan=\"6\">155x85x40<\/td>\n<\/tr>\n<\/tbody>\n<\/table>","protected":false},"excerpt":{"rendered":"<ol>\n<li>\u00a0Dauerbetrieb im optischen Leistungsmessmodus f\u00fcr 60 Stunden, Abschaltung bei voller Leistung f\u00fcr 90 Tage lange Standby-Zeit<\/li>\n<li>Anwendung auf die Installation, Pr\u00fcfung und Wartung von Gigabit- und 10-Gigabit-Netzwerken<\/li>\n<li>Bereitstellung von 10 Gruppen von Schwellenwerten, Analyse und Anzeige des Status \"bestanden\" und \"nicht bestanden\", relative Wertauswahl<\/li>\n<li>Testprotokoll kann 1000 Mal gespeichert werden<\/li>\n<li>XGPON Optical Power Meter unterst\u00fctzt bis zu 6 Wellenl\u00e4ngen 1310nm\/1490nm\/1270nm\/1577nm\/1610nm\/1550nm<\/li>\n<li>Unterst\u00fctzung SC UPC\/APC<\/li>\n<\/ol>","protected":false},"featured_media":15767,"comment_status":"open","ping_status":"closed","template":"","meta":[],"product_brand":[],"product_cat":[363],"product_tag":[564,615],"class_list":{"0":"post-15769","1":"product","2":"type-product","3":"status-publish","4":"has-post-thumbnail","6":"product_cat-optical-power-meter-and-visual-fault-locator","7":"product_tag-xgpon","8":"product_tag-xgpon-optical-power-meter","10":"first","11":"instock","12":"shipping-taxable","13":"purchasable","14":"product-type-variable","15":"has-default-attributes"},"_links":{"self":[{"href":"https:\/\/www.luleey.com\/de\/wp-json\/wp\/v2\/product\/15769","targetHints":{"allow":["GET"]}}],"collection":[{"href":"https:\/\/www.luleey.com\/de\/wp-json\/wp\/v2\/product"}],"about":[{"href":"https:\/\/www.luleey.com\/de\/wp-json\/wp\/v2\/types\/product"}],"replies":[{"embeddable":true,"href":"https:\/\/www.luleey.com\/de\/wp-json\/wp\/v2\/comments?post=15769"}],"wp:featuredmedia":[{"embeddable":true,"href":"https:\/\/www.luleey.com\/de\/wp-json\/wp\/v2\/media\/15767"}],"wp:attachment":[{"href":"https:\/\/www.luleey.com\/de\/wp-json\/wp\/v2\/media?parent=15769"}],"wp:term":[{"taxonomy":"product_brand","embeddable":true,"href":"https:\/\/www.luleey.com\/de\/wp-json\/wp\/v2\/product_brand?post=15769"},{"taxonomy":"product_cat","embeddable":true,"href":"https:\/\/www.luleey.com\/de\/wp-json\/wp\/v2\/product_cat?post=15769"},{"taxonomy":"product_tag","embeddable":true,"href":"https:\/\/www.luleey.com\/de\/wp-json\/wp\/v2\/product_tag?post=15769"}],"curies":[{"name":"wp","href":"https:\/\/api.w.org\/{rel}","templated":true}]}}