{"id":15794,"date":"2024-11-09T13:59:20","date_gmt":"2024-11-09T05:59:20","guid":{"rendered":"https:\/\/www.luleey.com\/?post_type=product&#038;p=15794"},"modified":"2025-07-23T12:15:04","modified_gmt":"2025-07-23T04:15:04","slug":"single-mode-fiber-optic-otdr-launch-cable-box","status":"publish","type":"product","link":"https:\/\/www.luleey.com\/de\/produkt-2\/single-mode-fiber-optic-otdr-launch-cable-box\/","title":{"rendered":"Einmoden-Glasfaser-OTDR-Startkabelbox"},"content":{"rendered":"<div class=\"title--wrap--Ms9Zv4A\">\n<h3>Eigenschaften<\/h3>\n<ul>\n<li>Der Lichtwellenleiter wird haupts\u00e4chlich dazu verwendet, die OTDR-Totzone auszugleichen.<\/li>\n<li>In der Mitte der Glasfaser befindet sich kein Splei\u00dfanschluss. Daher ist die optische Faser klein, leicht und einfach zu transportieren.<\/li>\n<li>Singlemode (9125) oder Multimode (62.5125).<\/li>\n<li>Es k\u00f6nnen mehrere L\u00e4ngen ausgew\u00e4hlt werden.<\/li>\n<li>Verlust kleiner als oder gleich 0,3 dBm\/km.<\/li>\n<li>Inklusive Schutzkasten, hervorragende Dichtungsleistung, wasserdicht, bewuchshemmend und explosionssicher.<\/li>\n<li>Optionaler Anschluss f\u00fcr Verl\u00e4ngerungskabel: MU, E2000, SC FC LC ST (UPC oder APC)<\/li>\n<\/ul>\n<\/div>\n<h3>Spezifikation<\/h3>\n<table style=\"border-collapse: collapse; width: 100%; height: 477px;\">\n<tbody>\n<tr style=\"height: 53px;\">\n<td style=\"width: 50%; height: 53px;\">Marke<\/td>\n<td style=\"width: 50%; height: 53px;\">LuLeey<\/td>\n<\/tr>\n<tr style=\"height: 53px;\">\n<td style=\"width: 50%; height: 53px;\">Produktname<\/td>\n<td style=\"width: 50%; height: 53px;\">Einmoden-Glasfaser-OTDR-Startkabelbox<\/td>\n<\/tr>\n<tr style=\"height: 53px;\">\n<td style=\"width: 50%; height: 53px;\">Herkunft<\/td>\n<td style=\"width: 50%; height: 53px;\">Festland China<\/td>\n<\/tr>\n<tr style=\"height: 53px;\">\n<td style=\"width: 50%; height: 53px;\">Anschluss<\/td>\n<td style=\"width: 50%; height: 53px;\">SC FC LC ST (UPC oder APC)<\/td>\n<\/tr>\n<tr style=\"height: 53px;\">\n<td style=\"width: 50%; height: 53px;\">Arbeitsmodus<\/td>\n<td style=\"width: 50%; height: 53px;\">Einzelmodus 9\/125\u03bcm<\/td>\n<\/tr>\n<tr style=\"height: 53px;\">\n<td style=\"width: 50%; height: 53px;\">L\u00e4nge des Kabels<\/td>\n<td style=\"width: 50%; height: 53px;\">150 m-2,0 km<\/td>\n<\/tr>\n<tr>\n<td style=\"width: 50%;\">Box Gr\u00f6\u00dfe<\/td>\n<td style=\"width: 50%;\">25cm*15cm*6,5cm<\/td>\n<\/tr>\n<tr style=\"height: 53px;\">\n<td style=\"width: 50%; height: 53px;\">Kastenfarbe<\/td>\n<td style=\"width: 50%; height: 53px;\">gelb oder gr\u00fcn<\/td>\n<\/tr>\n<tr style=\"height: 53px;\">\n<td style=\"width: 50%; height: 53px;\">Betriebstemperatur<\/td>\n<td style=\"width: 50%; height: 53px;\">-40~85\u2103<\/td>\n<\/tr>\n<tr style=\"height: 53px;\">\n<td style=\"width: 50%; height: 53px;\">Lagertemperatur<\/td>\n<td style=\"width: 50%; height: 53px;\">-40~85\u2103<\/td>\n<\/tr>\n<\/tbody>\n<\/table>","protected":false},"excerpt":{"rendered":"<ol>\n<li><strong>Effektive OTDR-Test-Totzonen-Kompensation<\/strong>: Speziell entwickelt, um die Auswirkungen der Totzone bei OTDR-Tests zu minimieren und die Messgenauigkeit f\u00fcr Glasfasernetze zu verbessern.<\/li>\n<li><strong>Leichte und tragbare faseroptische L\u00f6sung<\/strong>: Der Verzicht auf zwischengeschaltete Splei\u00dfverbinder f\u00fchrt zu einem kompakten und leichten Design, das sich ideal f\u00fcr Techniker vor Ort und Installationen eignet.<\/li>\n<li><strong>Vielseitige Single-Mode- und Multi-Mode-Faseroptionen<\/strong>: Erh\u00e4ltlich in Singlemode (9125) und Multimode (62,5\/125), so dass die Benutzer die beste L\u00f6sung f\u00fcr ihre spezifischen Netzwerkanforderungen ausw\u00e4hlen k\u00f6nnen.<\/li>\n<li><strong>Kundenspezifische L\u00e4ngen f\u00fcr faseroptische Anwendungen<\/strong>: Mit einer Reihe von L\u00e4ngen bietet diese Startkabelbox Flexibilit\u00e4t f\u00fcr verschiedene Installationsszenarien und erf\u00fcllt die unterschiedlichsten Projektanforderungen.<\/li>\n<li><strong>Robuste wasserdichte und explosionssichere Schutzbox<\/strong>: Das mitgelieferte Schutzgeh\u00e4use bietet hervorragende Dichtungseigenschaften. Es ist wasserdicht, bewuchshemmend und explosionsgesch\u00fctzt und gew\u00e4hrleistet Zuverl\u00e4ssigkeit in schwierigen Umgebungen.<\/li>\n<\/ol>","protected":false},"featured_media":15832,"comment_status":"open","ping_status":"closed","template":"","meta":[],"product_brand":[],"product_cat":[367],"product_tag":[283,655],"class_list":{"0":"post-15794","1":"product","2":"type-product","3":"status-publish","4":"has-post-thumbnail","6":"product_cat-otdr","7":"product_tag-otdr","8":"product_tag-otdr-launch-cable-box","10":"first","11":"instock","12":"shipping-taxable","13":"purchasable","14":"product-type-variable","15":"has-default-attributes"},"_links":{"self":[{"href":"https:\/\/www.luleey.com\/de\/wp-json\/wp\/v2\/product\/15794","targetHints":{"allow":["GET"]}}],"collection":[{"href":"https:\/\/www.luleey.com\/de\/wp-json\/wp\/v2\/product"}],"about":[{"href":"https:\/\/www.luleey.com\/de\/wp-json\/wp\/v2\/types\/product"}],"replies":[{"embeddable":true,"href":"https:\/\/www.luleey.com\/de\/wp-json\/wp\/v2\/comments?post=15794"}],"wp:featuredmedia":[{"embeddable":true,"href":"https:\/\/www.luleey.com\/de\/wp-json\/wp\/v2\/media\/15832"}],"wp:attachment":[{"href":"https:\/\/www.luleey.com\/de\/wp-json\/wp\/v2\/media?parent=15794"}],"wp:term":[{"taxonomy":"product_brand","embeddable":true,"href":"https:\/\/www.luleey.com\/de\/wp-json\/wp\/v2\/product_brand?post=15794"},{"taxonomy":"product_cat","embeddable":true,"href":"https:\/\/www.luleey.com\/de\/wp-json\/wp\/v2\/product_cat?post=15794"},{"taxonomy":"product_tag","embeddable":true,"href":"https:\/\/www.luleey.com\/de\/wp-json\/wp\/v2\/product_tag?post=15794"}],"curies":[{"name":"wp","href":"https:\/\/api.w.org\/{rel}","templated":true}]}}