{"id":15856,"date":"2024-11-09T19:49:40","date_gmt":"2024-11-09T11:49:40","guid":{"rendered":"https:\/\/www.luleey.com\/?post_type=product&#038;p=15856"},"modified":"2025-06-28T10:47:28","modified_gmt":"2025-06-28T02:47:28","slug":"5-port-gigabit-ethernet-switch-unmanaged-switches-and-hub","status":"publish","type":"product","link":"https:\/\/www.luleey.com\/de\/produkt-2\/5-port-gigabit-ethernet-switch-unmanaged-switches-and-hub\/","title":{"rendered":"5 Port Gigabit-Ethernet-Switch, unverwaltete Switches und Hub"},"content":{"rendered":"<h3>Eigenschaften<\/h3>\n<ol>\n<li>Volle Gigabit-Ethernet-Ports, jeder Port kann 1 Gbps \u00fcbertragen,Unmanaged Switches, Ethernet-Switch<\/li>\n<li>Der Anschluss wird automatisch angepasst und sorgf\u00e4ltig \u00fcbertragen, er ist einfach zu bedienen und muss nicht konfiguriert werden.<\/li>\n<li>Hochwertige W\u00e4rmeableitung, stabile Nutzung und lange Lebensdauer.<\/li>\n<li>Unterst\u00fctzt Portisolierung<\/li>\n<li>Plug and Play<\/li>\n<li>Metallgeh\u00e4use und gute W\u00e4rmeableitung<\/li>\n<li>10M\/100M\/1000M Base-T automatische Erkennung, Voll\/Duplex MDI\/MDI-X adaptiv<\/li>\n<\/ol>\n<h3>Spezifikation<\/h3>\n<table style=\"width: 100%; height: 897px;\" width=\"598\">\n<tbody>\n<tr style=\"height: 69px;\">\n<td style=\"height: 69px; width: 35.2744%;\" width=\"211\">Markenname<\/td>\n<td style=\"height: 69px; width: 64.6586%;\" width=\"387\">LuLeey<\/td>\n<\/tr>\n<tr>\n<td style=\"width: 35.2744%;\">\n<div class=\"specification--title--SfH3sA8\"><span data-spm-anchor-id=\"a2g0o.detail.0.i10.73c8G5LJG5LJdG\">Modellnummer<\/span><\/div>\n<\/td>\n<td style=\"width: 64.6586%;\" width=\"158\">LL-UM-1000M-5<\/td>\n<\/tr>\n<tr style=\"height: 69px;\">\n<td style=\"height: 69px; width: 35.2744%;\" width=\"211\">Zertifizierung<\/td>\n<td style=\"height: 69px; width: 64.6586%;\" width=\"387\">CE, FCC, RoHS<\/td>\n<\/tr>\n<tr style=\"height: 69px;\">\n<td style=\"height: 69px; width: 35.2744%;\" width=\"211\">Ger\u00e4tetyp<\/td>\n<td style=\"height: 69px; width: 64.6586%;\" width=\"387\">Gigabit 5-Port-Switch<\/td>\n<\/tr>\n<tr style=\"height: 69px;\">\n<td style=\"height: 69px; width: 35.2744%;\" width=\"211\">Paketweiterleitungsrate<\/td>\n<td style=\"height: 69px; width: 64.6586%;\" width=\"387\">14.388MBps<\/td>\n<\/tr>\n<tr style=\"height: 69px;\">\n<td style=\"height: 69px; width: 35.2744%;\" width=\"211\">Speisespannung<\/td>\n<td style=\"height: 69px; width: 64.6586%;\" width=\"387\">5V<\/td>\n<\/tr>\n<tr style=\"height: 69px;\">\n<td style=\"height: 69px; width: 35.2744%;\" width=\"211\">Herkunft<\/td>\n<td style=\"height: 69px; width: 64.6586%;\" width=\"387\">Festland China<\/td>\n<\/tr>\n<tr>\n<td style=\"width: 35.2744%;\">Betriebstemperatur<\/td>\n<td style=\"width: 64.6586%;\">-20~80\u2103, 5%~90% RH ohne Kondensation<\/td>\n<\/tr>\n<tr>\n<td style=\"width: 35.2744%;\">Lagertemperatur<\/td>\n<td style=\"width: 64.6586%;\">-24~85\u2103, 5%~90% RH nicht kondensierend<\/td>\n<\/tr>\n<tr>\n<td style=\"width: 35.2744%;\">Paketweiterleitungs-Cache<\/td>\n<td style=\"width: 64.6586%;\">1M<\/td>\n<\/tr>\n<tr>\n<td style=\"width: 35.2744%;\">MAC-Adresstabelle<\/td>\n<td style=\"width: 64.6586%;\">2K<\/td>\n<\/tr>\n<tr>\n<td style=\"width: 35.2744%;\">Chips<\/td>\n<td style=\"width: 64.6586%;\">RTL<\/td>\n<\/tr>\n<tr style=\"height: 69px;\">\n<td style=\"height: 69px; width: 35.2744%;\" width=\"211\">Spannung der Stromversorgung<\/td>\n<td style=\"height: 69px; width: 64.6586%;\" width=\"387\">AC 220V\/ DC5-12V<\/td>\n<\/tr>\n<tr style=\"height: 69px;\">\n<td style=\"height: 69px; width: 35.2744%;\" width=\"211\">Gr\u00f6\u00dfe<\/td>\n<td style=\"height: 69px; width: 64.6586%;\" width=\"387\">100*65*25mm<\/td>\n<\/tr>\n<tr style=\"height: 69px;\">\n<td style=\"height: 69px; width: 35.2744%;\" width=\"211\">Die Anzahl der H\u00e4fen<\/td>\n<td style=\"height: 69px; width: 64.6586%;\" width=\"387\">5<\/td>\n<\/tr>\n<tr style=\"height: 69px;\">\n<td style=\"height: 69px; width: 35.2744%;\" width=\"211\">\u00dcbertragungsmodus<\/td>\n<td style=\"height: 69px; width: 64.6586%;\" width=\"387\">Voll-\/Halbduplex adaptiv<\/td>\n<\/tr>\n<tr style=\"height: 69px;\">\n<td style=\"height: 69px; width: 35.2744%;\" width=\"211\">\u00dcbertragungsrate<\/td>\n<td style=\"height: 69px; width: 64.6586%;\" width=\"387\">\n<p data-spm-anchor-id=\"a2g0o.detail.0.i6.73c8G5LJG5LJdG\">10M\/100M\/1000Mbps<\/p>\n<\/td>\n<\/tr>\n<tr style=\"height: 69px;\">\n<td style=\"height: 69px; width: 35.2744%;\" width=\"211\">Art des Austauschs<\/td>\n<td style=\"height: 69px; width: 64.6586%;\" width=\"387\">Gemeinsamer Austauscher<\/td>\n<\/tr>\n<tr style=\"height: 69px;\">\n<td style=\"height: 69px; width: 35.2744%;\" width=\"211\">Backplane-Bandbreite<\/td>\n<td style=\"height: 69px; width: 64.6586%;\" width=\"387\">16GB<\/td>\n<\/tr>\n<\/tbody>\n<\/table>","protected":false},"excerpt":{"rendered":"<p>Gr\u00f6\u00dfe: 10\u00d76,5\u00d72,5cm<\/p>\n<p>Typ des Netzwerkanschlusses: RJ45-Ethernet-Switch<\/p>\n<p>\u00dcbertragungsrate: 1000M<\/p>\n<p>Anzahl der Netzwerkanschl\u00fcsse: 5 Anschluss<\/p>\n<p>Geh\u00e4use: Metall<\/p>\n<p>Switch Tppe:Unmanaged Switches<\/p>","protected":false},"featured_media":15860,"comment_status":"open","ping_status":"closed","template":"","meta":[],"product_brand":[],"product_cat":[356],"product_tag":[173,208,386,385],"class_list":{"0":"post-15856","1":"product","2":"type-product","3":"status-publish","4":"has-post-thumbnail","6":"product_cat-unmanaged-switches","7":"product_tag-8-port","8":"product_tag-ethernet-switch","9":"product_tag-hub","10":"product_tag-unmanaged-switches","12":"first","13":"instock","14":"featured","15":"shipping-taxable","16":"purchasable","17":"product-type-variable"},"_links":{"self":[{"href":"https:\/\/www.luleey.com\/de\/wp-json\/wp\/v2\/product\/15856","targetHints":{"allow":["GET"]}}],"collection":[{"href":"https:\/\/www.luleey.com\/de\/wp-json\/wp\/v2\/product"}],"about":[{"href":"https:\/\/www.luleey.com\/de\/wp-json\/wp\/v2\/types\/product"}],"replies":[{"embeddable":true,"href":"https:\/\/www.luleey.com\/de\/wp-json\/wp\/v2\/comments?post=15856"}],"wp:featuredmedia":[{"embeddable":true,"href":"https:\/\/www.luleey.com\/de\/wp-json\/wp\/v2\/media\/15860"}],"wp:attachment":[{"href":"https:\/\/www.luleey.com\/de\/wp-json\/wp\/v2\/media?parent=15856"}],"wp:term":[{"taxonomy":"product_brand","embeddable":true,"href":"https:\/\/www.luleey.com\/de\/wp-json\/wp\/v2\/product_brand?post=15856"},{"taxonomy":"product_cat","embeddable":true,"href":"https:\/\/www.luleey.com\/de\/wp-json\/wp\/v2\/product_cat?post=15856"},{"taxonomy":"product_tag","embeddable":true,"href":"https:\/\/www.luleey.com\/de\/wp-json\/wp\/v2\/product_tag?post=15856"}],"curies":[{"name":"wp","href":"https:\/\/api.w.org\/{rel}","templated":true}]}}