{"id":15863,"date":"2024-11-09T21:59:32","date_gmt":"2024-11-09T13:59:32","guid":{"rendered":"https:\/\/www.luleey.com\/?post_type=product&#038;p=15863"},"modified":"2025-06-22T15:20:47","modified_gmt":"2025-06-22T07:20:47","slug":"40g-qsfp-mmf-850nm-150m-qsfp-40g-sr4-mpo-12-upc-mmf-optical-transceiver-module","status":"publish","type":"product","link":"https:\/\/www.luleey.com\/de\/produkt-2\/40g-qsfp-mmf-850nm-150m-qsfp-40g-sr4-mpo-12-upc-mmf-optical-transceiver-module\/","title":{"rendered":"40G QSFP+ MMF 850nm 150m QSFP-40G-SR4, MPO-12\/UPC MMF Optisches Transceiver-Modul"},"content":{"rendered":"<h3>Eigenschaften<\/h3>\n<ol>\n<li>Weit verbreitet in optischen 40G QSFP+-Switches, Glasfaser-Netzwerkkarten, Servern, Schutzw\u00e4nden, Routern, industriellen Steuerungen, FPGA-Entwicklungsboards und anderen Ger\u00e4ten<\/li>\n<li>Plug and Play<\/li>\n<li>Mit DDM-Datendiagnose, niedrigem Stromverbrauch, zur Gew\u00e4hrleistung der Signalstabilit\u00e4t, Hochgeschwindigkeits\u00fcbertragung<\/li>\n<li>Kompatible Marken: vollst\u00e4ndig kompatibel<\/li>\n<\/ol>\n<h3>Spezifikation<\/h3>\n<table width=\"323\">\n<tbody>\n<tr>\n<td width=\"101\">Marke<\/td>\n<td width=\"222\">\u00a0LuLeey<\/td>\n<\/tr>\n<tr>\n<td>Ort der Herkunft<\/td>\n<td>\u00a0Festland China<\/td>\n<\/tr>\n<tr>\n<td>Modell<\/td>\n<td>\u00a0QSFP-40G-SR4<\/td>\n<\/tr>\n<tr>\n<td>Geschwindigkeit<\/td>\n<td>\u00a040G<\/td>\n<\/tr>\n<tr>\n<td>Hafen<\/td>\n<td>\u00a0MPO<\/td>\n<\/tr>\n<tr>\n<td>Entfernung<\/td>\n<td>\u00a0150m<\/td>\n<\/tr>\n<tr>\n<td>Wellenl\u00e4nge<\/td>\n<td>\u00a0850nm<\/td>\n<\/tr>\n<tr>\n<td>Betriebstemperatur<\/td>\n<td>\u00a0-20~70\u00b0C<\/td>\n<\/tr>\n<tr>\n<td>Betriebsspannung<\/td>\n<td>\u00a03.3V<\/td>\n<\/tr>\n<tr>\n<td>Modus<\/td>\n<td>\u00a0Multimode<\/td>\n<\/tr>\n<tr>\n<td>DDM unterst\u00fctzen<\/td>\n<td>\u00a0Ja<\/td>\n<\/tr>\n<tr>\n<td>Hot-swap-f\u00e4hig<\/td>\n<td>\u00a0Ja<\/td>\n<\/tr>\n<tr>\n<td>Kompatible Marken<\/td>\n<td>\u00a0Vollst\u00e4ndig kompatibel, wie HUAWEI\/H3C\/CISCO\/RUIJIE\/TP-LINK\/D-LINK\/HIKVISION\/ZTE\/JUNIPER\/DELL\/MIKROTIK\/INTEL\/MELANOX\/IBM...<\/td>\n<\/tr>\n<\/tbody>\n<\/table>\n<p>&nbsp;<\/p>","protected":false},"excerpt":{"rendered":"<ul class=\"a-unordered-list a-vertical a-spacing-mini\">\n<li class=\"a-spacing-mini\"><span class=\"a-list-item\">Volle Kompatibilit\u00e4t: Kompatibel f\u00fcr Arista Networks QSFP-40G-SR4. 40G Ethernet, Infiniband QDR, SATA\/SAS3, IEEE 802.3ba Standard, MSA-konform.<\/span><\/li>\n<li class=\"a-spacing-mini\"><span class=\"a-list-item\">40G QSFP+ QSFP-40G-SR4 Multimode-Transceiver: 40Gb\/s Datenrate, MPO\/MTP Stecker, 850nm Wellenl\u00e4nge, die \u00dcbertragungsdistanz betr\u00e4gt bis zu 150m, Betriebstemperatur: 0\u2103 ~ +70\u2103, Tx Power(dBm): -7 ~ +1, Rx Sens.(dBm): \uff1c -9.5.<\/span><\/li>\n<li class=\"a-spacing-mini\"><span class=\"a-list-item\">Einfach zu bedienen: Plug and Play, Hot-Plug-f\u00e4hig. DDM-Unterst\u00fctzung: Mit DDM k\u00f6nnen Sie die kritischen Informationen \u00fcberwachen, um m\u00f6gliche Probleme zu erkennen. Weit verbreitet in Glasfaser-Switches, Routern, NIC, Servern oder anderen Glasfaserausr\u00fcstungen mit 40Gb QSFP+ Ports.<\/span><\/li>\n<\/ul>","protected":false},"featured_media":15865,"comment_status":"open","ping_status":"closed","template":"","meta":[],"product_brand":[],"product_cat":[297],"product_tag":[659,658,263,264,278],"class_list":{"0":"post-15863","1":"product","2":"type-product","3":"status-publish","4":"has-post-thumbnail","6":"product_cat-qsfp28-qsfp-sfp28-100g-40g-25g","7":"product_tag-150m","8":"product_tag-40g-qsfp","9":"product_tag-mm","10":"product_tag-mpo","11":"product_tag-optical-module","13":"first","14":"instock","15":"shipping-taxable","16":"purchasable","17":"product-type-variable","18":"has-default-attributes"},"_links":{"self":[{"href":"https:\/\/www.luleey.com\/de\/wp-json\/wp\/v2\/product\/15863","targetHints":{"allow":["GET"]}}],"collection":[{"href":"https:\/\/www.luleey.com\/de\/wp-json\/wp\/v2\/product"}],"about":[{"href":"https:\/\/www.luleey.com\/de\/wp-json\/wp\/v2\/types\/product"}],"replies":[{"embeddable":true,"href":"https:\/\/www.luleey.com\/de\/wp-json\/wp\/v2\/comments?post=15863"}],"wp:featuredmedia":[{"embeddable":true,"href":"https:\/\/www.luleey.com\/de\/wp-json\/wp\/v2\/media\/15865"}],"wp:attachment":[{"href":"https:\/\/www.luleey.com\/de\/wp-json\/wp\/v2\/media?parent=15863"}],"wp:term":[{"taxonomy":"product_brand","embeddable":true,"href":"https:\/\/www.luleey.com\/de\/wp-json\/wp\/v2\/product_brand?post=15863"},{"taxonomy":"product_cat","embeddable":true,"href":"https:\/\/www.luleey.com\/de\/wp-json\/wp\/v2\/product_cat?post=15863"},{"taxonomy":"product_tag","embeddable":true,"href":"https:\/\/www.luleey.com\/de\/wp-json\/wp\/v2\/product_tag?post=15863"}],"curies":[{"name":"wp","href":"https:\/\/api.w.org\/{rel}","templated":true}]}}