{"id":15867,"date":"2024-11-09T22:28:44","date_gmt":"2024-11-09T14:28:44","guid":{"rendered":"https:\/\/www.luleey.com\/?post_type=product&#038;p=15867"},"modified":"2025-06-22T15:20:17","modified_gmt":"2025-06-22T07:20:17","slug":"40g-qsfp-smf-qsfp-40g-lr4-10km","status":"publish","type":"product","link":"https:\/\/www.luleey.com\/de\/produkt-2\/40g-qsfp-smf-qsfp-40g-lr4-10km\/","title":{"rendered":"40G QSFP+ SMF QSFP-40G-LR4 10KM 40GBASE-LR4"},"content":{"rendered":"<h3>Eigenschaften<\/h3>\n<ol>\n<li>Weit verbreitet in optischen 40G QSFP+-Switches, Glasfaser-Netzwerkkarten, Servern, Schutzw\u00e4nden, Routern, industriellen Steuerungen, FPGA-Entwicklungsboards und anderen Ger\u00e4ten<\/li>\n<li>40GBASE-LR4,Plug and Play<\/li>\n<li>Mit DDM-Datendiagnose, niedrigem Stromverbrauch, zur Gew\u00e4hrleistung der Signalstabilit\u00e4t, Hochgeschwindigkeits\u00fcbertragung<\/li>\n<li>Kompatible Marken: vollst\u00e4ndig kompatibel<\/li>\n<\/ol>\n<h3>Spezifikation<\/h3>\n<table width=\"323\">\n<tbody>\n<tr>\n<td width=\"101\">Marke<\/td>\n<td width=\"222\">\u00a0LuLeey<\/td>\n<\/tr>\n<tr>\n<td>Ort der Herkunft<\/td>\n<td>\u00a0Festland China<\/td>\n<\/tr>\n<tr>\n<td>Modell<\/td>\n<td>\u00a0QSFP-40G-SR4<\/td>\n<\/tr>\n<tr>\n<td>Geschwindigkeit<\/td>\n<td>\u00a040G<\/td>\n<\/tr>\n<tr>\n<td>Hafen<\/td>\n<td>Doppel-LC<\/td>\n<\/tr>\n<tr>\n<td>Entfernung<\/td>\n<td>\u00a010km<\/td>\n<\/tr>\n<tr>\n<td>Wellenl\u00e4nge<\/td>\n<td>4 CWDM-Spuren: 1270nm, 1290nm, 1310nnm, 1330nm<\/td>\n<\/tr>\n<tr>\n<td>Betriebstemperatur<\/td>\n<td>\u00a0-20~70\u00b0C<\/td>\n<\/tr>\n<tr>\n<td>Betriebsspannung<\/td>\n<td>\u00a03.3V<\/td>\n<\/tr>\n<tr>\n<td>Modus<\/td>\n<td>Einzelner Modus<\/td>\n<\/tr>\n<tr>\n<td>DDM unterst\u00fctzen<\/td>\n<td>\u00a0Ja<\/td>\n<\/tr>\n<tr>\n<td>Hot-swap-f\u00e4hig<\/td>\n<td>\u00a0Ja<\/td>\n<\/tr>\n<tr>\n<td>Kompatible Marken<\/td>\n<td>\u00a0Vollst\u00e4ndig kompatibel, wie HUAWEI\/H3C\/CISCO\/RUIJIE\/TP-LINK\/D-LINK\/HIKVISION\/ZTE\/JUNIPER\/DELL\/MIKROTIK\/INTEL\/MELANOX\/IBM...<\/td>\n<\/tr>\n<\/tbody>\n<\/table>\n<p>&nbsp;<\/p>","protected":false},"excerpt":{"rendered":"<ul class=\"a-unordered-list a-vertical a-spacing-mini\">\n<li class=\"a-spacing-mini\"><span class=\"a-list-item\">40GBASE-LR4 Kompatibel f\u00fcr Vollmarkenger\u00e4te, QSFP-40G-LR4. 40G Ethernet, 4 CWDM-Spuren: 1270nm, 1290nm, 1310nm, 1330nm. Duplex LC Stecker, unterst\u00fctzt DDM, bis zu 10km.<\/span><\/li>\n<li class=\"a-spacing-mini\"><span class=\"a-list-item\">40G QSFP+ Single-Mode-Transceiver: Entsprechen dem IEEE 802.3ba Standard, SFF 8436 und QSFP Multisource Agreement (MSA). Arbeitstemperatur: 0\u2103 ~ +70\u2103, Tx Power(dBm): -7 ~ +2.3, Rx Sens.(dBm): \uff1c -13.7.<\/span><\/li>\n<li class=\"a-spacing-mini\"><span class=\"a-list-item\">Einfach zu bedienen: Plug and Play, Hot-Plug-f\u00e4hig. DDM-Unterst\u00fctzung: Mit DDM k\u00f6nnen Sie die kritischen Informationen \u00fcberwachen, um m\u00f6gliche Probleme zu erkennen. Weit verbreitet in Glasfaser-Switches, Routern, NIC, Servern oder anderen Glasfaserausr\u00fcstungen mit 40Gb QSFP+ Ports.<\/span><\/li>\n<\/ul>","protected":false},"featured_media":15869,"comment_status":"open","ping_status":"closed","template":"","meta":[],"product_brand":[],"product_cat":[297],"product_tag":[660,658,662,278,661],"class_list":{"0":"post-15867","1":"product","2":"type-product","3":"status-publish","4":"has-post-thumbnail","6":"product_cat-qsfp28-qsfp-sfp28-100g-40g-25g","7":"product_tag-10km","8":"product_tag-40g-qsfp","9":"product_tag-40gbase-lr4","10":"product_tag-optical-module","11":"product_tag-qsfp-40g-lr4","13":"first","14":"instock","15":"shipping-taxable","16":"purchasable","17":"product-type-variable","18":"has-default-attributes"},"_links":{"self":[{"href":"https:\/\/www.luleey.com\/de\/wp-json\/wp\/v2\/product\/15867","targetHints":{"allow":["GET"]}}],"collection":[{"href":"https:\/\/www.luleey.com\/de\/wp-json\/wp\/v2\/product"}],"about":[{"href":"https:\/\/www.luleey.com\/de\/wp-json\/wp\/v2\/types\/product"}],"replies":[{"embeddable":true,"href":"https:\/\/www.luleey.com\/de\/wp-json\/wp\/v2\/comments?post=15867"}],"wp:featuredmedia":[{"embeddable":true,"href":"https:\/\/www.luleey.com\/de\/wp-json\/wp\/v2\/media\/15869"}],"wp:attachment":[{"href":"https:\/\/www.luleey.com\/de\/wp-json\/wp\/v2\/media?parent=15867"}],"wp:term":[{"taxonomy":"product_brand","embeddable":true,"href":"https:\/\/www.luleey.com\/de\/wp-json\/wp\/v2\/product_brand?post=15867"},{"taxonomy":"product_cat","embeddable":true,"href":"https:\/\/www.luleey.com\/de\/wp-json\/wp\/v2\/product_cat?post=15867"},{"taxonomy":"product_tag","embeddable":true,"href":"https:\/\/www.luleey.com\/de\/wp-json\/wp\/v2\/product_tag?post=15867"}],"curies":[{"name":"wp","href":"https:\/\/api.w.org\/{rel}","templated":true}]}}