{"id":15870,"date":"2024-11-09T23:04:59","date_gmt":"2024-11-09T15:04:59","guid":{"rendered":"https:\/\/www.luleey.com\/?post_type=product&#038;p=15870"},"modified":"2025-06-22T15:19:37","modified_gmt":"2025-06-22T07:19:37","slug":"40g-qsfp-smf-qsfp40g-sr4-40km-40gbase-er4-qsfp-module-1310nm","status":"publish","type":"product","link":"https:\/\/www.luleey.com\/de\/produkt-2\/40g-qsfp-smf-qsfp40g-sr4-40km-40gbase-er4-qsfp-module-1310nm\/","title":{"rendered":"40G QSFP+ SMF QSFP+40G-SR4 40KM 40GBASE-ER4 QSFP+ Modul 1310nm"},"content":{"rendered":"<h3>Eigenschaften<\/h3>\n<ol>\n<li>Weit verbreitet in optischen 40G QSFP+-Switches, Glasfaser-Netzwerkkarten, Servern, Schutzw\u00e4nden, Routern, industriellen Steuerungen, FPGA-Entwicklungsboards und anderen Ger\u00e4ten<\/li>\n<li>Plug and Play<\/li>\n<li>Mit DDM-Datendiagnose, niedrigem Stromverbrauch, zur Gew\u00e4hrleistung der Signalstabilit\u00e4t, Hochgeschwindigkeits\u00fcbertragung<\/li>\n<li>Kompatible Marken: vollst\u00e4ndig kompatibel<\/li>\n<\/ol>\n<h3>Spezifikation<\/h3>\n<table style=\"width: 100%; height: 718px;\" width=\"323\">\n<tbody>\n<tr style=\"height: 53px;\">\n<td style=\"height: 53px;\" width=\"101\">Marke<\/td>\n<td style=\"height: 53px;\" width=\"222\">\u00a0LuLeey<\/td>\n<\/tr>\n<tr style=\"height: 53px;\">\n<td style=\"height: 53px;\">Ort der Herkunft<\/td>\n<td style=\"height: 53px;\">\u00a0Festland China<\/td>\n<\/tr>\n<tr style=\"height: 53px;\">\n<td style=\"height: 53px;\">Modell<\/td>\n<td style=\"height: 53px;\">\u00a0QSFP-40G-SR4<\/td>\n<\/tr>\n<tr style=\"height: 53px;\">\n<td style=\"height: 53px;\">Geschwindigkeit<\/td>\n<td style=\"height: 53px;\">\u00a040G<\/td>\n<\/tr>\n<tr style=\"height: 53px;\">\n<td style=\"height: 53px;\">Hafen<\/td>\n<td style=\"height: 53px;\">Doppel-LC<\/td>\n<\/tr>\n<tr style=\"height: 53px;\">\n<td style=\"height: 53px;\">Entfernung<\/td>\n<td style=\"height: 53px;\">\u00a040km<\/td>\n<\/tr>\n<tr style=\"height: 53px;\">\n<td style=\"height: 53px;\">Betriebstemperatur<\/td>\n<td style=\"height: 53px;\">\u00a0-20~70\u00b0C<\/td>\n<\/tr>\n<tr style=\"height: 53px;\">\n<td style=\"height: 53px;\">Betriebsspannung<\/td>\n<td style=\"height: 53px;\">\u00a03.3V<\/td>\n<\/tr>\n<tr style=\"height: 53px;\">\n<td style=\"height: 53px;\">Modus<\/td>\n<td style=\"height: 53px;\">Einzelner Modus<\/td>\n<\/tr>\n<tr style=\"height: 53px;\">\n<td style=\"height: 53px;\">DDM unterst\u00fctzen<\/td>\n<td style=\"height: 53px;\">\u00a0Ja<\/td>\n<\/tr>\n<tr style=\"height: 53px;\">\n<td style=\"height: 53px;\">Hot-swap-f\u00e4hig<\/td>\n<td style=\"height: 53px;\">\u00a0Ja<\/td>\n<\/tr>\n<tr style=\"height: 82px;\">\n<td style=\"height: 82px;\">Kompatible Marken<\/td>\n<td style=\"height: 82px;\">\u00a0Vollst\u00e4ndig kompatibel, wie HUAWEI\/H3C\/CISCO\/RUIJIE\/TP-LINK\/D-LINK\/HIKVISION\/ZTE\/JUNIPER\/DELL\/MIKROTIK\/INTEL\/MELANOX\/IBM...<\/td>\n<\/tr>\n<\/tbody>\n<\/table>\n<p>&nbsp;<\/p>","protected":false},"excerpt":{"rendered":"<ul class=\"a-unordered-list a-vertical a-spacing-mini\">\n<li class=\"a-spacing-mini\"><span class=\"a-list-item\">Vollst\u00e4ndige Kompatibilit\u00e4t: Kompatibel f\u00fcr Arista Networks QSFP-40G-ER4. OTN OTU3, 40G Ethernet, Infini-Band, Fiber Channel, SATA\/SAS3, MSA-kompatibel.<\/span><\/li>\n<li class=\"a-spacing-mini\"><span class=\"a-list-item\">40G QSFP+ Single-Mode-Transceiver: 40Gb\/s Datenrate, LC-Duplex-Anschluss, 1310nm Wellenl\u00e4nge. Maximale Verbindungsl\u00e4nge von 40 km auf Single Mode Fiber (SMF). Ungek\u00fchlter 4x10Gb\/s CWDM-Sender, Betriebstemperatur: 0\u2103 ~ +70\u2103, Tx Power (DBM)\uff1a -2.7~4.5Tx Sens (DBM)\uff1a -19<\/span><\/li>\n<li class=\"a-spacing-mini\"><span class=\"a-list-item\">Einfach zu bedienen: Plug and Play, Hot-Plug-f\u00e4hig. DDM-Unterst\u00fctzung: Mit DDM k\u00f6nnen Sie die kritischen Informationen \u00fcberwachen, um m\u00f6gliche Probleme zu erkennen. Weit verbreitet in Glasfaser-Switches, Routern, NIC, Servern oder anderen Glasfaserausr\u00fcstungen mit 40Gb QSFP+ Ports.<\/span><\/li>\n<\/ul>","protected":false},"featured_media":15873,"comment_status":"open","ping_status":"closed","template":"","meta":[],"product_brand":[],"product_cat":[297],"product_tag":[660,658,278,663],"class_list":{"0":"post-15870","1":"product","2":"type-product","3":"status-publish","4":"has-post-thumbnail","6":"product_cat-qsfp28-qsfp-sfp28-100g-40g-25g","7":"product_tag-10km","8":"product_tag-40g-qsfp","9":"product_tag-optical-module","10":"product_tag-qsfp-40g-er4","12":"first","13":"instock","14":"shipping-taxable","15":"purchasable","16":"product-type-variable","17":"has-default-attributes"},"_links":{"self":[{"href":"https:\/\/www.luleey.com\/de\/wp-json\/wp\/v2\/product\/15870","targetHints":{"allow":["GET"]}}],"collection":[{"href":"https:\/\/www.luleey.com\/de\/wp-json\/wp\/v2\/product"}],"about":[{"href":"https:\/\/www.luleey.com\/de\/wp-json\/wp\/v2\/types\/product"}],"replies":[{"embeddable":true,"href":"https:\/\/www.luleey.com\/de\/wp-json\/wp\/v2\/comments?post=15870"}],"wp:featuredmedia":[{"embeddable":true,"href":"https:\/\/www.luleey.com\/de\/wp-json\/wp\/v2\/media\/15873"}],"wp:attachment":[{"href":"https:\/\/www.luleey.com\/de\/wp-json\/wp\/v2\/media?parent=15870"}],"wp:term":[{"taxonomy":"product_brand","embeddable":true,"href":"https:\/\/www.luleey.com\/de\/wp-json\/wp\/v2\/product_brand?post=15870"},{"taxonomy":"product_cat","embeddable":true,"href":"https:\/\/www.luleey.com\/de\/wp-json\/wp\/v2\/product_cat?post=15870"},{"taxonomy":"product_tag","embeddable":true,"href":"https:\/\/www.luleey.com\/de\/wp-json\/wp\/v2\/product_tag?post=15870"}],"curies":[{"name":"wp","href":"https:\/\/api.w.org\/{rel}","templated":true}]}}