{"id":15876,"date":"2024-11-10T20:36:10","date_gmt":"2024-11-10T12:36:10","guid":{"rendered":"https:\/\/www.luleey.com\/?post_type=product&#038;p=15876"},"modified":"2025-02-10T22:31:42","modified_gmt":"2025-02-10T14:31:42","slug":"qsa-adapter-100g-qsfp28-to-25g-sfp28-converter-module","status":"publish","type":"product","link":"https:\/\/www.luleey.com\/de\/produkt-2\/qsa-adapter-100g-qsfp28-to-25g-sfp28-converter-module\/","title":{"rendered":"QSA Adapter 100G QSFP28 zu 25G SFP28 Konverter Modul"},"content":{"rendered":"<h3>Eigenschaften<\/h3>\r\n<ol>\r\n<li>Vielseitige Kompatibilit\u00e4t: Dieses Produkt bietet umfassende Kompatibilit\u00e4t mit QSFP28 MSA-kompatiblen Ger\u00e4ten von renommierten Marken wie Dell, Juniper, Arista, Extreme und vielen anderen.<\/li>\r\n<li>Umfassende SFP28-Unterst\u00fctzung: Der QSA-Adapter ist f\u00fcr alle SFP28-Optiken und -Kabel geeignet, einschlie\u00dflich SFP28-SR, SFP28-LR, SFP28-Passiv-Kupferkabel und SFP28-Aktiv-Optikkabel.<\/li>\r\n<li>Kosteng\u00fcnstige Konvertierung: Das 100G-zu-25G-Adaptermodul erm\u00f6glicht eine nahtlose und wirtschaftliche Migration zu 40-Gigabit-Ethernet. Es bietet eine Option zur Nutzung niedrigerer Geschwindigkeiten und ist Plug-and-Play, ohne dass eine Konfiguration erforderlich ist.<\/li>\r\n<li>Stabile Leistung: Dieses Produkt zeichnet sich durch niedrige Einf\u00fcgungsd\u00e4mpfung, geringes \u00dcbersprechen und geringe EMI-Emissionen aus und verf\u00fcgt \u00fcber ein Ganzmetallgeh\u00e4use und einen sicheren Verriegelungsmechanismus. Es arbeitet innerhalb eines Temperaturbereichs von -20 bis 85 \u00b0C und gew\u00e4hrleistet eine stabile Leistung.<\/li>\r\n<\/ol>\r\n<h3>Spezifikation<\/h3>\r\n<table style=\"width: 100%; height: 665px;\" width=\"323\">\r\n<tbody>\r\n<tr style=\"height: 53px;\">\r\n<td style=\"height: 53px;\" width=\"101\">Marke<\/td>\r\n<td style=\"height: 53px;\" width=\"222\">\u00a0LuLeey<\/td>\r\n<\/tr>\r\n<tr style=\"height: 53px;\">\r\n<td style=\"height: 53px;\">Ort der Herkunft<\/td>\r\n<td style=\"height: 53px;\">\u00a0Festland China<\/td>\r\n<\/tr>\r\n<tr style=\"height: 53px;\">\r\n<td style=\"height: 53px;\">Produktname<\/td>\r\n<td style=\"height: 53px;\">QSA Adapter 100G QSFP28 zu 25G SFP28 Konverter Modul<\/td>\r\n<\/tr>\r\n<tr style=\"height: 53px;\">\r\n<td style=\"height: 53px;\">Geschwindigkeit<\/td>\r\n<td style=\"height: 53px;\">\u00a0100G bis 25G<\/td>\r\n<\/tr>\r\n<tr style=\"height: 53px;\">\r\n<td style=\"height: 53px;\">Hafen<\/td>\r\n<td style=\"height: 53px;\">QSFP auf SFP28<\/td>\r\n<\/tr>\r\n<tr style=\"height: 82px;\">\r\n<td style=\"height: 82px;\">Kompatible Marken<\/td>\r\n<td style=\"height: 82px;\">\u00a0Vollst\u00e4ndig kompatibel, wie HUAWEI\/H3C\/CISCO\/RUIJIE\/TP-LINK\/D-LINK\/HIKVISION\/ZTE\/JUNIPER\/DELL\/MIKROTIK\/INTEL\/MELANOX\/IBM...<\/td>\r\n<\/tr>\r\n<\/tbody>\r\n<\/table>\r\n<p>\u00a0<\/p>\r\n\r\n\r\n<a id=\"wd-6e07eaa6\" class=\"wp-block-wd-button btn btn-style-default btn-color-primary btn-size-default btn-shape-rectangle\" href=\"https:\/\/www.luleey.com\/\/wp-content\/uploads\/resource\/documents\/LuLeey%20QSFP28%20to%20SFP28%20Adapter%20(QSA)%20Module%20Datasheet%20V1.0.pdf\"><span>LuLeey QSFP28-auf-SFP28-Adapter (QSA)-Modul-Datenblatt<\/span><\/a>\r\n\r\n\r\n\r\n<p><\/p>","protected":false},"excerpt":{"rendered":"<ul class=\"a-unordered-list a-vertical a-spacing-mini\">\n<li class=\"a-spacing-mini\">QSA-Adapter 100G auf 40G<\/li>\n<li class=\"a-spacing-mini\">QSFP28 auf 25G SFP28 Konverter Modul QSFP auf SFP28<\/li>\n<\/ul>","protected":false},"featured_media":15879,"comment_status":"open","ping_status":"closed","template":"","meta":[],"product_brand":[],"product_cat":[297],"product_tag":[664,666,665],"class_list":{"0":"post-15876","1":"product","2":"type-product","3":"status-publish","4":"has-post-thumbnail","6":"product_cat-qsfp28-qsfp-sfp28-100g-40g-25g","7":"product_tag-100g-qsfp28-to-25g-sfp28","8":"product_tag-100g-to-40g","9":"product_tag-qsa-adapter","11":"first","12":"instock","13":"shipping-taxable","14":"purchasable","15":"product-type-variable"},"_links":{"self":[{"href":"https:\/\/www.luleey.com\/de\/wp-json\/wp\/v2\/product\/15876","targetHints":{"allow":["GET"]}}],"collection":[{"href":"https:\/\/www.luleey.com\/de\/wp-json\/wp\/v2\/product"}],"about":[{"href":"https:\/\/www.luleey.com\/de\/wp-json\/wp\/v2\/types\/product"}],"replies":[{"embeddable":true,"href":"https:\/\/www.luleey.com\/de\/wp-json\/wp\/v2\/comments?post=15876"}],"wp:featuredmedia":[{"embeddable":true,"href":"https:\/\/www.luleey.com\/de\/wp-json\/wp\/v2\/media\/15879"}],"wp:attachment":[{"href":"https:\/\/www.luleey.com\/de\/wp-json\/wp\/v2\/media?parent=15876"}],"wp:term":[{"taxonomy":"product_brand","embeddable":true,"href":"https:\/\/www.luleey.com\/de\/wp-json\/wp\/v2\/product_brand?post=15876"},{"taxonomy":"product_cat","embeddable":true,"href":"https:\/\/www.luleey.com\/de\/wp-json\/wp\/v2\/product_cat?post=15876"},{"taxonomy":"product_tag","embeddable":true,"href":"https:\/\/www.luleey.com\/de\/wp-json\/wp\/v2\/product_tag?post=15876"}],"curies":[{"name":"wp","href":"https:\/\/api.w.org\/{rel}","templated":true}]}}