{"id":15880,"date":"2024-11-10T21:16:03","date_gmt":"2024-11-10T13:16:03","guid":{"rendered":"https:\/\/www.luleey.com\/?post_type=product&#038;p=15880"},"modified":"2025-02-08T14:25:48","modified_gmt":"2025-02-08T06:25:48","slug":"qsa-adapter-40g-qsfp-to-10g-sfp-converter-module","status":"publish","type":"product","link":"https:\/\/www.luleey.com\/de\/produkt-2\/qsa-adapter-40g-qsfp-to-10g-sfp-converter-module\/","title":{"rendered":"QSA Adapter 40G QSFP+ auf 10G SFP+ Konverter-Modul"},"content":{"rendered":"<h3>Eigenschaften<\/h3>\n<ol>\n<li>Vielseitige Kompatibilit\u00e4t: Genie\u00dfen Sie umfassende Kompatibilit\u00e4t, da dieses Produkt mit SFF 8436 und QSFP MSA-kompatiblen Ger\u00e4ten von f\u00fchrenden Marken wie Mellanox, Dell, Juniper, Arista, Extreme, NOKIA, H3C und vielen anderen kompatibel ist.<br \/>\nUmfassende SFP+-Unterst\u00fctzung: Der QSA-Adapter eignet sich perfekt f\u00fcr alle SFP+-Optiken und Kabelreichweiten, einschlie\u00dflich SFP-10G-SR, SFP-10G-LR, SFP-10G-ER, SFP-10G-ZR, 10G SFP+-Kupferkabel und 10G SFP+-aktive optische Kabel.<br \/>\nKosteng\u00fcnstige Konvertierung: Das 40G-zu-10G-Adaptermodul bietet eine nahtlose und wirtschaftliche Migration zu 40-Gigabit-Ethernet, indem es die M\u00f6glichkeit bietet, niedrigere Geschwindigkeiten zu nutzen. Es ist Plug-and-Play und erfordert keine Konfiguration.<br \/>\nStabile Leistung: Mit geringer Einf\u00fcgungsd\u00e4mpfung, geringem \u00dcbersprechen und geringer EMI-Emission verf\u00fcgt dieses Produkt \u00fcber ein Ganzmetallgeh\u00e4use und einen sicheren Verriegelungsmechanismus. Es arbeitet innerhalb eines Temperaturbereichs von -20 bis 85 \u00b0C und gew\u00e4hrleistet eine stabile und zuverl\u00e4ssige Leistung.<\/li>\n<\/ol>\n<h3>Spezifikation<\/h3>\n<table style=\"width: 100%; height: 665px;\" width=\"323\">\n<tbody>\n<tr style=\"height: 53px;\">\n<td style=\"height: 53px;\" width=\"101\">Marke<\/td>\n<td style=\"height: 53px;\" width=\"222\">\u00a0LuLeey<\/td>\n<\/tr>\n<tr style=\"height: 53px;\">\n<td style=\"height: 53px;\">Ort der Herkunft<\/td>\n<td style=\"height: 53px;\">\u00a0Festland China<\/td>\n<\/tr>\n<tr style=\"height: 53px;\">\n<td style=\"height: 53px;\">Produktname<\/td>\n<td style=\"height: 53px;\">QSA Adapter 40G QSFP+ auf 10G SFP+ Konverter-Modul<\/td>\n<\/tr>\n<tr style=\"height: 53px;\">\n<td style=\"height: 53px;\">Geschwindigkeit<\/td>\n<td style=\"height: 53px;\">\u00a040G bis 10G<\/td>\n<\/tr>\n<tr style=\"height: 53px;\">\n<td style=\"height: 53px;\">Hafen<\/td>\n<td style=\"height: 53px;\">QSFP+ zu SFP+<\/td>\n<\/tr>\n<tr style=\"height: 82px;\">\n<td style=\"height: 82px;\">Kompatible Marken<\/td>\n<td style=\"height: 82px;\">\u00a0Vollst\u00e4ndig kompatibel, wie HUAWEI\/H3C\/CISCO\/RUIJIE\/TP-LINK\/D-LINK\/HIKVISION\/ZTE\/JUNIPER\/DELL\/MIKROTIK\/INTEL\/MELANOX\/IBM...<\/td>\n<\/tr>\n<\/tbody>\n<\/table>\n<p>&nbsp;<\/p>","protected":false},"excerpt":{"rendered":"<ul class=\"a-unordered-list a-vertical a-spacing-mini\">\n<li class=\"a-spacing-mini\">QSA-Adapter 40G auf 10G<\/li>\n<li class=\"a-spacing-mini\">40G QSFP+ zu 10G SFP+ Konverter Modul QSFP+ zu SFP+<\/li>\n<\/ul>","protected":false},"featured_media":15878,"comment_status":"open","ping_status":"closed","template":"","meta":[],"product_brand":[],"product_cat":[297],"product_tag":[667,668,665],"class_list":{"0":"post-15880","1":"product","2":"type-product","3":"status-publish","4":"has-post-thumbnail","6":"product_cat-qsfp28-qsfp-sfp28-100g-40g-25g","7":"product_tag-40g-qsfp-to-10g-sfp","8":"product_tag-40g-to-10g","9":"product_tag-qsa-adapter","11":"first","12":"instock","13":"shipping-taxable","14":"purchasable","15":"product-type-variable","16":"has-default-attributes"},"_links":{"self":[{"href":"https:\/\/www.luleey.com\/de\/wp-json\/wp\/v2\/product\/15880","targetHints":{"allow":["GET"]}}],"collection":[{"href":"https:\/\/www.luleey.com\/de\/wp-json\/wp\/v2\/product"}],"about":[{"href":"https:\/\/www.luleey.com\/de\/wp-json\/wp\/v2\/types\/product"}],"replies":[{"embeddable":true,"href":"https:\/\/www.luleey.com\/de\/wp-json\/wp\/v2\/comments?post=15880"}],"wp:featuredmedia":[{"embeddable":true,"href":"https:\/\/www.luleey.com\/de\/wp-json\/wp\/v2\/media\/15878"}],"wp:attachment":[{"href":"https:\/\/www.luleey.com\/de\/wp-json\/wp\/v2\/media?parent=15880"}],"wp:term":[{"taxonomy":"product_brand","embeddable":true,"href":"https:\/\/www.luleey.com\/de\/wp-json\/wp\/v2\/product_brand?post=15880"},{"taxonomy":"product_cat","embeddable":true,"href":"https:\/\/www.luleey.com\/de\/wp-json\/wp\/v2\/product_cat?post=15880"},{"taxonomy":"product_tag","embeddable":true,"href":"https:\/\/www.luleey.com\/de\/wp-json\/wp\/v2\/product_tag?post=15880"}],"curies":[{"name":"wp","href":"https:\/\/api.w.org\/{rel}","templated":true}]}}