{"id":16612,"date":"2024-12-15T14:42:33","date_gmt":"2024-12-15T06:42:33","guid":{"rendered":"https:\/\/www.luleey.com\/?post_type=product&#038;p=16612"},"modified":"2024-12-17T10:53:11","modified_gmt":"2024-12-17T02:53:11","slug":"8xsfp-l2-web-managed-switch","status":"publish","type":"product","link":"https:\/\/www.luleey.com\/de\/produkt-2\/8xsfp-l2-web-managed-switch\/","title":{"rendered":"8xSFP+ L2+ Web Managed Switch"},"content":{"rendered":"<div class=\"title--wrap--Ms9Zv4A\">\n<h3>Eigenschaften<\/h3>\n<ul>\n<li>8 10G SFP+ Ports, unterst\u00fctzen 1.25G\/2.5G\/10G Rate, k\u00f6nnen in WEB.<\/li>\n<li>Unterst\u00fctzung des WEB-Managements, Realisierung der Konfiguration, \u00dcberwachung und Fehlerbehebung des Ger\u00e4ts.<\/li>\n<li>Metallgeh\u00e4use f\u00fcr effiziente W\u00e4rmeableitung.<\/li>\n<li>Hochgeschwindigkeits-Netzwerk-Chip.<\/li>\n<li>Unterst\u00fctzung von LACP Link Aggregation und 802.1Q VLAN.<\/li>\n<li>Hoch- und tieftemperaturbest\u00e4ndige Ausf\u00fchrung.<\/li>\n<li>Verwendet einen Store-and-Forward-Mechanismus und integriert einen Cache mit hoher Kapazit\u00e4t, um sicherzustellen, dass alle Ports eine 10-Gigabit-Weiterleitung realisieren k\u00f6nnen.<\/li>\n<li>160Gbps Schaltkapazit\u00e4t, hochwertiges IC-Design, IC-Chip mit starker Breitbandf\u00e4higkeit.<\/li>\n<\/ul>\n<\/div>\n<h3>Spezifikation<\/h3>\n<table style=\"width: 77.1409%;\" width=\"323\">\n<tbody>\n<tr>\n<td style=\"width: 28.6673%;\" width=\"101\">Marke<\/td>\n<td style=\"width: 70.5657%;\" width=\"222\">\u00a0LuLeey<\/td>\n<\/tr>\n<tr>\n<td style=\"width: 28.6673%;\">Ort der Herkunft<\/td>\n<td style=\"width: 70.5657%;\">\u00a0Festland China<\/td>\n<\/tr>\n<tr>\n<td style=\"width: 28.6673%;\">Modell<\/td>\n<td style=\"width: 70.5657%;\">LL-L2+MES-8SFP+<\/td>\n<\/tr>\n<tr>\n<td style=\"width: 28.6673%;\">Produktname<\/td>\n<td style=\"width: 70.5657%;\">8xSFP+ L2+ Web Managed Switch<\/td>\n<\/tr>\n<tr>\n<td style=\"width: 28.6673%;\">Definition des Hafens<\/td>\n<td style=\"width: 70.5657%;\">\u00a08x10G SFP+ (unterst\u00fctzt 1.25G\/2.5G\/10G)<\/td>\n<\/tr>\n<tr>\n<td style=\"width: 28.6673%;\">Schaltleistung<\/td>\n<td style=\"width: 70.5657%;\">\u00a0160Gbps<\/td>\n<\/tr>\n<tr>\n<td style=\"width: 28.6673%;\">Paketweiterleitungsrate<\/td>\n<td style=\"width: 70.5657%;\">\u00a0119,04Mpps<\/td>\n<\/tr>\n<tr>\n<td style=\"width: 28.6673%;\">Paket-Cache<\/td>\n<td style=\"width: 70.5657%;\">\u00a012Mbit<\/td>\n<\/tr>\n<tr>\n<td style=\"width: 28.6673%;\">MAC-Adresstabelle<\/td>\n<td style=\"width: 70.5657%;\">\u00a016K<\/td>\n<\/tr>\n<tr>\n<td style=\"width: 28.6673%;\">VLAN<\/td>\n<td style=\"width: 70.5657%;\">\u00a0Bereich 1-4094, maximal aktives VLAN 4K<\/td>\n<\/tr>\n<tr>\n<td style=\"width: 28.6673%;\">Chip-Programm<\/td>\n<td style=\"width: 70.5657%;\">\u00a0RTL9303<\/td>\n<\/tr>\n<tr>\n<td style=\"width: 28.6673%;\">Stromversorgung<\/td>\n<td style=\"width: 70.5657%;\">\u00a0DC 12V2A<\/td>\n<\/tr>\n<tr>\n<td style=\"width: 28.6673%;\">Netzwerk-Protokoll<\/td>\n<td style=\"width: 70.5657%;\">\u00a0IEEE802.3,IEEE802.3i,IEEE802.3u,IEEE802.3ab,IEEE802.3z,IEEE802.3z,IEEE802.3x,IEEE802.3az,IEEE802.3ae,IEEE802.3bz<\/td>\n<\/tr>\n<tr>\n<td style=\"width: 28.6673%;\">Betriebstemperatur<\/td>\n<td style=\"width: 70.5657%;\">\u00a00~40\u2103<\/td>\n<\/tr>\n<tr>\n<td style=\"width: 28.6673%;\">Lagertemperatur<\/td>\n<td style=\"width: 70.5657%;\">\u00a0-40~70\u2103<\/td>\n<\/tr>\n<tr>\n<td style=\"width: 28.6673%;\">Luftfeuchtigkeit im Betrieb<\/td>\n<td style=\"width: 70.5657%;\">\u00a010%~90%, non-condensing<\/td>\n<\/tr>\n<tr>\n<td style=\"width: 28.6673%;\">Feuchtigkeit bei der Lagerung<\/td>\n<td style=\"width: 70.5657%;\">\u00a05%~95%, nicht kondensierend<\/td>\n<\/tr>\n<tr>\n<td style=\"width: 28.6673%;\">Gr\u00f6\u00dfe des Produkts<\/td>\n<td style=\"width: 70.5657%;\">\u00a0220*125*28mm<\/td>\n<\/tr>\n<\/tbody>\n<\/table>","protected":false},"excerpt":{"rendered":"<p>1. Ultraschnelle 10Gbps-Konnektivit\u00e4t: Der 8-Port 10Gb Managed Switch verf\u00fcgt \u00fcber 8x10Gb SFP+ Ports und bietet au\u00dfergew\u00f6hnliche Skalierbarkeit und Flexibilit\u00e4t f\u00fcr 10G-Netzwerke mit hoher Dichte.<br \/>\n*Hinweis: Die Standard-Switch-Port-Rate ist 10G\/2,5G adaptiv; f\u00fcr 10G\/1000M sind manuelle Einstellungen auf der Verwaltungsseite erforderlich.<\/p>\n<p>2. 10G Einfaches Web-Management: Verwalten Sie Ihren 10Gb-Web-Switch m\u00fchelos \u00fcber eine intuitive Weboberfl\u00e4che, die den Zugriff auf Ger\u00e4testatus und Konfigurationen erm\u00f6glicht, einschlie\u00dflich Link Aggregation, LACP, Storm Control, Port Mirroring, VLAN Management, MAC-Adresse, Spanning Tree Protocol, Multicast, QoS, DHCP Snooping, SNMP und RSTP.<br \/>\n*Hinweis: Bitte stellen Sie die IP-Adresse \u00fcber IPv4 ein, bevor Sie sich anmelden.<\/p>\n<p>3. Beeindruckende 160G-Bandbreite: Dieser Switch bietet eine robuste **160G-Bandbreite** auf der Backplane, die eine hohe Verkehrslast effektiv bew\u00e4ltigt und einen reibungslosen Betrieb bei Spitzenbelastungen gew\u00e4hrleistet.<\/p>\n<p>4. Wandmontierter SFP+-Switch: Dieser vielseitig einsetzbare Multi-Gigabit-Switch unterst\u00fctzt die Wandmontage, verf\u00fcgt \u00fcber ein l\u00fcfterloses, beidseitig gek\u00fchltes Design und ist mit einem hochwertigen Metallgeh\u00e4use ausgestattet, das die Haltbarkeit und Benutzerfreundlichkeit erh\u00f6ht.<\/p>\n<p>5. Zukunftssichere Leistung: Sch\u00f6pfen Sie das Potenzial Ihres Netzwerks mit unserem umfassenden Webhandbuch aus, und steigern Sie Ihr Spielerlebnis durch Geschwindigkeit und Einfachheit.<\/p>","protected":false},"featured_media":16613,"comment_status":"open","ping_status":"closed","template":"","meta":[],"product_brand":[],"product_cat":[258],"product_tag":[791,322],"class_list":{"0":"post-16612","1":"product","2":"type-product","3":"status-publish","4":"has-post-thumbnail","6":"product_cat-managed-switches","7":"product_tag-managed-switch","8":"product_tag-sfp","10":"first","11":"instock","12":"shipping-taxable","13":"purchasable","14":"product-type-variable"},"_links":{"self":[{"href":"https:\/\/www.luleey.com\/de\/wp-json\/wp\/v2\/product\/16612","targetHints":{"allow":["GET"]}}],"collection":[{"href":"https:\/\/www.luleey.com\/de\/wp-json\/wp\/v2\/product"}],"about":[{"href":"https:\/\/www.luleey.com\/de\/wp-json\/wp\/v2\/types\/product"}],"replies":[{"embeddable":true,"href":"https:\/\/www.luleey.com\/de\/wp-json\/wp\/v2\/comments?post=16612"}],"wp:featuredmedia":[{"embeddable":true,"href":"https:\/\/www.luleey.com\/de\/wp-json\/wp\/v2\/media\/16613"}],"wp:attachment":[{"href":"https:\/\/www.luleey.com\/de\/wp-json\/wp\/v2\/media?parent=16612"}],"wp:term":[{"taxonomy":"product_brand","embeddable":true,"href":"https:\/\/www.luleey.com\/de\/wp-json\/wp\/v2\/product_brand?post=16612"},{"taxonomy":"product_cat","embeddable":true,"href":"https:\/\/www.luleey.com\/de\/wp-json\/wp\/v2\/product_cat?post=16612"},{"taxonomy":"product_tag","embeddable":true,"href":"https:\/\/www.luleey.com\/de\/wp-json\/wp\/v2\/product_tag?post=16612"}],"curies":[{"name":"wp","href":"https:\/\/api.w.org\/{rel}","templated":true}]}}