{"id":16797,"date":"2024-12-30T21:20:17","date_gmt":"2024-12-30T13:20:17","guid":{"rendered":"https:\/\/www.luleey.com\/?post_type=product&#038;p=16797"},"modified":"2025-01-21T10:39:56","modified_gmt":"2025-01-21T02:39:56","slug":"8ge-gigabit-epon-olt","status":"publish","type":"product","link":"https:\/\/www.luleey.com\/de\/produkt-2\/8ge-gigabit-epon-olt\/","title":{"rendered":"8GE-Gigabit-EPON-OLT"},"content":{"rendered":"<h3>Eigenschaften<\/h3>\n<p data-key=\"23\" data-slate-type=\"p\" data-style=\"{}\"><span class=\"slate-node-text\" data-key=\"24\"><span data-offset-key=\"24:0\">8-Port-OLT-Ger\u00e4te k\u00f6nnen mit ONU und passiven optischen Verteilungsnetzwerken (ODN) zusammenarbeiten, um ein passives optisches Netzwerk zu bilden und das Leistungsmanagement, das Fehlermanagement und das Konfigurationsmanagement der Ger\u00e4te zu realisieren. Es nimmt 1U Rack-Mount-Design, unterst\u00fctzt 8 SFP EPON-Systeme, unterst\u00fctzt 4 Gigabit optische Ports und 4 Gigabit Combo-Ports (dh 1000M SFP optischen Port und 1000M adaptive RJ45 elektrischen Port Austausch) Uplink, bei 1: 8 PON-Ports unter 64 Splitting kann bis zu 512 ONU Ger\u00e4t zugreifen zu unterst\u00fctzen. Im Falle einer hohen Bandbreite wird eine \u00dcbertragungsdistanz von 20 km garantiert, kann die L2-Schicht mit voller Geschwindigkeit weiterleiten und unterst\u00fctzt die grafische SNMP-Verwaltungsoberfl\u00e4che.<\/span><\/span><\/p>\n<p data-key=\"25\" data-slate-type=\"p\" data-style=\"{}\" data-spm-anchor-id=\"5261.product_publish.0.i27.42324edf4rB1gC\" data-slate-fragment=\"JTdCJTIyb2JqZWN0JTIyJTNBJTIyZG9jdW1lbnQlMjIlMkMlMjJkYXRhJTIyJTNBJTdCJTdEJTJDJTIybm9kZXMlMjIlM0ElNUIlN0IlMjJvYmplY3QlMjIlM0ElMjJibG9jayUyMiUyQyUyMnR5cGUlMjIlM0ElMjJkaXYlMjIlMkMlMjJpc1ZvaWQlMjIlM0FmYWxzZSUyQyUyMmRhdGElMjIlM0ElN0IlMjJjbGFzc05hbWUlMjIlM0ElMjJkZXRhaWxtb2R1bGVfaHRtbCUyMiU3RCUyQyUyMm5vZGVzJTIyJTNBJTVCJTdCJTIyb2JqZWN0JTIyJTNBJTIyYmxvY2slMjIlMkMlMjJ0eXBlJTIyJTNBJTIyZGl2JTIyJTJDJTIyaXNWb2lkJTIyJTNBZmFsc2UlMkMlMjJkYXRhJTIyJTNBJTdCJTIyY2xhc3NOYW1lJTIyJTNBJTIyZGV0YWlsLWRlc2MtZGVjb3JhdGUtcmljaHRleHQlMjIlN0QlMkMlMjJub2RlcyUyMiUzQSU1QiU3QiUyMm9iamVjdCUyMiUzQSUyMmJsb2NrJTIyJTJDJTIydHlwZSUyMiUzQSUyMmRpdiUyMiUyQyUyMmlzVm9pZCUyMiUzQWZhbHNlJTJDJTIyZGF0YSUyMiUzQSU3QiU3RCUyQyUyMm5vZGVzJTIyJTNBJTVCJTdCJTIyb2JqZWN0JTIyJTNBJTIyYmxvY2slMjIlMkMlMjJ0eXBlJTIyJTNBJTIyZGl2JTIyJTJDJTIyaXNWb2lkJTIyJTNBZmFsc2UlMkMlMjJkYXRhJTIyJTNBJTdCJTIyaWQlMjIlM0ElMjJvZmZlci10ZW1wbGF0ZS0wJTIyJTdEJTJDJTIybm9kZXMlMjIlM0ElNUIlN0IlMjJvYmplY3QlMjIlM0ElMjJibG9jayUyMiUyQyUyMnR5cGUlMjIlM0ElMjJkaXYlMjIlMkMlMjJpc1ZvaWQlMjIlM0FmYWxzZSUyQyUyMmRhdGElMjIlM0ElN0IlMjJhbGlnbiUyMiUzQSUyMnN0YXJ0JTIyJTJDJTIyc3R5bGUlMjIlM0ElN0IlMjJmb250RmFtaWx5JTIyJTNBJTIyJTVDJTIyT3BlbiUyMFNhbnMlNUMlMjIlMkMlMjBBcmlhbCUyQyUyMEhlbHZldGljYSUyQyUyMHNhbnMtc2VyaWYlMkMlMjBIZWl0aSUyMiUyQyUyMmZvbnRTaXplJTIyJTNBJTIyMTRweCUyMiUyQyUyMmZvbnRXZWlnaHQlMjIlM0ElMjI0MDAlMjIlMkMlMjJsZXR0ZXJTcGFjaW5nJTIyJTNBJTIybm9ybWFsJTIyJTJDJTIydGV4dEFsaWduJTIyJTNBJTIyc3RhcnQlMjIlMkMlMjJ3aGl0ZVNwYWNlJTIyJTNBJTIybm9ybWFsJTIyJTJDJTIyY29sb3IlMjIlM0ElMjJyZ2IoMCUyQyUyMDAlMkMlMjAwKSUyMiUyQyUyMmJhY2tncm91bmRDb2xvciUyMiUzQSUyMnJnYigyNTUlMkMlMjAyNTUlMkMlMjAyNTUpJTIyJTJDJTIybWFyZ2luJTIyJTNBJTIyMHB4JTIyJTJDJTIybWFyZ2luQm90dG9tJTIyJTNBJTIyMHB4JTIyJTJDJTIybWFyZ2luVG9wJTIyJTNBJTIyMHB4JTIyJTJDJTIybWFyZ2luTGVmdCUyMiUzQSUyMjBweCUyMiUyQyUyMm1hcmdpblJpZ2h0JTIyJTNBJTIyMHB4JTIyJTJDJTIycGFkZGluZyUyMiUzQSUyMjBweCUyMDBweCUyMDBweCUyMDBlbSUyMiUyQyUyMnBhZGRpbmdCb3R0b20lMjIlM0ElMjIwcHglMjIlMkMlMjJwYWRkaW5nVG9wJTIyJTNBJTIyMHB4JTIyJTJDJTIycGFkZGluZ1JpZ2h0JTIyJTNBJTIyMHB4JTIyJTdEJTdEJTJDJTIybm9kZXMlMjIlM0ElNUIlN0IlMjJvYmplY3QlMjIlM0ElMjJibG9jayUyMiUyQyUyMnR5cGUlMjIlM0ElMjJkaXYlMjIlMkMlMjJpc1ZvaWQlMjIlM0FmYWxzZSUyQyUyMmRhdGElMjIlM0ElN0IlMjJsaW5lSGVpZ2h0JTIyJTNBJTIyaW5oZXJpdCUyMiUyQyUyMnN0eWxlJTIyJTNBJTdCJTIyZm9udEZhbWlseSUyMiUzQSUyMiU1QyUyMk9wZW4lMjBTYW5zJTVDJTIyJTJDJTIwQXJpYWwlMkMlMjBIZWx2ZXRpY2ElMkMlMjBzYW5zLXNlcmlmJTJDJTIwSGVpdGklMjIlMkMlMjJmb250U2l6ZSUyMiUzQSUyMjE0cHglMjIlMkMlMjJmb250V2VpZ2h0JTIyJTNBJTIyNDAwJTIyJTJDJTIybGV0dGVyU3BhY2luZyUyMiUzQSUyMm5vcm1hbCUyMiUyQyUyMmxpbmVIZWlnaHQlMjIlM0ElMjJpbmhlcml0JTIyJTJDJTIyd2hpdGVTcGFjZSUyMiUzQSUyMm5vcm1hbCUyMiUyQyUyMmNvbG9yJTIyJTNBJTIycmdiKDAlMkMlMjAwJTJDJTIwMCklMjIlMkMlMjJiYWNrZ3JvdW5kQ29sb3IlMjIlM0ElMjJyZ2IoMjU1JTJDJTIwMjU1JTJDJTIwMjU1KSUyMiUyQyUyMm1hcmdpbiUyMiUzQSUyMjBweCUyMiUyQyUyMm1hcmdpbkJvdHRvbSUyMiUzQSUyMjBweCUyMiUyQyUyMm1hcmdpblRvcCUyMiUzQSUyMjBweCUyMiUyQyUyMm1hcmdpbkxlZnQlMjIlM0ElMjIwcHglMjIlMkMlMjJtYXJnaW5SaWdodCUyMiUzQSUyMjBweCUyMiUyQyUyMnBhZGRpbmclMjIlM0ElMjIwcHglMjIlMkMlMjJwYWRkaW5nQm90dG9tJTIyJTNBJTIyMHB4JTIyJTJDJTIycGFkZGluZ1RvcCUyMiUzQSUyMjBweCUyMiUyQyUyMnBhZGRpbmdMZWZ0JTIyJTNBJTIyMHB4JTIyJTJDJTIycGFkZGluZ1JpZ2h0JTIyJTNBJTIyMHB4JTIyJTJDJTIyYm94U2l6aW5nJTIyJTNBJTIyYm9yZGVyLWJveCUyMiU3RCU3RCUyQyUyMm5vZGVzJTIyJTNBJTVCJTdCJTIyb2JqZWN0JTIyJTNBJTIyYmxvY2slMjIlMkMlMjJ0eXBlJTIyJTNBJTIycGFyYWdyYXBoJTIyJTJDJTIyaXNWb2lkJTIyJTNBZmFsc2UlMkMlMjJkYXRhJTIyJTNBJTdCJTdEJTJDJTIybm9kZXMlMjIlM0ElNUIlN0IlMjJvYmplY3QlMjIlM0ElMjJ0ZXh0JTIyJTJDJTIybGVhdmVzJTIyJTNBJTVCJTdCJTIyb2JqZWN0JTIyJTNBJTIybGVhZiUyMiUyQyUyMnRleHQlMjIlM0ElMjI4LXBvcnQlMjBPTFQlMjBlcXVpcG1lbnQlMjBjYW4lMjBjb29wZXJhdGUlMjB3aXRoJTIwT05VJTIwYW5kJTIwcGFzc2l2ZSUyMG9wdGljYWwlMjBkaXN0cmlidXRpb24lMjBuZXR3b3JrJTIwKE9ETiklMjB0byUyMGZvcm0lMjBhJTIwcGFzc2l2ZSUyMG9wdGljYWwlMjBuZXR3b3JrJTIwdG8lMjByZWFsaXplJTIwdGhlJTIwcGVyZm9ybWFuY2UlMjBtYW5hZ2VtZW50JTJDJTIwZmF1bHQlMjBtYW5hZ2VtZW50JTIwYW5kJTIwY29uZmlndXJhdGlvbiUyMG1hbmFnZW1lbnQlMjBvZiUyMHRoZSUyMGVxdWlwbWVudC4lMjBJdCUyMGFkb3B0cyUyMDFVJTIwcmFjay1tb3VudCUyMGRlc2lnbiUyQyUyMHN1cHBvcnRzJTIwOCUyMFNGUCUyMEVQT04lMjBzeXN0ZW1zJTJDJTIwc3VwcG9ydHMlMjA0JTIwR2lnYWJpdCUyMG9wdGljYWwlMjBwb3J0cyUyMGFuZCUyMDQlMjBHaWdhYml0JTIwQ29tYm8lMjBwb3J0cyUyMChpZSUyMDEwMDBNJTIwU0ZQJTIwb3B0aWNhbCUyMHBvcnQlMjBhbmQlMjAxMDAwTSUyMGFkYXB0aXZlJTIwUko0NSUyMGVsZWN0cmljYWwlMjBwb3J0JTIwaW50ZXJjaGFuZ2UpJTIwdXBsaW5rJTJDJTIwYXQlMjAxJTNBJTIwOCUyMFBPTiUyMHBvcnRzJTIwdW5kZXIlMjA2NCUyMHNwbGl0dGluZyUyMGNhbiUyMHN1cHBvcnQlMjB1cCUyMHRvJTIwNTEyJTIwT05VJTIwZGV2aWNlJTIwYWNjZXNzLiUyMEluJTIwdGhlJTIwY2FzZSUyMG9mJTIwaGlnaCUyMGJhbmR3aWR0aCUyQyUyMGElMjB0cmFuc21pc3Npb24lMjBkaXN0YW5jZSUyMG9mJTIwMjBrbSUyMGlzJTIwZ3VhcmFudGVlZCUyQyUyMGNhbiUyMHByb3ZpZGUlMjBmdWxsLWxpbmUtc3BlZWQlMjBMMiUyMGxheWVyJTIwZm9yd2FyZGluZyUyMGNhcGFiaWxpdGllcyUyQyUyMGFuZCUyMHN1cHBvcnRzJTIwU05NUCUyMGdyYXBoaWNhbCUyMGludGVyZmFjZSUyMG1hbmFnZW1lbnQuJTIyJTJDJTIybWFya3MlMjIlM0ElNUIlN0IlMjJvYmplY3QlMjIlM0ElMjJtYXJrJTIyJTJDJTIydHlwZSUyMiUzQSUyMkNPTU1PTlNUWUxFJTIyJTJDJTIyZGF0YSUyMiUzQSU3QiUyMmZvbnRGYW1pbHklMjIlM0ElMjJnZW9yZ2lhJTJDJTIwc2VyaWYlMjIlN0QlN0QlNUQlN0QlNUQlN0QlNUQlN0QlMkMlN0IlMjJvYmplY3QlMjIlM0ElMjJibG9jayUyMiUyQyUyMnR5cGUlMjIlM0ElMjJwYXJhZ3JhcGglMjIlMkMlMjJpc1ZvaWQlMjIlM0FmYWxzZSUyQyUyMmRhdGElMjIlM0ElN0IlN0QlMkMlMjJub2RlcyUyMiUzQSU1QiU3QiUyMm9iamVjdCUyMiUzQSUyMnRleHQlMjIlMkMlMjJsZWF2ZXMlMjIlM0ElNUIlN0IlMjJvYmplY3QlMjIlM0ElMjJsZWFmJTIyJTJDJTIydGV4dCUyMiUzQSUyMkl0JTIwaXMlMjBtYWlubHklMjBzdWl0YWJsZSUyMGZvciUyMGElMjBzbWFsbCUyMG51bWJlciUyMG9mJTIwdXNlcnMlMjBzdWNoJTIwYXMlMjB0b3duJTIwYW5kJTIwdmlsbGFnZS1sZXZlbCUyMG9wdGljYWwlMjBmaWJlciUyMG5ldHdvcmslMjBhY2Nlc3MuJTIwSXQlMjBwcm92aWRlcyUyMGhpZ2glMjBiYW5kd2lkdGglMjBhbmQlMjBoaWdoJTIwaW50ZWdyYXRpb24lMjBndWFyYW50ZWUlMjBmb3IlMjBiYW5kd2lkdGglMjBhY2Nlc3MlMjB3aGlsZSUyMHJlZHVjaW5nJTIwbmV0d29yayUyMGNvbnN0cnVjdGlvbiUyMGNvc3RzLiUyMEl0JTIwY2FuJTIwYWxzbyUyMGJlJTIwYXBwbGllZCUyMHRvJTIwRlRUeCUyMHByb2plY3RzJTIwdG8lMjBhY2hpZXZlJTIwZmliZXIlMjB0byUyMHRoZSUyMGhvbWUlMjBhbmQlMjBjb21wbGV0ZSUyMElQJTIwQWNjZXNzJTIwdG8lMjBzZXJ2aWNlcyUyMHN1Y2glMjBhcyUyMHRlbGVwaG9uZSUyQyUyMGJyb2FkYmFuZCUyMGRhdGElMkMlMjBhbmQlMjBJUFRWLiUyMiUyQyUyMm1hcmtzJTIyJTNBJTVCJTdCJTIyb2JqZWN0JTIyJTNBJTIybWFyayUyMiUyQyUyMnR5cGUlMjIlM0ElMjJDT01NT05TVFlMRSUyMiUyQyUyMmRhdGElMjIlM0ElN0IlMjJmb250RmFtaWx5JTIyJTNBJTIyZ2VvcmdpYSUyQyUyMHNlcmlmJTIyJTdEJTdEJTVEJTdEJTVEJTdEJTVEJTdEJTVEJTdEJTVEJTdEJTVEJTdEJTVEJTdEJTVEJTdEJTVEJTdEJTVEJTdE\"><span class=\"slate-node-text\" data-key=\"26\"><span data-offset-key=\"26:0\">Es eignet sich vor allem f\u00fcr eine kleine Anzahl von Nutzern, z. B. f\u00fcr den Zugang zu Glasfasernetzen auf Stadt- und Dorfebene. Es bietet eine hohe Bandbreite und eine hohe Integrationsgarantie f\u00fcr den Bandbreitenzugang bei gleichzeitiger Senkung der Netzaufbaukosten. Es kann auch f\u00fcr FTTx-Projekte eingesetzt werden, um Glasfaser bis ins Haus und einen vollst\u00e4ndigen IP-Zugang zu Diensten wie Telefon, Breitbanddaten und IPTV zu erreichen.<\/span><\/span><\/p>\n<h3>Spezifikation<\/h3>\n<table width=\"731\">\n<tbody>\n<tr>\n<td width=\"168\">Marke<\/td>\n<td width=\"563\">LuLeey<\/td>\n<\/tr>\n<tr>\n<td width=\"168\">Produktname<\/td>\n<td width=\"563\">8GE-Gigabit-EPON-OLT<\/td>\n<\/tr>\n<tr>\n<td width=\"168\">Arbeits-Wellenl\u00e4nge<\/td>\n<td>\u00a01310 (RX)\/1490 (TX)<\/td>\n<\/tr>\n<tr>\n<td width=\"168\">Optische Leistung<\/td>\n<td>\u00a0+3~ +10dBm<\/td>\n<\/tr>\n<tr>\n<td width=\"168\">Empfangsempfindlichkeit<\/td>\n<td>\u00a0-27dBm<\/td>\n<\/tr>\n<tr>\n<td width=\"168\">Maximale \u00dcbertragungsentfernung<\/td>\n<td>\u00a020km<\/td>\n<\/tr>\n<tr>\n<td width=\"168\">Maximales Spaltungsverh\u00e4ltnis<\/td>\n<td>1:64<\/td>\n<\/tr>\n<tr>\n<td width=\"168\">Kapazit\u00e4t der Maschine<\/td>\n<td>\u00a0Unterst\u00fctzung von bis zu 512 optischen ONU-Modems<\/td>\n<\/tr>\n<tr>\n<td width=\"168\">Backplane-Bandbreite<\/td>\n<td>\u00a0128G<\/td>\n<\/tr>\n<tr>\n<td width=\"168\">MAC-Adresstabelle<\/td>\n<td>\u00a032K<\/td>\n<\/tr>\n<tr>\n<td width=\"168\">Uplink-Schnittstelle<\/td>\n<td>\u00a04 optische Gigabit SFP-Ports Uplink + 4 Gigabit photoelektrische Multiplexing Combo-Ports Uplink<\/td>\n<\/tr>\n<tr>\n<td width=\"168\">PON-Schnittstelle<\/td>\n<td>\u00a08 SC PON-Schnittstellen<\/td>\n<\/tr>\n<tr>\n<td width=\"168\">Schnittstelle zur Verwaltung<\/td>\n<td>\u00a0SNMP, TELNET, In-Band-Management, Out-of-Band-Management<\/td>\n<\/tr>\n<tr>\n<td width=\"168\">MTBF<\/td>\n<td>\u00a0100.000 Stunden<\/td>\n<\/tr>\n<tr>\n<td width=\"168\">EPON-Merkmale<\/td>\n<td width=\"563\">IEEE802.3ah<br \/>\nUnterst\u00fctzung von Link-Bandbreiten\u00fcberwachung und Schleifenerkennung<br \/>\nUnterst\u00fctzt symmetrische Upstream- und Downstream-Bandbreiten von 1,25 Gbit\/s<br \/>\nUnterst\u00fctzung von AES-128-Verschl\u00fcsselung f\u00fcr jede logische Verbindung<br \/>\nLeistungsstarke OAM-Funktion, die die Fernverwaltung, den Schutz und die Aufr\u00fcstung der ONU, den Fernneustart der ONU, die Wiederherstellung der Werkseinstellungen usw. unterst\u00fctzt.<br \/>\nUnterst\u00fctzung der automatischen Erkennung und Registrierung von ONUs (Plug and Play)<br \/>\nUnterst\u00fctzt PON-Port-Lichtleistung, akzeptiert optische Leistungserkennung<\/td>\n<\/tr>\n<tr>\n<td width=\"168\">Zusatzvereinbarung<\/td>\n<td>Unterst\u00fctzung von IEEE802.3, IEEE802.3u, IEEE802.3ab, Unterst\u00fctzung von IEEE802.1Q VLAN<\/td>\n<\/tr>\n<tr>\n<td>Netzmanagement<\/td>\n<td width=\"563\">WEB englische grafische Oberfl\u00e4che, einfach und klar, praktische und leicht zu bedienende Netzwerkverwaltung<br \/>\nMit Switch-Netzwerk-Management-Funktion<\/td>\n<\/tr>\n<tr>\n<td width=\"168\">Unterst\u00fctzung der Link-Aggregationsfunktion<\/td>\n<td width=\"563\">Unterst\u00fctzung 4KVLAN<br \/>\nUnterst\u00fctzt portbasiertes VLAN<br \/>\nQINQ unterst\u00fctzen<br \/>\nUnterst\u00fctzung der Schleifenerkennung<br \/>\nUnterst\u00fctzung der Befehlszeilenschnittstelle (CLI) CONSOLE-Port, TELNET-Konfiguration<br \/>\nKann intuitiv pr\u00fcfen, ob der optische ONU-Kat online ist<\/td>\n<\/tr>\n<tr>\n<td width=\"168\">andere Funktionen<\/td>\n<td width=\"563\">Unterst\u00fctzung des IGMPv1\/v2-Protokolls<br \/>\nUnterst\u00fctzung von IGMP Snooping<br \/>\nUnterst\u00fctzung der ONU-Batch-Konfiguration<br \/>\nStromversorgung: Eingebautes AC110-240V-Netzteil (optionales Einzel- und Doppelnetzteil)<br \/>\nLeistungsaufnahme: 38W<br \/>\nArbeitstemperatur: -10~55\u2103<br \/>\nLagertemperatur: -40~70\u2103<br \/>\nGr\u00f6\u00dfe: 44*26*4.4cm (L\u00e4nge*Breite*H\u00f6he)<\/td>\n<\/tr>\n<\/tbody>\n<\/table>\n<p>&nbsp;<\/p>","protected":false},"excerpt":{"rendered":"<ul>\n<li>Effiziente Logistik: Genie\u00dfen Sie einen stabilen und zuverl\u00e4ssigen Lieferservice mit Qualit\u00e4tsgarantie.<\/li>\n<li>Optische Leistung: Eine optische Leistung von 7-9db gew\u00e4hrleistet eine zuverl\u00e4ssige \u00dcbertragung bis zu 20 km.<\/li>\n<li>Hohe Nutzerkapazit\u00e4t: Unterst\u00fctzt 8 PONs und 512ONUs und eignet sich f\u00fcr den Einsatz in gro\u00dfem Ma\u00dfstab.<\/li>\n<li>Plug and Play: Keine Konfiguration erforderlich; nahtlose Einrichtung f\u00fcr FTTH\/FTTB\/FTTZ-Netzwerke.<\/li>\n<li>Hohe Kompatibilit\u00e4t: Kompatibel mit einer breiten Palette von Marken, einschlie\u00dflich Huawei, ZTE, VSOL...<\/li>\n<\/ul>","protected":false},"featured_media":16799,"comment_status":"open","ping_status":"closed","template":"","meta":[],"product_brand":[],"product_cat":[361],"product_tag":[569,206],"class_list":{"0":"post-16797","1":"product","2":"type-product","3":"status-publish","4":"has-post-thumbnail","6":"product_cat-epon-olt","7":"product_tag-4ge-epon-olt","8":"product_tag-epon-olt","10":"first","11":"instock","12":"shipping-taxable","13":"purchasable","14":"product-type-variable","15":"has-default-attributes"},"_links":{"self":[{"href":"https:\/\/www.luleey.com\/de\/wp-json\/wp\/v2\/product\/16797","targetHints":{"allow":["GET"]}}],"collection":[{"href":"https:\/\/www.luleey.com\/de\/wp-json\/wp\/v2\/product"}],"about":[{"href":"https:\/\/www.luleey.com\/de\/wp-json\/wp\/v2\/types\/product"}],"replies":[{"embeddable":true,"href":"https:\/\/www.luleey.com\/de\/wp-json\/wp\/v2\/comments?post=16797"}],"wp:featuredmedia":[{"embeddable":true,"href":"https:\/\/www.luleey.com\/de\/wp-json\/wp\/v2\/media\/16799"}],"wp:attachment":[{"href":"https:\/\/www.luleey.com\/de\/wp-json\/wp\/v2\/media?parent=16797"}],"wp:term":[{"taxonomy":"product_brand","embeddable":true,"href":"https:\/\/www.luleey.com\/de\/wp-json\/wp\/v2\/product_brand?post=16797"},{"taxonomy":"product_cat","embeddable":true,"href":"https:\/\/www.luleey.com\/de\/wp-json\/wp\/v2\/product_cat?post=16797"},{"taxonomy":"product_tag","embeddable":true,"href":"https:\/\/www.luleey.com\/de\/wp-json\/wp\/v2\/product_tag?post=16797"}],"curies":[{"name":"wp","href":"https:\/\/api.w.org\/{rel}","templated":true}]}}