{"id":17396,"date":"2025-02-09T23:06:40","date_gmt":"2025-02-09T15:06:40","guid":{"rendered":"https:\/\/www.luleey.com\/?post_type=product&#038;p=17396"},"modified":"2025-03-20T14:14:57","modified_gmt":"2025-03-20T06:14:57","slug":"2-epon-olt-ll-epl202","status":"publish","type":"product","link":"https:\/\/www.luleey.com\/de\/produkt-2\/2-epon-olt-ll-epl202\/","title":{"rendered":"2 EPON OLT, LL-EPL202"},"content":{"rendered":"<div>\n<h3>Eigenschaften<\/h3>\n<\/div>\n<ol>\n<li>Kompatibel mit Multimarken-ONUs, wie HUAWEI, ZTE, VSOL...<\/li>\n<li>1 Anschluss, max. 128 ONU, 2 Anschl\u00fcsse, max. 256 ONU<\/li>\n<li>Eingebauter L\u00fcfter, bessere W\u00e4rmeableitung durch Metallgeh\u00e4use<\/li>\n<li>Vollst\u00e4ndige Unterst\u00fctzung des IEEE802.3ah-Protokolls<\/li>\n<li>Unterst\u00fctzung der dynamischen Bandbreitenzuweisung (DBA), die Mindestanpassungsgranularit\u00e4t betr\u00e4gt 1 Kbps<\/li>\n<li>Unterst\u00fctzt symmetrische 1Gbps Bandbreite nach oben und unten<\/li>\n<li>Unterst\u00fctzung von AES-128-Verschl\u00fcsselung f\u00fcr jede logische Verbindung<\/li>\n<li>Leistungsstarke OAM-Funktion f\u00fcr Fernverwaltung, -wartung und -aufr\u00fcstung der ONU<\/li>\n<li>Unterst\u00fctzung der automatischen Erkennung und Registrierung von ONUs (Plug and Play)<\/li>\n<\/ol>\n<div>\n<h3>Spezifikation<\/h3>\n<div>\n<div align=\"start\">\n<ul>\n<li>Produktbezeichnung:2 EPON OLT<\/li>\n<li>Marke: LuLeey<\/li>\n<li>Modell:LL-EPL202<\/li>\n<li><strong>Arbeits-Wellenl\u00e4nge:<\/strong>1310 (RX)\/1490 (TX)<\/li>\n<li><strong>Optische Leistung:<\/strong>+2,5~ +7dBm<\/li>\n<li><strong>Empfangsempfindlichkeit<\/strong>: -27dBm<\/li>\n<li><strong>Maximale \u00dcbertragungsentfernung<\/strong>: 20km<\/li>\n<li><strong>Maximales optisches Teilungsverh\u00e4ltnis<\/strong>: 1:64<\/li>\n<li><strong>Kapazit\u00e4t der Maschine<\/strong>Unterst\u00fctzung von 2 PON-Systemen, 256 ONUs<\/li>\n<li>Backplane-Bandbreite: 38G<\/li>\n<li><strong>MAC-Adresstabelle<\/strong>8K f\u00fcr die gesamte Maschine<\/li>\n<li><strong>Uplink-Schnittstelle<\/strong>2 unabh\u00e4ngige GE Combo-Ports (SFP optischer Port\/RJ45 elektrischer Port Multiplexing und Austausch)<\/li>\n<li><strong>PON-Schnittstelle<\/strong>2 SC\/PC G-EPON Schnittstellen<\/li>\n<li><strong>Schnittstelle zur Verwaltung<\/strong>: WEB, SNMP, TELNET<\/li>\n<li><strong>MTBF<\/strong>: 100.000 Stunden<\/li>\n<li><strong>Stromversorgung<\/strong>: AC220V\/DC-48V (eingebaut)<\/li>\n<li><strong>Stromverbrauch<\/strong>: 11W<\/li>\n<li><strong>Arbeitstemperatur<\/strong>: -10\uff5e55\u2103<\/li>\n<li><strong>Lagertemperatur<\/strong>: -40\uff5e80\u2103<\/li>\n<li><strong>Luftfeuchtigkeit<\/strong>: 5%\uff5e90% nicht kondensierend<\/li>\n<li><strong>Rahmengr\u00f6\u00dfe<\/strong>: 44mm(H)\u00d7276mm(B) \u00d7200mm(T)<\/li>\n<\/ul>\n<p><strong>Zusatzvereinbarung<\/strong><\/p>\n<ul>\n<li>*Unterst\u00fctzung von IEEE802.3, IEEE802.3u, IEEE802.3ab<\/li>\n<li>*Unterst\u00fctzung von IEEE802.1Q VLAN<\/li>\n<li>*Unterst\u00fctzung von IEEE 802.1P QoS<\/li>\n<li>Netzwerk-Management: CLI-basierte lokale Verwaltung der seriellen Schnittstelle und GUI-Fernverwaltung<\/li>\n<\/ul>\n<p><strong>andere Funktionen<\/strong><\/p>\n<ul>\n<li>*Unterst\u00fctzung des IGMPv1\/v2-Protokolls, Unterst\u00fctzung von IGMP Snooping und IGMP Proxy<\/li>\n<li>*Unterst\u00fctzung von ONU-Batch-Konfiguration und Fern-Upgrade<\/li>\n<li>*Echtzeit-Alarmerkennung, genaue Fehlerortung<\/li>\n<li>*Unterst\u00fctzung von Alarminformationen, die an die Mailbox gesendet werden, Unterst\u00fctzung von SMS-Alarm<\/li>\n<\/ul>\n<p>&nbsp;<\/p>\n<\/div>\n<\/div>\n<div><\/div>\n<\/div>","protected":false},"excerpt":{"rendered":"<ul>\n<li>2 PON EPON OLT, maximal 256 ONU<\/li>\n<li>ONU-Marke entriegelt<\/li>\n<li>ONU automatische Erkennung und Registrierung, Plug and Play<\/li>\n<\/ul>","protected":false},"featured_media":17399,"comment_status":"open","ping_status":"closed","template":"","meta":[],"product_brand":[],"product_cat":[361],"product_tag":[206],"class_list":{"0":"post-17396","1":"product","2":"type-product","3":"status-publish","4":"has-post-thumbnail","6":"product_cat-epon-olt","7":"product_tag-epon-olt","9":"first","10":"instock","11":"shipping-taxable","12":"purchasable","13":"product-type-variable","14":"has-default-attributes"},"_links":{"self":[{"href":"https:\/\/www.luleey.com\/de\/wp-json\/wp\/v2\/product\/17396","targetHints":{"allow":["GET"]}}],"collection":[{"href":"https:\/\/www.luleey.com\/de\/wp-json\/wp\/v2\/product"}],"about":[{"href":"https:\/\/www.luleey.com\/de\/wp-json\/wp\/v2\/types\/product"}],"replies":[{"embeddable":true,"href":"https:\/\/www.luleey.com\/de\/wp-json\/wp\/v2\/comments?post=17396"}],"wp:featuredmedia":[{"embeddable":true,"href":"https:\/\/www.luleey.com\/de\/wp-json\/wp\/v2\/media\/17399"}],"wp:attachment":[{"href":"https:\/\/www.luleey.com\/de\/wp-json\/wp\/v2\/media?parent=17396"}],"wp:term":[{"taxonomy":"product_brand","embeddable":true,"href":"https:\/\/www.luleey.com\/de\/wp-json\/wp\/v2\/product_brand?post=17396"},{"taxonomy":"product_cat","embeddable":true,"href":"https:\/\/www.luleey.com\/de\/wp-json\/wp\/v2\/product_cat?post=17396"},{"taxonomy":"product_tag","embeddable":true,"href":"https:\/\/www.luleey.com\/de\/wp-json\/wp\/v2\/product_tag?post=17396"}],"curies":[{"name":"wp","href":"https:\/\/api.w.org\/{rel}","templated":true}]}}