{"id":17441,"date":"2025-02-16T18:26:59","date_gmt":"2025-02-16T10:26:59","guid":{"rendered":"https:\/\/www.luleey.com\/?post_type=product&#038;p=17441"},"modified":"2025-06-28T10:46:05","modified_gmt":"2025-06-28T02:46:05","slug":"4-port-1000m-epon-onu-poe-onu","status":"publish","type":"product","link":"https:\/\/www.luleey.com\/de\/produkt-2\/4-port-1000m-epon-onu-poe-onu\/","title":{"rendered":"4 Port 1000M EPON ONU, PoE ONU"},"content":{"rendered":"<h3>Eigenschaften<\/h3>\n<ol>\n<li>Unterst\u00fctzt IEEE802.3ah und dynamische Bandbreitenzuweisung (DBA), automatische ONU-Erkennung und -Registrierung (Plug-and-Play) ohne Konfiguration vor Ort, einfache Installation und Wartung.<\/li>\n<li>10\/100\/1000 Mbit\/s auto-sensing Port, konform mit den technischen Spezifikationen von EPON, die Upstream- und Downstream-Raten betragen bis zu 1,25 Gbit\/s und die \u00dcbertragungsdistanz zwischen dem OLT und der ONU betr\u00e4gt bis zu 20 km, die Vorteile des Glasfaserzugangs k\u00f6nnen besser genutzt werden.<\/li>\n<li>Die Eisenschale hat eine starke W\u00e4rmeableitung und kann die 4 Port 1000M EPON ONU, PoE ONU in einer guten Bel\u00fcftungs- und W\u00e4rmeableitungsumgebung gew\u00e4hrleisten.<br \/>\n24 Stunden ununterbrochener Betrieb, was die Lebensdauer des Produkts verl\u00e4ngert, es kann bei einer niedrigen Temperatur von -10 ~55\u00b0C arbeiten.<\/li>\n<\/ol>\n<h3>Spezifikation<\/h3>\n<table style=\"width: 82.1855%; height: 360px;\" width=\"790\">\n<tbody>\n<tr style=\"height: 24px;\">\n<td style=\"height: 24px; width: 28.9673%;\" width=\"229\">Modell<\/td>\n<td style=\"height: 24px; width: 70.0252%;\" width=\"561\">ONU-EP-4GE-POE<\/td>\n<\/tr>\n<tr style=\"height: 24px;\">\n<td style=\"height: 24px; width: 28.9673%;\">Marke<\/td>\n<td style=\"height: 24px; width: 70.0252%;\">LuLeey<\/td>\n<\/tr>\n<tr style=\"height: 24px;\">\n<td style=\"height: 24px; width: 28.9673%;\">Produktname<\/td>\n<td style=\"height: 24px; width: 70.0252%;\">4 Anschluss 1000M EPON PoE ONU<\/td>\n<\/tr>\n<tr style=\"height: 24px;\">\n<td style=\"height: 24px; width: 28.9673%;\">Stromversorgung<\/td>\n<td style=\"height: 24px; width: 70.0252%;\">\u00a0DC48V<\/td>\n<\/tr>\n<tr style=\"height: 24px;\">\n<td style=\"height: 24px; width: 28.9673%;\">Arbeitstemperatur<\/td>\n<td style=\"height: 24px; width: 70.0252%;\">\u00a0-10~55 Grad Celsius<\/td>\n<\/tr>\n<tr style=\"height: 24px;\">\n<td style=\"height: 24px; width: 28.9673%;\">Lagertemperatur<\/td>\n<td style=\"height: 24px; width: 70.0252%;\">\u00a0-40~85 Grad Celsius<\/td>\n<\/tr>\n<tr style=\"height: 24px;\">\n<td style=\"height: 24px; width: 28.9673%;\">Pufferraum<\/td>\n<td style=\"height: 24px; width: 70.0252%;\">1,25MB<\/td>\n<\/tr>\n<tr style=\"height: 24px;\">\n<td style=\"height: 24px; width: 28.9673%;\">PON-Schnittstellentyp<\/td>\n<td style=\"height: 24px; width: 70.0252%;\">\u00a0SC\/UPC<\/td>\n<\/tr>\n<tr style=\"height: 24px;\">\n<td style=\"height: 24px; width: 28.9673%;\">Arbeits-Wellenl\u00e4nge<\/td>\n<td style=\"height: 24px; width: 70.0252%;\">\u00a01310TX\/1490RX<\/td>\n<\/tr>\n<tr style=\"height: 24px;\">\n<td style=\"height: 24px; width: 28.9673%;\">Empfindlichkeit des Empf\u00e4ngers<\/td>\n<td style=\"height: 24px; width: 70.0252%;\">-27 dBm<\/td>\n<\/tr>\n<tr style=\"height: 24px;\">\n<td style=\"height: 24px; width: 28.9673%;\">GPON\/EPON<\/td>\n<td style=\"height: 24px; width: 70.0252%;\">EPON ONU<\/td>\n<\/tr>\n<tr style=\"height: 24px;\">\n<td style=\"height: 24px; width: 28.9673%;\">Optische Leistung<\/td>\n<td style=\"height: 24px; width: 70.0252%;\">0 dBm bis +4 dBm<\/td>\n<\/tr>\n<tr style=\"height: 24px;\">\n<td style=\"height: 24px; width: 28.9673%;\">Verwaltung<\/td>\n<td style=\"height: 24px; width: 70.0252%;\">OLT-Verwaltung<\/td>\n<\/tr>\n<tr style=\"height: 48px;\">\n<td style=\"height: 48px; width: 28.9673%;\">Unterst\u00fctzt Protokollstandards<\/td>\n<td style=\"height: 48px; width: 70.0252%;\">IEEE802.3, IEEE802.3U, und IEEE 802.3ab<br \/>\nIGMP Snooping V2, IEEE802.1Q VLAN, IEEE802.1p QoS<\/td>\n<\/tr>\n<tr>\n<td style=\"width: 28.9673%;\">Gr\u00f6\u00dfe des Produkts<\/td>\n<td style=\"width: 70.0252%;\">109 x 152 x 26 mm<\/td>\n<\/tr>\n<tr>\n<td style=\"width: 28.9673%;\">POE<\/td>\n<td style=\"width: 70.0252%;\">IEEE802.3af 15,4 W, IEEE802.3at 30 W,<br \/>\nAutomatische Erkennung von eingeschalteten Ger\u00e4ten, automatische Stromzufuhr und Stromausfall<\/td>\n<\/tr>\n<\/tbody>\n<\/table>","protected":false},"excerpt":{"rendered":"<ol start=\"1\">\n<li><strong>Hochgeschwindigkeits-4-Port-1000M-EPON-ONU, PoE-ONU-Konformit\u00e4t<\/strong>: Unterst\u00fctzt IEEE802.3ah, dynamische Bandbreitenzuweisung (DBA) und liefert Geschwindigkeiten von 1,25 Gbit\/s bei einer Reichweite von 20 km und maximiert die Glasfaserleistung.<\/li>\n<li><strong>Langlebiges und effizientes Design<\/strong>: Das Eisengeh\u00e4use gew\u00e4hrleistet eine hervorragende W\u00e4rmeableitung, einen 24\/7-Betrieb und eine stabile Leistung bei Temperaturen von -10\u00b0C bis 55\u00b0C.<\/li>\n<li><strong>Plug-and-Play und erweiterte Verwaltung<\/strong>: Automatische ONU-Erkennung, Web-Management, VLAN-, QoS- und IGMP-Snooping-Unterst\u00fctzung f\u00fcr eine einfache Installation und Netzwerkoptimierung.<\/li>\n<\/ol>","protected":false},"featured_media":17400,"comment_status":"open","ping_status":"closed","template":"","meta":[],"product_brand":[],"product_cat":[291],"product_tag":[944,292],"class_list":{"0":"post-17441","1":"product","2":"type-product","3":"status-publish","4":"has-post-thumbnail","6":"product_cat-poe-gpon-epon-onu","7":"product_tag-epon-onu","8":"product_tag-poe-onu","10":"first","11":"instock","12":"featured","13":"shipping-taxable","14":"purchasable","15":"product-type-variable","16":"has-default-attributes"},"_links":{"self":[{"href":"https:\/\/www.luleey.com\/de\/wp-json\/wp\/v2\/product\/17441","targetHints":{"allow":["GET"]}}],"collection":[{"href":"https:\/\/www.luleey.com\/de\/wp-json\/wp\/v2\/product"}],"about":[{"href":"https:\/\/www.luleey.com\/de\/wp-json\/wp\/v2\/types\/product"}],"replies":[{"embeddable":true,"href":"https:\/\/www.luleey.com\/de\/wp-json\/wp\/v2\/comments?post=17441"}],"wp:featuredmedia":[{"embeddable":true,"href":"https:\/\/www.luleey.com\/de\/wp-json\/wp\/v2\/media\/17400"}],"wp:attachment":[{"href":"https:\/\/www.luleey.com\/de\/wp-json\/wp\/v2\/media?parent=17441"}],"wp:term":[{"taxonomy":"product_brand","embeddable":true,"href":"https:\/\/www.luleey.com\/de\/wp-json\/wp\/v2\/product_brand?post=17441"},{"taxonomy":"product_cat","embeddable":true,"href":"https:\/\/www.luleey.com\/de\/wp-json\/wp\/v2\/product_cat?post=17441"},{"taxonomy":"product_tag","embeddable":true,"href":"https:\/\/www.luleey.com\/de\/wp-json\/wp\/v2\/product_tag?post=17441"}],"curies":[{"name":"wp","href":"https:\/\/api.w.org\/{rel}","templated":true}]}}