{"id":17457,"date":"2025-02-16T22:49:02","date_gmt":"2025-02-16T14:49:02","guid":{"rendered":"https:\/\/www.luleey.com\/?post_type=product&#038;p=17457"},"modified":"2026-03-28T00:54:20","modified_gmt":"2026-03-27T16:54:20","slug":"1310-1550nm-t860-catv-fiber-optic-transmitter","status":"publish","type":"product","link":"https:\/\/www.luleey.com\/de\/produkt-2\/1310-1550nm-t860-catv-fiber-optic-transmitter\/","title":{"rendered":"1310\/1550nm T860 CATV-Lichtwellenleiter-Sender"},"content":{"rendered":"<h3>Eigenschaften<\/h3>\n<p align=\"left\">1310nm<br \/>\n1. Betriebsbandbreite: 862MHz Plattform mit 2-10MW optischer Ausgangsleistung;<br \/>\n2. Hochleistungs-DFB-Laser mit interner Isolierung, um die beste Signalqualit\u00e4t zu bieten; ;<br \/>\n3. Fortschrittliche Vorverzerrungsschaltung mit hervorragender CSO- und CTB-Leistung; ;<br \/>\n4. Eine AGC-Schaltung sorgt f\u00fcr einen konstanten HF-Eingangspegel f\u00fcr den Laser, um einen optimalen Laser zu gew\u00e4hrleisten;<br \/>\n5. Automatische Mikroprozessorsteuerung der Ausgangsleistung (APC) und des Modulationsverh\u00e4ltnisses (AMC);<br \/>\n6. Das LED-Feld auf der Vorderseite zeigt die wichtigsten Betriebsparameter an: optische Ausgangsleistung, Betriebsstrom, HF-Eingangspegel, Status des Modulationsverh\u00e4ltnisses;<br \/>\n7. Hohe Effizienz und stabiles Schaltnetzteil;<\/p>\n<p>1550nm<br \/>\n1. Das Pumpmodul des lokalen Pumplasers und die Erbium-dotierte Faser nehmen den urspr\u00fcnglichen importierten optischen Pumplaser an;<br \/>\n2. Die gesamte Maschine ist mit einem perfekten Temperaturregelkreis des ATC-Lasers ausgestattet, der die stabile Ausgangsleistung des Lasers und die beste Temperatur des APC gew\u00e4hrleisten kann;<br \/>\n3. Die Maschine ist mit Mikroprozessor-\u00dcberwachungssoftware ausgestattet, um den Zustand des Lasers zu \u00fcberwachen, und hat die Funktionen der digitalen Anzeige, Fehleralarm, etc;<br \/>\n4. Hochwertiges und effizientes Schaltnetzteil, mit geringem Temperaturanstieg und hoher Zuverl\u00e4ssigkeit, ist f\u00fcr AC85 - 254v \/ 50Hz \/ 60Hz breiten Netzstrombereich geeignet;<br \/>\n5. Weichen die Arbeitsparameter des Lasers von dem von der Software eingestellten zul\u00e4ssigen Bereich ab, wird die Stromversorgung des Lasers automatisch abgeschaltet;<br \/>\n6. Das LED-Panel auf der Vorderseite zeigt die wichtigsten Betriebsstatusparameter an: optische Ausgangsleistung, Arbeitsstrom, HF-Eingangspegel und Modulationsverh\u00e4ltnisstatus;<\/p>\n<table style=\"border-collapse: collapse; width: 100%; height: 505px;\">\n<tbody>\n<tr style=\"height: 24px;\">\n<td style=\"width: 50%; height: 24px;\">Marke<\/td>\n<td style=\"width: 50%; height: 24px;\">LuLeey<\/td>\n<\/tr>\n<tr style=\"height: 24px;\">\n<td style=\"width: 50%; height: 24px;\">Produktname<\/td>\n<td style=\"width: 50%; height: 24px;\">T860 CATV-Lichtwellenleiter-Sender<\/td>\n<\/tr>\n<tr style=\"height: 24px;\">\n<td style=\"width: 50%; height: 24px;\">Modell<\/td>\n<td style=\"width: 50%; height: 24px;\">T860<\/td>\n<\/tr>\n<tr style=\"height: 24px;\">\n<td style=\"width: 50%; height: 25px;\">Optische Wellenl\u00e4nge<\/td>\n<td style=\"width: 50%; height: 25px;\">1310nm\u00b120 1550nm\u00b115<\/td>\n<\/tr>\n<tr style=\"height: 24px;\">\n<td style=\"width: 50%; height: 24px;\">Optischer Ausgang Optische Leistung<\/td>\n<td style=\"width: 50%; height: 24px;\">2~12mW<\/td>\n<\/tr>\n<tr style=\"height: 24px;\">\n<td style=\"width: 50%; height: 24px;\">Optischer CNR(dB)<\/td>\n<td style=\"width: 50%; height: 24px;\">\u226551<\/td>\n<\/tr>\n<tr style=\"height: 24px;\">\n<td style=\"width: 50%; height: 24px;\">Optischer CTB(dB)<\/td>\n<td style=\"width: 50%; height: 24px;\">\u226565<\/td>\n<\/tr>\n<tr style=\"height: 24px;\">\n<td style=\"width: 50%; height: 24px;\">Optischer CSO(dB)<\/td>\n<td style=\"width: 50%; height: 24px;\">\u226560<\/td>\n<\/tr>\n<tr style=\"height: 24px;\">\n<td style=\"width: 50%; height: 24px;\">Optischer Anschluss<\/td>\n<td style=\"width: 50%; height: 24px;\">SC APC \/ FC APC<\/td>\n<\/tr>\n<tr style=\"height: 24px;\">\n<td style=\"width: 50%; height: 24px;\">RF-Bandbreite(MHz)<\/td>\n<td style=\"width: 50%; height: 24px;\">45~862<\/td>\n<\/tr>\n<tr style=\"height: 24px;\">\n<td style=\"width: 50%; height: 24px;\">RF-Eingangsimpedanz(\u03a9)<\/td>\n<td style=\"width: 50%; height: 24px;\">75<\/td>\n<\/tr>\n<tr style=\"height: 24px;\">\n<td style=\"width: 50%; height: 24px;\">RF AGC-Genauigkeit (dB)<\/td>\n<td style=\"width: 50%; height: 24px;\">\u00b15\/\u00b10.3<\/td>\n<\/tr>\n<tr style=\"height: 24px;\">\n<td style=\"width: 50%; height: 24px;\">RF-Eingangsr\u00fcckflussd\u00e4mpfung (dB)<\/td>\n<td style=\"width: 50%; height: 24px;\">\u226516<\/td>\n<\/tr>\n<tr style=\"height: 24px;\">\n<td style=\"width: 50%; height: 24px;\">RF-Eingangspegelbereich (dB\u03bcV)<\/td>\n<td style=\"width: 50%; height: 24px;\">80\u00b15<\/td>\n<\/tr>\n<tr style=\"height: 24px;\">\n<td style=\"width: 50%; height: 24px;\">RF-Pegel einstellbarer Bereich (dB)<\/td>\n<td style=\"width: 50%; height: 24px;\">0~10<\/td>\n<\/tr>\n<tr style=\"height: 24px;\">\n<td style=\"width: 50%; height: 24px;\">RF In-Band Ebenheit(dB)<\/td>\n<td style=\"width: 50%; height: 24px;\">\u00b10.5<\/td>\n<\/tr>\n<tr style=\"height: 24px;\">\n<td style=\"width: 50%; height: 24px;\">HF-Pegel des Pr\u00fcfpunkts (dB\u03bcV)<\/td>\n<td style=\"width: 50%; height: 24px;\">Eingangspegel zum Laser -20dB\u03bcV<\/td>\n<\/tr>\n<tr style=\"height: 24px;\">\n<td style=\"width: 50%; height: 24px;\">Eingangsspannung(V)<\/td>\n<td style=\"width: 50%; height: 24px;\">AC220V und AC60V<\/td>\n<\/tr>\n<tr style=\"height: 24px;\">\n<td style=\"width: 50%; height: 24px;\">Stromaufnahme(A)<\/td>\n<td style=\"width: 50%; height: 24px;\">0.25<\/td>\n<\/tr>\n<tr style=\"height: 24px;\">\n<td style=\"width: 50%; height: 24px;\">Betriebstemperatur(\u2103)<\/td>\n<td style=\"width: 50%; height: 24px;\">0~+50<\/td>\n<\/tr>\n<tr style=\"height: 24px;\">\n<td style=\"width: 50%; height: 24px;\">Abmessungen (mm)<\/td>\n<td style=\"width: 50%; height: 24px;\">194 x 147 x 44<\/td>\n<\/tr>\n<\/tbody>\n<\/table>\n<p align=\"left\">","protected":false},"excerpt":{"rendered":"<p>Merkmale 1310nm 1. Betriebsbandbreite: 862MHz Plattform mit 2-10MW optischer Ausgangsleistung; 2. hochleistungsf\u00e4higer DFB-Laser mit interner Isolierung<\/p>","protected":false},"featured_media":17458,"comment_status":"open","ping_status":"closed","template":"","meta":[],"product_brand":[],"product_cat":[198],"product_tag":[195,946,947],"class_list":{"0":"post-17457","1":"product","2":"type-product","3":"status-publish","4":"has-post-thumbnail","6":"product_cat-catv-transmitter","7":"product_tag-catv","8":"product_tag-fiber-optic-transmitter","9":"product_tag-t860","11":"first","12":"instock","13":"featured","14":"shipping-taxable","15":"purchasable","16":"product-type-variable","17":"has-default-attributes"},"_links":{"self":[{"href":"https:\/\/www.luleey.com\/de\/wp-json\/wp\/v2\/product\/17457","targetHints":{"allow":["GET"]}}],"collection":[{"href":"https:\/\/www.luleey.com\/de\/wp-json\/wp\/v2\/product"}],"about":[{"href":"https:\/\/www.luleey.com\/de\/wp-json\/wp\/v2\/types\/product"}],"replies":[{"embeddable":true,"href":"https:\/\/www.luleey.com\/de\/wp-json\/wp\/v2\/comments?post=17457"}],"wp:featuredmedia":[{"embeddable":true,"href":"https:\/\/www.luleey.com\/de\/wp-json\/wp\/v2\/media\/17458"}],"wp:attachment":[{"href":"https:\/\/www.luleey.com\/de\/wp-json\/wp\/v2\/media?parent=17457"}],"wp:term":[{"taxonomy":"product_brand","embeddable":true,"href":"https:\/\/www.luleey.com\/de\/wp-json\/wp\/v2\/product_brand?post=17457"},{"taxonomy":"product_cat","embeddable":true,"href":"https:\/\/www.luleey.com\/de\/wp-json\/wp\/v2\/product_cat?post=17457"},{"taxonomy":"product_tag","embeddable":true,"href":"https:\/\/www.luleey.com\/de\/wp-json\/wp\/v2\/product_tag?post=17457"}],"curies":[{"name":"wp","href":"https:\/\/api.w.org\/{rel}","templated":true}]}}