{"id":17505,"date":"2025-02-21T21:44:18","date_gmt":"2025-02-21T13:44:18","guid":{"rendered":"https:\/\/www.luleey.com\/?post_type=product&#038;p=17505"},"modified":"2025-06-28T10:45:38","modified_gmt":"2025-06-28T02:45:38","slug":"10gbase-lr-10g-sfp-transceiver-module-ll-sfp-10g-lr","status":"publish","type":"product","link":"https:\/\/www.luleey.com\/de\/produkt-2\/10gbase-lr-10g-sfp-transceiver-module-ll-sfp-10g-lr\/","title":{"rendered":"10GBase-LR 10G SFP+ Transceiver-Modul, LL-SFP-10G-LR"},"content":{"rendered":"<h3>Eigenschaften<\/h3>\n<ol>\n<li><strong>Leistungsstarker 10G SFP+ Transceiver<\/strong>: Unterst\u00fctzt 10Gbps Datenraten f\u00fcr nahtlose Netzwerk-Upgrades.<\/li>\n<li><strong>Zertifizierte 10GBase-LR-Modul-Kompatibilit\u00e4t<\/strong>: Garantierte Interoperabilit\u00e4t mit Cisco, Juniper, HP und anderen wichtigen Switches\/Routern.<\/li>\n<li><strong>Erweiterte Reichweite mit Single-Mode-Faser<\/strong>: Bietet eine \u00dcbertragungsreichweite von bis zu 10 km f\u00fcr den Einsatz in Unternehmen oder Rechenzentren.<\/li>\n<li><strong>Geringer Stromverbrauch und zuverl\u00e4ssiges SFP+ Glasfaserdesign<\/strong>: Optimiert f\u00fcr Energieeffizienz und minimale Latenzzeiten.<\/li>\n<li><strong>Dualer LC-Anschluss &amp; Hot-Pluggable<\/strong>: Werkzeuglose Installation f\u00fcr schnellen Einsatz<\/li>\n<li><strong>SFP+ Glasfaser-Transceiver Langlebigkeit und Konformit\u00e4t<\/strong>: MSA-konform, industrietauglicher Temperaturbereich (-0\u00b0C bis 70\u00b0C) und RoHS-zertifiziert.<\/li>\n<li><strong>Diagnostische \u00dcberwachung<\/strong>: Eingebautes DDM\/DOM zur Leistungsverfolgung in Echtzeit.<\/li>\n<\/ol>\n<h3>Spezifikation<\/h3>\n<table style=\"width: 41.473%; height: 458px;\">\n<thead>\n<tr style=\"height: 24px;\">\n<th style=\"height: 24px; width: 41.0417%;\"><strong>Parameter<\/strong><\/th>\n<th style=\"height: 24px; width: 73.3333%;\"><strong>Einzelheiten<\/strong><\/th>\n<\/tr>\n<\/thead>\n<tbody>\n<tr style=\"height: 48px;\">\n<td style=\"height: 48px; width: 41.0417%;\"><strong>Produktname<\/strong><\/td>\n<td style=\"height: 48px; width: 73.3333%;\">10GBase-LR SFP+ Transceiver-Modul<\/td>\n<\/tr>\n<tr style=\"height: 24px;\">\n<td style=\"height: 24px; width: 41.0417%;\"><strong>Marke<\/strong><\/td>\n<td style=\"height: 24px; width: 73.3333%;\">LuLeey<\/td>\n<\/tr>\n<tr>\n<td style=\"width: 41.0417%;\"><strong>Modul<\/strong><\/td>\n<td style=\"width: 73.3333%;\">LL-SFP-10G-LR<\/td>\n<\/tr>\n<tr style=\"height: 26px;\">\n<td style=\"height: 26px; width: 41.0417%;\"><strong>Herkunft<\/strong><\/td>\n<td style=\"height: 26px; width: 73.3333%;\">Festland China<\/td>\n<\/tr>\n<tr>\n<td style=\"width: 41.0417%;\"><strong>Protokoll<\/strong><\/td>\n<td style=\"width: 73.3333%;\">IEEE.802.3ae,SFF-8472,SFP+MSA<\/td>\n<\/tr>\n<tr style=\"height: 24px;\">\n<td style=\"height: 24px; width: 41.0417%;\"><strong>Wellenl\u00e4nge<\/strong><\/td>\n<td style=\"height: 24px; width: 73.3333%;\">1310nm<\/td>\n<\/tr>\n<tr style=\"height: 24px;\">\n<td style=\"height: 24px; width: 41.0417%;\"><strong>\u00dcbertragungsentfernung<\/strong><\/td>\n<td style=\"height: 24px; width: 73.3333%;\">10km (6,2 Meilen)<\/td>\n<\/tr>\n<tr style=\"height: 24px;\">\n<td style=\"height: 24px; width: 41.0417%;\"><strong>Datenrate<\/strong><\/td>\n<td style=\"height: 24px; width: 73.3333%;\">10.3125Gbps<\/td>\n<\/tr>\n<tr style=\"height: 24px;\">\n<td style=\"height: 24px; width: 41.0417%;\"><strong>Stecker Typ<\/strong><\/td>\n<td style=\"height: 24px; width: 73.3333%;\">Doppeltes LC-Duplex<\/td>\n<\/tr>\n<tr style=\"height: 24px;\">\n<td style=\"height: 24px; width: 41.0417%;\"><strong>Faser-Typ<\/strong><\/td>\n<td style=\"height: 24px; width: 73.3333%;\">Single-Mode (SMF)<\/td>\n<\/tr>\n<tr style=\"height: 48px;\">\n<td style=\"height: 48px; width: 41.0417%;\"><strong>Betriebstemperatur<\/strong><\/td>\n<td style=\"height: 48px; width: 73.3333%;\">0\u00b0C bis 70\u00b0C (32\u00b0F bis 158\u00b0F)<\/td>\n<\/tr>\n<tr style=\"height: 24px;\">\n<td style=\"height: 24px; width: 41.0417%;\"><strong>Stromverbrauch<\/strong><\/td>\n<td style=\"height: 24px; width: 73.3333%;\">\u22641W<\/td>\n<\/tr>\n<tr style=\"height: 24px;\">\n<td style=\"height: 24px; width: 41.0417%;\"><strong>Kompatibilit\u00e4t<\/strong><\/td>\n<td style=\"height: 24px; width: 73.3333%;\">Cisco, Juniper, HP, Dell, Ubiquiti...<\/td>\n<\/tr>\n<tr style=\"height: 24px;\">\n<td style=\"height: 24px; width: 41.0417%;\"><strong>Zertifizierungen<\/strong><\/td>\n<td style=\"height: 24px; width: 73.3333%;\">RoHS, CE, FCC, MSA<\/td>\n<\/tr>\n<tr style=\"height: 24px;\">\n<td style=\"height: 24px; width: 41.0417%;\"><strong>DDM\/DOM<\/strong><\/td>\n<td style=\"height: 24px; width: 73.3333%;\">Ja<\/td>\n<\/tr>\n<tr style=\"height: 24px;\">\n<td style=\"height: 24px; width: 41.0417%;\"><strong>Typ des Senders<\/strong><\/td>\n<td style=\"height: 24px; width: 73.3333%;\">DFB<\/td>\n<\/tr>\n<tr style=\"height: 24px;\">\n<td style=\"height: 24px; width: 41.0417%;\"><strong>Optische Sendeleistung<\/strong><\/td>\n<td style=\"height: 24px; width: 73.3333%;\">-5 dBm bis 0,5 dBm<\/td>\n<\/tr>\n<tr style=\"height: 24px;\">\n<td style=\"height: 24px; width: 41.0417%;\"><strong>Empfindlichkeit des Empf\u00e4ngers<\/strong><\/td>\n<td style=\"height: 24px; width: 73.3333%;\">&lt;-13 dBm<\/td>\n<\/tr>\n<\/tbody>\n<\/table>","protected":false},"excerpt":{"rendered":"<ul>\n<li><strong>Plug-and-Play-Effizienz<\/strong>: 10G SFP+ Transceiver, direkt kompatibel mit den wichtigsten Netzwerkausr\u00fcstungsmarken - keine Konfiguration erforderlich.<\/li>\n<li><strong>Zuverl\u00e4ssige Konnektivit\u00e4t \u00fcber gro\u00dfe Entfernungen<\/strong>: Liefert stabile 10Gbps-Geschwindigkeiten \u00fcber 10km, ideal f\u00fcr Rechenzentren und Unternehmens-Backbones.<\/li>\n<li><strong>Kostensparende Alternative<\/strong>: Streng getestet, um die OEM-Leistung zu einem Bruchteil des Preises zu erreichen.<\/li>\n<\/ul>","protected":false},"featured_media":17514,"comment_status":"open","ping_status":"closed","template":"","meta":[],"product_brand":[],"product_cat":[321],"product_tag":[979,980,981],"class_list":{"0":"post-17505","1":"product","2":"type-product","3":"status-publish","4":"has-post-thumbnail","6":"product_cat-sfp-sfp-1g-2-5g-5g-10g","7":"product_tag-10g-sfp-transceiver","8":"product_tag-10gbase-lr-module","9":"product_tag-sfp-optical-transceiver","11":"first","12":"instock","13":"featured","14":"shipping-taxable","15":"purchasable","16":"product-type-variable","17":"has-default-attributes"},"_links":{"self":[{"href":"https:\/\/www.luleey.com\/de\/wp-json\/wp\/v2\/product\/17505","targetHints":{"allow":["GET"]}}],"collection":[{"href":"https:\/\/www.luleey.com\/de\/wp-json\/wp\/v2\/product"}],"about":[{"href":"https:\/\/www.luleey.com\/de\/wp-json\/wp\/v2\/types\/product"}],"replies":[{"embeddable":true,"href":"https:\/\/www.luleey.com\/de\/wp-json\/wp\/v2\/comments?post=17505"}],"wp:featuredmedia":[{"embeddable":true,"href":"https:\/\/www.luleey.com\/de\/wp-json\/wp\/v2\/media\/17514"}],"wp:attachment":[{"href":"https:\/\/www.luleey.com\/de\/wp-json\/wp\/v2\/media?parent=17505"}],"wp:term":[{"taxonomy":"product_brand","embeddable":true,"href":"https:\/\/www.luleey.com\/de\/wp-json\/wp\/v2\/product_brand?post=17505"},{"taxonomy":"product_cat","embeddable":true,"href":"https:\/\/www.luleey.com\/de\/wp-json\/wp\/v2\/product_cat?post=17505"},{"taxonomy":"product_tag","embeddable":true,"href":"https:\/\/www.luleey.com\/de\/wp-json\/wp\/v2\/product_tag?post=17505"}],"curies":[{"name":"wp","href":"https:\/\/api.w.org\/{rel}","templated":true}]}}