{"id":17507,"date":"2025-02-21T21:46:04","date_gmt":"2025-02-21T13:46:04","guid":{"rendered":"https:\/\/www.luleey.com\/?post_type=product&#038;p=17507"},"modified":"2025-06-22T15:19:04","modified_gmt":"2025-06-22T07:19:04","slug":"10gbase-er-10g-sfp-transceiver-module-40km-single-mode-full-brand-compatible","status":"publish","type":"product","link":"https:\/\/www.luleey.com\/de\/produkt-2\/10gbase-er-10g-sfp-transceiver-module-40km-single-mode-full-brand-compatible\/","title":{"rendered":"10GBase-ER 10G SFP+ Transceiver-Modul, 40km Single-Mode, voll markenkompatibel"},"content":{"rendered":"<h3>Eigenschaften<\/h3>\n<ol>\n<li><strong>Hochgeschwindigkeits-10G-SFP+-Transceiver<\/strong>: Unterst\u00fctzt 10Gbps Daten\u00fcbertragung f\u00fcr nahtlose Netzwerkleistung.<\/li>\n<li><strong>Einhaltung des 10GBase-ER-Standards<\/strong>: 40 km Singlemode-Glasfaser-Reichweite f\u00fcr Anwendungen \u00fcber gro\u00dfe Entfernungen.<\/li>\n<li><strong>Cisco-kompatibles Design<\/strong>: Plug-and-Play-Integration mit Cisco-Switches und -Routern.<\/li>\n<li><strong>Niedriger Stromverbrauch<\/strong>: Energieeffizienter Betrieb mit einer Leistungsaufnahme von \u22641,5 W.<\/li>\n<li><strong>Interoperabilit\u00e4t mit mehreren Anbietern<\/strong>: Getestet mit Juniper, HP und Dell f\u00fcr umfassende Kompatibilit\u00e4t.<\/li>\n<\/ol>\n<h3>Spezifikation<\/h3>\n<table style=\"width: 40.8026%; height: 399px;\">\n<thead>\n<tr style=\"height: 24px;\">\n<th style=\"height: 24px;\"><strong>Attribut<\/strong><\/th>\n<th style=\"height: 24px;\"><strong>Einzelheiten<\/strong><\/th>\n<\/tr>\n<\/thead>\n<tbody>\n<tr style=\"height: 48px;\">\n<td style=\"height: 48px;\">Produktname<\/td>\n<td style=\"height: 48px;\">10GBase-ER 10G SFP+ Transceiver<\/td>\n<\/tr>\n<tr style=\"height: 24px;\">\n<td style=\"height: 24px;\">Marke<\/td>\n<td style=\"height: 24px;\">LuLeey<\/td>\n<\/tr>\n<tr style=\"height: 24px;\">\n<td style=\"height: 24px;\">Modell<\/td>\n<td style=\"height: 24px;\">LL-SFP-10G-ER<\/td>\n<\/tr>\n<tr style=\"height: 24px;\">\n<td style=\"height: 24px;\">Wellenl\u00e4nge<\/td>\n<td style=\"height: 24px;\">1550nm<\/td>\n<\/tr>\n<tr style=\"height: 24px;\">\n<td style=\"height: 24px;\">\u00dcbertragungsentfernung<\/td>\n<td style=\"height: 24px;\">40km<\/td>\n<\/tr>\n<tr style=\"height: 24px;\">\n<td style=\"height: 24px;\">Stecker Typ<\/td>\n<td style=\"height: 24px;\">LC-Duplex<\/td>\n<\/tr>\n<tr style=\"height: 24px;\">\n<td style=\"height: 24px;\">Betriebstemperatur<\/td>\n<td style=\"height: 24px;\">-10\u00b0C bis 70\u00b0C<\/td>\n<\/tr>\n<tr style=\"height: 24px;\">\n<td style=\"height: 24px;\">Zertifizierung<\/td>\n<td style=\"height: 24px;\">FCC, RoHS, CE<\/td>\n<\/tr>\n<tr style=\"height: 24px;\">\n<td style=\"height: 24px;\">Kompatibilit\u00e4t<\/td>\n<td style=\"height: 24px;\">Cisco, Juniper, Dell, HP<\/td>\n<\/tr>\n<tr style=\"height: 24px;\">\n<td style=\"height: 24px;\">Herkunft<\/td>\n<td style=\"height: 24px;\">Festland China<\/td>\n<\/tr>\n<tr style=\"height: 15px;\">\n<td style=\"height: 15px;\">Typ des Senders<\/td>\n<td style=\"height: 15px;\">EML<\/td>\n<\/tr>\n<tr style=\"height: 24px;\">\n<td style=\"height: 24px;\">Optische Sendeleistung<\/td>\n<td style=\"height: 24px;\">-2 dBm bis +4 dBm<\/td>\n<\/tr>\n<tr style=\"height: 24px;\">\n<td style=\"height: 24px;\">Empfindlichkeit des Empf\u00e4ngers<\/td>\n<td style=\"height: 24px;\">&lt;-14 dBm<\/td>\n<\/tr>\n<tr style=\"height: 24px;\">\n<td style=\"height: 24px;\">Protokoll<\/td>\n<td style=\"height: 24px;\">IEEE.802.3ae,SFF-8472,SFP+MSA<\/td>\n<\/tr>\n<tr style=\"height: 24px;\">\n<td style=\"height: 24px;\">Stromverbrauch<\/td>\n<td style=\"height: 24px;\">\u22641.5W<\/td>\n<\/tr>\n<\/tbody>\n<\/table>","protected":false},"excerpt":{"rendered":"<ul>\n<li><strong>40km Langstrecke<\/strong>: Ideal f\u00fcr Unternehmens- und Rechenzentrumsnetzwerke.<\/li>\n<li><strong>Cisco bereit<\/strong>: Null-Konfigurations-Setup f\u00fcr Cisco-Switches.<\/li>\n<li><strong>Kosteng\u00fcnstig<\/strong>: Hohe Leistung zu einem wettbewerbsf\u00e4higen Preis.<\/li>\n<\/ul>","protected":false},"featured_media":17523,"comment_status":"open","ping_status":"closed","template":"","meta":[],"product_brand":[],"product_cat":[321],"product_tag":[979,982,983],"class_list":{"0":"post-17507","1":"product","2":"type-product","3":"status-publish","4":"has-post-thumbnail","6":"product_cat-sfp-sfp-1g-2-5g-5g-10g","7":"product_tag-10g-sfp-transceiver","8":"product_tag-10gbase-er-optical-module","9":"product_tag-cisco-compatible-sfp","11":"first","12":"instock","13":"sale","14":"shipping-taxable","15":"purchasable","16":"product-type-variable","17":"has-default-attributes"},"_links":{"self":[{"href":"https:\/\/www.luleey.com\/de\/wp-json\/wp\/v2\/product\/17507","targetHints":{"allow":["GET"]}}],"collection":[{"href":"https:\/\/www.luleey.com\/de\/wp-json\/wp\/v2\/product"}],"about":[{"href":"https:\/\/www.luleey.com\/de\/wp-json\/wp\/v2\/types\/product"}],"replies":[{"embeddable":true,"href":"https:\/\/www.luleey.com\/de\/wp-json\/wp\/v2\/comments?post=17507"}],"wp:featuredmedia":[{"embeddable":true,"href":"https:\/\/www.luleey.com\/de\/wp-json\/wp\/v2\/media\/17523"}],"wp:attachment":[{"href":"https:\/\/www.luleey.com\/de\/wp-json\/wp\/v2\/media?parent=17507"}],"wp:term":[{"taxonomy":"product_brand","embeddable":true,"href":"https:\/\/www.luleey.com\/de\/wp-json\/wp\/v2\/product_brand?post=17507"},{"taxonomy":"product_cat","embeddable":true,"href":"https:\/\/www.luleey.com\/de\/wp-json\/wp\/v2\/product_cat?post=17507"},{"taxonomy":"product_tag","embeddable":true,"href":"https:\/\/www.luleey.com\/de\/wp-json\/wp\/v2\/product_tag?post=17507"}],"curies":[{"name":"wp","href":"https:\/\/api.w.org\/{rel}","templated":true}]}}