{"id":17509,"date":"2025-02-21T21:45:07","date_gmt":"2025-02-21T13:45:07","guid":{"rendered":"https:\/\/www.luleey.com\/?post_type=product&#038;p=17509"},"modified":"2025-06-22T15:19:10","modified_gmt":"2025-06-22T07:19:10","slug":"10gbase-zr-sfp-transceiver-module-1550nm-wavelength-cisco-juniper-compatible-80km","status":"publish","type":"product","link":"https:\/\/www.luleey.com\/de\/produkt-2\/10gbase-zr-sfp-transceiver-module-1550nm-wavelength-cisco-juniper-compatible-80km\/","title":{"rendered":"10GBase-ZR SFP+ Transceiver-Modul, 1550nm Wellenl\u00e4nge, Cisco\/Juniper-kompatibel, 80km"},"content":{"rendered":"<h3>Eigenschaften<\/h3>\n<ol>\n<li><strong>Kommerziell temperaturbest\u00e4ndiger 10GBase-ZR SFP+ Transceiver<\/strong>\u00a0optimiert f\u00fcr Rechenzentren und Unternehmensnetzwerke.<\/li>\n<li><strong>Extrem niedrige Leistungsaufnahme von 2,0 W<\/strong>\u00a0senkt die Betriebskosten im Vergleich zu Modulen f\u00fcr den industriellen Einsatz.<\/li>\n<li><strong>Vollst\u00e4ndige DOM-Konformit\u00e4t<\/strong>\u00a0bietet Echtzeit-Temperatur-\/Spannungs\u00fcberwachung f\u00fcr die Netzstabilit\u00e4t.<\/li>\n<li><strong>1550nm Wellenl\u00e4nge + OS2-Faser-Kompatibilit\u00e4t<\/strong>\u00a0gew\u00e4hrleistet eine fehlerfreie 80-km-\u00dcbertragung.<\/li>\n<li><strong>Steckbare LC\/UPC-Ausf\u00fchrung<\/strong> vereinfacht Upgrades ohne \u00c4nderungen an der Infrastruktur.<\/li>\n<\/ol>\n<h3>Spezifikation<\/h3>\n<table style=\"width: 67.9057%; height: 466px;\">\n<tbody>\n<tr style=\"height: 24px;\">\n<td style=\"height: 24px; width: 34.4681%;\"><strong>Produktname<\/strong><\/td>\n<td style=\"height: 24px; width: 157.872%;\">10GBase-ZR SFP+ Transceiver-Modul, 1550nm, 80km DDM<\/td>\n<\/tr>\n<tr style=\"height: 24px;\">\n<td style=\"height: 24px; width: 34.4681%;\"><strong>Marke<\/strong><\/td>\n<td style=\"height: 24px; width: 157.872%;\">LuLeey<\/td>\n<\/tr>\n<tr style=\"height: 24px;\">\n<td style=\"height: 24px; width: 34.4681%;\"><strong>Formfaktor<\/strong><\/td>\n<td style=\"height: 24px; width: 157.872%;\">SFP+<\/td>\n<\/tr>\n<tr style=\"height: 24px;\">\n<td style=\"height: 24px; width: 34.4681%;\"><strong>Wellenl\u00e4nge<\/strong><\/td>\n<td style=\"height: 24px; width: 157.872%;\">1550nm<\/td>\n<\/tr>\n<tr style=\"height: 24px;\">\n<td style=\"height: 24px; width: 34.4681%;\"><strong>Datenrate<\/strong><\/td>\n<td style=\"height: 24px; width: 157.872%;\">10,3125 Gbit\/s<\/td>\n<\/tr>\n<tr style=\"height: 24px;\">\n<td style=\"height: 24px; width: 34.4681%;\"><strong>Einhaltung des Protokolls<\/strong><\/td>\n<td style=\"height: 24px; width: 157.872%;\">IEEE 802.3ae, SFF-8472<\/td>\n<\/tr>\n<tr style=\"height: 24px;\">\n<td style=\"height: 24px; width: 34.4681%;\"><strong>\u00dcbertragungsentfernung<\/strong><\/td>\n<td style=\"height: 24px; width: 157.872%;\">80km (Single-Mode-Faser, OS2)<\/td>\n<\/tr>\n<tr style=\"height: 24px;\">\n<td style=\"height: 24px; width: 34.4681%;\"><strong>Stecker Typ<\/strong><\/td>\n<td style=\"height: 24px; width: 157.872%;\">Zweifach LC\/UPC<\/td>\n<\/tr>\n<tr style=\"height: 48px;\">\n<td style=\"height: 48px; width: 34.4681%;\"><strong>DDM\/DOM-Unterst\u00fctzung<\/strong><\/td>\n<td style=\"height: 48px; width: 157.872%;\">Ja (Digitale Diagnose\u00fcberwachung)<\/td>\n<\/tr>\n<tr style=\"height: 10px;\">\n<td style=\"height: 10px; width: 34.4681%;\">Typ des Senders<strong><br \/>\n<\/strong><\/td>\n<td style=\"height: 10px; width: 157.872%;\">EML<\/td>\n<\/tr>\n<tr style=\"height: 24px;\">\n<td style=\"height: 24px; width: 34.4681%;\"><strong>Optische Sendeleistung<\/strong><\/td>\n<td style=\"height: 24px; width: 157.872%;\">0-5 dBm<\/td>\n<\/tr>\n<tr style=\"height: 24px;\">\n<td style=\"height: 24px; width: 34.4681%;\"><strong>Empfindlichkeit des Empf\u00e4ngers<\/strong><\/td>\n<td style=\"height: 24px; width: 157.872%;\">&lt; -22 dBm<\/td>\n<\/tr>\n<tr style=\"height: 48px;\">\n<td style=\"height: 48px; width: 34.4681%;\"><strong>Betriebstemperatur<\/strong><\/td>\n<td style=\"height: 48px; width: 157.872%;\"><strong>0\u00b0C bis 70\u00b0C<\/strong>\u00a0(Handels\u00fcbliche Qualit\u00e4t)<\/td>\n<\/tr>\n<tr style=\"height: 24px;\">\n<td style=\"height: 24px; width: 34.4681%;\"><strong>Stromverbrauch<\/strong><\/td>\n<td style=\"height: 24px; width: 157.872%;\">\u22642.0W<\/td>\n<\/tr>\n<tr style=\"height: 24px;\">\n<td style=\"height: 24px; width: 34.4681%;\"><strong>Zertifizierungen<\/strong><\/td>\n<td style=\"height: 24px; width: 157.872%;\">RoHS, CE, FCC<\/td>\n<\/tr>\n<tr style=\"height: 24px;\">\n<td style=\"height: 24px; width: 34.4681%;\"><strong>Herkunft<\/strong><\/td>\n<td style=\"height: 24px; width: 157.872%;\">Festland China<\/td>\n<\/tr>\n<\/tbody>\n<\/table>\n<p>&nbsp;<\/p>","protected":false},"excerpt":{"rendered":"<ul>\n<li><strong>Leistungsstarker 10G SFP+ Transceiver<\/strong>\u00a0- Unterst\u00fctzt den 10GBase-ZR-Standard f\u00fcr 80 km optische \u00dcbertragung.<\/li>\n<li><strong>Breite Kompatibilit\u00e4t<\/strong>\u00a0- Funktioniert nahtlos mit Cisco, Juniper, Arista und anderen wichtigen Netzwerk-Switches.<\/li>\n<li><strong>1550nm Wellenl\u00e4nge Pr\u00e4zision<\/strong>\u00a0- Gew\u00e4hrleistet eine stabile Daten\u00fcbertragung \u00fcber gro\u00dfe Entfernungen mit minimalem Signalverlust.<\/li>\n<\/ul>","protected":false},"featured_media":17519,"comment_status":"open","ping_status":"closed","template":"","meta":[],"product_brand":[],"product_cat":[321],"product_tag":[986,985,984],"class_list":{"0":"post-17509","1":"product","2":"type-product","3":"status-publish","4":"has-post-thumbnail","6":"product_cat-sfp-sfp-1g-2-5g-5g-10g","7":"product_tag-10g-1550nm-sfp","8":"product_tag-10g-sfp-zr","9":"product_tag-10gbase-zr-sfp-transceiver","11":"first","12":"instock","13":"sale","14":"shipping-taxable","15":"purchasable","16":"product-type-variable","17":"has-default-attributes"},"_links":{"self":[{"href":"https:\/\/www.luleey.com\/de\/wp-json\/wp\/v2\/product\/17509","targetHints":{"allow":["GET"]}}],"collection":[{"href":"https:\/\/www.luleey.com\/de\/wp-json\/wp\/v2\/product"}],"about":[{"href":"https:\/\/www.luleey.com\/de\/wp-json\/wp\/v2\/types\/product"}],"replies":[{"embeddable":true,"href":"https:\/\/www.luleey.com\/de\/wp-json\/wp\/v2\/comments?post=17509"}],"wp:featuredmedia":[{"embeddable":true,"href":"https:\/\/www.luleey.com\/de\/wp-json\/wp\/v2\/media\/17519"}],"wp:attachment":[{"href":"https:\/\/www.luleey.com\/de\/wp-json\/wp\/v2\/media?parent=17509"}],"wp:term":[{"taxonomy":"product_brand","embeddable":true,"href":"https:\/\/www.luleey.com\/de\/wp-json\/wp\/v2\/product_brand?post=17509"},{"taxonomy":"product_cat","embeddable":true,"href":"https:\/\/www.luleey.com\/de\/wp-json\/wp\/v2\/product_cat?post=17509"},{"taxonomy":"product_tag","embeddable":true,"href":"https:\/\/www.luleey.com\/de\/wp-json\/wp\/v2\/product_tag?post=17509"}],"curies":[{"name":"wp","href":"https:\/\/api.w.org\/{rel}","templated":true}]}}