{"id":17511,"date":"2025-02-21T21:46:49","date_gmt":"2025-02-21T13:46:49","guid":{"rendered":"https:\/\/www.luleey.com\/?post_type=product&#038;p=17511"},"modified":"2025-06-22T15:19:01","modified_gmt":"2025-06-22T07:19:01","slug":"luleey-10g-sfp-transceiver-10gbase-sr-850nm-300m","status":"publish","type":"product","link":"https:\/\/www.luleey.com\/de\/produkt-2\/luleey-10g-sfp-transceiver-10gbase-sr-850nm-300m\/","title":{"rendered":"LuLeey 10G SFP+ Transceiver 10GBase-SR, 850nm, 300m)"},"content":{"rendered":"<h3>Eigenschaften<\/h3>\n<ol>\n<li><strong>10G SFP+ Transceiver<\/strong>\u00a0mit\u00a0<strong>10GBase-SR<\/strong>\u00a0Konformit\u00e4t f\u00fcr nahtlose 10G-Netzwerk-Upgrades.<\/li>\n<li>Die Kompatibilit\u00e4t mit verschiedenen Anbietern (Cisco, Juniper usw.) gew\u00e4hrleistet eine problemlose Integration.<\/li>\n<li><strong>10G Optisches Modul<\/strong>\u00a0Design mit industrietauglicher Haltbarkeit und geringem Stromverbrauch.<\/li>\n<li>850nm Wellenl\u00e4nge &amp; 300m OM3\/OM4 Faserreichweite f\u00fcr Hochgeschwindigkeitsdaten\u00fcbertragung.<\/li>\n<li>Streng nach MSA-Standards getestet, um die Zuverl\u00e4ssigkeit f\u00fcr Unternehmensnetzwerke zu gew\u00e4hrleisten.<\/li>\n<li>\u00dcber <strong>Allgemeine Marke<\/strong>: Kompatibel mit Cisco, Ruijie, ZTE, TP-LINK, Hikvision, WLAN, Netgear, Mikrotik, ASUS, Boda, Tenda, Mercury, netLINK, UBIQUITI, Banana Pi<\/li>\n<\/ol>\n<h3>Spezifikation<\/h3>\n<table>\n<tbody>\n<tr>\n<td><strong>Produktname<\/strong><\/td>\n<td>10G SFP+ Transceiver<\/td>\n<\/tr>\n<tr>\n<td><strong>Marke<\/strong><\/td>\n<td>LuLeey<\/td>\n<\/tr>\n<tr>\n<td><strong>Modell<\/strong><\/td>\n<td>SFP-10G-SR<\/td>\n<\/tr>\n<tr>\n<td><strong>Kompatibilit\u00e4t<\/strong><\/td>\n<td>Cisco, Juniper, HPE, Dell, usw.<\/td>\n<\/tr>\n<tr>\n<td><strong>Wellenl\u00e4nge<\/strong><\/td>\n<td>850nm<\/td>\n<\/tr>\n<tr>\n<td><strong>\u00dcbertragung<\/strong><\/td>\n<td>Bis zu 300 m (OM3\/OM4-Faser)<\/td>\n<\/tr>\n<tr>\n<td><strong>Schnittstelle<\/strong><\/td>\n<td>Duplex LC<\/td>\n<\/tr>\n<tr>\n<td><strong>Temperatur<\/strong><\/td>\n<td>0\u00b0C bis 70\u00b0C (Betrieb)<\/td>\n<\/tr>\n<tr>\n<td><strong>Zertifizierung<\/strong><\/td>\n<td>MSA, RoHS, FCC<\/td>\n<\/tr>\n<tr>\n<td><strong>Herkunft<\/strong><\/td>\n<td>Festland China<\/td>\n<\/tr>\n<\/tbody>\n<\/table>","protected":false},"excerpt":{"rendered":"<ul>\n<li><strong>10G SFP+ Transceiver<\/strong>\u00a0mit\u00a0<strong>10GBase-SR, maximale Entfernung 300 Meter<\/strong><\/li>\n<li><strong>Garantierte Kompatibilit\u00e4t<\/strong>: Funktioniert einwandfrei mit gro\u00dfen Marken wie Cisco und Juniper.<\/li>\n<li><strong>Zuverl\u00e4ssige Leistung<\/strong>: MSA-konformes Design mit 3 Jahren Garantie.<\/li>\n<\/ul>","protected":false},"featured_media":17527,"comment_status":"open","ping_status":"closed","template":"","meta":[],"product_brand":[],"product_cat":[321],"product_tag":[988,979,987],"class_list":{"0":"post-17511","1":"product","2":"type-product","3":"status-publish","4":"has-post-thumbnail","6":"product_cat-sfp-sfp-1g-2-5g-5g-10g","7":"product_tag-10g-optical-module","8":"product_tag-10g-sfp-transceiver","9":"product_tag-10gbase-sr-sfp","11":"first","12":"instock","13":"shipping-taxable","14":"purchasable","15":"product-type-variable","16":"has-default-attributes"},"_links":{"self":[{"href":"https:\/\/www.luleey.com\/de\/wp-json\/wp\/v2\/product\/17511","targetHints":{"allow":["GET"]}}],"collection":[{"href":"https:\/\/www.luleey.com\/de\/wp-json\/wp\/v2\/product"}],"about":[{"href":"https:\/\/www.luleey.com\/de\/wp-json\/wp\/v2\/types\/product"}],"replies":[{"embeddable":true,"href":"https:\/\/www.luleey.com\/de\/wp-json\/wp\/v2\/comments?post=17511"}],"wp:featuredmedia":[{"embeddable":true,"href":"https:\/\/www.luleey.com\/de\/wp-json\/wp\/v2\/media\/17527"}],"wp:attachment":[{"href":"https:\/\/www.luleey.com\/de\/wp-json\/wp\/v2\/media?parent=17511"}],"wp:term":[{"taxonomy":"product_brand","embeddable":true,"href":"https:\/\/www.luleey.com\/de\/wp-json\/wp\/v2\/product_brand?post=17511"},{"taxonomy":"product_cat","embeddable":true,"href":"https:\/\/www.luleey.com\/de\/wp-json\/wp\/v2\/product_cat?post=17511"},{"taxonomy":"product_tag","embeddable":true,"href":"https:\/\/www.luleey.com\/de\/wp-json\/wp\/v2\/product_tag?post=17511"}],"curies":[{"name":"wp","href":"https:\/\/api.w.org\/{rel}","templated":true}]}}